{"id":1462,"date":"2023-11-01T13:41:13","date_gmt":"2023-11-01T12:41:13","guid":{"rendered":"https:\/\/fredheim-maskin.no\/?page_id=1462"},"modified":"2024-01-23T15:16:27","modified_gmt":"2024-01-23T14:16:27","slug":"fredheim-krosskulor","status":"publish","type":"page","link":"http:\/\/fredheim-maskin.no\/sv\/maskiner\/rammer\/fredheim-knusekuler\/","title":{"rendered":"Fredheim krosskulor"},"content":{"rendered":"<div class=\"cs-medium bg-hero wp-block-group alignfull has-dark-cobolt-background-color has-background eplus-wrapper\"><div class=\"wp-block-group__inner-container is-layout-constrained wp-block-group-is-layout-constrained\">\n<div class=\"wp-block-group eplus-wrapper\"><div class=\"wp-block-group__inner-container is-layout-constrained wp-block-group-is-layout-constrained\"><div class=\"wp-block-columns are-vertically-aligned-center eplus-wrapper is-layout-flex wp-container-core-columns-is-layout-9d6595d7 wp-block-columns-is-layout-flex eplus-styles-uid-efc36f\">\n<div class=\"wp-block-column is-vertically-aligned-center eplus-wrapper is-layout-flow wp-block-column-is-layout-flow\">\n<figure class=\"container-rounded-corners wp-block-image size-full eplus-wrapper\"><img decoding=\"async\" width=\"682\" height=\"682\" src=\"https:\/\/fredheim-maskin.no\/wp-content\/uploads\/2023\/11\/Knusekuler2-edited-1.jpg\" alt=\"\" class=\"wp-image-1484\" srcset=\"https:\/\/fredheim-maskin.no\/wp-content\/uploads\/2023\/11\/Knusekuler2-edited-1.jpg 682w, https:\/\/fredheim-maskin.no\/wp-content\/uploads\/2023\/11\/Knusekuler2-edited-1-300x300.jpg 300w, https:\/\/fredheim-maskin.no\/wp-content\/uploads\/2023\/11\/Knusekuler2-edited-1-150x150.jpg 150w\" sizes=\"(max-width: 682px) 100vw, 682px\" \/><\/figure>\n<\/div>\n\n\n\n<div class=\"wp-block-column eplus-wrapper is-layout-flow wp-block-column-is-layout-flow\" style=\"flex-basis:15px\"><\/div>\n\n\n\n<div class=\"wp-block-column is-vertically-aligned-center eplus-wrapper is-layout-flow wp-block-column-is-layout-flow\">\n<div style=\"height:90px\" aria-hidden=\"true\" class=\"wp-block-spacer eplus-wrapper\"><\/div>\n\n\n\n<h2 class=\"wp-block-heading has-white-color has-text-color eplus-wrapper\">Fredheim krosskulor<\/h2>\n\n\n\n<p class=\"has-white-color has-text-color eplus-wrapper\">Krosskulor fr\u00e5n 4-6 ton<\/p>\n\n\n<ul class=\"eplus-wrapper wp-block-list eplus-styles-uid-21c7af\"><\/ul>\n\n<ul class=\"has-white-color has-text-color eplus-wrapper wp-block-list eplus-styles-uid-c33e24\">\n<li class=\"eplus-wrapper\">Kula 4 ton f\u00f6r gr\u00e4vmaskin +\/- 25 ton \/ f\u00f6r sten till \"100\" kross<\/li>\n\n\n\n<li class=\"eplus-wrapper\">Kula 5 ton f\u00f6r gr\u00e4vmaskin +\/- 35 ton \/ f\u00f6r sten till \"110\" kross<\/li>\n\n\n\n<li class=\"eplus-wrapper\">Kula 6 ton f\u00f6r gr\u00e4vmaskin +\/- 50 ton \/ f\u00f6r sten till \"120\" kross<\/li>\n<\/ul>\n\n<ul class=\"eplus-wrapper wp-block-list eplus-styles-uid-c0da79\"><\/ul>\n\n\n<div style=\"height:90px\" aria-hidden=\"true\" class=\"wp-block-spacer eplus-wrapper\"><\/div>\n<\/div>\n<\/div><\/div><\/div>\n<\/div><\/div>\n\n\n\n<div style=\"height:50px\" aria-hidden=\"true\" class=\"wp-block-spacer eplus-wrapper\"><\/div>\n\n\n\n<div class=\"wp-block-group eplus-wrapper\"><div class=\"wp-block-group__inner-container is-layout-constrained wp-block-group-is-layout-constrained\"><div class=\"wp-block-columns eplus-wrapper is-layout-flex wp-container-core-columns-is-layout-9d6595d7 wp-block-columns-is-layout-flex eplus-styles-uid-718fb0\">\n<div class=\"wp-block-column eplus-wrapper is-layout-flow wp-block-column-is-layout-flow\" style=\"flex-basis:100%\">\n<div class=\"wp-block-envira-envira-gallery\"><div id=\"envira-gallery-wrap-1479\" class=\"envira-gallery-wrap envira-gallery-theme-base envira-lightbox-theme-base_dark\" itemscope itemtype=\"https:\/\/schema.org\/ImageGallery\"><div data-row-height=\"\" data-gallery-theme=\"\" id=\"envira-gallery-1479\" class=\"envira-gallery-public  envira-gallery-3-columns envira-clear enviratope envira-gallery-css-animations\" data-envira-columns=\"3\"><div id=\"envira-gallery-item-1477\" class=\"envira-gallery-item enviratope-item envira-gallery-item-1 envira-lazy-load\" style=\"padding-left: 3px; padding-bottom: 5px; padding-right: 3px;\"  itemscope itemtype=\"https:\/\/schema.org\/ImageObject\"><div class=\"envira-gallery-item-inner\"><div class=\"envira-gallery-position-overlay  envira-gallery-top-left\"><\/div><div class=\"envira-gallery-position-overlay  envira-gallery-top-right\"><\/div><div class=\"envira-gallery-position-overlay  envira-gallery-bottom-left\"><\/div><div class=\"envira-gallery-position-overlay  envira-gallery-bottom-right\"><\/div><a href=\"https:\/\/fredheim-maskin.no\/wp-content\/uploads\/2023\/11\/Knusekuler2-1.jpg\" class=\"envira-gallery-1479 envira-gallery-link\" rel=\"enviragallery1479\" title=\"Knusekuler2\" data-envira-caption=\"Knusekuler2\" data-envira-retina=\"\" data-thumbnail=\"\"  itemprop=\"contentUrl\"><div class=\"envira-lazy\" data-test-width=\"640\" data-test-height=\"480\" style=\"padding-bottom:75%;\"><img decoding=\"async\" id=\"envira-gallery-image-1477\" class=\"envira-gallery-image envira-gallery-image-1\" data-envira-index=\"1\" src=\"https:\/\/fredheim-maskin.no\/wp-content\/uploads\/2023\/11\/Knusekuler2-1.jpg\" data-envira-src=\"https:\/\/fredheim-maskin.no\/wp-content\/uploads\/2023\/11\/Knusekuler2-1.jpg\" data-envira-gallery-id=\"1479\" data-envira-item-id=\"1477\" data-envira-caption=\"Knusekuler2\" alt=\"\" title=\"Knusekuler2\"  itemprop=\"thumbnailUrl\" data-envira-srcset=\"https:\/\/fredheim-maskin.no\/wp-content\/uploads\/2023\/11\/Knusekuler2-1.jpg 400w,https:\/\/fredheim-maskin.no\/wp-content\/uploads\/2023\/11\/Knusekuler2-1.jpg 2x\" srcset=\"data:image\/gif;base64,R0lGODlhAQABAIAAAP\/\/\/\/\/\/\/yH5BAEKAAEALAAAAAABAAEAAAICTAEAOw==\" \/><\/div><\/a><\/div><\/div><div id=\"envira-gallery-item-1478\" class=\"envira-gallery-item enviratope-item envira-gallery-item-2 envira-lazy-load\" style=\"padding-left: 3px; padding-bottom: 5px; padding-right: 3px;\"  itemscope itemtype=\"https:\/\/schema.org\/ImageObject\"><div class=\"envira-gallery-item-inner\"><div class=\"envira-gallery-position-overlay  envira-gallery-top-left\"><\/div><div class=\"envira-gallery-position-overlay  envira-gallery-top-right\"><\/div><div class=\"envira-gallery-position-overlay  envira-gallery-bottom-left\"><\/div><div class=\"envira-gallery-position-overlay  envira-gallery-bottom-right\"><\/div><a href=\"https:\/\/fredheim-maskin.no\/wp-content\/uploads\/2023\/11\/Knusekuler3-1.jpg\" class=\"envira-gallery-1479 envira-gallery-link\" rel=\"enviragallery1479\" title=\"Knusekuler3\" data-envira-caption=\"Knusekuler3\" data-envira-retina=\"\" data-thumbnail=\"\"  itemprop=\"contentUrl\"><div class=\"envira-lazy\" data-test-width=\"640\" data-test-height=\"480\" style=\"padding-bottom:75%;\"><img decoding=\"async\" id=\"envira-gallery-image-1478\" class=\"envira-gallery-image envira-gallery-image-2\" data-envira-index=\"2\" src=\"https:\/\/fredheim-maskin.no\/wp-content\/uploads\/2023\/11\/Knusekuler3-1.jpg\" data-envira-src=\"https:\/\/fredheim-maskin.no\/wp-content\/uploads\/2023\/11\/Knusekuler3-1.jpg\" data-envira-gallery-id=\"1479\" data-envira-item-id=\"1478\" data-envira-caption=\"Knusekuler3\" alt=\"\" title=\"Knusekuler3\"  itemprop=\"thumbnailUrl\" data-envira-srcset=\"https:\/\/fredheim-maskin.no\/wp-content\/uploads\/2023\/11\/Knusekuler3-1.jpg 400w,https:\/\/fredheim-maskin.no\/wp-content\/uploads\/2023\/11\/Knusekuler3-1.jpg 2x\" srcset=\"data:image\/gif;base64,R0lGODlhAQABAIAAAP\/\/\/\/\/\/\/yH5BAEKAAEALAAAAAABAAEAAAICTAEAOw==\" \/><\/div><\/a><\/div><\/div><\/div><\/div><noscript><img decoding=\"async\" src=\"https:\/\/fredheim-maskin.no\/wp-content\/uploads\/2023\/11\/Knusekuler2-1.jpg\" alt=\"\" \/><img decoding=\"async\" src=\"https:\/\/fredheim-maskin.no\/wp-content\/uploads\/2023\/11\/Knusekuler3-1.jpg\" alt=\"\" \/><\/noscript><\/div>\n<\/div>\n<\/div><\/div><\/div>\n\n\n\n<div style=\"height:50px\" aria-hidden=\"true\" class=\"wp-block-spacer eplus-wrapper\"><\/div>","protected":false},"excerpt":{"rendered":"<p>Fredheim krosskulor \u2013 slitstarka krosskulor f\u00f6r krossverk och \u00e5tervinning. Perfekt f\u00f6r betong, asfalt och grovt material. Kontakta oss f\u00f6r offert och leverans.<\/p>","protected":false},"author":1,"featured_media":0,"parent":41,"menu_order":0,"comment_status":"closed","ping_status":"closed","template":"","meta":{"_editorskit_title_hidden":false,"_editorskit_reading_time":0,"_editorskit_is_block_options_detached":false,"_editorskit_block_options_position":"{}","inline_featured_image":false,"editor_plus_copied_stylings":"{}","footnotes":""},"class_list":["post-1462","page","type-page","status-publish","hentry"],"featured_image_src":null,"yoast_head":"<!-- This site is optimized with the Yoast SEO plugin v27.4 - https:\/\/yoast.com\/product\/yoast-seo-wordpress\/ -->\n<title>Fredheim Knusekuler - Fredheim Maskin<\/title>\n<meta name=\"robots\" content=\"index, follow, max-snippet:-1, max-image-preview:large, max-video-preview:-1\" \/>\n<link rel=\"canonical\" href=\"https:\/\/fredheim-maskin.no\/sv\/maskiner\/ramar\/fredheim-krosskulor\/\" \/>\n<meta property=\"og:locale\" content=\"sv_SE\" \/>\n<meta property=\"og:type\" content=\"article\" \/>\n<meta property=\"og:title\" content=\"Fredheim Knusekuler - Fredheim Maskin\" \/>\n<meta property=\"og:description\" content=\"Fredheim Knusekuler Knusekuler fra 4-6tonn\" \/>\n<meta property=\"og:url\" content=\"https:\/\/fredheim-maskin.no\/sv\/maskiner\/ramar\/fredheim-krosskulor\/\" \/>\n<meta property=\"og:site_name\" content=\"Fredheim Maskin\" \/>\n<meta property=\"article:modified_time\" content=\"2024-01-23T14:16:27+00:00\" \/>\n<meta property=\"og:image\" content=\"https:\/\/fredheim-maskin.no\/wp-content\/uploads\/2023\/11\/Knusekuler2-edited-1.jpg\" \/>\n<meta name=\"twitter:card\" content=\"summary_large_image\" \/>\n<script type=\"application\/ld+json\" class=\"yoast-schema-graph\">{\"@context\":\"https:\\\/\\\/schema.org\",\"@graph\":[{\"@type\":\"WebPage\",\"@id\":\"https:\\\/\\\/fredheim-maskin.no\\\/maskiner\\\/rammer\\\/fredheim-knusekuler\\\/\",\"url\":\"https:\\\/\\\/fredheim-maskin.no\\\/maskiner\\\/rammer\\\/fredheim-knusekuler\\\/\",\"name\":\"Fredheim Knusekuler - Fredheim Maskin\",\"isPartOf\":{\"@id\":\"https:\\\/\\\/fredheim-maskin.no\\\/#website\"},\"primaryImageOfPage\":{\"@id\":\"https:\\\/\\\/fredheim-maskin.no\\\/maskiner\\\/rammer\\\/fredheim-knusekuler\\\/#primaryimage\"},\"image\":{\"@id\":\"https:\\\/\\\/fredheim-maskin.no\\\/maskiner\\\/rammer\\\/fredheim-knusekuler\\\/#primaryimage\"},\"thumbnailUrl\":\"https:\\\/\\\/fredheim-maskin.no\\\/wp-content\\\/uploads\\\/2023\\\/11\\\/Knusekuler2-edited-1.jpg\",\"datePublished\":\"2023-11-01T12:41:13+00:00\",\"dateModified\":\"2024-01-23T14:16:27+00:00\",\"breadcrumb\":{\"@id\":\"https:\\\/\\\/fredheim-maskin.no\\\/maskiner\\\/rammer\\\/fredheim-knusekuler\\\/#breadcrumb\"},\"inLanguage\":\"sv-SE\",\"potentialAction\":[{\"@type\":\"ReadAction\",\"target\":[\"https:\\\/\\\/fredheim-maskin.no\\\/maskiner\\\/rammer\\\/fredheim-knusekuler\\\/\"]}]},{\"@type\":\"ImageObject\",\"inLanguage\":\"sv-SE\",\"@id\":\"https:\\\/\\\/fredheim-maskin.no\\\/maskiner\\\/rammer\\\/fredheim-knusekuler\\\/#primaryimage\",\"url\":\"https:\\\/\\\/fredheim-maskin.no\\\/wp-content\\\/uploads\\\/2023\\\/11\\\/Knusekuler2-edited-1.jpg\",\"contentUrl\":\"https:\\\/\\\/fredheim-maskin.no\\\/wp-content\\\/uploads\\\/2023\\\/11\\\/Knusekuler2-edited-1.jpg\"},{\"@type\":\"BreadcrumbList\",\"@id\":\"https:\\\/\\\/fredheim-maskin.no\\\/maskiner\\\/rammer\\\/fredheim-knusekuler\\\/#breadcrumb\",\"itemListElement\":[{\"@type\":\"ListItem\",\"position\":1,\"name\":\"Hjem\",\"item\":\"https:\\\/\\\/fredheim-maskin.no\\\/\"},{\"@type\":\"ListItem\",\"position\":2,\"name\":\"Maskiner\",\"item\":\"https:\\\/\\\/fredheim-maskin.no\\\/maskiner\\\/\"},{\"@type\":\"ListItem\",\"position\":3,\"name\":\"Rammer\",\"item\":\"https:\\\/\\\/fredheim-maskin.no\\\/maskiner\\\/rammer\\\/\"},{\"@type\":\"ListItem\",\"position\":4,\"name\":\"Fredheim Knusekuler\"}]},{\"@type\":\"WebSite\",\"@id\":\"https:\\\/\\\/fredheim-maskin.no\\\/#website\",\"url\":\"https:\\\/\\\/fredheim-maskin.no\\\/\",\"name\":\"Fredheim Maskin\",\"description\":\"\",\"potentialAction\":[{\"@type\":\"SearchAction\",\"target\":{\"@type\":\"EntryPoint\",\"urlTemplate\":\"https:\\\/\\\/fredheim-maskin.no\\\/?s={search_term_string}\"},\"query-input\":{\"@type\":\"PropertyValueSpecification\",\"valueRequired\":true,\"valueName\":\"search_term_string\"}}],\"inLanguage\":\"sv-SE\"}]}<\/script>\n<!-- \/ Yoast SEO plugin. -->","yoast_head_json":{"title":"Fredheim krosskulor - Fredheim Maskin","robots":{"index":"index","follow":"follow","max-snippet":"max-snippet:-1","max-image-preview":"max-image-preview:large","max-video-preview":"max-video-preview:-1"},"canonical":"https:\/\/fredheim-maskin.no\/sv\/maskiner\/ramar\/fredheim-krosskulor\/","og_locale":"sv_SE","og_type":"article","og_title":"Fredheim Knusekuler - Fredheim Maskin","og_description":"Fredheim Knusekuler Knusekuler fra 4-6tonn","og_url":"https:\/\/fredheim-maskin.no\/sv\/maskiner\/ramar\/fredheim-krosskulor\/","og_site_name":"Fredheim Maskin","article_modified_time":"2024-01-23T14:16:27+00:00","og_image":[{"url":"https:\/\/fredheim-maskin.no\/wp-content\/uploads\/2023\/11\/Knusekuler2-edited-1.jpg","type":"","width":"","height":""}],"twitter_card":"summary_large_image","schema":{"@context":"https:\/\/schema.org","@graph":[{"@type":"WebPage","@id":"https:\/\/fredheim-maskin.no\/maskiner\/rammer\/fredheim-knusekuler\/","url":"https:\/\/fredheim-maskin.no\/maskiner\/rammer\/fredheim-knusekuler\/","name":"Fredheim krosskulor - Fredheim Maskin","isPartOf":{"@id":"https:\/\/fredheim-maskin.no\/#website"},"primaryImageOfPage":{"@id":"https:\/\/fredheim-maskin.no\/maskiner\/rammer\/fredheim-knusekuler\/#primaryimage"},"image":{"@id":"https:\/\/fredheim-maskin.no\/maskiner\/rammer\/fredheim-knusekuler\/#primaryimage"},"thumbnailUrl":"https:\/\/fredheim-maskin.no\/wp-content\/uploads\/2023\/11\/Knusekuler2-edited-1.jpg","datePublished":"2023-11-01T12:41:13+00:00","dateModified":"2024-01-23T14:16:27+00:00","breadcrumb":{"@id":"https:\/\/fredheim-maskin.no\/maskiner\/rammer\/fredheim-knusekuler\/#breadcrumb"},"inLanguage":"sv-SE","potentialAction":[{"@type":"ReadAction","target":["https:\/\/fredheim-maskin.no\/maskiner\/rammer\/fredheim-knusekuler\/"]}]},{"@type":"ImageObject","inLanguage":"sv-SE","@id":"https:\/\/fredheim-maskin.no\/maskiner\/rammer\/fredheim-knusekuler\/#primaryimage","url":"https:\/\/fredheim-maskin.no\/wp-content\/uploads\/2023\/11\/Knusekuler2-edited-1.jpg","contentUrl":"https:\/\/fredheim-maskin.no\/wp-content\/uploads\/2023\/11\/Knusekuler2-edited-1.jpg"},{"@type":"BreadcrumbList","@id":"https:\/\/fredheim-maskin.no\/maskiner\/rammer\/fredheim-knusekuler\/#breadcrumb","itemListElement":[{"@type":"ListItem","position":1,"name":"Hjem","item":"https:\/\/fredheim-maskin.no\/"},{"@type":"ListItem","position":2,"name":"Maskiner","item":"https:\/\/fredheim-maskin.no\/maskiner\/"},{"@type":"ListItem","position":3,"name":"Rammer","item":"https:\/\/fredheim-maskin.no\/maskiner\/rammer\/"},{"@type":"ListItem","position":4,"name":"Fredheim Knusekuler"}]},{"@type":"WebSite","@id":"https:\/\/fredheim-maskin.no\/#website","url":"https:\/\/fredheim-maskin.no\/","name":"Fredheim Maskin","description":"","potentialAction":[{"@type":"SearchAction","target":{"@type":"EntryPoint","urlTemplate":"https:\/\/fredheim-maskin.no\/?s={search_term_string}"},"query-input":{"@type":"PropertyValueSpecification","valueRequired":true,"valueName":"search_term_string"}}],"inLanguage":"sv-SE"}]}},"_links":{"self":[{"href":"http:\/\/fredheim-maskin.no\/sv\/wp-json\/wp\/v2\/pages\/1462","targetHints":{"allow":["GET"]}}],"collection":[{"href":"http:\/\/fredheim-maskin.no\/sv\/wp-json\/wp\/v2\/pages"}],"about":[{"href":"http:\/\/fredheim-maskin.no\/sv\/wp-json\/wp\/v2\/types\/page"}],"author":[{"embeddable":true,"href":"http:\/\/fredheim-maskin.no\/sv\/wp-json\/wp\/v2\/users\/1"}],"replies":[{"embeddable":true,"href":"http:\/\/fredheim-maskin.no\/sv\/wp-json\/wp\/v2\/comments?post=1462"}],"version-history":[{"count":10,"href":"http:\/\/fredheim-maskin.no\/sv\/wp-json\/wp\/v2\/pages\/1462\/revisions"}],"predecessor-version":[{"id":14855,"href":"http:\/\/fredheim-maskin.no\/sv\/wp-json\/wp\/v2\/pages\/1462\/revisions\/14855"}],"up":[{"embeddable":true,"href":"http:\/\/fredheim-maskin.no\/sv\/wp-json\/wp\/v2\/pages\/41"}],"wp:attachment":[{"href":"http:\/\/fredheim-maskin.no\/sv\/wp-json\/wp\/v2\/media?parent=1462"}],"curies":[{"name":"wp","href":"https:\/\/api.w.org\/{rel}","templated":true}]}}