{"id":11,"date":"2023-09-21T13:18:52","date_gmt":"2023-09-21T11:18:52","guid":{"rendered":"https:\/\/fredheim-maskin.no\/?page_id=11"},"modified":"2024-03-04T09:49:22","modified_gmt":"2024-03-04T08:49:22","slug":"om-oss","status":"publish","type":"page","link":"https:\/\/fredheim-maskin.no\/sv\/om-oss\/","title":{"rendered":"Om oss"},"content":{"rendered":"<div class=\"wp-block-group has-grey-background-color has-background eplus-wrapper\"><div class=\"wp-block-group__inner-container is-layout-constrained wp-block-group-is-layout-constrained\"><div class=\"wp-block-columns eplus-wrapper is-layout-flex wp-container-core-columns-is-layout-9d6595d7 wp-block-columns-is-layout-flex eplus-styles-uid-9b2f71\">\n<div class=\"wp-block-column eplus-wrapper is-layout-flow wp-block-column-is-layout-flow\" style=\"flex-basis:5%\"><\/div>\n\n\n\n<div class=\"wp-block-column eplus-wrapper is-layout-flow wp-block-column-is-layout-flow\" style=\"flex-basis:40%\">\n<div style=\"height:100px\" aria-hidden=\"true\" class=\"wp-block-spacer eplus-wrapper\"><\/div>\n\n\n\n<h1 class=\"wp-block-heading eplus-wrapper\">F\u00f6rs\u00e4ljning, service och uthyrning av kross- och sorteringsverk<\/h1>\n\n\n\n<p class=\"eplus-wrapper\">Huvudkontoret i Spydeberg finns i moderna lokaler med verkstad, tv\u00e4tthall och stort reservdelslager. Samt \u00f6ver 1,5 hektar stor tomt fylld med b\u00e5de nya och begagnade maskiner.<\/p>\n\n\n\n<p class=\"eplus-wrapper\">Vi \u00e5tar oss ocks\u00e5 service och reparationer i f\u00e4lt med v\u00e5ra v\u00e4lutrustade servicebilar.<\/p>\n\n\n\n<div style=\"height:100px\" aria-hidden=\"true\" class=\"wp-block-spacer eplus-wrapper\"><\/div>\n<\/div>\n\n\n\n<div class=\"wp-block-column eplus-wrapper is-layout-flow wp-block-column-is-layout-flow\" style=\"flex-basis:5%\"><\/div>\n\n\n\n<div class=\"wp-block-column is-vertically-aligned-center eplus-wrapper is-layout-flow wp-block-column-is-layout-flow\" style=\"flex-basis:50%\">\n<figure class=\"wp-block-image size-large eplus-wrapper\"><img decoding=\"async\" width=\"1024\" height=\"767\" src=\"https:\/\/fredheim-maskin.no\/wp-content\/uploads\/2023\/12\/Fredheim-Maskin-okt-dager-bilder-2023-0488-2-1024x767.jpg\" alt=\"\" class=\"wp-image-14291\" srcset=\"https:\/\/fredheim-maskin.no\/wp-content\/uploads\/2023\/12\/Fredheim-Maskin-okt-dager-bilder-2023-0488-2-1024x767.jpg 1024w, https:\/\/fredheim-maskin.no\/wp-content\/uploads\/2023\/12\/Fredheim-Maskin-okt-dager-bilder-2023-0488-2-300x225.jpg 300w, https:\/\/fredheim-maskin.no\/wp-content\/uploads\/2023\/12\/Fredheim-Maskin-okt-dager-bilder-2023-0488-2-768x575.jpg 768w, https:\/\/fredheim-maskin.no\/wp-content\/uploads\/2023\/12\/Fredheim-Maskin-okt-dager-bilder-2023-0488-2-1536x1150.jpg 1536w, https:\/\/fredheim-maskin.no\/wp-content\/uploads\/2023\/12\/Fredheim-Maskin-okt-dager-bilder-2023-0488-2-16x12.jpg 16w, https:\/\/fredheim-maskin.no\/wp-content\/uploads\/2023\/12\/Fredheim-Maskin-okt-dager-bilder-2023-0488-2.jpg 1920w\" sizes=\"(max-width: 1024px) 100vw, 1024px\" \/><\/figure>\n<\/div>\n<\/div><\/div><\/div>\n\n\n\n<div style=\"height:100px\" aria-hidden=\"true\" class=\"wp-block-spacer eplus-wrapper\"><\/div>\n\n\n\n<div class=\"wp-block-group eplus-wrapper\"><div class=\"wp-block-group__inner-container is-layout-constrained wp-block-group-is-layout-constrained\"><div class=\"wp-block-columns eplus-wrapper is-layout-flex wp-container-core-columns-is-layout-9d6595d7 wp-block-columns-is-layout-flex eplus-styles-uid-92ee99\">\n<div class=\"wp-block-column eplus-wrapper is-layout-flow wp-block-column-is-layout-flow\" style=\"flex-basis:5%\"><\/div>\n\n\n\n<div class=\"wp-block-column eplus-wrapper is-layout-flow wp-block-column-is-layout-flow\" style=\"flex-basis:33.33%\">\n<h5 class=\"wp-block-heading eplus-wrapper\"><a href=\"https:\/\/fredheim-maskin.no\/sv\/kontakt\/\" data-type=\"page\" data-id=\"19\">Kontakt<\/a><\/h5>\n\n\n\n<div style=\"height:7px\" aria-hidden=\"true\" class=\"wp-block-spacer eplus-wrapper\"><\/div>\n\n\n\n<h5 class=\"wp-block-heading eplus-wrapper\"><a href=\"https:\/\/fredheim-maskin.no\/sv\/lediga-tjanster\/\" data-type=\"page\" data-id=\"13\">Jobba hos oss<\/a><\/h5>\n\n\n\n<div style=\"height:7px\" aria-hidden=\"true\" class=\"wp-block-spacer eplus-wrapper\"><\/div>\n\n\n\n<h5 class=\"wp-block-heading eplus-wrapper\"><a href=\"https:\/\/fredheim-maskin.no\/sv\/om-oss\/besok-oss-i-spydeberg\/\" data-type=\"page\" data-id=\"2409\">Bes\u00f6k oss i Spydeberg<\/a><\/h5>\n\n\n\n<div style=\"height:7px\" aria-hidden=\"true\" class=\"wp-block-spacer eplus-wrapper\"><\/div>\n\n\n\n<h5 class=\"wp-block-heading eplus-wrapper\"><a href=\"https:\/\/fredheim-maskin.no\/sv\/om-oss\/besok-oss-i-skiptvet\/\" data-type=\"page\" data-id=\"2411\">Bes\u00f6k oss i Skiptvet<\/a><\/h5>\n\n\n\n<div style=\"height:7px\" aria-hidden=\"true\" class=\"wp-block-spacer eplus-wrapper\"><\/div>\n\n\n\n<h5 class=\"wp-block-heading eplus-wrapper\"><a href=\"https:\/\/fredheim-maskin.no\/sv\/om-oss\/besok-oss-i-grums\/\" data-type=\"page\" data-id=\"2413\">Bes\u00f6k oss i Grums!<\/a><\/h5>\n\n\n\n<div style=\"height:7px\" aria-hidden=\"true\" class=\"wp-block-spacer eplus-wrapper\"><\/div>\n\n\n\n<h5 class=\"wp-block-heading eplus-wrapper\"><a href=\"https:\/\/fredheim-maskin.no\/sv\/utstallningar\/\" data-type=\"page\" data-id=\"17\">Messer<\/a><\/h5>\n\n\n\n<div style=\"height:7px\" aria-hidden=\"true\" class=\"wp-block-spacer eplus-wrapper\"><\/div>\n\n\n\n<h5 class=\"wp-block-heading eplus-wrapper\"><a href=\"https:\/\/fredheim-maskin.no\/sv\/uthyrning\/\" data-type=\"page\" data-id=\"25\">Uthyrning<\/a><\/h5>\n\n\n\n<div style=\"height:7px\" aria-hidden=\"true\" class=\"wp-block-spacer eplus-wrapper\"><\/div>\n\n\n\n<h5 class=\"wp-block-heading eplus-wrapper\"><a href=\"https:\/\/fredheim-maskin.no\/sv\/laboratorietester\/\" data-type=\"page\" data-id=\"15\">Laboratorietester<\/a><\/h5>\n<\/div>\n\n\n\n<div class=\"wp-block-column eplus-wrapper is-layout-flow wp-block-column-is-layout-flow\" style=\"flex-basis:66.66%\">\n<h4 class=\"wp-block-heading eplus-wrapper\">Fredheim Maskin \u00e4r ett v\u00e4lrenommerat f\u00f6retag med en historia som str\u00e4cker sig tillbaka till etableringen 1998. Vi har st\u00e4ndigt v\u00e4xt och utvecklats till att bli en ledande akt\u00f6r i branschen.<\/h4>\n\n\n\n<div style=\"height:30px\" aria-hidden=\"true\" class=\"wp-block-spacer eplus-wrapper\"><\/div>\n\n\n\n<p class=\"eplus-wrapper\">Vi \u00e4r stolta \u00f6ver att vara en auktoriserad \u00e5terf\u00f6rs\u00e4ljare f\u00f6r erk\u00e4nda varum\u00e4rken som Keestrack, Sandvik, Telestack och Rapid. P\u00e5 den norska marknaden erbjuds ocks\u00e5 Neuenhauser, McQuaid och Rammer.<\/p>\n\n\n\n<p class=\"eplus-wrapper\">Dessutom erbjuder vi helt\u00e4ckande service- och reparationstj\u00e4nster b\u00e5de i f\u00e4lt och i v\u00e5r moderna verkstad. <\/p>\n\n\n\n<p class=\"eplus-wrapper\">Vi f\u00f6rst\u00e5r ocks\u00e5 vikten av finansiering, d\u00e4rf\u00f6r erbjuder vi attraktiva finansieringsl\u00f6sningar f\u00f6r v\u00e5ra produkter.<\/p>\n\n\n\n<p class=\"eplus-wrapper\">V\u00e5r framg\u00e5ng har varit en kontinuerlig resa och vi \u00e4r stolta \u00f6ver att ha s\u00e5lt \u00f6ver 1 000 Keestrack-maskiner sedan lanseringen 2006. Vi vill tacka v\u00e5ra kunder f\u00f6r  detta!<\/p>\n<\/div>\n\n\n\n<div class=\"wp-block-column eplus-wrapper is-layout-flow wp-block-column-is-layout-flow\" style=\"flex-basis:5%\"><\/div>\n<\/div><\/div><\/div>\n\n\n\n<div style=\"height:50px\" aria-hidden=\"true\" class=\"wp-block-spacer eplus-wrapper\"><\/div>\n\n\n\n<div class=\"wp-block-group eplus-wrapper\"><div class=\"wp-block-group__inner-container is-layout-constrained wp-block-group-is-layout-constrained\"><div class=\"wp-block-columns eplus-wrapper is-layout-flex wp-container-core-columns-is-layout-9d6595d7 wp-block-columns-is-layout-flex eplus-styles-uid-9b422e\">\n<div class=\"wp-block-column eplus-wrapper is-layout-flow wp-block-column-is-layout-flow\">\n<figure class=\"wp-block-embed is-type-video is-provider-youtube wp-block-embed-youtube eplus-wrapper\"><div class=\"wp-block-embed__wrapper\">\n<iframe loading=\"lazy\" title=\"Oktoberdager 2023  Fredheim Maskin  Demo, Visning, Kurs\" width=\"640\" height=\"360\" src=\"https:\/\/www.youtube.com\/embed\/eDkaNim6i5c?feature=oembed\" frameborder=\"0\" allow=\"accelerometer; autoplay; clipboard-write; encrypted-media; gyroscope; picture-in-picture; web-share\" referrerpolicy=\"strict-origin-when-cross-origin\" allowfullscreen><\/iframe>\n<\/div><\/figure>\n\n\n\n<div style=\"height:20px\" aria-hidden=\"true\" class=\"wp-block-spacer eplus-wrapper\"><\/div>\n\n\n\n<figure class=\"wp-block-embed is-type-video is-provider-youtube wp-block-embed-youtube eplus-wrapper\"><div class=\"wp-block-embed__wrapper\">\n<iframe loading=\"lazy\" title=\"OKTOBERDAGER 2022 Fredheim Maskin AS. \u2013 Stolt presenterer vi \u00e5rets film:\" width=\"640\" height=\"360\" src=\"https:\/\/www.youtube.com\/embed\/5PAAO-rRxY0?feature=oembed\" frameborder=\"0\" allow=\"accelerometer; autoplay; clipboard-write; encrypted-media; gyroscope; picture-in-picture; web-share\" referrerpolicy=\"strict-origin-when-cross-origin\" allowfullscreen><\/iframe>\n<\/div><\/figure>\n<\/div>\n\n\n\n<div class=\"wp-block-column eplus-wrapper is-layout-flow wp-block-column-is-layout-flow\">\n<figure class=\"wp-block-embed is-type-video is-provider-youtube wp-block-embed-youtube eplus-wrapper\"><div class=\"wp-block-embed__wrapper\">\n<iframe loading=\"lazy\" title=\"Fredheim Maskin Oktoberdager 2023\" width=\"640\" height=\"360\" src=\"https:\/\/www.youtube.com\/embed\/_tEM1w6CD2c?feature=oembed\" frameborder=\"0\" allow=\"accelerometer; autoplay; clipboard-write; encrypted-media; gyroscope; picture-in-picture; web-share\" referrerpolicy=\"strict-origin-when-cross-origin\" allowfullscreen><\/iframe>\n<\/div><\/figure>\n\n\n\n<div style=\"height:20px\" aria-hidden=\"true\" class=\"wp-block-spacer eplus-wrapper\"><\/div>\n\n\n\n<figure class=\"wp-embed-aspect-16-9 wp-has-aspect-ratio wp-block-embed is-type-video is-provider-youtube wp-block-embed-youtube eplus-wrapper\"><div class=\"wp-block-embed__wrapper\">\n<iframe loading=\"lazy\" title=\"Fredheim Maskin Oktoberdager 2022 -Live messe i s\u00e6rklasse\" width=\"640\" height=\"360\" src=\"https:\/\/www.youtube.com\/embed\/osHYHx0Df9k?feature=oembed\" frameborder=\"0\" allow=\"accelerometer; autoplay; clipboard-write; encrypted-media; gyroscope; picture-in-picture; web-share\" referrerpolicy=\"strict-origin-when-cross-origin\" allowfullscreen><\/iframe>\n<\/div><\/figure>\n<\/div>\n<\/div><\/div><\/div>\n\n\n\n<div class=\"wp-block-group alignfull has-black-background-color has-background eplus-wrapper\"><div class=\"wp-block-group__inner-container is-layout-constrained wp-block-group-is-layout-constrained\">\n<div style=\"height:130px\" aria-hidden=\"true\" class=\"wp-block-spacer eplus-wrapper\"><\/div>\n\n\n\n<hr class=\"wp-block-separator has-alpha-channel-opacity eplus-wrapper\"\/>\n\n\n\n<div class=\"wp-block-group eplus-wrapper\"><div class=\"wp-block-group__inner-container is-layout-constrained wp-block-group-is-layout-constrained\"><div class=\"wp-block-columns eplus-wrapper is-layout-flex wp-container-core-columns-is-layout-9d6595d7 wp-block-columns-is-layout-flex eplus-styles-uid-95c966\">\n<div class=\"wp-block-column eplus-wrapper is-layout-flow wp-block-column-is-layout-flow\" style=\"flex-basis:5%\"><\/div>\n\n\n\n<div class=\"wp-block-column eplus-wrapper is-layout-flow wp-block-column-is-layout-flow\"><div class=\"shortcut-box-hover wp-block-columns has-dark-cobolt-background-color has-background eplus-wrapper is-layout-flex wp-container-core-columns-is-layout-9d6595d7 wp-block-columns-is-layout-flex eplus-styles-uid-3858b7\">\n<div class=\"wp-block-column eplus-wrapper is-layout-flow wp-block-column-is-layout-flow\" style=\"flex-basis:2%\"><\/div>\n\n\n\n<div class=\"wp-block-column eplus-wrapper is-layout-flow wp-block-column-is-layout-flow\" style=\"flex-basis:96%\">\n<div style=\"height:55px\" aria-hidden=\"true\" class=\"wp-block-spacer eplus-wrapper\"><\/div>\n\n\n\n<h4 class=\"wp-block-heading has-white-color has-text-color eplus-wrapper\"><a href=\"https:\/\/fredheim-maskin.no\/sv\/maskiner\/\" data-type=\"page\" data-id=\"29\">V\u00e5ra m\u00e4rken<\/a><\/h4>\n\n\n\n<div style=\"height:30px\" aria-hidden=\"true\" class=\"wp-block-spacer eplus-wrapper\"><\/div>\n\n\n\n<figure class=\"wp-block-image size-large eplus-wrapper\"><a href=\"https:\/\/fredheim-maskin.no\/sv\/maskiner\/\"><img decoding=\"async\" width=\"24\" height=\"21\" src=\"https:\/\/fredheim-maskin.no\/wp-content\/uploads\/2023\/09\/right-arrow.svg\" alt=\"\" class=\"wp-image-103\"><\/a><\/figure>\n\n\n\n<div style=\"height:55px\" aria-hidden=\"true\" class=\"wp-block-spacer eplus-wrapper\"><\/div>\n<\/div>\n\n\n\n<div class=\"wp-block-column eplus-wrapper is-layout-flow wp-block-column-is-layout-flow\" style=\"flex-basis:2%\"><\/div>\n<\/div><\/div>\n\n\n\n<div class=\"wp-block-column eplus-wrapper is-layout-flow wp-block-column-is-layout-flow\"><div class=\"shortcut-box-hover wp-block-columns has-dark-cobolt-background-color has-background eplus-wrapper is-layout-flex wp-container-core-columns-is-layout-9d6595d7 wp-block-columns-is-layout-flex eplus-styles-uid-ac4199\">\n<div class=\"wp-block-column eplus-wrapper is-layout-flow wp-block-column-is-layout-flow\" style=\"flex-basis:2%\"><\/div>\n\n\n\n<div class=\"wp-block-column eplus-wrapper is-layout-flow wp-block-column-is-layout-flow\" style=\"flex-basis:96%\">\n<div style=\"height:55px\" aria-hidden=\"true\" class=\"wp-block-spacer eplus-wrapper\"><\/div>\n\n\n\n<h4 class=\"wp-block-heading has-white-color has-text-color eplus-wrapper\"><a href=\"https:\/\/fredheim-maskin.no\/sv\/service-reservdelslager\/\" data-type=\"page\" data-id=\"23\">Service &amp; delar<\/a><\/h4>\n\n\n\n<div style=\"height:30px\" aria-hidden=\"true\" class=\"wp-block-spacer eplus-wrapper\"><\/div>\n\n\n\n<figure class=\"wp-block-image size-large eplus-wrapper\"><a href=\"https:\/\/fredheim-maskin.no\/sv\/service-reservdelslager\/\"><img decoding=\"async\" width=\"24\" height=\"21\" src=\"https:\/\/fredheim-maskin.no\/wp-content\/uploads\/2023\/09\/right-arrow.svg\" alt=\"\" class=\"wp-image-103\"><\/a><\/figure>\n\n\n\n<div style=\"height:55px\" aria-hidden=\"true\" class=\"wp-block-spacer eplus-wrapper\"><\/div>\n<\/div>\n\n\n\n<div class=\"wp-block-column eplus-wrapper is-layout-flow wp-block-column-is-layout-flow\" style=\"flex-basis:2%\"><\/div>\n<\/div><\/div>\n\n\n\n<div class=\"wp-block-column eplus-wrapper is-layout-flow wp-block-column-is-layout-flow\"><div class=\"shortcut-box-hover wp-block-columns has-dark-cobolt-background-color has-background eplus-wrapper is-layout-flex wp-container-core-columns-is-layout-9d6595d7 wp-block-columns-is-layout-flex eplus-styles-uid-3f009e\">\n<div class=\"wp-block-column eplus-wrapper is-layout-flow wp-block-column-is-layout-flow\" style=\"flex-basis:2%\"><\/div>\n\n\n\n<div class=\"wp-block-column eplus-wrapper is-layout-flow wp-block-column-is-layout-flow\" style=\"flex-basis:96%\">\n<div style=\"height:55px\" aria-hidden=\"true\" class=\"wp-block-spacer eplus-wrapper\"><\/div>\n\n\n\n<h4 class=\"wp-block-heading has-white-color has-text-color eplus-wrapper\"><a href=\"https:\/\/fredheim-maskin.no\/sv\/begagnat\/\" data-type=\"page\" data-id=\"27\">Begagnade maskiner<\/a><\/h4>\n\n\n\n<div style=\"height:30px\" aria-hidden=\"true\" class=\"wp-block-spacer eplus-wrapper\"><\/div>\n\n\n\n<figure class=\"wp-block-image size-large eplus-wrapper\"><a href=\"https:\/\/fredheim-maskin.no\/sv\/begagnat\/\"><img decoding=\"async\" width=\"24\" height=\"21\" src=\"https:\/\/fredheim-maskin.no\/wp-content\/uploads\/2023\/09\/right-arrow.svg\" alt=\"\" class=\"wp-image-103\"><\/a><\/figure>\n\n\n\n<div style=\"height:55px\" aria-hidden=\"true\" class=\"wp-block-spacer eplus-wrapper\"><\/div>\n<\/div>\n\n\n\n<div class=\"wp-block-column eplus-wrapper is-layout-flow wp-block-column-is-layout-flow\" style=\"flex-basis:2%\"><\/div>\n<\/div><\/div>\n\n\n\n<div class=\"wp-block-column eplus-wrapper is-layout-flow wp-block-column-is-layout-flow\" style=\"flex-basis:5%\"><\/div>\n<\/div><\/div><\/div>\n\n\n\n<hr class=\"wp-block-separator has-alpha-channel-opacity eplus-wrapper\"\/>\n\n\n\n<div style=\"height:110px\" aria-hidden=\"true\" class=\"wp-block-spacer eplus-wrapper\"><\/div>\n<\/div><\/div>","protected":false},"excerpt":{"rendered":"<p>Salg, service og utleie av knuse- og sikteverk I v\u00e5re moderne lokaler har vi verkstedhall, vaskehall og stort delelager. Samt 15.5 m\u00e5ls tomt med nytt og brukt utstyr. Vi foretar [&hellip;]<\/p>\n","protected":false},"author":1,"featured_media":0,"parent":0,"menu_order":0,"comment_status":"closed","ping_status":"closed","template":"","meta":{"_editorskit_title_hidden":false,"_editorskit_reading_time":0,"_editorskit_is_block_options_detached":false,"_editorskit_block_options_position":"{}","inline_featured_image":false,"editor_plus_copied_stylings":"{}","footnotes":""},"class_list":["post-11","page","type-page","status-publish","hentry"],"featured_image_src":null,"yoast_head":"<!-- This site is optimized with the Yoast SEO plugin v27.4 - https:\/\/yoast.com\/product\/yoast-seo-wordpress\/ -->\n<title>Om oss - Fredheim Maskin<\/title>\n<meta name=\"robots\" content=\"index, follow, max-snippet:-1, max-image-preview:large, max-video-preview:-1\" \/>\n<link rel=\"canonical\" href=\"https:\/\/fredheim-maskin.no\/sv\/om-oss\/\" \/>\n<meta property=\"og:locale\" content=\"sv_SE\" \/>\n<meta property=\"og:type\" content=\"article\" \/>\n<meta property=\"og:title\" content=\"Om oss - Fredheim Maskin\" \/>\n<meta property=\"og:description\" content=\"Salg, service og utleie av knuse- og sikteverk I v\u00e5re moderne lokaler har vi verkstedhall, vaskehall og stort delelager. Samt 15.5 m\u00e5ls tomt med nytt og brukt utstyr. Vi foretar [&hellip;]\" \/>\n<meta property=\"og:url\" content=\"https:\/\/fredheim-maskin.no\/sv\/om-oss\/\" \/>\n<meta property=\"og:site_name\" content=\"Fredheim Maskin\" \/>\n<meta property=\"article:modified_time\" content=\"2024-03-04T08:49:22+00:00\" \/>\n<meta property=\"og:image\" content=\"https:\/\/fredheim-maskin.no\/wp-content\/uploads\/2023\/12\/Fredheim-Maskin-okt-dager-bilder-2023-0488-2-1024x767.jpg\" \/>\n<meta name=\"twitter:card\" content=\"summary_large_image\" \/>\n<meta name=\"twitter:label1\" content=\"Ber\u00e4knad l\u00e4stid\" \/>\n\t<meta name=\"twitter:data1\" content=\"1 minut\" \/>\n<script type=\"application\/ld+json\" class=\"yoast-schema-graph\">{\"@context\":\"https:\\\/\\\/schema.org\",\"@graph\":[{\"@type\":\"WebPage\",\"@id\":\"https:\\\/\\\/fredheim-maskin.no\\\/om-oss\\\/\",\"url\":\"https:\\\/\\\/fredheim-maskin.no\\\/om-oss\\\/\",\"name\":\"Om oss - Fredheim Maskin\",\"isPartOf\":{\"@id\":\"https:\\\/\\\/fredheim-maskin.no\\\/#website\"},\"primaryImageOfPage\":{\"@id\":\"https:\\\/\\\/fredheim-maskin.no\\\/om-oss\\\/#primaryimage\"},\"image\":{\"@id\":\"https:\\\/\\\/fredheim-maskin.no\\\/om-oss\\\/#primaryimage\"},\"thumbnailUrl\":\"https:\\\/\\\/fredheim-maskin.no\\\/wp-content\\\/uploads\\\/2023\\\/12\\\/Fredheim-Maskin-okt-dager-bilder-2023-0488-2-1024x767.jpg\",\"datePublished\":\"2023-09-21T11:18:52+00:00\",\"dateModified\":\"2024-03-04T08:49:22+00:00\",\"breadcrumb\":{\"@id\":\"https:\\\/\\\/fredheim-maskin.no\\\/om-oss\\\/#breadcrumb\"},\"inLanguage\":\"sv-SE\",\"potentialAction\":[{\"@type\":\"ReadAction\",\"target\":[\"https:\\\/\\\/fredheim-maskin.no\\\/om-oss\\\/\"]}]},{\"@type\":\"ImageObject\",\"inLanguage\":\"sv-SE\",\"@id\":\"https:\\\/\\\/fredheim-maskin.no\\\/om-oss\\\/#primaryimage\",\"url\":\"https:\\\/\\\/fredheim-maskin.no\\\/wp-content\\\/uploads\\\/2023\\\/12\\\/Fredheim-Maskin-okt-dager-bilder-2023-0488-2-1024x767.jpg\",\"contentUrl\":\"https:\\\/\\\/fredheim-maskin.no\\\/wp-content\\\/uploads\\\/2023\\\/12\\\/Fredheim-Maskin-okt-dager-bilder-2023-0488-2-1024x767.jpg\"},{\"@type\":\"BreadcrumbList\",\"@id\":\"https:\\\/\\\/fredheim-maskin.no\\\/om-oss\\\/#breadcrumb\",\"itemListElement\":[{\"@type\":\"ListItem\",\"position\":1,\"name\":\"Hjem\",\"item\":\"https:\\\/\\\/fredheim-maskin.no\\\/\"},{\"@type\":\"ListItem\",\"position\":2,\"name\":\"Om oss\"}]},{\"@type\":\"WebSite\",\"@id\":\"https:\\\/\\\/fredheim-maskin.no\\\/#website\",\"url\":\"https:\\\/\\\/fredheim-maskin.no\\\/\",\"name\":\"Fredheim Maskin\",\"description\":\"\",\"potentialAction\":[{\"@type\":\"SearchAction\",\"target\":{\"@type\":\"EntryPoint\",\"urlTemplate\":\"https:\\\/\\\/fredheim-maskin.no\\\/?s={search_term_string}\"},\"query-input\":{\"@type\":\"PropertyValueSpecification\",\"valueRequired\":true,\"valueName\":\"search_term_string\"}}],\"inLanguage\":\"sv-SE\"}]}<\/script>\n<!-- \/ Yoast SEO plugin. -->","yoast_head_json":{"title":"Om Fredheim Maskin \u2013 f\u00f6rs\u00e4ljning, service &amp; uthyrning av krossverk i Sverige","robots":{"index":"index","follow":"follow","max-snippet":"max-snippet:-1","max-image-preview":"max-image-preview:large","max-video-preview":"max-video-preview:-1"},"canonical":"https:\/\/fredheim-maskin.no\/sv\/om-oss\/","og_locale":"sv_SE","og_type":"article","og_title":"Om oss - Fredheim Maskin","og_description":"Salg, service og utleie av knuse- og sikteverk I v\u00e5re moderne lokaler har vi verkstedhall, vaskehall og stort delelager. Samt 15.5 m\u00e5ls tomt med nytt og brukt utstyr. Vi foretar [&hellip;]","og_url":"https:\/\/fredheim-maskin.no\/sv\/om-oss\/","og_site_name":"Fredheim Maskin","article_modified_time":"2024-03-04T08:49:22+00:00","og_image":[{"url":"https:\/\/fredheim-maskin.no\/wp-content\/uploads\/2023\/12\/Fredheim-Maskin-okt-dager-bilder-2023-0488-2-1024x767.jpg","type":"","width":"","height":""}],"twitter_card":"summary_large_image","twitter_misc":{"Ber\u00e4knad l\u00e4stid":"1 minut"},"schema":{"@context":"https:\/\/schema.org","@graph":[{"@type":"WebPage","@id":"https:\/\/fredheim-maskin.no\/om-oss\/","url":"https:\/\/fredheim-maskin.no\/om-oss\/","name":"Om Fredheim Maskin \u2013 f\u00f6rs\u00e4ljning, service &amp; uthyrning av krossverk i Sverige","isPartOf":{"@id":"https:\/\/fredheim-maskin.no\/#website"},"primaryImageOfPage":{"@id":"https:\/\/fredheim-maskin.no\/om-oss\/#primaryimage"},"image":{"@id":"https:\/\/fredheim-maskin.no\/om-oss\/#primaryimage"},"thumbnailUrl":"https:\/\/fredheim-maskin.no\/wp-content\/uploads\/2023\/12\/Fredheim-Maskin-okt-dager-bilder-2023-0488-2-1024x767.jpg","datePublished":"2023-09-21T11:18:52+00:00","dateModified":"2024-03-04T08:49:22+00:00","breadcrumb":{"@id":"https:\/\/fredheim-maskin.no\/om-oss\/#breadcrumb"},"inLanguage":"sv-SE","potentialAction":[{"@type":"ReadAction","target":["https:\/\/fredheim-maskin.no\/om-oss\/"]}]},{"@type":"ImageObject","inLanguage":"sv-SE","@id":"https:\/\/fredheim-maskin.no\/om-oss\/#primaryimage","url":"https:\/\/fredheim-maskin.no\/wp-content\/uploads\/2023\/12\/Fredheim-Maskin-okt-dager-bilder-2023-0488-2-1024x767.jpg","contentUrl":"https:\/\/fredheim-maskin.no\/wp-content\/uploads\/2023\/12\/Fredheim-Maskin-okt-dager-bilder-2023-0488-2-1024x767.jpg"},{"@type":"BreadcrumbList","@id":"https:\/\/fredheim-maskin.no\/om-oss\/#breadcrumb","itemListElement":[{"@type":"ListItem","position":1,"name":"Hjem","item":"https:\/\/fredheim-maskin.no\/"},{"@type":"ListItem","position":2,"name":"Om oss"}]},{"@type":"WebSite","@id":"https:\/\/fredheim-maskin.no\/#website","url":"https:\/\/fredheim-maskin.no\/","name":"Fredheim Maskin","description":"","potentialAction":[{"@type":"SearchAction","target":{"@type":"EntryPoint","urlTemplate":"https:\/\/fredheim-maskin.no\/?s={search_term_string}"},"query-input":{"@type":"PropertyValueSpecification","valueRequired":true,"valueName":"search_term_string"}}],"inLanguage":"sv-SE"}]}},"_links":{"self":[{"href":"https:\/\/fredheim-maskin.no\/sv\/wp-json\/wp\/v2\/pages\/11","targetHints":{"allow":["GET"]}}],"collection":[{"href":"https:\/\/fredheim-maskin.no\/sv\/wp-json\/wp\/v2\/pages"}],"about":[{"href":"https:\/\/fredheim-maskin.no\/sv\/wp-json\/wp\/v2\/types\/page"}],"author":[{"embeddable":true,"href":"https:\/\/fredheim-maskin.no\/sv\/wp-json\/wp\/v2\/users\/1"}],"replies":[{"embeddable":true,"href":"https:\/\/fredheim-maskin.no\/sv\/wp-json\/wp\/v2\/comments?post=11"}],"version-history":[{"count":48,"href":"https:\/\/fredheim-maskin.no\/sv\/wp-json\/wp\/v2\/pages\/11\/revisions"}],"predecessor-version":[{"id":17237,"href":"https:\/\/fredheim-maskin.no\/sv\/wp-json\/wp\/v2\/pages\/11\/revisions\/17237"}],"wp:attachment":[{"href":"https:\/\/fredheim-maskin.no\/sv\/wp-json\/wp\/v2\/media?parent=11"}],"curies":[{"name":"wp","href":"https:\/\/api.w.org\/{rel}","templated":true}]}}