{"id":1139,"date":"2023-10-25T14:39:29","date_gmt":"2023-10-25T12:39:29","guid":{"rendered":"https:\/\/fredheim-maskin.no\/?page_id=1139"},"modified":"2024-03-01T09:52:35","modified_gmt":"2024-03-01T08:52:35","slug":"uthyrning-av-keestrack-maskiner","status":"publish","type":"page","link":"https:\/\/fredheim-maskin.no\/sv\/utleie\/utleie-av-keestrack-maskiner\/","title":{"rendered":"Uthyrning av Keestrack"},"content":{"rendered":"<div class=\"wp-block-group alignfull eplus-wrapper\"><div class=\"wp-block-group__inner-container is-layout-constrained wp-block-group-is-layout-constrained\">\n<div class=\"wp-block-group eplus-wrapper\"><div class=\"wp-block-group__inner-container is-layout-constrained wp-block-group-is-layout-constrained\"><div class=\"wp-block-columns eplus-wrapper is-layout-flex wp-container-core-columns-is-layout-9d6595d7 wp-block-columns-is-layout-flex eplus-styles-uid-2f88a3\">\n<div class=\"wp-block-column eplus-wrapper is-layout-flow wp-block-column-is-layout-flow\">\n<div class=\"is-style-default wp-block-media-text alignfull has-media-on-the-right is-stacked-on-mobile is-vertically-aligned-center eplus-wrapper\" style=\"grid-template-columns:auto 48%\"><div class=\"wp-block-media-text__content\">\n<div style=\"height:30px\" aria-hidden=\"true\" class=\"hide-large wp-block-spacer eplus-wrapper\"><\/div>\n\n\n\n<h2 class=\"wp-block-heading has-text-color eplus-wrapper\" style=\"color:#000000\"><strong>Uthyrning av Keestrack<\/strong><\/h2>\n\n\n\n<h4 class=\"wp-block-heading eplus-wrapper\">F\u00f6ljande maskiner erbjuds f\u00f6r uthyrning:<\/h4>\n\n\n<ul class=\"eplus-wrapper wp-block-list eplus-styles-uid-00da4b\">\n<li class=\"eplus-wrapper\"><strong>Krossverk:<\/strong> k\u00e4ftkrossar f\u00f6r f\u00f6rkrossning, konkrossar f\u00f6r efterkrossning och slagkrossar f\u00f6r \u00e5tervinning av asfalt och betong.<\/li>\n\n\n\n<li class=\"eplus-wrapper\"><strong>Sorteringsverk:<\/strong> f\u00f6r alla typer av material.<\/li>\n\n\n\n<li class=\"eplus-wrapper\"><strong>Matare och transportband:<\/strong> flera olika l\u00f6sningar f\u00f6r inmatning och upplag.<\/li>\n<\/ul><\/div><figure class=\"wp-block-media-text__media\"><img decoding=\"async\" width=\"1024\" height=\"685\" src=\"https:\/\/fredheim-maskin.no\/wp-content\/uploads\/2023\/10\/R3e-2.jpg\" alt=\"\" class=\"wp-image-1026 size-full\" srcset=\"https:\/\/fredheim-maskin.no\/wp-content\/uploads\/2023\/10\/R3e-2.jpg 1024w, https:\/\/fredheim-maskin.no\/wp-content\/uploads\/2023\/10\/R3e-2-300x201.jpg 300w, https:\/\/fredheim-maskin.no\/wp-content\/uploads\/2023\/10\/R3e-2-768x514.jpg 768w\" sizes=\"(max-width: 1024px) 100vw, 1024px\" \/><\/figure><\/div>\n<\/div>\n<\/div><\/div><\/div>\n<\/div><\/div>\n\n\n\n<div class=\"wp-block-group alignfull has-grey-background-color has-background eplus-wrapper\"><div class=\"wp-block-group__inner-container is-layout-constrained wp-block-group-is-layout-constrained\">\n<div style=\"height:50px\" aria-hidden=\"true\" class=\"wp-block-spacer eplus-wrapper\"><\/div>\n\n\n\n<div style=\"height:50px\" aria-hidden=\"true\" class=\"hide-mobile wp-block-spacer eplus-wrapper\"><\/div>\n\n\n<div class=\"wp-block-columns is-not-stacked-on-mobile eplus-wrapper is-layout-flex wp-container-core-columns-is-layout-9d6595d7 wp-block-columns-is-layout-flex eplus-styles-uid-6a14f9\">\n<div class=\"hide-mobile wp-block-column eplus-wrapper is-layout-flow wp-block-column-is-layout-flow\" style=\"flex-basis:20%\"><\/div>\n\n\n\n<div class=\"wp-block-column eplus-wrapper is-layout-flow wp-block-column-is-layout-flow\" style=\"flex-basis:60%\">\n<h4 class=\"wp-block-heading has-text-align-left eplus-wrapper\">F\u00f6rdelar med att hyra:<\/h4>\n<\/div>\n\n\n\n<div class=\"hide-mobile wp-block-column eplus-wrapper is-layout-flow wp-block-column-is-layout-flow\" style=\"flex-basis:20%\"><\/div>\n<\/div>\n\n\n<div style=\"height:40px\" aria-hidden=\"true\" class=\"wp-block-spacer eplus-wrapper\"><\/div>\n\n\n\n<div class=\"wp-block-group eplus-wrapper\"><div class=\"wp-block-group__inner-container is-layout-constrained wp-block-group-is-layout-constrained\"><div class=\"wp-block-columns eplus-wrapper is-layout-flex wp-container-core-columns-is-layout-9d6595d7 wp-block-columns-is-layout-flex eplus-styles-uid-34f1f1\">\n<div class=\"hide-mobile wp-block-column eplus-wrapper is-layout-flow wp-block-column-is-layout-flow\" style=\"flex-basis:20%\"><\/div>\n\n\n\n<div class=\"wp-block-column eplus-wrapper is-layout-flow wp-block-column-is-layout-flow\" style=\"flex-basis:60%\"><div class=\"wp-block-columns eplus-wrapper is-layout-flex wp-container-core-columns-is-layout-9d6595d7 wp-block-columns-is-layout-flex eplus-styles-uid-bbe681\">\n<div class=\"wp-block-column eplus-wrapper is-layout-flow wp-block-column-is-layout-flow\" style=\"flex-basis:5%\">\n<figure class=\"wp-block-image size-large is-resized eplus-wrapper\"><img decoding=\"async\" width=\"44\" height=\"36\" src=\"https:\/\/fredheim-maskin.no\/wp-content\/uploads\/2023\/10\/check.svg\" alt=\"\" class=\"wp-image-1174\" style=\"aspect-ratio:1.2162162162162162;width:33px;height:auto\"><\/figure>\n<\/div>\n\n\n\n<div class=\"wp-block-column eplus-wrapper is-layout-flow wp-block-column-is-layout-flow\" style=\"flex-basis:100%\">\n<p class=\"eplus-wrapper\">Ha r\u00e4tt maskintyp och r\u00e4tt antal maskiner f\u00f6r varje uppdrag<\/p>\n<\/div>\n<\/div><\/div>\n\n\n\n<div class=\"hide-mobile wp-block-column eplus-wrapper is-layout-flow wp-block-column-is-layout-flow\" style=\"flex-basis:20%\"><\/div>\n<\/div>\n\n<div class=\"wp-block-columns eplus-wrapper is-layout-flex wp-container-core-columns-is-layout-9d6595d7 wp-block-columns-is-layout-flex eplus-styles-uid-339bef\">\n<div class=\"hide-mobile wp-block-column eplus-wrapper is-layout-flow wp-block-column-is-layout-flow\" style=\"flex-basis:20%\"><\/div>\n\n\n\n<div class=\"wp-block-column eplus-wrapper is-layout-flow wp-block-column-is-layout-flow\" style=\"flex-basis:60%\"><div class=\"wp-block-columns eplus-wrapper is-layout-flex wp-container-core-columns-is-layout-9d6595d7 wp-block-columns-is-layout-flex eplus-styles-uid-b4c8ee\">\n<div class=\"wp-block-column eplus-wrapper is-layout-flow wp-block-column-is-layout-flow\" style=\"flex-basis:5%\">\n<figure class=\"wp-block-image size-large is-resized eplus-wrapper\"><img decoding=\"async\" width=\"44\" height=\"36\" src=\"https:\/\/fredheim-maskin.no\/wp-content\/uploads\/2023\/10\/check.svg\" alt=\"\" class=\"wp-image-1174\" style=\"aspect-ratio:1.2162162162162162;width:33px;height:auto\"><\/figure>\n<\/div>\n\n\n\n<div class=\"wp-block-column eplus-wrapper is-layout-flow wp-block-column-is-layout-flow\" style=\"flex-basis:100%\">\n<p class=\"eplus-wrapper\">Valfri l\u00e4ngd p\u00e5 hyran <\/p>\n<\/div>\n<\/div><\/div>\n\n\n\n<div class=\"hide-mobile wp-block-column eplus-wrapper is-layout-flow wp-block-column-is-layout-flow\" style=\"flex-basis:20%\"><\/div>\n<\/div>\n\n<div class=\"wp-block-columns eplus-wrapper is-layout-flex wp-container-core-columns-is-layout-9d6595d7 wp-block-columns-is-layout-flex eplus-styles-uid-20cabd\">\n<div class=\"hide-mobile wp-block-column eplus-wrapper is-layout-flow wp-block-column-is-layout-flow\" style=\"flex-basis:20%\"><\/div>\n\n\n\n<div class=\"wp-block-column eplus-wrapper is-layout-flow wp-block-column-is-layout-flow\" style=\"flex-basis:60%\"><div class=\"wp-block-columns eplus-wrapper is-layout-flex wp-container-core-columns-is-layout-9d6595d7 wp-block-columns-is-layout-flex eplus-styles-uid-277a77\">\n<div class=\"wp-block-column eplus-wrapper is-layout-flow wp-block-column-is-layout-flow\" style=\"flex-basis:5%\">\n<figure class=\"wp-block-image size-large is-resized eplus-wrapper\"><img decoding=\"async\" width=\"44\" height=\"36\" src=\"https:\/\/fredheim-maskin.no\/wp-content\/uploads\/2023\/10\/check.svg\" alt=\"\" class=\"wp-image-1174\" style=\"aspect-ratio:1.2162162162162162;width:33px;height:auto\"><\/figure>\n<\/div>\n\n\n\n<div class=\"wp-block-column eplus-wrapper is-layout-flow wp-block-column-is-layout-flow\" style=\"flex-basis:100%\">\n<p class=\"eplus-wrapper\">M\u00f6jlighet att testa maskinen och marknaden f\u00f6re k\u00f6pbeslut<\/p>\n<\/div>\n<\/div><\/div>\n\n\n\n<div class=\"hide-mobile wp-block-column eplus-wrapper is-layout-flow wp-block-column-is-layout-flow\" style=\"flex-basis:20%\"><\/div>\n<\/div>\n\n<div class=\"wp-block-columns eplus-wrapper is-layout-flex wp-container-core-columns-is-layout-9d6595d7 wp-block-columns-is-layout-flex eplus-styles-uid-86f8e3\">\n<div class=\"hide-mobile wp-block-column eplus-wrapper is-layout-flow wp-block-column-is-layout-flow\" style=\"flex-basis:20%\"><\/div>\n\n\n\n<div class=\"wp-block-column eplus-wrapper is-layout-flow wp-block-column-is-layout-flow\" style=\"flex-basis:60%\"><div class=\"wp-block-columns eplus-wrapper is-layout-flex wp-container-core-columns-is-layout-9d6595d7 wp-block-columns-is-layout-flex eplus-styles-uid-064749\">\n<div class=\"wp-block-column eplus-wrapper is-layout-flow wp-block-column-is-layout-flow\" style=\"flex-basis:5%\">\n<figure class=\"wp-block-image size-large is-resized eplus-wrapper\"><img decoding=\"async\" width=\"44\" height=\"36\" src=\"https:\/\/fredheim-maskin.no\/wp-content\/uploads\/2023\/10\/check.svg\" alt=\"\" class=\"wp-image-1174\" style=\"aspect-ratio:1.2162162162162162;width:33px;height:auto\"><\/figure>\n<\/div>\n\n\n\n<div class=\"wp-block-column eplus-wrapper is-layout-flow wp-block-column-is-layout-flow\" style=\"flex-basis:100%\">\n<p class=\"eplus-wrapper\">Maskinen kan returneras eller k\u00f6pas ut under hela hyresperioden<\/p>\n<\/div>\n<\/div><\/div>\n\n\n\n<div class=\"hide-mobile wp-block-column eplus-wrapper is-layout-flow wp-block-column-is-layout-flow\" style=\"flex-basis:20%\"><\/div>\n<\/div>\n\n<div class=\"wp-block-columns eplus-wrapper is-layout-flex wp-container-core-columns-is-layout-9d6595d7 wp-block-columns-is-layout-flex eplus-styles-uid-824531\">\n<div class=\"hide-mobile wp-block-column eplus-wrapper is-layout-flow wp-block-column-is-layout-flow\" style=\"flex-basis:20%\"><\/div>\n\n\n\n<div class=\"wp-block-column eplus-wrapper is-layout-flow wp-block-column-is-layout-flow\" style=\"flex-basis:60%\"><div class=\"wp-block-columns eplus-wrapper is-layout-flex wp-container-core-columns-is-layout-9d6595d7 wp-block-columns-is-layout-flex eplus-styles-uid-4cf73a\">\n<div class=\"wp-block-column eplus-wrapper is-layout-flow wp-block-column-is-layout-flow\" style=\"flex-basis:5%\">\n<figure class=\"wp-block-image size-large is-resized eplus-wrapper\"><img decoding=\"async\" width=\"44\" height=\"36\" src=\"https:\/\/fredheim-maskin.no\/wp-content\/uploads\/2023\/10\/check.svg\" alt=\"\" class=\"wp-image-1174\" style=\"aspect-ratio:1.2162162162162162;width:33px;height:auto\"><\/figure>\n<\/div>\n\n\n\n<div class=\"wp-block-column eplus-wrapper is-layout-flow wp-block-column-is-layout-flow\" style=\"flex-basis:100%\">\n<p class=\"eplus-wrapper\">Avtalad procentsats av inbetald hyra dras av vid k\u00f6p<\/p>\n<\/div>\n<\/div><\/div>\n\n\n\n<div class=\"hide-mobile wp-block-column eplus-wrapper is-layout-flow wp-block-column-is-layout-flow\" style=\"flex-basis:20%\"><\/div>\n<\/div>\n\n<div class=\"wp-block-columns eplus-wrapper is-layout-flex wp-container-core-columns-is-layout-9d6595d7 wp-block-columns-is-layout-flex eplus-styles-uid-e1d008\">\n<div class=\"hide-mobile wp-block-column eplus-wrapper is-layout-flow wp-block-column-is-layout-flow\" style=\"flex-basis:20%\"><\/div>\n\n\n\n<div class=\"wp-block-column eplus-wrapper is-layout-flow wp-block-column-is-layout-flow\" style=\"flex-basis:60%\"><div class=\"wp-block-columns eplus-wrapper is-layout-flex wp-container-core-columns-is-layout-9d6595d7 wp-block-columns-is-layout-flex eplus-styles-uid-2d2a09\">\n<div class=\"wp-block-column eplus-wrapper is-layout-flow wp-block-column-is-layout-flow\" style=\"flex-basis:5%\">\n<figure class=\"wp-block-image size-large is-resized eplus-wrapper\"><img decoding=\"async\" width=\"44\" height=\"36\" src=\"https:\/\/fredheim-maskin.no\/wp-content\/uploads\/2023\/10\/check.svg\" alt=\"\" class=\"wp-image-1174\" style=\"aspect-ratio:1.2162162162162162;width:33px;height:auto\"><\/figure>\n<\/div>\n\n\n\n<div class=\"wp-block-column eplus-wrapper is-layout-flow wp-block-column-is-layout-flow\" style=\"flex-basis:100%\">\n<p class=\"eplus-wrapper\">Serviceavtal erbjuds<\/p>\n<\/div>\n<\/div><\/div>\n\n\n\n<div class=\"hide-mobile wp-block-column eplus-wrapper is-layout-flow wp-block-column-is-layout-flow\" style=\"flex-basis:20%\"><\/div>\n<\/div>\n\n<div class=\"wp-block-columns eplus-wrapper is-layout-flex wp-container-core-columns-is-layout-9d6595d7 wp-block-columns-is-layout-flex eplus-styles-uid-d7ebd9\">\n<div class=\"hide-mobile wp-block-column eplus-wrapper is-layout-flow wp-block-column-is-layout-flow\" style=\"flex-basis:20%\"><\/div>\n\n\n\n<div class=\"wp-block-column eplus-wrapper is-layout-flow wp-block-column-is-layout-flow\" style=\"flex-basis:60%\"><div class=\"wp-block-columns eplus-wrapper is-layout-flex wp-container-core-columns-is-layout-9d6595d7 wp-block-columns-is-layout-flex eplus-styles-uid-171ca4\">\n<div class=\"wp-block-column eplus-wrapper is-layout-flow wp-block-column-is-layout-flow\" style=\"flex-basis:5%\">\n<figure class=\"wp-block-image size-large is-resized eplus-wrapper\"><img decoding=\"async\" width=\"44\" height=\"36\" src=\"https:\/\/fredheim-maskin.no\/wp-content\/uploads\/2023\/10\/check.svg\" alt=\"\" class=\"wp-image-1174\" style=\"aspect-ratio:1.2162162162162162;width:33px;height:auto\"><\/figure>\n<\/div>\n\n\n\n<div class=\"wp-block-column eplus-wrapper is-layout-flow wp-block-column-is-layout-flow\" style=\"flex-basis:100%\">\n<p class=\"eplus-wrapper\">Hyreskostnad antingen med eller utan slitagekostnader s\u00e5 som siktduk m.m.<\/p>\n<\/div>\n<\/div><\/div>\n\n\n\n<div class=\"hide-mobile wp-block-column eplus-wrapper is-layout-flow wp-block-column-is-layout-flow\" style=\"flex-basis:20%\"><\/div>\n<\/div>\n\n<div class=\"wp-block-columns eplus-wrapper is-layout-flex wp-container-core-columns-is-layout-9d6595d7 wp-block-columns-is-layout-flex eplus-styles-uid-02098e\">\n<div class=\"hide-mobile wp-block-column eplus-wrapper is-layout-flow wp-block-column-is-layout-flow\" style=\"flex-basis:20%\"><\/div>\n\n\n\n<div class=\"wp-block-column eplus-wrapper is-layout-flow wp-block-column-is-layout-flow\" style=\"flex-basis:60%\"><div class=\"wp-block-columns eplus-wrapper is-layout-flex wp-container-core-columns-is-layout-9d6595d7 wp-block-columns-is-layout-flex eplus-styles-uid-0d819c\">\n<div class=\"wp-block-column eplus-wrapper is-layout-flow wp-block-column-is-layout-flow\" style=\"flex-basis:5%\">\n<figure class=\"wp-block-image size-large is-resized eplus-wrapper\"><img decoding=\"async\" width=\"44\" height=\"36\" src=\"https:\/\/fredheim-maskin.no\/wp-content\/uploads\/2023\/10\/check.svg\" alt=\"\" class=\"wp-image-1174\" style=\"aspect-ratio:1.2162162162162162;width:33px;height:auto\"><\/figure>\n<\/div>\n\n\n\n<div class=\"wp-block-column eplus-wrapper is-layout-flow wp-block-column-is-layout-flow\" style=\"flex-basis:100%\">\n<p class=\"eplus-wrapper\">Anpassa utk\u00f6pet av maskinen till din \u00e5rliga investeringsbudget<\/p>\n<\/div>\n<\/div><\/div>\n\n\n\n<div class=\"hide-mobile wp-block-column eplus-wrapper is-layout-flow wp-block-column-is-layout-flow\" style=\"flex-basis:20%\"><\/div>\n<\/div><\/div><\/div>\n\n\n\n<div style=\"height:50px\" aria-hidden=\"true\" class=\"wp-block-spacer eplus-wrapper\"><\/div>\n\n\n<div class=\"wp-block-columns is-not-stacked-on-mobile eplus-wrapper is-layout-flex wp-container-core-columns-is-layout-9d6595d7 wp-block-columns-is-layout-flex eplus-styles-uid-408d26\">\n<div class=\"hide-mobile wp-block-column eplus-wrapper is-layout-flow wp-block-column-is-layout-flow\" style=\"flex-basis:20%\"><\/div>\n\n\n\n<div class=\"wp-block-column eplus-wrapper is-layout-flow wp-block-column-is-layout-flow\" style=\"flex-basis:60%\">\n<p class=\"has-text-align-left eplus-wrapper\"><strong>Vi har en flotta p\u00e5 80 hyresmaskiner som t\u00e4cker alla behov<\/strong><\/p>\n<\/div>\n\n\n\n<div class=\"hide-mobile wp-block-column eplus-wrapper is-layout-flow wp-block-column-is-layout-flow\" style=\"flex-basis:20%\"><\/div>\n<\/div>\n\n\n<div style=\"height:40px\" aria-hidden=\"true\" class=\"wp-block-spacer eplus-wrapper\"><\/div>\n<\/div><\/div>","protected":false},"excerpt":{"rendered":"<p>Utleie av Keestrack maskiner Vi har for utleie: Fordeler med utleie: Ha riktig maskin&nbsp;og antall maskiner for hvert oppdrag Valgfri leieperiode Mulighet for \u00e5 pr\u00f8ve ut maskinen og markedet f\u00f8r [&hellip;]<\/p>\n","protected":false},"author":1,"featured_media":0,"parent":25,"menu_order":0,"comment_status":"closed","ping_status":"closed","template":"","meta":{"_editorskit_title_hidden":false,"_editorskit_reading_time":0,"_editorskit_is_block_options_detached":false,"_editorskit_block_options_position":"{}","inline_featured_image":false,"editor_plus_copied_stylings":"{}","footnotes":""},"class_list":["post-1139","page","type-page","status-publish","hentry"],"featured_image_src":null,"yoast_head":"<!-- This site is optimized with the Yoast SEO plugin v27.4 - https:\/\/yoast.com\/product\/yoast-seo-wordpress\/ -->\n<title>Utleie av Keestrack maskiner - Fredheim Maskin<\/title>\n<meta name=\"robots\" content=\"index, follow, max-snippet:-1, max-image-preview:large, max-video-preview:-1\" \/>\n<link rel=\"canonical\" href=\"https:\/\/fredheim-maskin.no\/sv\/uthyrning\/uthyrning-av-keestrack-maskiner\/\" \/>\n<meta property=\"og:locale\" content=\"sv_SE\" \/>\n<meta property=\"og:type\" content=\"article\" \/>\n<meta property=\"og:title\" content=\"Utleie av Keestrack maskiner - Fredheim Maskin\" \/>\n<meta property=\"og:description\" content=\"Utleie av Keestrack maskiner Vi har for utleie: Fordeler med utleie: Ha riktig maskin&nbsp;og antall maskiner for hvert oppdrag Valgfri leieperiode Mulighet for \u00e5 pr\u00f8ve ut maskinen og markedet f\u00f8r [&hellip;]\" \/>\n<meta property=\"og:url\" content=\"https:\/\/fredheim-maskin.no\/sv\/uthyrning\/uthyrning-av-keestrack-maskiner\/\" \/>\n<meta property=\"og:site_name\" content=\"Fredheim Maskin\" \/>\n<meta property=\"article:modified_time\" content=\"2024-03-01T08:52:35+00:00\" \/>\n<meta property=\"og:image\" content=\"https:\/\/fredheim-maskin.no\/wp-content\/uploads\/2023\/10\/R3e-2.jpg\" \/>\n<meta name=\"twitter:card\" content=\"summary_large_image\" \/>\n<meta name=\"twitter:label1\" content=\"Ber\u00e4knad l\u00e4stid\" \/>\n\t<meta name=\"twitter:data1\" content=\"1 minut\" \/>\n<script type=\"application\/ld+json\" class=\"yoast-schema-graph\">{\"@context\":\"https:\\\/\\\/schema.org\",\"@graph\":[{\"@type\":\"WebPage\",\"@id\":\"https:\\\/\\\/fredheim-maskin.no\\\/utleie\\\/utleie-av-keestrack-maskiner\\\/\",\"url\":\"https:\\\/\\\/fredheim-maskin.no\\\/utleie\\\/utleie-av-keestrack-maskiner\\\/\",\"name\":\"Utleie av Keestrack maskiner - Fredheim Maskin\",\"isPartOf\":{\"@id\":\"https:\\\/\\\/fredheim-maskin.no\\\/#website\"},\"primaryImageOfPage\":{\"@id\":\"https:\\\/\\\/fredheim-maskin.no\\\/utleie\\\/utleie-av-keestrack-maskiner\\\/#primaryimage\"},\"image\":{\"@id\":\"https:\\\/\\\/fredheim-maskin.no\\\/utleie\\\/utleie-av-keestrack-maskiner\\\/#primaryimage\"},\"thumbnailUrl\":\"https:\\\/\\\/fredheim-maskin.no\\\/wp-content\\\/uploads\\\/2023\\\/10\\\/R3e-2.jpg\",\"datePublished\":\"2023-10-25T12:39:29+00:00\",\"dateModified\":\"2024-03-01T08:52:35+00:00\",\"breadcrumb\":{\"@id\":\"https:\\\/\\\/fredheim-maskin.no\\\/utleie\\\/utleie-av-keestrack-maskiner\\\/#breadcrumb\"},\"inLanguage\":\"sv-SE\",\"potentialAction\":[{\"@type\":\"ReadAction\",\"target\":[\"https:\\\/\\\/fredheim-maskin.no\\\/utleie\\\/utleie-av-keestrack-maskiner\\\/\"]}]},{\"@type\":\"ImageObject\",\"inLanguage\":\"sv-SE\",\"@id\":\"https:\\\/\\\/fredheim-maskin.no\\\/utleie\\\/utleie-av-keestrack-maskiner\\\/#primaryimage\",\"url\":\"https:\\\/\\\/fredheim-maskin.no\\\/wp-content\\\/uploads\\\/2023\\\/10\\\/R3e-2.jpg\",\"contentUrl\":\"https:\\\/\\\/fredheim-maskin.no\\\/wp-content\\\/uploads\\\/2023\\\/10\\\/R3e-2.jpg\"},{\"@type\":\"BreadcrumbList\",\"@id\":\"https:\\\/\\\/fredheim-maskin.no\\\/utleie\\\/utleie-av-keestrack-maskiner\\\/#breadcrumb\",\"itemListElement\":[{\"@type\":\"ListItem\",\"position\":1,\"name\":\"Hjem\",\"item\":\"https:\\\/\\\/fredheim-maskin.no\\\/\"},{\"@type\":\"ListItem\",\"position\":2,\"name\":\"Utleie\",\"item\":\"https:\\\/\\\/fredheim-maskin.no\\\/utleie\\\/\"},{\"@type\":\"ListItem\",\"position\":3,\"name\":\"Utleie av Keestrack maskiner\"}]},{\"@type\":\"WebSite\",\"@id\":\"https:\\\/\\\/fredheim-maskin.no\\\/#website\",\"url\":\"https:\\\/\\\/fredheim-maskin.no\\\/\",\"name\":\"Fredheim Maskin\",\"description\":\"\",\"potentialAction\":[{\"@type\":\"SearchAction\",\"target\":{\"@type\":\"EntryPoint\",\"urlTemplate\":\"https:\\\/\\\/fredheim-maskin.no\\\/?s={search_term_string}\"},\"query-input\":{\"@type\":\"PropertyValueSpecification\",\"valueRequired\":true,\"valueName\":\"search_term_string\"}}],\"inLanguage\":\"sv-SE\"}]}<\/script>\n<!-- \/ Yoast SEO plugin. -->","yoast_head_json":{"title":"Utleie av Keestrack maskiner - Fredheim Maskin","robots":{"index":"index","follow":"follow","max-snippet":"max-snippet:-1","max-image-preview":"max-image-preview:large","max-video-preview":"max-video-preview:-1"},"canonical":"https:\/\/fredheim-maskin.no\/sv\/uthyrning\/uthyrning-av-keestrack-maskiner\/","og_locale":"sv_SE","og_type":"article","og_title":"Utleie av Keestrack maskiner - Fredheim Maskin","og_description":"Utleie av Keestrack maskiner Vi har for utleie: Fordeler med utleie: Ha riktig maskin&nbsp;og antall maskiner for hvert oppdrag Valgfri leieperiode Mulighet for \u00e5 pr\u00f8ve ut maskinen og markedet f\u00f8r [&hellip;]","og_url":"https:\/\/fredheim-maskin.no\/sv\/uthyrning\/uthyrning-av-keestrack-maskiner\/","og_site_name":"Fredheim Maskin","article_modified_time":"2024-03-01T08:52:35+00:00","og_image":[{"url":"https:\/\/fredheim-maskin.no\/wp-content\/uploads\/2023\/10\/R3e-2.jpg","type":"","width":"","height":""}],"twitter_card":"summary_large_image","twitter_misc":{"Ber\u00e4knad l\u00e4stid":"1 minut"},"schema":{"@context":"https:\/\/schema.org","@graph":[{"@type":"WebPage","@id":"https:\/\/fredheim-maskin.no\/utleie\/utleie-av-keestrack-maskiner\/","url":"https:\/\/fredheim-maskin.no\/utleie\/utleie-av-keestrack-maskiner\/","name":"Utleie av Keestrack maskiner - Fredheim Maskin","isPartOf":{"@id":"https:\/\/fredheim-maskin.no\/#website"},"primaryImageOfPage":{"@id":"https:\/\/fredheim-maskin.no\/utleie\/utleie-av-keestrack-maskiner\/#primaryimage"},"image":{"@id":"https:\/\/fredheim-maskin.no\/utleie\/utleie-av-keestrack-maskiner\/#primaryimage"},"thumbnailUrl":"https:\/\/fredheim-maskin.no\/wp-content\/uploads\/2023\/10\/R3e-2.jpg","datePublished":"2023-10-25T12:39:29+00:00","dateModified":"2024-03-01T08:52:35+00:00","breadcrumb":{"@id":"https:\/\/fredheim-maskin.no\/utleie\/utleie-av-keestrack-maskiner\/#breadcrumb"},"inLanguage":"sv-SE","potentialAction":[{"@type":"ReadAction","target":["https:\/\/fredheim-maskin.no\/utleie\/utleie-av-keestrack-maskiner\/"]}]},{"@type":"ImageObject","inLanguage":"sv-SE","@id":"https:\/\/fredheim-maskin.no\/utleie\/utleie-av-keestrack-maskiner\/#primaryimage","url":"https:\/\/fredheim-maskin.no\/wp-content\/uploads\/2023\/10\/R3e-2.jpg","contentUrl":"https:\/\/fredheim-maskin.no\/wp-content\/uploads\/2023\/10\/R3e-2.jpg"},{"@type":"BreadcrumbList","@id":"https:\/\/fredheim-maskin.no\/utleie\/utleie-av-keestrack-maskiner\/#breadcrumb","itemListElement":[{"@type":"ListItem","position":1,"name":"Hjem","item":"https:\/\/fredheim-maskin.no\/"},{"@type":"ListItem","position":2,"name":"Utleie","item":"https:\/\/fredheim-maskin.no\/utleie\/"},{"@type":"ListItem","position":3,"name":"Utleie av Keestrack maskiner"}]},{"@type":"WebSite","@id":"https:\/\/fredheim-maskin.no\/#website","url":"https:\/\/fredheim-maskin.no\/","name":"Fredheim Maskin","description":"","potentialAction":[{"@type":"SearchAction","target":{"@type":"EntryPoint","urlTemplate":"https:\/\/fredheim-maskin.no\/?s={search_term_string}"},"query-input":{"@type":"PropertyValueSpecification","valueRequired":true,"valueName":"search_term_string"}}],"inLanguage":"sv-SE"}]}},"_links":{"self":[{"href":"https:\/\/fredheim-maskin.no\/sv\/wp-json\/wp\/v2\/pages\/1139","targetHints":{"allow":["GET"]}}],"collection":[{"href":"https:\/\/fredheim-maskin.no\/sv\/wp-json\/wp\/v2\/pages"}],"about":[{"href":"https:\/\/fredheim-maskin.no\/sv\/wp-json\/wp\/v2\/types\/page"}],"author":[{"embeddable":true,"href":"https:\/\/fredheim-maskin.no\/sv\/wp-json\/wp\/v2\/users\/1"}],"replies":[{"embeddable":true,"href":"https:\/\/fredheim-maskin.no\/sv\/wp-json\/wp\/v2\/comments?post=1139"}],"version-history":[{"count":54,"href":"https:\/\/fredheim-maskin.no\/sv\/wp-json\/wp\/v2\/pages\/1139\/revisions"}],"predecessor-version":[{"id":15260,"href":"https:\/\/fredheim-maskin.no\/sv\/wp-json\/wp\/v2\/pages\/1139\/revisions\/15260"}],"up":[{"embeddable":true,"href":"https:\/\/fredheim-maskin.no\/sv\/wp-json\/wp\/v2\/pages\/25"}],"wp:attachment":[{"href":"https:\/\/fredheim-maskin.no\/sv\/wp-json\/wp\/v2\/media?parent=1139"}],"curies":[{"name":"wp","href":"https:\/\/api.w.org\/{rel}","templated":true}]}}