{"id":1143,"date":"2023-10-25T14:41:04","date_gmt":"2023-10-25T12:41:04","guid":{"rendered":"https:\/\/fredheim-maskin.no\/?page_id=1143"},"modified":"2024-10-17T22:26:02","modified_gmt":"2024-10-17T20:26:02","slug":"uthyrning-av-neuenhauser-maskiner","status":"publish","type":"page","link":"https:\/\/fredheim-maskin.no\/sv\/utleie\/utleie-av-neuenhauser-maskiner\/","title":{"rendered":"Uthyrning av Neuenhauser"},"content":{"rendered":"<div class=\"wp-block-group alignfull eplus-wrapper\"><div class=\"wp-block-group__inner-container is-layout-constrained wp-block-group-is-layout-constrained\">\n<div class=\"wp-block-group eplus-wrapper\"><div class=\"wp-block-group__inner-container is-layout-constrained wp-block-group-is-layout-constrained\"><div class=\"wp-block-columns eplus-wrapper is-layout-flex wp-container-core-columns-is-layout-9d6595d7 wp-block-columns-is-layout-flex eplus-styles-uid-aaaf5a\">\n<div class=\"wp-block-column eplus-wrapper is-layout-flow wp-block-column-is-layout-flow\">\n<div class=\"is-style-default wp-block-media-text alignfull has-media-on-the-right is-stacked-on-mobile is-vertically-aligned-center eplus-wrapper\" style=\"grid-template-columns:auto 48%\"><div class=\"wp-block-media-text__content\">\n<div style=\"height:30px\" aria-hidden=\"true\" class=\"hide-large wp-block-spacer eplus-wrapper\"><\/div>\n\n\n\n<h2 class=\"wp-block-heading has-text-color eplus-wrapper\" style=\"color:#000000\"><strong>Uthyrning av Neuenhauser<\/strong><\/h2>\n\n\n\n<h4 class=\"wp-block-heading eplus-wrapper\">F\u00f6ljande maskiner erbjuds f\u00f6r uthyrning:<\/h4>\n\n\n<ul class=\"eplus-wrapper wp-block-list eplus-styles-uid-8ec329\">\n<li class=\"eplus-wrapper\">Neuenhauser SuperScreener  R2F ZERO Star screen i larvg\u00e5ende version f\u00f6r sortering av bark, jord, matjord, flis, matavfall, gr\u00f6nt avfall, kompost och klibbiga\/fuktiga massor med h\u00f6g kapacitet.<\/li>\n\n\n\n<li class=\"eplus-wrapper\">Neuenhauser trumsikt NH6020E ZERO i VBG-version f\u00f6r siktning av alla typer av massor.<\/li>\n\n\n\n<li class=\"eplus-wrapper\">Neuenhauser Targo 2500E ZERO enaxlig l\u00e5ngsamtg\u00e5ende grovkvarn i larvg\u00e5ende version som maler restavfall, gr\u00f6navfall, r\u00f6tter, ved mm.<\/li>\n<\/ul><\/div><figure class=\"wp-block-media-text__media\"><img decoding=\"async\" width=\"1024\" height=\"685\" src=\"https:\/\/fredheim-maskin.no\/wp-content\/uploads\/2024\/01\/Targo-2500E-ZERO-4.jpg\" alt=\"\" class=\"wp-image-14421 size-full\" srcset=\"https:\/\/fredheim-maskin.no\/wp-content\/uploads\/2024\/01\/Targo-2500E-ZERO-4.jpg 1024w, https:\/\/fredheim-maskin.no\/wp-content\/uploads\/2024\/01\/Targo-2500E-ZERO-4-300x201.jpg 300w, https:\/\/fredheim-maskin.no\/wp-content\/uploads\/2024\/01\/Targo-2500E-ZERO-4-768x514.jpg 768w, https:\/\/fredheim-maskin.no\/wp-content\/uploads\/2024\/01\/Targo-2500E-ZERO-4-18x12.jpg 18w\" sizes=\"(max-width: 1024px) 100vw, 1024px\" \/><\/figure><\/div>\n<\/div>\n<\/div><\/div><\/div>\n<\/div><\/div>\n\n\n\n<div class=\"wp-block-group alignfull has-grey-background-color has-background eplus-wrapper\"><div class=\"wp-block-group__inner-container is-layout-constrained wp-block-group-is-layout-constrained\">\n<div style=\"height:50px\" aria-hidden=\"true\" class=\"wp-block-spacer eplus-wrapper\"><\/div>\n\n\n\n<div style=\"height:50px\" aria-hidden=\"true\" class=\"hide-mobile wp-block-spacer eplus-wrapper\"><\/div>\n\n\n<div class=\"wp-block-columns is-not-stacked-on-mobile eplus-wrapper is-layout-flex wp-container-core-columns-is-layout-9d6595d7 wp-block-columns-is-layout-flex eplus-styles-uid-2b6b96\">\n<div class=\"hide-mobile wp-block-column eplus-wrapper is-layout-flow wp-block-column-is-layout-flow\" style=\"flex-basis:20%\"><\/div>\n\n\n\n<div class=\"wp-block-column eplus-wrapper is-layout-flow wp-block-column-is-layout-flow\" style=\"flex-basis:60%\">\n<h4 class=\"wp-block-heading has-text-align-left eplus-wrapper\">F\u00f6rdelar med att hyra:<\/h4>\n<\/div>\n\n\n\n<div class=\"hide-mobile wp-block-column eplus-wrapper is-layout-flow wp-block-column-is-layout-flow\" style=\"flex-basis:20%\"><\/div>\n<\/div>\n\n\n<div style=\"height:40px\" aria-hidden=\"true\" class=\"wp-block-spacer eplus-wrapper\"><\/div>\n\n\n\n<div class=\"wp-block-group eplus-wrapper\"><div class=\"wp-block-group__inner-container is-layout-constrained wp-block-group-is-layout-constrained\"><div class=\"wp-block-columns eplus-wrapper is-layout-flex wp-container-core-columns-is-layout-9d6595d7 wp-block-columns-is-layout-flex eplus-styles-uid-966f95\">\n<div class=\"hide-mobile wp-block-column eplus-wrapper is-layout-flow wp-block-column-is-layout-flow\" style=\"flex-basis:20%\"><\/div>\n\n\n\n<div class=\"wp-block-column eplus-wrapper is-layout-flow wp-block-column-is-layout-flow\" style=\"flex-basis:60%\"><div class=\"wp-block-columns eplus-wrapper is-layout-flex wp-container-core-columns-is-layout-9d6595d7 wp-block-columns-is-layout-flex eplus-styles-uid-3adf28\">\n<div class=\"wp-block-column eplus-wrapper is-layout-flow wp-block-column-is-layout-flow\" style=\"flex-basis:5%\">\n<figure class=\"wp-block-image size-large is-resized eplus-wrapper\"><img decoding=\"async\" width=\"44\" height=\"36\" src=\"https:\/\/fredheim-maskin.no\/wp-content\/uploads\/2023\/10\/check.svg\" alt=\"\" class=\"wp-image-1174\" style=\"aspect-ratio:1.2162162162162162;width:33px;height:auto\"><\/figure>\n<\/div>\n\n\n\n<div class=\"wp-block-column eplus-wrapper is-layout-flow wp-block-column-is-layout-flow\" style=\"flex-basis:100%\">\n<p class=\"eplus-wrapper\">Ha r\u00e4tt maskintyp och r\u00e4tt antal maskiner f\u00f6r varje uppdrag<\/p>\n<\/div>\n<\/div><\/div>\n\n\n\n<div class=\"hide-mobile wp-block-column eplus-wrapper is-layout-flow wp-block-column-is-layout-flow\" style=\"flex-basis:20%\"><\/div>\n<\/div>\n\n<div class=\"wp-block-columns eplus-wrapper is-layout-flex wp-container-core-columns-is-layout-9d6595d7 wp-block-columns-is-layout-flex eplus-styles-uid-8fadf1\">\n<div class=\"hide-mobile wp-block-column eplus-wrapper is-layout-flow wp-block-column-is-layout-flow\" style=\"flex-basis:20%\"><\/div>\n\n\n\n<div class=\"wp-block-column eplus-wrapper is-layout-flow wp-block-column-is-layout-flow\" style=\"flex-basis:60%\"><div class=\"wp-block-columns eplus-wrapper is-layout-flex wp-container-core-columns-is-layout-9d6595d7 wp-block-columns-is-layout-flex eplus-styles-uid-7b4f74\">\n<div class=\"wp-block-column eplus-wrapper is-layout-flow wp-block-column-is-layout-flow\" style=\"flex-basis:5%\">\n<figure class=\"wp-block-image size-large is-resized eplus-wrapper\"><img decoding=\"async\" width=\"44\" height=\"36\" src=\"https:\/\/fredheim-maskin.no\/wp-content\/uploads\/2023\/10\/check.svg\" alt=\"\" class=\"wp-image-1174\" style=\"aspect-ratio:1.2162162162162162;width:33px;height:auto\"><\/figure>\n<\/div>\n\n\n\n<div class=\"wp-block-column eplus-wrapper is-layout-flow wp-block-column-is-layout-flow\" style=\"flex-basis:100%\">\n<p class=\"eplus-wrapper\">Fleksibel produksjonskapasitet<\/p>\n<\/div>\n<\/div><\/div>\n\n\n\n<div class=\"hide-mobile wp-block-column eplus-wrapper is-layout-flow wp-block-column-is-layout-flow\" style=\"flex-basis:20%\"><\/div>\n<\/div>\n\n<div class=\"wp-block-columns eplus-wrapper is-layout-flex wp-container-core-columns-is-layout-9d6595d7 wp-block-columns-is-layout-flex eplus-styles-uid-8fdb5d\">\n<div class=\"hide-mobile wp-block-column eplus-wrapper is-layout-flow wp-block-column-is-layout-flow\" style=\"flex-basis:20%\"><\/div>\n\n\n\n<div class=\"wp-block-column eplus-wrapper is-layout-flow wp-block-column-is-layout-flow\" style=\"flex-basis:60%\"><div class=\"wp-block-columns eplus-wrapper is-layout-flex wp-container-core-columns-is-layout-9d6595d7 wp-block-columns-is-layout-flex eplus-styles-uid-746772\">\n<div class=\"wp-block-column eplus-wrapper is-layout-flow wp-block-column-is-layout-flow\" style=\"flex-basis:5%\">\n<figure class=\"wp-block-image size-large is-resized eplus-wrapper\"><img decoding=\"async\" width=\"44\" height=\"36\" src=\"https:\/\/fredheim-maskin.no\/wp-content\/uploads\/2023\/10\/check.svg\" alt=\"\" class=\"wp-image-1174\" style=\"aspect-ratio:1.2162162162162162;width:33px;height:auto\"><\/figure>\n<\/div>\n\n\n\n<div class=\"wp-block-column eplus-wrapper is-layout-flow wp-block-column-is-layout-flow\" style=\"flex-basis:100%\">\n<p class=\"eplus-wrapper\">Valfri l\u00e4ngd p\u00e5 hyran <\/p>\n<\/div>\n<\/div><\/div>\n\n\n\n<div class=\"hide-mobile wp-block-column eplus-wrapper is-layout-flow wp-block-column-is-layout-flow\" style=\"flex-basis:20%\"><\/div>\n<\/div>\n\n<div class=\"wp-block-columns eplus-wrapper is-layout-flex wp-container-core-columns-is-layout-9d6595d7 wp-block-columns-is-layout-flex eplus-styles-uid-b9b0ff\">\n<div class=\"hide-mobile wp-block-column eplus-wrapper is-layout-flow wp-block-column-is-layout-flow\" style=\"flex-basis:20%\"><\/div>\n\n\n\n<div class=\"wp-block-column eplus-wrapper is-layout-flow wp-block-column-is-layout-flow\" style=\"flex-basis:60%\"><div class=\"wp-block-columns eplus-wrapper is-layout-flex wp-container-core-columns-is-layout-9d6595d7 wp-block-columns-is-layout-flex eplus-styles-uid-a71e68\">\n<div class=\"wp-block-column eplus-wrapper is-layout-flow wp-block-column-is-layout-flow\" style=\"flex-basis:5%\">\n<figure class=\"wp-block-image size-large is-resized eplus-wrapper\"><img decoding=\"async\" width=\"44\" height=\"36\" src=\"https:\/\/fredheim-maskin.no\/wp-content\/uploads\/2023\/10\/check.svg\" alt=\"\" class=\"wp-image-1174\" style=\"aspect-ratio:1.2162162162162162;width:33px;height:auto\"><\/figure>\n<\/div>\n\n\n\n<div class=\"wp-block-column eplus-wrapper is-layout-flow wp-block-column-is-layout-flow\" style=\"flex-basis:100%\">\n<p class=\"eplus-wrapper\">M\u00f6jlighet att testa maskinen och marknaden f\u00f6re k\u00f6pbeslut<\/p>\n<\/div>\n<\/div><\/div>\n\n\n\n<div class=\"hide-mobile wp-block-column eplus-wrapper is-layout-flow wp-block-column-is-layout-flow\" style=\"flex-basis:20%\"><\/div>\n<\/div>\n\n<div class=\"wp-block-columns eplus-wrapper is-layout-flex wp-container-core-columns-is-layout-9d6595d7 wp-block-columns-is-layout-flex eplus-styles-uid-8a7af0\">\n<div class=\"hide-mobile wp-block-column eplus-wrapper is-layout-flow wp-block-column-is-layout-flow\" style=\"flex-basis:20%\"><\/div>\n\n\n\n<div class=\"wp-block-column eplus-wrapper is-layout-flow wp-block-column-is-layout-flow\" style=\"flex-basis:60%\"><div class=\"wp-block-columns eplus-wrapper is-layout-flex wp-container-core-columns-is-layout-9d6595d7 wp-block-columns-is-layout-flex eplus-styles-uid-0290bf\">\n<div class=\"wp-block-column eplus-wrapper is-layout-flow wp-block-column-is-layout-flow\" style=\"flex-basis:5%\">\n<figure class=\"wp-block-image size-large is-resized eplus-wrapper\"><img decoding=\"async\" width=\"44\" height=\"36\" src=\"https:\/\/fredheim-maskin.no\/wp-content\/uploads\/2023\/10\/check.svg\" alt=\"\" class=\"wp-image-1174\" style=\"aspect-ratio:1.2162162162162162;width:33px;height:auto\"><\/figure>\n<\/div>\n\n\n\n<div class=\"wp-block-column eplus-wrapper is-layout-flow wp-block-column-is-layout-flow\" style=\"flex-basis:100%\">\n<p class=\"eplus-wrapper\">Maskinen kan returneras eller k\u00f6pas ut under hela hyresperioden<\/p>\n<\/div>\n<\/div><\/div>\n\n\n\n<div class=\"hide-mobile wp-block-column eplus-wrapper is-layout-flow wp-block-column-is-layout-flow\" style=\"flex-basis:20%\"><\/div>\n<\/div>\n\n<div class=\"wp-block-columns eplus-wrapper is-layout-flex wp-container-core-columns-is-layout-9d6595d7 wp-block-columns-is-layout-flex eplus-styles-uid-48cce2\">\n<div class=\"hide-mobile wp-block-column eplus-wrapper is-layout-flow wp-block-column-is-layout-flow\" style=\"flex-basis:20%\"><\/div>\n\n\n\n<div class=\"wp-block-column eplus-wrapper is-layout-flow wp-block-column-is-layout-flow\" style=\"flex-basis:60%\"><div class=\"wp-block-columns eplus-wrapper is-layout-flex wp-container-core-columns-is-layout-9d6595d7 wp-block-columns-is-layout-flex eplus-styles-uid-51a17d\">\n<div class=\"wp-block-column eplus-wrapper is-layout-flow wp-block-column-is-layout-flow\" style=\"flex-basis:5%\">\n<figure class=\"wp-block-image size-large is-resized eplus-wrapper\"><img decoding=\"async\" width=\"44\" height=\"36\" src=\"https:\/\/fredheim-maskin.no\/wp-content\/uploads\/2023\/10\/check.svg\" alt=\"\" class=\"wp-image-1174\" style=\"aspect-ratio:1.2162162162162162;width:33px;height:auto\"><\/figure>\n<\/div>\n\n\n\n<div class=\"wp-block-column eplus-wrapper is-layout-flow wp-block-column-is-layout-flow\" style=\"flex-basis:100%\">\n<p class=\"eplus-wrapper\">Avtalad procentsats av inbetald hyra dras av vid k\u00f6p<\/p>\n<\/div>\n<\/div><\/div>\n\n\n\n<div class=\"hide-mobile wp-block-column eplus-wrapper is-layout-flow wp-block-column-is-layout-flow\" style=\"flex-basis:20%\"><\/div>\n<\/div>\n\n<div class=\"wp-block-columns eplus-wrapper is-layout-flex wp-container-core-columns-is-layout-9d6595d7 wp-block-columns-is-layout-flex eplus-styles-uid-c6b6ad\">\n<div class=\"hide-mobile wp-block-column eplus-wrapper is-layout-flow wp-block-column-is-layout-flow\" style=\"flex-basis:20%\"><\/div>\n\n\n\n<div class=\"wp-block-column eplus-wrapper is-layout-flow wp-block-column-is-layout-flow\" style=\"flex-basis:60%\"><div class=\"wp-block-columns eplus-wrapper is-layout-flex wp-container-core-columns-is-layout-9d6595d7 wp-block-columns-is-layout-flex eplus-styles-uid-562d95\">\n<div class=\"wp-block-column eplus-wrapper is-layout-flow wp-block-column-is-layout-flow\" style=\"flex-basis:5%\">\n<figure class=\"wp-block-image size-large is-resized eplus-wrapper\"><img decoding=\"async\" width=\"44\" height=\"36\" src=\"https:\/\/fredheim-maskin.no\/wp-content\/uploads\/2023\/10\/check.svg\" alt=\"\" class=\"wp-image-1174\" style=\"aspect-ratio:1.2162162162162162;width:33px;height:auto\"><\/figure>\n<\/div>\n\n\n\n<div class=\"wp-block-column eplus-wrapper is-layout-flow wp-block-column-is-layout-flow\" style=\"flex-basis:100%\">\n<p class=\"eplus-wrapper\">Serviceavtal erbjuds<\/p>\n<\/div>\n<\/div><\/div>\n\n\n\n<div class=\"hide-mobile wp-block-column eplus-wrapper is-layout-flow wp-block-column-is-layout-flow\" style=\"flex-basis:20%\"><\/div>\n<\/div>\n\n<div class=\"wp-block-columns eplus-wrapper is-layout-flex wp-container-core-columns-is-layout-9d6595d7 wp-block-columns-is-layout-flex eplus-styles-uid-c6cda3\">\n<div class=\"hide-mobile wp-block-column eplus-wrapper is-layout-flow wp-block-column-is-layout-flow\" style=\"flex-basis:20%\"><\/div>\n\n\n\n<div class=\"wp-block-column eplus-wrapper is-layout-flow wp-block-column-is-layout-flow\" style=\"flex-basis:60%\"><div class=\"wp-block-columns eplus-wrapper is-layout-flex wp-container-core-columns-is-layout-9d6595d7 wp-block-columns-is-layout-flex eplus-styles-uid-3b18cf\">\n<div class=\"wp-block-column eplus-wrapper is-layout-flow wp-block-column-is-layout-flow\" style=\"flex-basis:5%\">\n<figure class=\"wp-block-image size-large is-resized eplus-wrapper\"><img decoding=\"async\" width=\"44\" height=\"36\" src=\"https:\/\/fredheim-maskin.no\/wp-content\/uploads\/2023\/10\/check.svg\" alt=\"\" class=\"wp-image-1174\" style=\"aspect-ratio:1.2162162162162162;width:33px;height:auto\"><\/figure>\n<\/div>\n\n\n\n<div class=\"wp-block-column eplus-wrapper is-layout-flow wp-block-column-is-layout-flow\" style=\"flex-basis:100%\">\n<p class=\"eplus-wrapper\">Leiepriser med slitasjekostnader<\/p>\n<\/div>\n<\/div><\/div>\n\n\n\n<div class=\"hide-mobile wp-block-column eplus-wrapper is-layout-flow wp-block-column-is-layout-flow\" style=\"flex-basis:20%\"><\/div>\n<\/div>\n\n<div class=\"wp-block-columns eplus-wrapper is-layout-flex wp-container-core-columns-is-layout-9d6595d7 wp-block-columns-is-layout-flex eplus-styles-uid-954669\">\n<div class=\"hide-mobile wp-block-column eplus-wrapper is-layout-flow wp-block-column-is-layout-flow\" style=\"flex-basis:20%\"><\/div>\n\n\n\n<div class=\"wp-block-column eplus-wrapper is-layout-flow wp-block-column-is-layout-flow\" style=\"flex-basis:60%\"><div class=\"wp-block-columns eplus-wrapper is-layout-flex wp-container-core-columns-is-layout-9d6595d7 wp-block-columns-is-layout-flex eplus-styles-uid-d677ba\">\n<div class=\"wp-block-column eplus-wrapper is-layout-flow wp-block-column-is-layout-flow\" style=\"flex-basis:5%\">\n<figure class=\"wp-block-image size-large is-resized eplus-wrapper\"><img decoding=\"async\" width=\"44\" height=\"36\" src=\"https:\/\/fredheim-maskin.no\/wp-content\/uploads\/2023\/10\/check.svg\" alt=\"\" class=\"wp-image-1174\" style=\"aspect-ratio:1.2162162162162162;width:33px;height:auto\"><\/figure>\n<\/div>\n\n\n\n<div class=\"wp-block-column eplus-wrapper is-layout-flow wp-block-column-is-layout-flow\" style=\"flex-basis:100%\">\n<p class=\"eplus-wrapper\">Anpassa utk\u00f6pet av maskinen till din \u00e5rliga investeringsbudget<\/p>\n<\/div>\n<\/div><\/div>\n\n\n\n<div class=\"hide-mobile wp-block-column eplus-wrapper is-layout-flow wp-block-column-is-layout-flow\" style=\"flex-basis:20%\"><\/div>\n<\/div><\/div><\/div>\n\n\n\n<div style=\"height:40px\" aria-hidden=\"true\" class=\"wp-block-spacer eplus-wrapper\"><\/div>\n<\/div><\/div>","protected":false},"excerpt":{"rendered":"<p>Utleie av Neuenhauser maskiner Vi har for utleie: Fordeler med utleie: Ha riktig maskin&nbsp;og antall maskiner for hvert oppdrag Fleksibel produksjonskapasitet Valgfri leieperiode Mulighet for \u00e5 pr\u00f8ve ut maskinen og [&hellip;]<\/p>\n","protected":false},"author":1,"featured_media":0,"parent":25,"menu_order":0,"comment_status":"closed","ping_status":"closed","template":"","meta":{"_editorskit_title_hidden":false,"_editorskit_reading_time":0,"_editorskit_is_block_options_detached":false,"_editorskit_block_options_position":"{}","inline_featured_image":false,"editor_plus_copied_stylings":"{}","footnotes":""},"class_list":["post-1143","page","type-page","status-publish","hentry"],"featured_image_src":null,"yoast_head":"<!-- This site is optimized with the Yoast SEO plugin v27.4 - https:\/\/yoast.com\/product\/yoast-seo-wordpress\/ -->\n<title>Utleie av Neuenhauser maskiner - Fredheim Maskin<\/title>\n<meta name=\"description\" content=\"Vi har for utleie Neuenhauser Targo 2500E sakteg\u00e5ende grovkvern, Neuenhauser SuperScreener stjernesikt og Neuenhauser NH6020E trommelsikt.\" \/>\n<meta name=\"robots\" content=\"index, follow, max-snippet:-1, max-image-preview:large, max-video-preview:-1\" \/>\n<link rel=\"canonical\" href=\"https:\/\/fredheim-maskin.no\/sv\/uthyrning\/uthyrning-av-neuenhauser-maskiner\/\" \/>\n<meta property=\"og:locale\" content=\"sv_SE\" \/>\n<meta property=\"og:type\" content=\"article\" \/>\n<meta property=\"og:title\" content=\"Utleie av Neuenhauser maskiner - Fredheim Maskin\" \/>\n<meta property=\"og:description\" content=\"Vi har for utleie Neuenhauser Targo 2500E sakteg\u00e5ende grovkvern, Neuenhauser SuperScreener stjernesikt og Neuenhauser NH6020E trommelsikt.\" \/>\n<meta property=\"og:url\" content=\"https:\/\/fredheim-maskin.no\/sv\/uthyrning\/uthyrning-av-neuenhauser-maskiner\/\" \/>\n<meta property=\"og:site_name\" content=\"Fredheim Maskin\" \/>\n<meta property=\"article:modified_time\" content=\"2024-10-17T20:26:02+00:00\" \/>\n<meta property=\"og:image\" content=\"https:\/\/fredheim-maskin.no\/wp-content\/uploads\/2024\/01\/Targo-2500E-ZERO-4.jpg\" \/>\n<meta name=\"twitter:card\" content=\"summary_large_image\" \/>\n<meta name=\"twitter:label1\" content=\"Ber\u00e4knad l\u00e4stid\" \/>\n\t<meta name=\"twitter:data1\" content=\"3 minuter\" \/>\n<script type=\"application\/ld+json\" class=\"yoast-schema-graph\">{\"@context\":\"https:\\\/\\\/schema.org\",\"@graph\":[{\"@type\":\"WebPage\",\"@id\":\"https:\\\/\\\/fredheim-maskin.no\\\/utleie\\\/utleie-av-neuenhauser-maskiner\\\/\",\"url\":\"https:\\\/\\\/fredheim-maskin.no\\\/utleie\\\/utleie-av-neuenhauser-maskiner\\\/\",\"name\":\"Utleie av Neuenhauser maskiner - Fredheim Maskin\",\"isPartOf\":{\"@id\":\"https:\\\/\\\/fredheim-maskin.no\\\/#website\"},\"primaryImageOfPage\":{\"@id\":\"https:\\\/\\\/fredheim-maskin.no\\\/utleie\\\/utleie-av-neuenhauser-maskiner\\\/#primaryimage\"},\"image\":{\"@id\":\"https:\\\/\\\/fredheim-maskin.no\\\/utleie\\\/utleie-av-neuenhauser-maskiner\\\/#primaryimage\"},\"thumbnailUrl\":\"https:\\\/\\\/fredheim-maskin.no\\\/wp-content\\\/uploads\\\/2024\\\/01\\\/Targo-2500E-ZERO-4.jpg\",\"datePublished\":\"2023-10-25T12:41:04+00:00\",\"dateModified\":\"2024-10-17T20:26:02+00:00\",\"description\":\"Vi har for utleie Neuenhauser Targo 2500E sakteg\u00e5ende grovkvern, Neuenhauser SuperScreener stjernesikt og Neuenhauser NH6020E trommelsikt.\",\"breadcrumb\":{\"@id\":\"https:\\\/\\\/fredheim-maskin.no\\\/utleie\\\/utleie-av-neuenhauser-maskiner\\\/#breadcrumb\"},\"inLanguage\":\"sv-SE\",\"potentialAction\":[{\"@type\":\"ReadAction\",\"target\":[\"https:\\\/\\\/fredheim-maskin.no\\\/utleie\\\/utleie-av-neuenhauser-maskiner\\\/\"]}]},{\"@type\":\"ImageObject\",\"inLanguage\":\"sv-SE\",\"@id\":\"https:\\\/\\\/fredheim-maskin.no\\\/utleie\\\/utleie-av-neuenhauser-maskiner\\\/#primaryimage\",\"url\":\"https:\\\/\\\/fredheim-maskin.no\\\/wp-content\\\/uploads\\\/2024\\\/01\\\/Targo-2500E-ZERO-4.jpg\",\"contentUrl\":\"https:\\\/\\\/fredheim-maskin.no\\\/wp-content\\\/uploads\\\/2024\\\/01\\\/Targo-2500E-ZERO-4.jpg\"},{\"@type\":\"BreadcrumbList\",\"@id\":\"https:\\\/\\\/fredheim-maskin.no\\\/utleie\\\/utleie-av-neuenhauser-maskiner\\\/#breadcrumb\",\"itemListElement\":[{\"@type\":\"ListItem\",\"position\":1,\"name\":\"Hjem\",\"item\":\"https:\\\/\\\/fredheim-maskin.no\\\/\"},{\"@type\":\"ListItem\",\"position\":2,\"name\":\"Utleie\",\"item\":\"https:\\\/\\\/fredheim-maskin.no\\\/utleie\\\/\"},{\"@type\":\"ListItem\",\"position\":3,\"name\":\"Utleie av Neuenhauser maskiner\"}]},{\"@type\":\"WebSite\",\"@id\":\"https:\\\/\\\/fredheim-maskin.no\\\/#website\",\"url\":\"https:\\\/\\\/fredheim-maskin.no\\\/\",\"name\":\"Fredheim Maskin\",\"description\":\"\",\"potentialAction\":[{\"@type\":\"SearchAction\",\"target\":{\"@type\":\"EntryPoint\",\"urlTemplate\":\"https:\\\/\\\/fredheim-maskin.no\\\/?s={search_term_string}\"},\"query-input\":{\"@type\":\"PropertyValueSpecification\",\"valueRequired\":true,\"valueName\":\"search_term_string\"}}],\"inLanguage\":\"sv-SE\"}]}<\/script>\n<!-- \/ Yoast SEO plugin. -->","yoast_head_json":{"title":"Utleie av Neuenhauser maskiner - Fredheim Maskin","description":"Vi har for utleie Neuenhauser Targo 2500E sakteg\u00e5ende grovkvern, Neuenhauser SuperScreener stjernesikt og Neuenhauser NH6020E trommelsikt.","robots":{"index":"index","follow":"follow","max-snippet":"max-snippet:-1","max-image-preview":"max-image-preview:large","max-video-preview":"max-video-preview:-1"},"canonical":"https:\/\/fredheim-maskin.no\/sv\/uthyrning\/uthyrning-av-neuenhauser-maskiner\/","og_locale":"sv_SE","og_type":"article","og_title":"Utleie av Neuenhauser maskiner - Fredheim Maskin","og_description":"Vi har for utleie Neuenhauser Targo 2500E sakteg\u00e5ende grovkvern, Neuenhauser SuperScreener stjernesikt og Neuenhauser NH6020E trommelsikt.","og_url":"https:\/\/fredheim-maskin.no\/sv\/uthyrning\/uthyrning-av-neuenhauser-maskiner\/","og_site_name":"Fredheim Maskin","article_modified_time":"2024-10-17T20:26:02+00:00","og_image":[{"url":"https:\/\/fredheim-maskin.no\/wp-content\/uploads\/2024\/01\/Targo-2500E-ZERO-4.jpg","type":"","width":"","height":""}],"twitter_card":"summary_large_image","twitter_misc":{"Ber\u00e4knad l\u00e4stid":"3 minuter"},"schema":{"@context":"https:\/\/schema.org","@graph":[{"@type":"WebPage","@id":"https:\/\/fredheim-maskin.no\/utleie\/utleie-av-neuenhauser-maskiner\/","url":"https:\/\/fredheim-maskin.no\/utleie\/utleie-av-neuenhauser-maskiner\/","name":"Utleie av Neuenhauser maskiner - Fredheim Maskin","isPartOf":{"@id":"https:\/\/fredheim-maskin.no\/#website"},"primaryImageOfPage":{"@id":"https:\/\/fredheim-maskin.no\/utleie\/utleie-av-neuenhauser-maskiner\/#primaryimage"},"image":{"@id":"https:\/\/fredheim-maskin.no\/utleie\/utleie-av-neuenhauser-maskiner\/#primaryimage"},"thumbnailUrl":"https:\/\/fredheim-maskin.no\/wp-content\/uploads\/2024\/01\/Targo-2500E-ZERO-4.jpg","datePublished":"2023-10-25T12:41:04+00:00","dateModified":"2024-10-17T20:26:02+00:00","description":"Vi har for utleie Neuenhauser Targo 2500E sakteg\u00e5ende grovkvern, Neuenhauser SuperScreener stjernesikt og Neuenhauser NH6020E trommelsikt.","breadcrumb":{"@id":"https:\/\/fredheim-maskin.no\/utleie\/utleie-av-neuenhauser-maskiner\/#breadcrumb"},"inLanguage":"sv-SE","potentialAction":[{"@type":"ReadAction","target":["https:\/\/fredheim-maskin.no\/utleie\/utleie-av-neuenhauser-maskiner\/"]}]},{"@type":"ImageObject","inLanguage":"sv-SE","@id":"https:\/\/fredheim-maskin.no\/utleie\/utleie-av-neuenhauser-maskiner\/#primaryimage","url":"https:\/\/fredheim-maskin.no\/wp-content\/uploads\/2024\/01\/Targo-2500E-ZERO-4.jpg","contentUrl":"https:\/\/fredheim-maskin.no\/wp-content\/uploads\/2024\/01\/Targo-2500E-ZERO-4.jpg"},{"@type":"BreadcrumbList","@id":"https:\/\/fredheim-maskin.no\/utleie\/utleie-av-neuenhauser-maskiner\/#breadcrumb","itemListElement":[{"@type":"ListItem","position":1,"name":"Hjem","item":"https:\/\/fredheim-maskin.no\/"},{"@type":"ListItem","position":2,"name":"Utleie","item":"https:\/\/fredheim-maskin.no\/utleie\/"},{"@type":"ListItem","position":3,"name":"Utleie av Neuenhauser maskiner"}]},{"@type":"WebSite","@id":"https:\/\/fredheim-maskin.no\/#website","url":"https:\/\/fredheim-maskin.no\/","name":"Fredheim Maskin","description":"","potentialAction":[{"@type":"SearchAction","target":{"@type":"EntryPoint","urlTemplate":"https:\/\/fredheim-maskin.no\/?s={search_term_string}"},"query-input":{"@type":"PropertyValueSpecification","valueRequired":true,"valueName":"search_term_string"}}],"inLanguage":"sv-SE"}]}},"_links":{"self":[{"href":"https:\/\/fredheim-maskin.no\/sv\/wp-json\/wp\/v2\/pages\/1143","targetHints":{"allow":["GET"]}}],"collection":[{"href":"https:\/\/fredheim-maskin.no\/sv\/wp-json\/wp\/v2\/pages"}],"about":[{"href":"https:\/\/fredheim-maskin.no\/sv\/wp-json\/wp\/v2\/types\/page"}],"author":[{"embeddable":true,"href":"https:\/\/fredheim-maskin.no\/sv\/wp-json\/wp\/v2\/users\/1"}],"replies":[{"embeddable":true,"href":"https:\/\/fredheim-maskin.no\/sv\/wp-json\/wp\/v2\/comments?post=1143"}],"version-history":[{"count":11,"href":"https:\/\/fredheim-maskin.no\/sv\/wp-json\/wp\/v2\/pages\/1143\/revisions"}],"predecessor-version":[{"id":16798,"href":"https:\/\/fredheim-maskin.no\/sv\/wp-json\/wp\/v2\/pages\/1143\/revisions\/16798"}],"up":[{"embeddable":true,"href":"https:\/\/fredheim-maskin.no\/sv\/wp-json\/wp\/v2\/pages\/25"}],"wp:attachment":[{"href":"https:\/\/fredheim-maskin.no\/sv\/wp-json\/wp\/v2\/media?parent=1143"}],"curies":[{"name":"wp","href":"https:\/\/api.w.org\/{rel}","templated":true}]}}