{"id":13,"date":"2023-09-21T13:19:12","date_gmt":"2023-09-21T11:19:12","guid":{"rendered":"https:\/\/fredheim-maskin.no\/?page_id=13"},"modified":"2025-04-07T15:34:52","modified_gmt":"2025-04-07T13:34:52","slug":"lediga-tjanster","status":"publish","type":"page","link":"https:\/\/fredheim-maskin.no\/sv\/ledige-stillinger\/","title":{"rendered":"Jobba hos oss"},"content":{"rendered":"<div class=\"wp-block-group has-grey-background-color has-background eplus-wrapper\"><div class=\"wp-block-group__inner-container is-layout-constrained wp-block-group-is-layout-constrained\"><div class=\"wp-block-columns eplus-wrapper is-layout-flex wp-container-core-columns-is-layout-9d6595d7 wp-block-columns-is-layout-flex eplus-styles-uid-6823af\">\n<div class=\"wp-block-column eplus-wrapper is-layout-flow wp-block-column-is-layout-flow\" style=\"flex-basis:5%\"><\/div>\n\n\n\n<div class=\"wp-block-column is-vertically-aligned-center eplus-wrapper is-layout-flow wp-block-column-is-layout-flow\" style=\"flex-basis:40%\">\n<h1 class=\"wp-block-heading eplus-wrapper\">Har du lust att jobba hos oss?<\/h1>\n\n\n<p class=\"eplus-wrapper eplus-styles-uid-629702\"><strong>Vi har ledige stillinger for verkstedmekaniker, reisende mekaniker, automasjon tekniker og selger.<\/strong><\/p><\/div>\n\n\n\n<div class=\"wp-block-column eplus-wrapper is-layout-flow wp-block-column-is-layout-flow\" style=\"flex-basis:5%\"><\/div>\n\n\n\n<div class=\"wp-block-column is-vertically-aligned-center eplus-wrapper is-layout-flow wp-block-column-is-layout-flow\" style=\"flex-basis:50%\">\n<figure class=\"wp-block-image alignfull size-full eplus-wrapper\"><img decoding=\"async\" width=\"1920\" height=\"1438\" src=\"https:\/\/fredheim-maskin.no\/wp-content\/uploads\/2023\/12\/Fredheim-Maskin-okt-dager-bilder-2023-0488-2.jpg\" alt=\"\" class=\"wp-image-14291\" srcset=\"https:\/\/fredheim-maskin.no\/wp-content\/uploads\/2023\/12\/Fredheim-Maskin-okt-dager-bilder-2023-0488-2.jpg 1920w, https:\/\/fredheim-maskin.no\/wp-content\/uploads\/2023\/12\/Fredheim-Maskin-okt-dager-bilder-2023-0488-2-300x225.jpg 300w, https:\/\/fredheim-maskin.no\/wp-content\/uploads\/2023\/12\/Fredheim-Maskin-okt-dager-bilder-2023-0488-2-1024x767.jpg 1024w, https:\/\/fredheim-maskin.no\/wp-content\/uploads\/2023\/12\/Fredheim-Maskin-okt-dager-bilder-2023-0488-2-768x575.jpg 768w, https:\/\/fredheim-maskin.no\/wp-content\/uploads\/2023\/12\/Fredheim-Maskin-okt-dager-bilder-2023-0488-2-1536x1150.jpg 1536w, https:\/\/fredheim-maskin.no\/wp-content\/uploads\/2023\/12\/Fredheim-Maskin-okt-dager-bilder-2023-0488-2-16x12.jpg 16w\" sizes=\"(max-width: 1920px) 100vw, 1920px\" \/><\/figure>\n<\/div>\n<\/div><\/div><\/div>\n\n\n\n<div style=\"height:100px\" aria-hidden=\"true\" class=\"wp-block-spacer eplus-wrapper\"><\/div>\n\n\n\n<div class=\"wp-block-group eplus-wrapper\"><div class=\"wp-block-group__inner-container is-layout-constrained wp-block-group-is-layout-constrained\"><div class=\"wp-block-columns eplus-wrapper is-layout-flex wp-container-core-columns-is-layout-9d6595d7 wp-block-columns-is-layout-flex eplus-styles-uid-552b19\">\n<div class=\"wp-block-column eplus-wrapper is-layout-flow wp-block-column-is-layout-flow\" style=\"flex-basis:33.33%\"><\/div>\n\n\n\n<div class=\"wp-block-column eplus-wrapper is-layout-flow wp-block-column-is-layout-flow\" style=\"flex-basis:66.66%\">\n<p class=\"eplus-wrapper\">Vi er 30 ansatte som holder til i moderne lokaler i Spydeberg + Grums Sverige. Ledende i Norge og Sverige p\u00e5 knuse og sikteverk for bergverk, entrepren\u00f8r og gjenvinning. V\u00e5r omsetning er 400mill og med gode \u00f8konomiske resultat gjennom alle \u00e5r.<\/p>\n\n\n\n<p class=\"eplus-wrapper\">Vi \u00e4r en trygg och god arbetsplats och genom v\u00e5ra 15 \u00e5r har vi aldrig haft permitteringar.<\/p>\n\n\n\n<p class=\"eplus-wrapper\">V\u00e5re maskiner best\u00e5r av moderne elektriske l\u00f8sninger, generatorer, dieselmotorer, hydraulikk, og mekaniske transmisjoner.<\/p>\n\n\n\n<p class=\"eplus-wrapper\">L\u00e4s mer om oss p\u00e5 v\u00e5r hemsida, <a href=\"https:\/\/www.facebook.com\/Fredheim.Maskin\/?locale=nb_NO\">facebook<\/a> och <a href=\"https:\/\/www.youtube.com\/@fredheimmaskin8062\">youtube<\/a>.<\/p>\n\n\n\n<hr class=\"wp-block-separator has-text-color has-white-color has-alpha-channel-opacity has-white-background-color has-background eplus-wrapper\">\n\n\n\n<p class=\"eplus-wrapper\"><strong>Lediga roller:\u00a0\u00a0<\/strong><\/p>\n\n\n<ul class=\"wp-block-list eplus-wrapper eplus-styles-uid-8482cb\">\n<li class=\"eplus-wrapper\">Verkstadsmekaniker (verkstaden i Spydeberg)<\/li>\n\n\n\n<li class=\"eplus-wrapper\">Reisende mekaniker (hele Norge, servicebil og fly)<\/li>\n\n\n\n<li class=\"eplus-wrapper\">Automasjon tekniker (Spydeberg + noen reise)<\/li>\n\n\n\n<li class=\"eplus-wrapper\">Salg: Ettermarked, Reservedeler, Slitedeler, Utstyr ( Spydeberg + bes\u00f8k til v\u00e5re kunder)<\/li>\n<\/ul>\n\n\n<p class=\"eplus-wrapper\"><strong>Krav til mekaniker stillingene:<\/strong><\/p>\n\n\n<ul class=\"wp-block-list eplus-wrapper eplus-styles-uid-4ee734\">\n<li class=\"eplus-wrapper\">Relevant utbildning<\/li>\n\n\n\n<li class=\"eplus-wrapper\">Min. 5\u00e5rs relevant arbeidserfaring (elektro, hydr. , transmisjon, motor, sveis)<\/li>\n\n\n\n<li class=\"eplus-wrapper\">Gjerne bakgrunn fra eks. industri, anleggsmaskiner, tung-bil, landbruksmaskiner)<\/li>\n\n\n\n<li class=\"eplus-wrapper\">God teknisk kunskap och vana att arbeta sj\u00e4lvst\u00e4ndigt<\/li>\n\n\n\n<li class=\"eplus-wrapper\">Datorvana och engelskakunskap b\u00e5de i tal och skrift<\/li>\n\n\n\n<li class=\"eplus-wrapper\">Ha erfarenhet av att planera, dokumentera och rapportera eget arbete<\/li>\n\n\n\n<li class=\"eplus-wrapper\">God forst\u00e5else av dokumentasjon<\/li>\n\n\n\n<li class=\"eplus-wrapper\">Bra referenser<\/li>\n\n\n\n<li class=\"eplus-wrapper\">Stillingen krever sterk faglig bakgrunn, men ytterligere oppl\u00e6ring i bedriften vil bli gitt<\/li>\n\n\n\n<li class=\"eplus-wrapper\">BE sertifikat er en fordel<\/li>\n<\/ul>\n\n<ul class=\"wp-block-list eplus-wrapper eplus-styles-uid-da251b\">\n<li class=\"eplus-wrapper\"><strong>Anst\u00e4llning<\/strong>: 100%<\/li>\n\n\n\n<li class=\"eplus-wrapper\"><strong>Tilltr\u00e4de<\/strong>: s\u00e5 snart som m\u00f6jligt eller efter \u00f6verenskommelse<\/li>\n\n\n\n<li class=\"eplus-wrapper\"><strong>Ans\u00f6kningstid<\/strong>: snarast<\/li>\n\n\n\n<li class=\"eplus-wrapper\"><strong>L\u00f6n<\/strong>: efter kvalifikationer<\/li>\n<\/ul>\n\n\n<p class=\"has-dark-cobolt-color has-text-color has-link-color eplus-wrapper wp-elements-29aed1ff3b62ad0f8a322196dfb2400c\"><strong>Krav til selger stilling<\/strong>:<\/p>\n\n\n<ul class=\"wp-block-list eplus-wrapper eplus-styles-uid-ca8c2b\">\n<li class=\"eplus-wrapper\">Teknisk \/ faglig forst\u00e5else \/ utdannelse<\/li>\n\n\n\n<li class=\"eplus-wrapper\">Minst 5 \u00e5rs relevant arbetslivserfarenhet <\/li>\n\n\n\n<li class=\"eplus-wrapper\">God innsikt og forst\u00e5else<\/li>\n\n\n\n<li class=\"eplus-wrapper\">Datorvana och engelskakunskap b\u00e5de i tal och skrift<\/li>\n\n\n\n<li class=\"eplus-wrapper\">Vant med \u00e5 planlegge eget arbeid<\/li>\n\n\n\n<li class=\"eplus-wrapper\">Vant med \u00e5 jobbe selvstendig og i team med andre<\/li>\n\n\n\n<li class=\"eplus-wrapper\">Bra referenser<\/li>\n\n\n\n<li class=\"eplus-wrapper\">Stillingen krever sterk faglig bakgrunn, men ytterligere oppl\u00e6ring i bedriften vil bli gitt<\/li>\n<\/ul>\n\n<ul class=\"wp-block-list eplus-wrapper eplus-styles-uid-1df380\">\n<li class=\"eplus-wrapper\"><strong>Stilling: <\/strong>100%<\/li>\n\n\n\n<li class=\"eplus-wrapper\"><strong>Tiltredelse:<\/strong> snarest etter avtale<\/li>\n\n\n\n<li class=\"eplus-wrapper\"><strong>S\u00f8knadsfrist:<\/strong> snarest<\/li>\n\n\n\n<li class=\"eplus-wrapper\"><strong>L\u00f8nn:<\/strong> etter kvalifikasjoner<\/li>\n<\/ul>\n\n\n<p class=\"eplus-wrapper\"><strong>Krav til elektro \/ automasjon teknikker stilling:<\/strong><\/p>\n\n\n<ul class=\"wp-block-list eplus-wrapper eplus-styles-uid-789522\">\n<li class=\"eplus-wrapper\">Bakgrunn fra eks industri, kran, skip, offshore <\/li>\n\n\n\n<li class=\"eplus-wrapper\">Relevant utbildning<\/li>\n\n\n\n<li class=\"eplus-wrapper\">Minst 5 \u00e5rs relevant arbetslivserfarenhet<\/li>\n\n\n\n<li class=\"eplus-wrapper\">God teknisk kunskap och vana att arbeta sj\u00e4lvst\u00e4ndigt<\/li>\n\n\n\n<li class=\"eplus-wrapper\">Datorvana och engelskakunskap b\u00e5de i tal och skrift<\/li>\n\n\n\n<li class=\"eplus-wrapper\">Vant med \u00e5 planlegge, dokumentere og rapporter eget arbeid<\/li>\n\n\n\n<li class=\"eplus-wrapper\">God forst\u00e5else av dokumentasjon<\/li>\n\n\n\n<li class=\"eplus-wrapper\">Bra referenser<\/li>\n\n\n\n<li class=\"eplus-wrapper\">Stillingen krever sterk faglig bakgrunn, men ytterligere oppl\u00e6ring i bedriften vil bli gitt<\/li>\n<\/ul>\n\n<ul class=\"wp-block-list eplus-wrapper eplus-styles-uid-4dabfe\">\n<li class=\"eplus-wrapper\"><strong>Stilling:<\/strong> 100%<\/li>\n\n\n\n<li class=\"eplus-wrapper\"><strong>Tiltredelse:<\/strong> snarest etter avtale<\/li>\n\n\n\n<li class=\"eplus-wrapper\"><strong>S\u00f8knadsfrist:<\/strong> snarest<\/li>\n\n\n\n<li class=\"eplus-wrapper\"><strong>L\u00f8nn:<\/strong> etter kvalifikasjoner<\/li>\n<\/ul>\n\n\n<p class=\"eplus-wrapper\">M\u00e4rk din ans\u00f6kan med vilken roll du s\u00f6ker.<\/p>\n\n\n\n<p class=\"eplus-wrapper\">Ta g\u00e4rna kontakt f\u00f6r ytterligare information: Erik Olausson 070-538 24 26 eller Per Fredheim +47 913 67 828<\/p>\n\n\n\n<p class=\"eplus-wrapper\">Skicka din ans\u00f6kan, CV och referenser snarast till:\u00a0<a href=\"mailto:kontor@fredheim-maskin.no\">reservdelar@fredheim-maskin.se<\/a><\/p>\n<\/div>\n<\/div><\/div><\/div>\n\n\n\n<div style=\"height:50px\" aria-hidden=\"true\" class=\"wp-block-spacer eplus-wrapper\"><\/div>\n\n\n\n<p class=\"eplus-wrapper\"><\/p>","protected":false},"excerpt":{"rendered":"<p>Lyst til \u00e5 jobbe hos oss\u2026? Vi har ledige stillinger for verkstedmekaniker, reisende mekaniker, automasjon tekniker og selger. Vi er 30 ansatte som holder til i moderne lokaler i Spydeberg [&hellip;]<\/p>\n","protected":false},"author":1,"featured_media":0,"parent":0,"menu_order":0,"comment_status":"closed","ping_status":"closed","template":"","meta":{"_editorskit_title_hidden":false,"_editorskit_reading_time":0,"_editorskit_is_block_options_detached":false,"_editorskit_block_options_position":"{}","inline_featured_image":false,"editor_plus_copied_stylings":"{}","footnotes":""},"class_list":["post-13","page","type-page","status-publish","hentry"],"featured_image_src":null,"yoast_head":"<!-- This site is optimized with the Yoast SEO plugin v27.4 - https:\/\/yoast.com\/product\/yoast-seo-wordpress\/ -->\n<title>Ledige stillinger - Fredheim Maskin<\/title>\n<meta name=\"robots\" content=\"index, follow, max-snippet:-1, max-image-preview:large, max-video-preview:-1\" \/>\n<link rel=\"canonical\" href=\"https:\/\/fredheim-maskin.no\/sv\/lediga-tjanster\/\" \/>\n<meta property=\"og:locale\" content=\"sv_SE\" \/>\n<meta property=\"og:type\" content=\"article\" \/>\n<meta property=\"og:title\" content=\"Ledige stillinger - Fredheim Maskin\" \/>\n<meta property=\"og:description\" content=\"Lyst til \u00e5 jobbe hos oss\u2026? Vi har ledige stillinger for verkstedmekaniker, reisende mekaniker, automasjon tekniker og selger. Vi er 30 ansatte som holder til i moderne lokaler i Spydeberg [&hellip;]\" \/>\n<meta property=\"og:url\" content=\"https:\/\/fredheim-maskin.no\/sv\/lediga-tjanster\/\" \/>\n<meta property=\"og:site_name\" content=\"Fredheim Maskin\" \/>\n<meta property=\"article:modified_time\" content=\"2025-04-07T13:34:52+00:00\" \/>\n<meta property=\"og:image\" content=\"https:\/\/fredheim-maskin.no\/wp-content\/uploads\/2023\/12\/Fredheim-Maskin-okt-dager-bilder-2023-0488-2.jpg\" \/>\n\t<meta property=\"og:image:width\" content=\"1920\" \/>\n\t<meta property=\"og:image:height\" content=\"1438\" \/>\n\t<meta property=\"og:image:type\" content=\"image\/jpeg\" \/>\n<meta name=\"twitter:card\" content=\"summary_large_image\" \/>\n<meta name=\"twitter:label1\" content=\"Ber\u00e4knad l\u00e4stid\" \/>\n\t<meta name=\"twitter:data1\" content=\"3 minuter\" \/>\n<script type=\"application\/ld+json\" class=\"yoast-schema-graph\">{\"@context\":\"https:\\\/\\\/schema.org\",\"@graph\":[{\"@type\":\"WebPage\",\"@id\":\"https:\\\/\\\/fredheim-maskin.no\\\/ledige-stillinger\\\/\",\"url\":\"https:\\\/\\\/fredheim-maskin.no\\\/ledige-stillinger\\\/\",\"name\":\"Ledige stillinger - Fredheim Maskin\",\"isPartOf\":{\"@id\":\"https:\\\/\\\/fredheim-maskin.no\\\/#website\"},\"primaryImageOfPage\":{\"@id\":\"https:\\\/\\\/fredheim-maskin.no\\\/ledige-stillinger\\\/#primaryimage\"},\"image\":{\"@id\":\"https:\\\/\\\/fredheim-maskin.no\\\/ledige-stillinger\\\/#primaryimage\"},\"thumbnailUrl\":\"https:\\\/\\\/fredheim-maskin.no\\\/wp-content\\\/uploads\\\/2023\\\/12\\\/Fredheim-Maskin-okt-dager-bilder-2023-0488-2.jpg\",\"datePublished\":\"2023-09-21T11:19:12+00:00\",\"dateModified\":\"2025-04-07T13:34:52+00:00\",\"breadcrumb\":{\"@id\":\"https:\\\/\\\/fredheim-maskin.no\\\/ledige-stillinger\\\/#breadcrumb\"},\"inLanguage\":\"sv-SE\",\"potentialAction\":[{\"@type\":\"ReadAction\",\"target\":[\"https:\\\/\\\/fredheim-maskin.no\\\/ledige-stillinger\\\/\"]}]},{\"@type\":\"ImageObject\",\"inLanguage\":\"sv-SE\",\"@id\":\"https:\\\/\\\/fredheim-maskin.no\\\/ledige-stillinger\\\/#primaryimage\",\"url\":\"https:\\\/\\\/fredheim-maskin.no\\\/wp-content\\\/uploads\\\/2023\\\/12\\\/Fredheim-Maskin-okt-dager-bilder-2023-0488-2.jpg\",\"contentUrl\":\"https:\\\/\\\/fredheim-maskin.no\\\/wp-content\\\/uploads\\\/2023\\\/12\\\/Fredheim-Maskin-okt-dager-bilder-2023-0488-2.jpg\"},{\"@type\":\"BreadcrumbList\",\"@id\":\"https:\\\/\\\/fredheim-maskin.no\\\/ledige-stillinger\\\/#breadcrumb\",\"itemListElement\":[{\"@type\":\"ListItem\",\"position\":1,\"name\":\"Hjem\",\"item\":\"https:\\\/\\\/fredheim-maskin.no\\\/\"},{\"@type\":\"ListItem\",\"position\":2,\"name\":\"Ledige stillinger\"}]},{\"@type\":\"WebSite\",\"@id\":\"https:\\\/\\\/fredheim-maskin.no\\\/#website\",\"url\":\"https:\\\/\\\/fredheim-maskin.no\\\/\",\"name\":\"Fredheim Maskin\",\"description\":\"\",\"potentialAction\":[{\"@type\":\"SearchAction\",\"target\":{\"@type\":\"EntryPoint\",\"urlTemplate\":\"https:\\\/\\\/fredheim-maskin.no\\\/?s={search_term_string}\"},\"query-input\":{\"@type\":\"PropertyValueSpecification\",\"valueRequired\":true,\"valueName\":\"search_term_string\"}}],\"inLanguage\":\"sv-SE\"}]}<\/script>\n<!-- \/ Yoast SEO plugin. -->","yoast_head_json":{"title":"Jobba hos oss - Fredheim Maskin","robots":{"index":"index","follow":"follow","max-snippet":"max-snippet:-1","max-image-preview":"max-image-preview:large","max-video-preview":"max-video-preview:-1"},"canonical":"https:\/\/fredheim-maskin.no\/sv\/lediga-tjanster\/","og_locale":"sv_SE","og_type":"article","og_title":"Ledige stillinger - Fredheim Maskin","og_description":"Lyst til \u00e5 jobbe hos oss\u2026? Vi har ledige stillinger for verkstedmekaniker, reisende mekaniker, automasjon tekniker og selger. Vi er 30 ansatte som holder til i moderne lokaler i Spydeberg [&hellip;]","og_url":"https:\/\/fredheim-maskin.no\/sv\/lediga-tjanster\/","og_site_name":"Fredheim Maskin","article_modified_time":"2025-04-07T13:34:52+00:00","og_image":[{"width":1920,"height":1438,"url":"https:\/\/fredheim-maskin.no\/wp-content\/uploads\/2023\/12\/Fredheim-Maskin-okt-dager-bilder-2023-0488-2.jpg","type":"image\/jpeg"}],"twitter_card":"summary_large_image","twitter_misc":{"Ber\u00e4knad l\u00e4stid":"3 minuter"},"schema":{"@context":"https:\/\/schema.org","@graph":[{"@type":"WebPage","@id":"https:\/\/fredheim-maskin.no\/ledige-stillinger\/","url":"https:\/\/fredheim-maskin.no\/ledige-stillinger\/","name":"Jobba hos oss - Fredheim Maskin","isPartOf":{"@id":"https:\/\/fredheim-maskin.no\/#website"},"primaryImageOfPage":{"@id":"https:\/\/fredheim-maskin.no\/ledige-stillinger\/#primaryimage"},"image":{"@id":"https:\/\/fredheim-maskin.no\/ledige-stillinger\/#primaryimage"},"thumbnailUrl":"https:\/\/fredheim-maskin.no\/wp-content\/uploads\/2023\/12\/Fredheim-Maskin-okt-dager-bilder-2023-0488-2.jpg","datePublished":"2023-09-21T11:19:12+00:00","dateModified":"2025-04-07T13:34:52+00:00","breadcrumb":{"@id":"https:\/\/fredheim-maskin.no\/ledige-stillinger\/#breadcrumb"},"inLanguage":"sv-SE","potentialAction":[{"@type":"ReadAction","target":["https:\/\/fredheim-maskin.no\/ledige-stillinger\/"]}]},{"@type":"ImageObject","inLanguage":"sv-SE","@id":"https:\/\/fredheim-maskin.no\/ledige-stillinger\/#primaryimage","url":"https:\/\/fredheim-maskin.no\/wp-content\/uploads\/2023\/12\/Fredheim-Maskin-okt-dager-bilder-2023-0488-2.jpg","contentUrl":"https:\/\/fredheim-maskin.no\/wp-content\/uploads\/2023\/12\/Fredheim-Maskin-okt-dager-bilder-2023-0488-2.jpg"},{"@type":"BreadcrumbList","@id":"https:\/\/fredheim-maskin.no\/ledige-stillinger\/#breadcrumb","itemListElement":[{"@type":"ListItem","position":1,"name":"Hjem","item":"https:\/\/fredheim-maskin.no\/"},{"@type":"ListItem","position":2,"name":"Ledige stillinger"}]},{"@type":"WebSite","@id":"https:\/\/fredheim-maskin.no\/#website","url":"https:\/\/fredheim-maskin.no\/","name":"Fredheim Maskin","description":"","potentialAction":[{"@type":"SearchAction","target":{"@type":"EntryPoint","urlTemplate":"https:\/\/fredheim-maskin.no\/?s={search_term_string}"},"query-input":{"@type":"PropertyValueSpecification","valueRequired":true,"valueName":"search_term_string"}}],"inLanguage":"sv-SE"}]}},"_links":{"self":[{"href":"https:\/\/fredheim-maskin.no\/sv\/wp-json\/wp\/v2\/pages\/13","targetHints":{"allow":["GET"]}}],"collection":[{"href":"https:\/\/fredheim-maskin.no\/sv\/wp-json\/wp\/v2\/pages"}],"about":[{"href":"https:\/\/fredheim-maskin.no\/sv\/wp-json\/wp\/v2\/types\/page"}],"author":[{"embeddable":true,"href":"https:\/\/fredheim-maskin.no\/sv\/wp-json\/wp\/v2\/users\/1"}],"replies":[{"embeddable":true,"href":"https:\/\/fredheim-maskin.no\/sv\/wp-json\/wp\/v2\/comments?post=13"}],"version-history":[{"count":23,"href":"https:\/\/fredheim-maskin.no\/sv\/wp-json\/wp\/v2\/pages\/13\/revisions"}],"predecessor-version":[{"id":16765,"href":"https:\/\/fredheim-maskin.no\/sv\/wp-json\/wp\/v2\/pages\/13\/revisions\/16765"}],"wp:attachment":[{"href":"https:\/\/fredheim-maskin.no\/sv\/wp-json\/wp\/v2\/media?parent=13"}],"curies":[{"name":"wp","href":"https:\/\/api.w.org\/{rel}","templated":true}]}}