{"id":15479,"date":"2024-03-04T11:11:59","date_gmt":"2024-03-04T10:11:59","guid":{"rendered":"https:\/\/fredheim-maskin.no\/?page_id=15479"},"modified":"2024-03-05T22:48:25","modified_gmt":"2024-03-05T21:48:25","slug":"matavfall","status":"publish","type":"page","link":"https:\/\/fredheim-maskin.no\/sv\/maskiner\/neuenhauser\/i-produksjon\/matavfall\/","title":{"rendered":"Matavfall"},"content":{"rendered":"<div class=\"cs-medium bg-hero wp-block-group alignfull has-dark-cobolt-background-color has-background eplus-wrapper\"><div class=\"wp-block-group__inner-container is-layout-constrained wp-block-group-is-layout-constrained\">\n<div class=\"wp-block-group eplus-wrapper\"><div class=\"wp-block-group__inner-container is-layout-constrained wp-block-group-is-layout-constrained\"><div class=\"wp-block-columns are-vertically-aligned-center eplus-wrapper is-layout-flex wp-container-core-columns-is-layout-9d6595d7 wp-block-columns-is-layout-flex eplus-styles-uid-f72130\">\n<div class=\"wp-block-column is-vertically-aligned-center eplus-wrapper is-layout-flow wp-block-column-is-layout-flow\">\n<figure class=\"container-rounded-corners wp-block-image size-full eplus-wrapper\"><img decoding=\"async\" width=\"1826\" height=\"1217\" src=\"https:\/\/fredheim-maskin.no\/wp-content\/uploads\/2024\/03\/Matavfall.jpg\" alt=\"\" class=\"wp-image-15481\" srcset=\"https:\/\/fredheim-maskin.no\/wp-content\/uploads\/2024\/03\/Matavfall.jpg 1826w, https:\/\/fredheim-maskin.no\/wp-content\/uploads\/2024\/03\/Matavfall-300x200.jpg 300w, https:\/\/fredheim-maskin.no\/wp-content\/uploads\/2024\/03\/Matavfall-1024x682.jpg 1024w, https:\/\/fredheim-maskin.no\/wp-content\/uploads\/2024\/03\/Matavfall-768x512.jpg 768w, https:\/\/fredheim-maskin.no\/wp-content\/uploads\/2024\/03\/Matavfall-1536x1024.jpg 1536w, https:\/\/fredheim-maskin.no\/wp-content\/uploads\/2024\/03\/Matavfall-18x12.jpg 18w\" sizes=\"(max-width: 1826px) 100vw, 1826px\" \/><\/figure>\n<\/div>\n\n\n\n<div class=\"hide-mobile wp-block-column eplus-wrapper is-layout-flow wp-block-column-is-layout-flow\" style=\"flex-basis:15px\"><\/div>\n\n\n\n<div class=\"wp-block-column is-vertically-aligned-center eplus-wrapper is-layout-flow wp-block-column-is-layout-flow\">\n<div style=\"height:90px\" aria-hidden=\"true\" class=\"hide-mobile wp-block-spacer eplus-wrapper\"><\/div>\n\n\n\n<h1 class=\"wp-block-heading has-white-color has-text-color eplus-wrapper\">Matavfall<\/h1>\n\n\n\n<p class=\"has-white-color has-text-color has-link-color eplus-wrapper wp-elements-1791ee0d8f484c9b5e27ada57b7a578a\">Matavfall brukes til kompostering eller for \u00e5 lage biogass. Utfordring er \u00e5 fjerne forurensingen som plast og jord (biogass) p\u00e5 en effektiv m\u00e5te. Neuenhauser leverer utstyr til hele prosessen. Sakteg\u00e5ende skruem\u00f8lle eller Targo 2500 \/ 3000 kvern for \u00e5 kverne inngansmassen og \u00e5pne plastposer. SuperScreener stjernesikt eller NH6020E ZERO trommelsikt for \u00e5 lage en brukbar fraksjon til kompostering, evt. ved bruk av vindsikt.<\/p>\n\n\n\n<div style=\"height:90px\" aria-hidden=\"true\" class=\"hide-mobile wp-block-spacer eplus-wrapper\"><\/div>\n<\/div>\n<\/div><\/div><\/div>\n<\/div><\/div>\n\n\n\n<div style=\"height:50px\" aria-hidden=\"true\" class=\"wp-block-spacer eplus-wrapper\"><\/div>\n\n\n\n<div class=\"wp-block-group eplus-wrapper\"><div class=\"wp-block-group__inner-container is-layout-constrained wp-block-group-is-layout-constrained\"><div class=\"wp-block-columns eplus-wrapper is-layout-flex wp-container-core-columns-is-layout-9d6595d7 wp-block-columns-is-layout-flex eplus-styles-uid-9a2b24\">\n<div class=\"wp-block-column eplus-wrapper is-layout-flow wp-block-column-is-layout-flow\">\n<div class=\"wp-block-envira-envira-gallery\"><div id=\"envira-gallery-wrap-15610\" class=\"envira-gallery-wrap envira-gallery-theme-base envira-lightbox-theme-base_dark\" itemscope itemtype=\"https:\/\/schema.org\/ImageGallery\"><div data-row-height=\"\" data-gallery-theme=\"\" id=\"envira-gallery-15610\" class=\"envira-gallery-public  envira-gallery-3-columns envira-clear enviratope envira-gallery-css-animations\" data-envira-columns=\"3\"><div id=\"envira-gallery-item-15606\" class=\"envira-gallery-item enviratope-item envira-gallery-item-1 envira-lazy-load\" style=\"padding-left: 3px; padding-bottom: 5px; padding-right: 3px;\"  itemscope itemtype=\"https:\/\/schema.org\/ImageObject\"><div class=\"envira-gallery-item-inner\"><div class=\"envira-gallery-position-overlay  envira-gallery-top-left\"><\/div><div class=\"envira-gallery-position-overlay  envira-gallery-top-right\"><\/div><div class=\"envira-gallery-position-overlay  envira-gallery-bottom-left\"><\/div><div class=\"envira-gallery-position-overlay  envira-gallery-bottom-right\"><\/div><a href=\"https:\/\/fredheim-maskin.no\/wp-content\/uploads\/2024\/03\/3F-stjernesikt-matavfall.jpg\" class=\"envira-gallery-15610 envira-gallery-link\" rel=\"enviragallery15610\" title=\"3F-stjernesikt-matavfall\" data-envira-caption=\"3F-stjernesikt-matavfall\" data-envira-retina=\"\" data-thumbnail=\"\"  itemprop=\"contentUrl\"><div class=\"envira-lazy\" data-test-width=\"640\" data-test-height=\"480\" style=\"padding-bottom:75%;\"><img decoding=\"async\" id=\"envira-gallery-image-15606\" class=\"envira-gallery-image envira-gallery-image-1\" data-envira-index=\"1\" src=\"https:\/\/fredheim-maskin.no\/wp-content\/uploads\/2024\/03\/3F-stjernesikt-matavfall.jpg\" data-envira-src=\"https:\/\/fredheim-maskin.no\/wp-content\/uploads\/2024\/03\/3F-stjernesikt-matavfall.jpg\" data-envira-gallery-id=\"15610\" data-envira-item-id=\"15606\" data-envira-caption=\"3F-stjernesikt-matavfall\" alt=\"\" title=\"3F-stjernesikt-matavfall\"  itemprop=\"thumbnailUrl\" data-envira-srcset=\"https:\/\/fredheim-maskin.no\/wp-content\/uploads\/2024\/03\/3F-stjernesikt-matavfall.jpg 400w,https:\/\/fredheim-maskin.no\/wp-content\/uploads\/2024\/03\/3F-stjernesikt-matavfall.jpg 2x\" srcset=\"data:image\/gif;base64,R0lGODlhAQABAIAAAP\/\/\/\/\/\/\/yH5BAEKAAEALAAAAAABAAEAAAICTAEAOw==\" \/><\/div><\/a><\/div><\/div><div id=\"envira-gallery-item-15608\" class=\"envira-gallery-item enviratope-item envira-gallery-item-2 envira-lazy-load\" style=\"padding-left: 3px; padding-bottom: 5px; padding-right: 3px;\"  itemscope itemtype=\"https:\/\/schema.org\/ImageObject\"><div class=\"envira-gallery-item-inner\"><div class=\"envira-gallery-position-overlay  envira-gallery-top-left\"><\/div><div class=\"envira-gallery-position-overlay  envira-gallery-top-right\"><\/div><div class=\"envira-gallery-position-overlay  envira-gallery-bottom-left\"><\/div><div class=\"envira-gallery-position-overlay  envira-gallery-bottom-right\"><\/div><a href=\"https:\/\/fredheim-maskin.no\/wp-content\/uploads\/2024\/03\/Sikting-matavfall-med-trommelsikt.jpg\" class=\"envira-gallery-15610 envira-gallery-link\" rel=\"enviragallery15610\" title=\"Sikting-matavfall-med-trommelsikt\" data-envira-caption=\"Sikting-matavfall-med-trommelsikt\" data-envira-retina=\"\" data-thumbnail=\"\"  itemprop=\"contentUrl\"><div class=\"envira-lazy\" data-test-width=\"640\" data-test-height=\"480\" style=\"padding-bottom:75%;\"><img decoding=\"async\" id=\"envira-gallery-image-15608\" class=\"envira-gallery-image envira-gallery-image-2\" data-envira-index=\"2\" src=\"https:\/\/fredheim-maskin.no\/wp-content\/uploads\/2024\/03\/Sikting-matavfall-med-trommelsikt.jpg\" data-envira-src=\"https:\/\/fredheim-maskin.no\/wp-content\/uploads\/2024\/03\/Sikting-matavfall-med-trommelsikt.jpg\" data-envira-gallery-id=\"15610\" data-envira-item-id=\"15608\" data-envira-caption=\"Sikting-matavfall-med-trommelsikt\" alt=\"\" title=\"Sikting-matavfall-med-trommelsikt\"  itemprop=\"thumbnailUrl\" data-envira-srcset=\"https:\/\/fredheim-maskin.no\/wp-content\/uploads\/2024\/03\/Sikting-matavfall-med-trommelsikt.jpg 400w,https:\/\/fredheim-maskin.no\/wp-content\/uploads\/2024\/03\/Sikting-matavfall-med-trommelsikt.jpg 2x\" srcset=\"data:image\/gif;base64,R0lGODlhAQABAIAAAP\/\/\/\/\/\/\/yH5BAEKAAEALAAAAAABAAEAAAICTAEAOw==\" \/><\/div><\/a><\/div><\/div><div id=\"envira-gallery-item-15609\" class=\"envira-gallery-item enviratope-item envira-gallery-item-3 envira-lazy-load\" style=\"padding-left: 3px; padding-bottom: 5px; padding-right: 3px;\"  itemscope itemtype=\"https:\/\/schema.org\/ImageObject\"><div class=\"envira-gallery-item-inner\"><div class=\"envira-gallery-position-overlay  envira-gallery-top-left\"><\/div><div class=\"envira-gallery-position-overlay  envira-gallery-top-right\"><\/div><div class=\"envira-gallery-position-overlay  envira-gallery-bottom-left\"><\/div><div class=\"envira-gallery-position-overlay  envira-gallery-bottom-right\"><\/div><a href=\"https:\/\/fredheim-maskin.no\/wp-content\/uploads\/2024\/03\/Skruemolle-med-mater-til-kverning-av-matavfall.jpg\" class=\"envira-gallery-15610 envira-gallery-link\" rel=\"enviragallery15610\" title=\"Skruemolle-med-mater-til-kverning-av-matavfall\" data-envira-caption=\"Skruemolle-med-mater-til-kverning-av-matavfall\" data-envira-retina=\"\" data-thumbnail=\"\"  itemprop=\"contentUrl\"><div class=\"envira-lazy\" data-test-width=\"640\" data-test-height=\"480\" style=\"padding-bottom:75%;\"><img decoding=\"async\" id=\"envira-gallery-image-15609\" class=\"envira-gallery-image envira-gallery-image-3\" data-envira-index=\"3\" src=\"https:\/\/fredheim-maskin.no\/wp-content\/uploads\/2024\/03\/Skruemolle-med-mater-til-kverning-av-matavfall.jpg\" data-envira-src=\"https:\/\/fredheim-maskin.no\/wp-content\/uploads\/2024\/03\/Skruemolle-med-mater-til-kverning-av-matavfall.jpg\" data-envira-gallery-id=\"15610\" data-envira-item-id=\"15609\" data-envira-caption=\"Skruemolle-med-mater-til-kverning-av-matavfall\" alt=\"\" title=\"Skruemolle-med-mater-til-kverning-av-matavfall\"  itemprop=\"thumbnailUrl\" data-envira-srcset=\"https:\/\/fredheim-maskin.no\/wp-content\/uploads\/2024\/03\/Skruemolle-med-mater-til-kverning-av-matavfall.jpg 400w,https:\/\/fredheim-maskin.no\/wp-content\/uploads\/2024\/03\/Skruemolle-med-mater-til-kverning-av-matavfall.jpg 2x\" srcset=\"data:image\/gif;base64,R0lGODlhAQABAIAAAP\/\/\/\/\/\/\/yH5BAEKAAEALAAAAAABAAEAAAICTAEAOw==\" \/><\/div><\/a><\/div><\/div><\/div><\/div><noscript><img decoding=\"async\" src=\"https:\/\/fredheim-maskin.no\/wp-content\/uploads\/2024\/03\/3F-stjernesikt-matavfall.jpg\" alt=\"\" \/><img decoding=\"async\" src=\"https:\/\/fredheim-maskin.no\/wp-content\/uploads\/2024\/03\/Sikting-matavfall-med-trommelsikt.jpg\" alt=\"\" \/><img decoding=\"async\" src=\"https:\/\/fredheim-maskin.no\/wp-content\/uploads\/2024\/03\/Skruemolle-med-mater-til-kverning-av-matavfall.jpg\" alt=\"\" \/><\/noscript><\/div>\n<\/div>\n<\/div><\/div><\/div>\n\n\n\n<div style=\"height:50px\" aria-hidden=\"true\" class=\"wp-block-spacer eplus-wrapper\"><\/div>\n\n\n\n<div class=\"wp-block-group eplus-wrapper\"><div class=\"wp-block-group__inner-container is-layout-constrained wp-block-group-is-layout-constrained\"><div class=\"wp-block-columns eplus-wrapper is-layout-flex wp-container-core-columns-is-layout-9d6595d7 wp-block-columns-is-layout-flex eplus-styles-uid-ba36ea\">\n<div class=\"wp-block-column eplus-wrapper is-layout-flow wp-block-column-is-layout-flow\">\n<figure class=\"wp-embed-aspect-16-9 wp-has-aspect-ratio wp-block-embed is-type-video is-provider-youtube wp-block-embed-youtube eplus-wrapper\"><div class=\"wp-block-embed__wrapper\">\n<iframe loading=\"lazy\" title=\"Neuenhauser Umwelttechnik - TARGO 3000 Zerkleinern von Bioabfall\" width=\"640\" height=\"360\" src=\"https:\/\/www.youtube.com\/embed\/1AvYsPB6h8M?feature=oembed\" frameborder=\"0\" allow=\"accelerometer; autoplay; clipboard-write; encrypted-media; gyroscope; picture-in-picture; web-share\" referrerpolicy=\"strict-origin-when-cross-origin\" allowfullscreen><\/iframe>\n<\/div><\/figure>\n<\/div>\n\n\n\n<div class=\"wp-block-column eplus-wrapper is-layout-flow wp-block-column-is-layout-flow\">\n<figure class=\"wp-embed-aspect-4-3 wp-has-aspect-ratio wp-block-embed is-type-video is-provider-youtube wp-block-embed-youtube eplus-wrapper\"><div class=\"wp-block-embed__wrapper\">\n<iframe loading=\"lazy\" title=\"Neuenhauser Umwelttechnik - 3-Walzen Schraubenm\u00fchle Bioabfallzerkleinerung\" width=\"640\" height=\"480\" src=\"https:\/\/www.youtube.com\/embed\/8X2u-MwlB_A?feature=oembed\" frameborder=\"0\" allow=\"accelerometer; autoplay; clipboard-write; encrypted-media; gyroscope; picture-in-picture; web-share\" referrerpolicy=\"strict-origin-when-cross-origin\" allowfullscreen><\/iframe>\n<\/div><\/figure>\n<\/div>\n<\/div><\/div><\/div>\n\n\n\n<div style=\"height:100px\" aria-hidden=\"true\" class=\"wp-block-spacer eplus-wrapper\"><\/div>","protected":false},"excerpt":{"rendered":"<p>Matavfall Matavfall brukes til kompostering eller for \u00e5 lage biogass. Utfordring er \u00e5 fjerne forurensingen som plast og jord (biogass) p\u00e5 en effektiv m\u00e5te. Neuenhauser leverer utstyr til hele prosessen. [&hellip;]<\/p>\n","protected":false},"author":1,"featured_media":0,"parent":2101,"menu_order":0,"comment_status":"closed","ping_status":"closed","template":"","meta":{"_editorskit_title_hidden":false,"_editorskit_reading_time":0,"_editorskit_is_block_options_detached":false,"_editorskit_block_options_position":"{}","inline_featured_image":false,"editor_plus_copied_stylings":"{}","footnotes":""},"class_list":["post-15479","page","type-page","status-publish","hentry"],"featured_image_src":null,"yoast_head":"<!-- This site is optimized with the Yoast SEO plugin v27.4 - https:\/\/yoast.com\/product\/yoast-seo-wordpress\/ -->\n<title>Matavfall - Fredheim Maskin<\/title>\n<meta name=\"robots\" content=\"index, follow, max-snippet:-1, max-image-preview:large, max-video-preview:-1\" \/>\n<link rel=\"canonical\" href=\"https:\/\/fredheim-maskin.no\/sv\/maskiner\/neuenhauser\/i-produktion\/matavfall\/\" \/>\n<meta property=\"og:locale\" content=\"sv_SE\" \/>\n<meta property=\"og:type\" content=\"article\" \/>\n<meta property=\"og:title\" content=\"Matavfall - Fredheim Maskin\" \/>\n<meta property=\"og:description\" content=\"Matavfall Matavfall brukes til kompostering eller for \u00e5 lage biogass. Utfordring er \u00e5 fjerne forurensingen som plast og jord (biogass) p\u00e5 en effektiv m\u00e5te. Neuenhauser leverer utstyr til hele prosessen. [&hellip;]\" \/>\n<meta property=\"og:url\" content=\"https:\/\/fredheim-maskin.no\/sv\/maskiner\/neuenhauser\/i-produktion\/matavfall\/\" \/>\n<meta property=\"og:site_name\" content=\"Fredheim Maskin\" \/>\n<meta property=\"article:modified_time\" content=\"2024-03-05T21:48:25+00:00\" \/>\n<meta property=\"og:image\" content=\"https:\/\/fredheim-maskin.no\/wp-content\/uploads\/2024\/03\/Matavfall.jpg\" \/>\n<meta name=\"twitter:card\" content=\"summary_large_image\" \/>\n<script type=\"application\/ld+json\" class=\"yoast-schema-graph\">{\"@context\":\"https:\\\/\\\/schema.org\",\"@graph\":[{\"@type\":\"WebPage\",\"@id\":\"https:\\\/\\\/fredheim-maskin.no\\\/maskiner\\\/neuenhauser\\\/i-produksjon\\\/matavfall\\\/\",\"url\":\"https:\\\/\\\/fredheim-maskin.no\\\/maskiner\\\/neuenhauser\\\/i-produksjon\\\/matavfall\\\/\",\"name\":\"Matavfall - Fredheim Maskin\",\"isPartOf\":{\"@id\":\"https:\\\/\\\/fredheim-maskin.no\\\/#website\"},\"primaryImageOfPage\":{\"@id\":\"https:\\\/\\\/fredheim-maskin.no\\\/maskiner\\\/neuenhauser\\\/i-produksjon\\\/matavfall\\\/#primaryimage\"},\"image\":{\"@id\":\"https:\\\/\\\/fredheim-maskin.no\\\/maskiner\\\/neuenhauser\\\/i-produksjon\\\/matavfall\\\/#primaryimage\"},\"thumbnailUrl\":\"https:\\\/\\\/fredheim-maskin.no\\\/wp-content\\\/uploads\\\/2024\\\/03\\\/Matavfall.jpg\",\"datePublished\":\"2024-03-04T10:11:59+00:00\",\"dateModified\":\"2024-03-05T21:48:25+00:00\",\"breadcrumb\":{\"@id\":\"https:\\\/\\\/fredheim-maskin.no\\\/maskiner\\\/neuenhauser\\\/i-produksjon\\\/matavfall\\\/#breadcrumb\"},\"inLanguage\":\"sv-SE\",\"potentialAction\":[{\"@type\":\"ReadAction\",\"target\":[\"https:\\\/\\\/fredheim-maskin.no\\\/maskiner\\\/neuenhauser\\\/i-produksjon\\\/matavfall\\\/\"]}]},{\"@type\":\"ImageObject\",\"inLanguage\":\"sv-SE\",\"@id\":\"https:\\\/\\\/fredheim-maskin.no\\\/maskiner\\\/neuenhauser\\\/i-produksjon\\\/matavfall\\\/#primaryimage\",\"url\":\"https:\\\/\\\/fredheim-maskin.no\\\/wp-content\\\/uploads\\\/2024\\\/03\\\/Matavfall.jpg\",\"contentUrl\":\"https:\\\/\\\/fredheim-maskin.no\\\/wp-content\\\/uploads\\\/2024\\\/03\\\/Matavfall.jpg\"},{\"@type\":\"BreadcrumbList\",\"@id\":\"https:\\\/\\\/fredheim-maskin.no\\\/maskiner\\\/neuenhauser\\\/i-produksjon\\\/matavfall\\\/#breadcrumb\",\"itemListElement\":[{\"@type\":\"ListItem\",\"position\":1,\"name\":\"Hjem\",\"item\":\"https:\\\/\\\/fredheim-maskin.no\\\/\"},{\"@type\":\"ListItem\",\"position\":2,\"name\":\"Maskiner\",\"item\":\"https:\\\/\\\/fredheim-maskin.no\\\/maskiner\\\/\"},{\"@type\":\"ListItem\",\"position\":3,\"name\":\"Neuenhauser\",\"item\":\"https:\\\/\\\/fredheim-maskin.no\\\/maskiner\\\/neuenhauser\\\/\"},{\"@type\":\"ListItem\",\"position\":4,\"name\":\"I produksjon\",\"item\":\"https:\\\/\\\/fredheim-maskin.no\\\/maskiner\\\/neuenhauser\\\/i-produksjon\\\/\"},{\"@type\":\"ListItem\",\"position\":5,\"name\":\"Matavfall\"}]},{\"@type\":\"WebSite\",\"@id\":\"https:\\\/\\\/fredheim-maskin.no\\\/#website\",\"url\":\"https:\\\/\\\/fredheim-maskin.no\\\/\",\"name\":\"Fredheim Maskin\",\"description\":\"\",\"potentialAction\":[{\"@type\":\"SearchAction\",\"target\":{\"@type\":\"EntryPoint\",\"urlTemplate\":\"https:\\\/\\\/fredheim-maskin.no\\\/?s={search_term_string}\"},\"query-input\":{\"@type\":\"PropertyValueSpecification\",\"valueRequired\":true,\"valueName\":\"search_term_string\"}}],\"inLanguage\":\"sv-SE\"}]}<\/script>\n<!-- \/ Yoast SEO plugin. -->","yoast_head_json":{"title":"Matavfall - Fredheim Maskin","robots":{"index":"index","follow":"follow","max-snippet":"max-snippet:-1","max-image-preview":"max-image-preview:large","max-video-preview":"max-video-preview:-1"},"canonical":"https:\/\/fredheim-maskin.no\/sv\/maskiner\/neuenhauser\/i-produktion\/matavfall\/","og_locale":"sv_SE","og_type":"article","og_title":"Matavfall - Fredheim Maskin","og_description":"Matavfall Matavfall brukes til kompostering eller for \u00e5 lage biogass. Utfordring er \u00e5 fjerne forurensingen som plast og jord (biogass) p\u00e5 en effektiv m\u00e5te. Neuenhauser leverer utstyr til hele prosessen. [&hellip;]","og_url":"https:\/\/fredheim-maskin.no\/sv\/maskiner\/neuenhauser\/i-produktion\/matavfall\/","og_site_name":"Fredheim Maskin","article_modified_time":"2024-03-05T21:48:25+00:00","og_image":[{"url":"https:\/\/fredheim-maskin.no\/wp-content\/uploads\/2024\/03\/Matavfall.jpg","type":"","width":"","height":""}],"twitter_card":"summary_large_image","schema":{"@context":"https:\/\/schema.org","@graph":[{"@type":"WebPage","@id":"https:\/\/fredheim-maskin.no\/maskiner\/neuenhauser\/i-produksjon\/matavfall\/","url":"https:\/\/fredheim-maskin.no\/maskiner\/neuenhauser\/i-produksjon\/matavfall\/","name":"Matavfall - Fredheim Maskin","isPartOf":{"@id":"https:\/\/fredheim-maskin.no\/#website"},"primaryImageOfPage":{"@id":"https:\/\/fredheim-maskin.no\/maskiner\/neuenhauser\/i-produksjon\/matavfall\/#primaryimage"},"image":{"@id":"https:\/\/fredheim-maskin.no\/maskiner\/neuenhauser\/i-produksjon\/matavfall\/#primaryimage"},"thumbnailUrl":"https:\/\/fredheim-maskin.no\/wp-content\/uploads\/2024\/03\/Matavfall.jpg","datePublished":"2024-03-04T10:11:59+00:00","dateModified":"2024-03-05T21:48:25+00:00","breadcrumb":{"@id":"https:\/\/fredheim-maskin.no\/maskiner\/neuenhauser\/i-produksjon\/matavfall\/#breadcrumb"},"inLanguage":"sv-SE","potentialAction":[{"@type":"ReadAction","target":["https:\/\/fredheim-maskin.no\/maskiner\/neuenhauser\/i-produksjon\/matavfall\/"]}]},{"@type":"ImageObject","inLanguage":"sv-SE","@id":"https:\/\/fredheim-maskin.no\/maskiner\/neuenhauser\/i-produksjon\/matavfall\/#primaryimage","url":"https:\/\/fredheim-maskin.no\/wp-content\/uploads\/2024\/03\/Matavfall.jpg","contentUrl":"https:\/\/fredheim-maskin.no\/wp-content\/uploads\/2024\/03\/Matavfall.jpg"},{"@type":"BreadcrumbList","@id":"https:\/\/fredheim-maskin.no\/maskiner\/neuenhauser\/i-produksjon\/matavfall\/#breadcrumb","itemListElement":[{"@type":"ListItem","position":1,"name":"Hjem","item":"https:\/\/fredheim-maskin.no\/"},{"@type":"ListItem","position":2,"name":"Maskiner","item":"https:\/\/fredheim-maskin.no\/maskiner\/"},{"@type":"ListItem","position":3,"name":"Neuenhauser","item":"https:\/\/fredheim-maskin.no\/maskiner\/neuenhauser\/"},{"@type":"ListItem","position":4,"name":"I produksjon","item":"https:\/\/fredheim-maskin.no\/maskiner\/neuenhauser\/i-produksjon\/"},{"@type":"ListItem","position":5,"name":"Matavfall"}]},{"@type":"WebSite","@id":"https:\/\/fredheim-maskin.no\/#website","url":"https:\/\/fredheim-maskin.no\/","name":"Fredheim Maskin","description":"","potentialAction":[{"@type":"SearchAction","target":{"@type":"EntryPoint","urlTemplate":"https:\/\/fredheim-maskin.no\/?s={search_term_string}"},"query-input":{"@type":"PropertyValueSpecification","valueRequired":true,"valueName":"search_term_string"}}],"inLanguage":"sv-SE"}]}},"_links":{"self":[{"href":"https:\/\/fredheim-maskin.no\/sv\/wp-json\/wp\/v2\/pages\/15479","targetHints":{"allow":["GET"]}}],"collection":[{"href":"https:\/\/fredheim-maskin.no\/sv\/wp-json\/wp\/v2\/pages"}],"about":[{"href":"https:\/\/fredheim-maskin.no\/sv\/wp-json\/wp\/v2\/types\/page"}],"author":[{"embeddable":true,"href":"https:\/\/fredheim-maskin.no\/sv\/wp-json\/wp\/v2\/users\/1"}],"replies":[{"embeddable":true,"href":"https:\/\/fredheim-maskin.no\/sv\/wp-json\/wp\/v2\/comments?post=15479"}],"version-history":[{"count":3,"href":"https:\/\/fredheim-maskin.no\/sv\/wp-json\/wp\/v2\/pages\/15479\/revisions"}],"predecessor-version":[{"id":15612,"href":"https:\/\/fredheim-maskin.no\/sv\/wp-json\/wp\/v2\/pages\/15479\/revisions\/15612"}],"up":[{"embeddable":true,"href":"https:\/\/fredheim-maskin.no\/sv\/wp-json\/wp\/v2\/pages\/2101"}],"wp:attachment":[{"href":"https:\/\/fredheim-maskin.no\/sv\/wp-json\/wp\/v2\/media?parent=15479"}],"curies":[{"name":"wp","href":"https:\/\/api.w.org\/{rel}","templated":true}]}}