{"id":16409,"date":"2024-06-28T15:00:09","date_gmt":"2024-06-28T13:00:09","guid":{"rendered":"https:\/\/fredheim-maskin.no\/?page_id=16409"},"modified":"2024-08-09T08:15:36","modified_gmt":"2024-08-09T06:15:36","slug":"wermlands-maskinmassa-2024","status":"publish","type":"page","link":"https:\/\/fredheim-maskin.no\/sv\/wermlands-maskinmassa-2024\/","title":{"rendered":"Wermlands Maskinm\u00e4ssa 2024"},"content":{"rendered":"<div class=\"hide-on-norwegian wp-block-group eplus-wrapper\"><div class=\"wp-block-group__inner-container is-layout-constrained wp-block-group-is-layout-constrained\"><div class=\"wp-block-columns eplus-wrapper is-layout-flex wp-container-core-columns-is-layout-9d6595d7 wp-block-columns-is-layout-flex eplus-styles-uid-68509b\">\n<div class=\"wp-block-column eplus-wrapper is-layout-flow wp-block-column-is-layout-flow\" style=\"flex-basis:10%\"><\/div>\n\n\n\n<div class=\"wp-block-column eplus-wrapper is-layout-flow wp-block-column-is-layout-flow\" style=\"flex-basis:80%\"><figure class=\"wp-block-image alignwide size-full eplus-wrapper eplus-styles-uid-1d5bdb\"><img decoding=\"async\" width=\"1280\" height=\"670\" src=\"https:\/\/fredheim-maskin.no\/wp-content\/uploads\/2024\/07\/logo.jpg\" alt=\"Wermlands Maskinm\u00e4ssa\" class=\"wp-image-16433\" srcset=\"https:\/\/fredheim-maskin.no\/wp-content\/uploads\/2024\/07\/logo.jpg 1280w, https:\/\/fredheim-maskin.no\/wp-content\/uploads\/2024\/07\/logo-300x157.jpg 300w, https:\/\/fredheim-maskin.no\/wp-content\/uploads\/2024\/07\/logo-1024x536.jpg 1024w, https:\/\/fredheim-maskin.no\/wp-content\/uploads\/2024\/07\/logo-768x402.jpg 768w, https:\/\/fredheim-maskin.no\/wp-content\/uploads\/2024\/07\/logo-18x9.jpg 18w\" sizes=\"(max-width: 1280px) 100vw, 1280px\" \/><\/figure>\n\n\n<div style=\"height:50px\" aria-hidden=\"true\" class=\"wp-block-spacer eplus-wrapper\"><\/div>\n\n\n\n<h1 class=\"wp-block-heading alignwide has-text-align-center eplus-wrapper\">Wermlands Maskinm\u00e4ssa 2024<\/h1>\n\n\n\n<div style=\"height:15px\" aria-hidden=\"true\" class=\"wp-block-spacer eplus-wrapper\"><\/div>\n\n\n\n<h4 class=\"wp-block-heading has-text-align-center eplus-wrapper\">H\u00e4r f\u00e5r du en f\u00f6rtitt p\u00e5 de senaste innovationerna inom tunga maskiner, stenkrossar och transport\u00f6rer. <\/h4>\n\n\n\n<div style=\"height:15px\" aria-hidden=\"true\" class=\"wp-block-spacer eplus-wrapper\"><\/div>\n\n\n\n<p class=\"has-text-align-center eplus-wrapper\">M\u00e4ssan erbjuder en unik m\u00f6jlighet se maskiner i action med fokus p\u00e5 elektrifiering av entreprenadbranschen. N\u00e4tverka med experter och g\u00f6r denna dag minnesv\u00e4rd och inspirerande!<br><br>FREDAG KL 10-17 &amp; L\u00d6RDAG KL 10-15<br>P\u00c5 FREDHEIM MASKIN, NY\u00c4NGEN, GRUMS<\/p>\n\n\n\n<div style=\"height:50px\" aria-hidden=\"true\" class=\"wp-block-spacer eplus-wrapper\"><\/div>\n\n\n\n<figure class=\"wp-block-table eplus-wrapper\"><table class=\"has-fixed-layout\"><tbody><tr><td><strong>Arrang\u00f6r<\/strong><\/td><td>Fredheim Maskin AB<\/td><\/tr><tr><td>Med arrang\u00f6r<\/td><td>KEWAB v\u00e4rmland AB<br>Ulriks Entrepernad AB<\/td><\/tr><tr><td><\/td><td><\/td><\/tr><tr><td><strong>Utst\u00e4llare<\/strong><\/td><td><\/td><\/tr><tr><td>Fredheim Maskin AB<\/td><td>Vi bedriver f\u00f6rs\u00e4ljning, uthyrning och service av kross- &amp; sorteringsverk i norden. V\u00e5ra m\u00e4rken \u00e4r. Sandvik Mobile, Keestrack, Telestack, Kross &amp; Sorteringsverk<\/td><\/tr><tr><td>Lecab Lastbil AB<\/td><td>Scania Lastbilar<\/td><\/tr><tr><td>Helmia<\/td><td>Volvo Lastbilar<\/td><\/tr><tr><td>Swecon<\/td><td>Volvo Gr\u00e4vmaskiner, Hjullastare<\/td><\/tr><tr><td>Zeppelin<\/td><td>CAT Gr\u00e4vmaskiner, Hjullastare<\/td><\/tr><tr><td>Maskin V\u00e4st AB\u00a0<\/td><td>Komatsu Gr\u00e4vmaskiner, Hjullastare<\/td><\/tr><tr><td>Helmia Transportbilar\u00a0\u00a0<\/td><td>Renault<\/td><\/tr><tr><td>Lecab Transportbilar<\/td><td>Volkswagen<\/td><\/tr><tr><td>Wafab Bil<\/td><td>Maximus<\/td><\/tr><tr><td>iKredit <\/td><td>Vi skr\u00e4ddarsyr finansierings\u00acl\u00f6sningar f\u00f6r dig<br>Vi \u00e4r ett kund fokuserat och aff\u00e4rsdrivet bolag specialiserade p\u00e5 unikt utformade finansieringsl\u00f6sningar.<br><br>Med hj\u00e4lp av skr\u00e4ddarsydda l\u00f6sningar f\u00e5r du tillg\u00e5ng till den b\u00e4sta utrustningen utan att binda kapital eller f\u00f6rs\u00e4mra nyckeltalen.<br>Finansiering m\u00f6jligg\u00f6r vi i n\u00e4ra samarbete med banker, finansinstitut och f\u00f6rs\u00e4kringsbolag.<br><br>Varje f\u00f6retag och varje situation \u00e4r unik och d\u00e4rf\u00f6r str\u00e4var vi alltid efter att s\u00e4tta oss in i dina specifika behov.<br>Allt f\u00f6r att du ska n\u00e5 dina m\u00e5l och vi ska kunna erbjuda anpassade l\u00f6sningar f\u00f6r att du ska n\u00e5 m\u00e5len. Vi erbjuder konsultation och hj\u00e4lper dig hitta de r\u00e4tta alternativen f\u00f6r din verksamhet.<\/td><\/tr><tr><td>Tacting  <\/td><td>Tacting \u00e4r en n\u00e4ra och helt\u00e4ckande samarbetspartner inom kompetensf\u00f6rs\u00f6rjning f\u00f6r alla branscher och segment. Med l\u00e5ng erfarenhet och kvalificerad kompetens inom omr\u00e5det erbjuder vi b\u00e5de branschbredd och spetskompetens, vilket g\u00f6r oss till en viktig partner. Vi jobbar som en redovisningsbyr\u00e5 men ist\u00e4llet f\u00f6r ekonomi \u00e4r v\u00e5r expertis ist\u00e4llet allt inom HR och rekrytering.<br><br>Vi har f\u00f6rm\u00e5gan att anpassa oss och snabbt hitta l\u00f6sningar som ger en kostnadseffektivitet till v\u00e5ra partners. Valet av en HR- och rekryteringspartner \u00e4r idag avg\u00f6rande f\u00f6r verksamheters l\u00f6nsamhet, resultat och utveckling. Rekrytering \u00e4r en stor investering, och felrekryteringar kan inneb\u00e4ra betydande kostnader, b\u00e5de ekonomiskt och organisatoriskt.<br><br>F\u00f6r att s\u00e4kerst\u00e4lla kvaliteten p\u00e5 v\u00e5ra tj\u00e4nster har vi p\u00e5 Tacting valt att kvalitetss\u00e4kra v\u00e5r kompetens via Den Norske Veritas (DNV), n\u00e5got som vi n\u00e4stan \u00e4r ensamma om i landet. Detta ger oss m\u00f6jlighet att erbjuda ett gott beslutsst\u00f6d, vilket ger v\u00e5ra kunder trygghet och kvalificerade r\u00e5d inom b\u00e5de rekrytering och HR-omr\u00e5det. Vi \u00e4r mycket stolta \u00f6ver det samarbete vi har med Fredheim Maskin, Kewab V\u00e4rmland och Ulriks Entreprenad AB<\/td><\/tr><tr><td>OJ:s V\u00e5gsystem\u00a0\u00a0\u00a0<\/td><td>Vi v\u00e4ger ert material och erbjuder produktionsverktyg online \u2013 Fredheims maskiner g\u00e5r att k\u00f6pa med v\u00e5rt v\u00e5gsysytem<\/td><\/tr><tr><td>Entrack AB<\/td><td><\/td><\/tr><tr><td>CabSecur Sweden AB \/XploSafes<\/td><td>CabSecur Sweden AB s\u00e4ljer XploSafe A\/S snabbt utbytbara f\u00f6rarhyttsrutor i Sverige<\/td><\/tr><\/tbody><\/table><\/figure>\n\n\n\n<div style=\"height:30px\" aria-hidden=\"true\" class=\"wp-block-spacer eplus-wrapper\"><\/div>\n\n\n\n<figure class=\"wp-embed-aspect-4-3 wp-has-aspect-ratio wp-block-embed is-type-video is-provider-youtube wp-block-embed-youtube eplus-wrapper\"><div class=\"wp-block-embed__wrapper\">\n<iframe loading=\"lazy\" title=\"Wermlands Maskinm\u00e4ssa 2024\" width=\"640\" height=\"480\" src=\"https:\/\/www.youtube.com\/embed\/CEciVZ3E9OM?feature=oembed\" frameborder=\"0\" allow=\"accelerometer; autoplay; clipboard-write; encrypted-media; gyroscope; picture-in-picture; web-share\" referrerpolicy=\"strict-origin-when-cross-origin\" allowfullscreen><\/iframe>\n<\/div><\/figure>\n\n\n\n<div class=\"wp-block-buttons eplus-wrapper is-layout-flex wp-block-buttons-is-layout-flex\"><div class=\"wp-block-button eplus-wrapper eplus-styles-uid-85420c\"><a class=\"wp-block-button__link has-black-color has-orange-background-color has-text-color has-background has-link-color wp-element-button\" href=\"https:\/\/registration.tappin.no\/register\/maskinmassa2024\">Anm\u00e4l dig till Wermlands Maskinm\u00e4ssa 2024<\/a><\/div><\/div>\n\n\n\n<div style=\"height:30px\" aria-hidden=\"true\" class=\"wp-block-spacer eplus-wrapper\"><\/div>\n\n\n\n<figure class=\"wp-block-image is-resized eplus-wrapper\"><img decoding=\"async\" width=\"1000\" height=\"1000\" src=\"https:\/\/fredheim-maskin.no\/wp-content\/uploads\/2024\/07\/Fredheim-Maskin-Wermlands-Maskinmassa-2024-1.jpg\" alt=\"Wermlands Maskinm\u00e4ssa QR\" class=\"wp-image-16461\" style=\"width:297px;height:auto\" srcset=\"https:\/\/fredheim-maskin.no\/wp-content\/uploads\/2024\/07\/Fredheim-Maskin-Wermlands-Maskinmassa-2024-1.jpg 1000w, https:\/\/fredheim-maskin.no\/wp-content\/uploads\/2024\/07\/Fredheim-Maskin-Wermlands-Maskinmassa-2024-1-300x300.jpg 300w, https:\/\/fredheim-maskin.no\/wp-content\/uploads\/2024\/07\/Fredheim-Maskin-Wermlands-Maskinmassa-2024-1-150x150.jpg 150w, https:\/\/fredheim-maskin.no\/wp-content\/uploads\/2024\/07\/Fredheim-Maskin-Wermlands-Maskinmassa-2024-1-768x768.jpg 768w, https:\/\/fredheim-maskin.no\/wp-content\/uploads\/2024\/07\/Fredheim-Maskin-Wermlands-Maskinmassa-2024-1-12x12.jpg 12w\" sizes=\"(max-width: 1000px) 100vw, 1000px\" \/><figcaption class=\"wp-element-caption\">Wermlands Maskinm\u00e4ssa QR &#8211; Scanna koden f\u00f6r enkel registrering. <\/figcaption><\/figure>\n<\/div>\n\n\n\n<div class=\"wp-block-column eplus-wrapper is-layout-flow wp-block-column-is-layout-flow\" style=\"flex-basis:10%\"><\/div>\n<\/div><\/div><\/div>\n\n\n\n<div style=\"height:100px\" aria-hidden=\"true\" class=\"wp-block-spacer eplus-wrapper\"><\/div>","protected":false},"excerpt":{"rendered":"<p>Wermlands Maskinm\u00e4ssa 2024 H\u00e4r f\u00e5r du en f\u00f6rtitt p\u00e5 de senaste innovationerna inom tunga maskiner, stenkrossar och transport\u00f6rer. M\u00e4ssan erbjuder en unik m\u00f6jlighet se maskiner i action med fokus p\u00e5 [&hellip;]<\/p>\n","protected":false},"author":1,"featured_media":0,"parent":0,"menu_order":0,"comment_status":"closed","ping_status":"closed","template":"","meta":{"_editorskit_title_hidden":false,"_editorskit_reading_time":0,"_editorskit_is_block_options_detached":false,"_editorskit_block_options_position":"{}","inline_featured_image":false,"editor_plus_copied_stylings":"{}","footnotes":""},"class_list":["post-16409","page","type-page","status-publish","hentry"],"featured_image_src":null,"yoast_head":"<!-- This site is optimized with the Yoast SEO plugin v27.3 - https:\/\/yoast.com\/product\/yoast-seo-wordpress\/ -->\n<title>Wermlands Maskinm\u00e4ssa 2024 - Fredheim Maskin<\/title>\n<meta name=\"robots\" content=\"index, follow, max-snippet:-1, max-image-preview:large, max-video-preview:-1\" \/>\n<link rel=\"canonical\" href=\"https:\/\/fredheim-maskin.no\/sv\/wermlands-maskinmassa-2024\/\" \/>\n<meta property=\"og:locale\" content=\"sv_SE\" \/>\n<meta property=\"og:type\" content=\"article\" \/>\n<meta property=\"og:title\" content=\"Wermlands Maskinm\u00e4ssa 2024 - Fredheim Maskin\" \/>\n<meta property=\"og:description\" content=\"Wermlands Maskinm\u00e4ssa 2024 H\u00e4r f\u00e5r du en f\u00f6rtitt p\u00e5 de senaste innovationerna inom tunga maskiner, stenkrossar och transport\u00f6rer. M\u00e4ssan erbjuder en unik m\u00f6jlighet se maskiner i action med fokus p\u00e5 [&hellip;]\" \/>\n<meta property=\"og:url\" content=\"https:\/\/fredheim-maskin.no\/sv\/wermlands-maskinmassa-2024\/\" \/>\n<meta property=\"og:site_name\" content=\"Fredheim Maskin\" \/>\n<meta property=\"article:modified_time\" content=\"2024-08-09T06:15:36+00:00\" \/>\n<meta property=\"og:image\" content=\"https:\/\/fredheim-maskin.no\/wp-content\/uploads\/2024\/07\/logo.jpg\" \/>\n<meta name=\"twitter:card\" content=\"summary_large_image\" \/>\n<meta name=\"twitter:label1\" content=\"Ber\u00e4knad l\u00e4stid\" \/>\n\t<meta name=\"twitter:data1\" content=\"3 minuter\" \/>\n<script type=\"application\/ld+json\" class=\"yoast-schema-graph\">{\"@context\":\"https:\\\/\\\/schema.org\",\"@graph\":[{\"@type\":\"WebPage\",\"@id\":\"https:\\\/\\\/fredheim-maskin.no\\\/wermlands-maskinmassa-2024\\\/\",\"url\":\"https:\\\/\\\/fredheim-maskin.no\\\/wermlands-maskinmassa-2024\\\/\",\"name\":\"Wermlands Maskinm\u00e4ssa 2024 - Fredheim Maskin\",\"isPartOf\":{\"@id\":\"https:\\\/\\\/fredheim-maskin.no\\\/#website\"},\"primaryImageOfPage\":{\"@id\":\"https:\\\/\\\/fredheim-maskin.no\\\/wermlands-maskinmassa-2024\\\/#primaryimage\"},\"image\":{\"@id\":\"https:\\\/\\\/fredheim-maskin.no\\\/wermlands-maskinmassa-2024\\\/#primaryimage\"},\"thumbnailUrl\":\"https:\\\/\\\/fredheim-maskin.no\\\/wp-content\\\/uploads\\\/2024\\\/07\\\/logo.jpg\",\"datePublished\":\"2024-06-28T13:00:09+00:00\",\"dateModified\":\"2024-08-09T06:15:36+00:00\",\"breadcrumb\":{\"@id\":\"https:\\\/\\\/fredheim-maskin.no\\\/wermlands-maskinmassa-2024\\\/#breadcrumb\"},\"inLanguage\":\"sv-SE\",\"potentialAction\":[{\"@type\":\"ReadAction\",\"target\":[\"https:\\\/\\\/fredheim-maskin.no\\\/wermlands-maskinmassa-2024\\\/\"]}]},{\"@type\":\"ImageObject\",\"inLanguage\":\"sv-SE\",\"@id\":\"https:\\\/\\\/fredheim-maskin.no\\\/wermlands-maskinmassa-2024\\\/#primaryimage\",\"url\":\"https:\\\/\\\/fredheim-maskin.no\\\/wp-content\\\/uploads\\\/2024\\\/07\\\/logo.jpg\",\"contentUrl\":\"https:\\\/\\\/fredheim-maskin.no\\\/wp-content\\\/uploads\\\/2024\\\/07\\\/logo.jpg\"},{\"@type\":\"BreadcrumbList\",\"@id\":\"https:\\\/\\\/fredheim-maskin.no\\\/wermlands-maskinmassa-2024\\\/#breadcrumb\",\"itemListElement\":[{\"@type\":\"ListItem\",\"position\":1,\"name\":\"Hjem\",\"item\":\"https:\\\/\\\/fredheim-maskin.no\\\/\"},{\"@type\":\"ListItem\",\"position\":2,\"name\":\"Wermlands Maskinm\u00e4ssa 2024\"}]},{\"@type\":\"WebSite\",\"@id\":\"https:\\\/\\\/fredheim-maskin.no\\\/#website\",\"url\":\"https:\\\/\\\/fredheim-maskin.no\\\/\",\"name\":\"Fredheim Maskin\",\"description\":\"\",\"potentialAction\":[{\"@type\":\"SearchAction\",\"target\":{\"@type\":\"EntryPoint\",\"urlTemplate\":\"https:\\\/\\\/fredheim-maskin.no\\\/?s={search_term_string}\"},\"query-input\":{\"@type\":\"PropertyValueSpecification\",\"valueRequired\":true,\"valueName\":\"search_term_string\"}}],\"inLanguage\":\"sv-SE\"}]}<\/script>\n<!-- \/ Yoast SEO plugin. -->","yoast_head_json":{"title":"Wermlands Maskinm\u00e4ssa 2024 - Fredheim Maskin","robots":{"index":"index","follow":"follow","max-snippet":"max-snippet:-1","max-image-preview":"max-image-preview:large","max-video-preview":"max-video-preview:-1"},"canonical":"https:\/\/fredheim-maskin.no\/sv\/wermlands-maskinmassa-2024\/","og_locale":"sv_SE","og_type":"article","og_title":"Wermlands Maskinm\u00e4ssa 2024 - Fredheim Maskin","og_description":"Wermlands Maskinm\u00e4ssa 2024 H\u00e4r f\u00e5r du en f\u00f6rtitt p\u00e5 de senaste innovationerna inom tunga maskiner, stenkrossar och transport\u00f6rer. M\u00e4ssan erbjuder en unik m\u00f6jlighet se maskiner i action med fokus p\u00e5 [&hellip;]","og_url":"https:\/\/fredheim-maskin.no\/sv\/wermlands-maskinmassa-2024\/","og_site_name":"Fredheim Maskin","article_modified_time":"2024-08-09T06:15:36+00:00","og_image":[{"url":"https:\/\/fredheim-maskin.no\/wp-content\/uploads\/2024\/07\/logo.jpg","type":"","width":"","height":""}],"twitter_card":"summary_large_image","twitter_misc":{"Ber\u00e4knad l\u00e4stid":"3 minuter"},"schema":{"@context":"https:\/\/schema.org","@graph":[{"@type":"WebPage","@id":"https:\/\/fredheim-maskin.no\/wermlands-maskinmassa-2024\/","url":"https:\/\/fredheim-maskin.no\/wermlands-maskinmassa-2024\/","name":"Wermlands Maskinm\u00e4ssa 2024 - Fredheim Maskin","isPartOf":{"@id":"https:\/\/fredheim-maskin.no\/#website"},"primaryImageOfPage":{"@id":"https:\/\/fredheim-maskin.no\/wermlands-maskinmassa-2024\/#primaryimage"},"image":{"@id":"https:\/\/fredheim-maskin.no\/wermlands-maskinmassa-2024\/#primaryimage"},"thumbnailUrl":"https:\/\/fredheim-maskin.no\/wp-content\/uploads\/2024\/07\/logo.jpg","datePublished":"2024-06-28T13:00:09+00:00","dateModified":"2024-08-09T06:15:36+00:00","breadcrumb":{"@id":"https:\/\/fredheim-maskin.no\/wermlands-maskinmassa-2024\/#breadcrumb"},"inLanguage":"sv-SE","potentialAction":[{"@type":"ReadAction","target":["https:\/\/fredheim-maskin.no\/wermlands-maskinmassa-2024\/"]}]},{"@type":"ImageObject","inLanguage":"sv-SE","@id":"https:\/\/fredheim-maskin.no\/wermlands-maskinmassa-2024\/#primaryimage","url":"https:\/\/fredheim-maskin.no\/wp-content\/uploads\/2024\/07\/logo.jpg","contentUrl":"https:\/\/fredheim-maskin.no\/wp-content\/uploads\/2024\/07\/logo.jpg"},{"@type":"BreadcrumbList","@id":"https:\/\/fredheim-maskin.no\/wermlands-maskinmassa-2024\/#breadcrumb","itemListElement":[{"@type":"ListItem","position":1,"name":"Hjem","item":"https:\/\/fredheim-maskin.no\/"},{"@type":"ListItem","position":2,"name":"Wermlands Maskinm\u00e4ssa 2024"}]},{"@type":"WebSite","@id":"https:\/\/fredheim-maskin.no\/#website","url":"https:\/\/fredheim-maskin.no\/","name":"Fredheim Maskin","description":"","potentialAction":[{"@type":"SearchAction","target":{"@type":"EntryPoint","urlTemplate":"https:\/\/fredheim-maskin.no\/?s={search_term_string}"},"query-input":{"@type":"PropertyValueSpecification","valueRequired":true,"valueName":"search_term_string"}}],"inLanguage":"sv-SE"}]}},"_links":{"self":[{"href":"https:\/\/fredheim-maskin.no\/sv\/wp-json\/wp\/v2\/pages\/16409","targetHints":{"allow":["GET"]}}],"collection":[{"href":"https:\/\/fredheim-maskin.no\/sv\/wp-json\/wp\/v2\/pages"}],"about":[{"href":"https:\/\/fredheim-maskin.no\/sv\/wp-json\/wp\/v2\/types\/page"}],"author":[{"embeddable":true,"href":"https:\/\/fredheim-maskin.no\/sv\/wp-json\/wp\/v2\/users\/1"}],"replies":[{"embeddable":true,"href":"https:\/\/fredheim-maskin.no\/sv\/wp-json\/wp\/v2\/comments?post=16409"}],"version-history":[{"count":62,"href":"https:\/\/fredheim-maskin.no\/sv\/wp-json\/wp\/v2\/pages\/16409\/revisions"}],"predecessor-version":[{"id":16536,"href":"https:\/\/fredheim-maskin.no\/sv\/wp-json\/wp\/v2\/pages\/16409\/revisions\/16536"}],"wp:attachment":[{"href":"https:\/\/fredheim-maskin.no\/sv\/wp-json\/wp\/v2\/media?parent=16409"}],"curies":[{"name":"wp","href":"https:\/\/api.w.org\/{rel}","templated":true}]}}