{"id":16910,"date":"2025-05-22T08:41:41","date_gmt":"2025-05-22T06:41:41","guid":{"rendered":"https:\/\/fredheim-maskin.no\/?page_id=16910"},"modified":"2025-05-22T10:56:47","modified_gmt":"2025-05-22T08:56:47","slug":"ts642r","status":"publish","type":"page","link":"https:\/\/fredheim-maskin.no\/sv\/maskiner\/telestack\/radiell-teleskop-transportorer\/ts642r\/","title":{"rendered":"TS642R"},"content":{"rendered":"<div class=\"cs-medium bg-hero wp-block-group alignfull has-dark-cobolt-background-color has-background eplus-wrapper\"><div class=\"wp-block-group__inner-container is-layout-constrained wp-block-group-is-layout-constrained\">\n<div class=\"wp-block-group eplus-wrapper\"><div class=\"wp-block-group__inner-container is-layout-constrained wp-block-group-is-layout-constrained\"><div class=\"wp-block-columns are-vertically-aligned-center eplus-wrapper is-layout-flex wp-container-core-columns-is-layout-9d6595d7 wp-block-columns-is-layout-flex eplus-styles-uid-419a98\">\n<div class=\"wp-block-column is-vertically-aligned-center eplus-wrapper is-layout-flow wp-block-column-is-layout-flow\">\n<figure class=\"container-rounded-corners wp-block-image size-full eplus-wrapper\"><img decoding=\"async\" src=\"https:\/\/fredheim-maskin.no\/wp-content\/uploads\/2025\/05\/TS642R-Aggstack-2.jpg\" alt=\"\" class=\"wp-image-16922\"><\/figure>\n<\/div>\n\n\n\n<div class=\"hide-mobile wp-block-column eplus-wrapper is-layout-flow wp-block-column-is-layout-flow\" style=\"flex-basis:15px\"><\/div>\n\n\n\n<div class=\"wp-block-column is-vertically-aligned-center eplus-wrapper is-layout-flow wp-block-column-is-layout-flow\">\n<div style=\"height:90px\" aria-hidden=\"true\" class=\"hide-mobile wp-block-spacer eplus-wrapper\"><\/div>\n\n\n\n<h1 class=\"wp-block-heading has-white-color has-text-color eplus-wrapper\">TS642R<\/h1>\n\n\n<ul class=\"wp-block-list has-white-color has-text-color eplus-wrapper eplus-styles-uid-18c820\">\n<li class=\"eplus-wrapper\">B\u00e5ndlengde 42 meter, bredde 0,9 meter<\/li>\n\n\n\n<li class=\"eplus-wrapper\">Kapacitet: Upp till 600 ton\/h<\/li>\n\n\n\n<li class=\"eplus-wrapper\">Opplagskapasitet: 97 000 (270\u00b0)<\/li>\n\n\n\n<li class=\"eplus-wrapper\">Hjul til radiell sving<\/li>\n\n\n\n<li class=\"eplus-wrapper\">Kan produsere via nettstr\u00f8m\/ ekstern str\u00f8m<\/li>\n<\/ul>\n\n\n<div style=\"height:90px\" aria-hidden=\"true\" class=\"hide-mobile wp-block-spacer eplus-wrapper\"><\/div>\n<\/div>\n<\/div><\/div><\/div>\n<\/div><\/div>\n\n\n\n<div style=\"height:50px\" aria-hidden=\"true\" class=\"wp-block-spacer eplus-wrapper\"><\/div>\n\n\n\n<div class=\"wp-block-group eplus-wrapper\"><div class=\"wp-block-group__inner-container is-layout-constrained wp-block-group-is-layout-constrained\"><div class=\"wp-block-columns eplus-wrapper is-layout-flex wp-container-core-columns-is-layout-9d6595d7 wp-block-columns-is-layout-flex eplus-styles-uid-2bbf25\">\n<div class=\"wp-block-column eplus-wrapper is-layout-flow wp-block-column-is-layout-flow\"><\/div>\n\n\n\n<div class=\"wp-block-column eplus-wrapper is-layout-flow wp-block-column-is-layout-flow\"><ul class=\"wp-block-list eplus-wrapper eplus-styles-uid-2315b0\">\n<li class=\"eplus-wrapper\">Teleskop ger 30% mer cirkulation \u00e4n en rak staplare<\/li>\n\n\n\n<li class=\"eplus-wrapper\">Radialfunktion ger betydligt mer cirkulation \u00e4n standard stacker<\/li>\n\n\n\n<li class=\"eplus-wrapper\">Sj\u00e4lvg\u00e5ende f\u00f6rvaring f\u00f6r mindre separation och mindre st\u00f6tskador <\/li>\n\n\n\n<li class=\"eplus-wrapper\">Undvik extra masshantering, \u00f6ka effektiviteten och minska kostnaderna<\/li>\n\n\n\n<li class=\"eplus-wrapper\">Minska dammproblemet<\/li>\n\n\n\n<li class=\"eplus-wrapper\">\u00d6ka s\u00e4kerheten<\/li>\n\n\n\n<li class=\"eplus-wrapper\">H\u00f6g flexibilitet<\/li>\n\n\n\n<li class=\"eplus-wrapper\">Kan anv\u00e4ndas f\u00f6r lastning av fartyg, f\u00f6r upplag eller som transportl\u00e4nk<\/li>\n\n\n\n<li class=\"eplus-wrapper\">Hel-elektrisk drift<\/li>\n<\/ul><\/div>\n<\/div><\/div><\/div>\n\n\n\n<div style=\"height:50px\" aria-hidden=\"true\" class=\"wp-block-spacer eplus-wrapper\"><\/div>\n\n\n\n<div class=\"wp-block-group eplus-wrapper\"><div class=\"wp-block-group__inner-container is-layout-constrained wp-block-group-is-layout-constrained\"><div class=\"wp-block-columns eplus-wrapper is-layout-flex wp-container-core-columns-is-layout-9d6595d7 wp-block-columns-is-layout-flex eplus-styles-uid-e8400c\">\n<div class=\"wp-block-column eplus-wrapper is-layout-flow wp-block-column-is-layout-flow\">\n<div class=\"wp-block-envira-envira-gallery\"><div id=\"envira-gallery-wrap-16927\" class=\"envira-gallery-wrap envira-gallery-theme-base envira-lightbox-theme-base_dark\" itemscope itemtype=\"https:\/\/schema.org\/ImageGallery\"><div data-row-height=\"\" data-gallery-theme=\"\" id=\"envira-gallery-16927\" class=\"envira-gallery-public  envira-gallery-3-columns envira-clear envira-gallery-css-animations\" data-envira-columns=\"3\"><div id=\"envira-gallery-item-16925\" class=\"envira-gallery-item enviratope-item envira-gallery-item-1 envira-lazy-load\" style=\"padding-left: 1px; padding-bottom: 1px; padding-right: 1px;\"  itemscope itemtype=\"https:\/\/schema.org\/ImageObject\"><div class=\"envira-gallery-item-inner\"><div class=\"envira-gallery-position-overlay  envira-gallery-top-left\"><\/div><div class=\"envira-gallery-position-overlay  envira-gallery-top-right\"><\/div><div class=\"envira-gallery-position-overlay  envira-gallery-bottom-left\"><\/div><div class=\"envira-gallery-position-overlay  envira-gallery-bottom-right\"><\/div><a href=\"https:\/\/fredheim-maskin.no\/wp-content\/uploads\/2025\/05\/TS642R-Aggstack-2-1.jpg\" class=\"envira-gallery-16927 envira-gallery-link\" rel=\"enviragallery16927\" title=\"TS642R Aggstack (2)\" data-envira-caption=\"TS642R Aggstack (2)\" data-envira-retina=\"\" data-thumbnail=\"\"  itemprop=\"contentUrl\"><div class=\"envira-lazy\" data-test-width=\"640\" data-test-height=\"480\" style=\"padding-bottom:75%;\"><img decoding=\"async\" id=\"envira-gallery-image-16925\" class=\"envira-gallery-image envira-gallery-image-1\" data-envira-index=\"1\" src=\"https:\/\/fredheim-maskin.no\/wp-content\/uploads\/2025\/05\/TS642R-Aggstack-2-1.jpg\" data-envira-src=\"https:\/\/fredheim-maskin.no\/wp-content\/uploads\/2025\/05\/TS642R-Aggstack-2-1.jpg\" data-envira-gallery-id=\"16927\" data-envira-item-id=\"16925\" data-envira-caption=\"TS642R Aggstack (2)\" alt=\"\" title=\"TS642R Aggstack (2)\"  itemprop=\"thumbnailUrl\" data-envira-srcset=\"https:\/\/fredheim-maskin.no\/wp-content\/uploads\/2025\/05\/TS642R-Aggstack-2-1.jpg 400w,https:\/\/fredheim-maskin.no\/wp-content\/uploads\/2025\/05\/TS642R-Aggstack-2-1.jpg 2x\" srcset=\"data:image\/gif;base64,R0lGODlhAQABAIAAAP\/\/\/\/\/\/\/yH5BAEKAAEALAAAAAABAAEAAAICTAEAOw==\" \/><\/div><\/a><\/div><\/div><div id=\"envira-gallery-item-16926\" class=\"envira-gallery-item enviratope-item envira-gallery-item-2 envira-lazy-load\" style=\"padding-left: 1px; padding-bottom: 1px; padding-right: 1px;\"  itemscope itemtype=\"https:\/\/schema.org\/ImageObject\"><div class=\"envira-gallery-item-inner\"><div class=\"envira-gallery-position-overlay  envira-gallery-top-left\"><\/div><div class=\"envira-gallery-position-overlay  envira-gallery-top-right\"><\/div><div class=\"envira-gallery-position-overlay  envira-gallery-bottom-left\"><\/div><div class=\"envira-gallery-position-overlay  envira-gallery-bottom-right\"><\/div><a href=\"https:\/\/fredheim-maskin.no\/wp-content\/uploads\/2025\/05\/TS642R-Aggstack.jpg\" class=\"envira-gallery-16927 envira-gallery-link\" rel=\"enviragallery16927\" title=\"TS642R Aggstack\" data-envira-caption=\"TS642R Aggstack\" data-envira-retina=\"\" data-thumbnail=\"\"  itemprop=\"contentUrl\"><div class=\"envira-lazy\" data-test-width=\"640\" data-test-height=\"480\" style=\"padding-bottom:75%;\"><img decoding=\"async\" id=\"envira-gallery-image-16926\" class=\"envira-gallery-image envira-gallery-image-2\" data-envira-index=\"2\" src=\"https:\/\/fredheim-maskin.no\/wp-content\/uploads\/2025\/05\/TS642R-Aggstack.jpg\" data-envira-src=\"https:\/\/fredheim-maskin.no\/wp-content\/uploads\/2025\/05\/TS642R-Aggstack.jpg\" data-envira-gallery-id=\"16927\" data-envira-item-id=\"16926\" data-envira-caption=\"TS642R Aggstack\" alt=\"\" title=\"TS642R Aggstack\"  itemprop=\"thumbnailUrl\" data-envira-srcset=\"https:\/\/fredheim-maskin.no\/wp-content\/uploads\/2025\/05\/TS642R-Aggstack.jpg 400w,https:\/\/fredheim-maskin.no\/wp-content\/uploads\/2025\/05\/TS642R-Aggstack.jpg 2x\" srcset=\"data:image\/gif;base64,R0lGODlhAQABAIAAAP\/\/\/\/\/\/\/yH5BAEKAAEALAAAAAABAAEAAAICTAEAOw==\" \/><\/div><\/a><\/div><\/div><div id=\"envira-gallery-item-16924\" class=\"envira-gallery-item enviratope-item envira-gallery-item-3 envira-lazy-load\" style=\"padding-left: 1px; padding-bottom: 1px; padding-right: 1px;\"  itemscope itemtype=\"https:\/\/schema.org\/ImageObject\"><div class=\"envira-gallery-item-inner\"><div class=\"envira-gallery-position-overlay  envira-gallery-top-left\"><\/div><div class=\"envira-gallery-position-overlay  envira-gallery-top-right\"><\/div><div class=\"envira-gallery-position-overlay  envira-gallery-bottom-left\"><\/div><div class=\"envira-gallery-position-overlay  envira-gallery-bottom-right\"><\/div><a href=\"https:\/\/fredheim-maskin.no\/wp-content\/uploads\/2025\/05\/TS642R-Aggstack-3.jpg\" class=\"envira-gallery-16927 envira-gallery-link\" rel=\"enviragallery16927\" title=\"TS642R Aggstack (3)\" data-envira-caption=\"TS642R Aggstack (3)\" data-envira-retina=\"\" data-thumbnail=\"\"  itemprop=\"contentUrl\"><div class=\"envira-lazy\" data-test-width=\"640\" data-test-height=\"480\" style=\"padding-bottom:75%;\"><img decoding=\"async\" id=\"envira-gallery-image-16924\" class=\"envira-gallery-image envira-gallery-image-3\" data-envira-index=\"3\" src=\"https:\/\/fredheim-maskin.no\/wp-content\/uploads\/2025\/05\/TS642R-Aggstack-3.jpg\" data-envira-src=\"https:\/\/fredheim-maskin.no\/wp-content\/uploads\/2025\/05\/TS642R-Aggstack-3.jpg\" data-envira-gallery-id=\"16927\" data-envira-item-id=\"16924\" data-envira-caption=\"TS642R Aggstack (3)\" alt=\"\" title=\"TS642R Aggstack (3)\"  itemprop=\"thumbnailUrl\" data-envira-srcset=\"https:\/\/fredheim-maskin.no\/wp-content\/uploads\/2025\/05\/TS642R-Aggstack-3.jpg 400w,https:\/\/fredheim-maskin.no\/wp-content\/uploads\/2025\/05\/TS642R-Aggstack-3.jpg 2x\" srcset=\"data:image\/gif;base64,R0lGODlhAQABAIAAAP\/\/\/\/\/\/\/yH5BAEKAAEALAAAAAABAAEAAAICTAEAOw==\" \/><\/div><\/a><\/div><\/div><\/div><\/div><noscript><img decoding=\"async\" src=\"https:\/\/fredheim-maskin.no\/wp-content\/uploads\/2025\/05\/TS642R-Aggstack-2-1.jpg\" alt=\"\" \/><img decoding=\"async\" src=\"https:\/\/fredheim-maskin.no\/wp-content\/uploads\/2025\/05\/TS642R-Aggstack.jpg\" alt=\"\" \/><img decoding=\"async\" src=\"https:\/\/fredheim-maskin.no\/wp-content\/uploads\/2025\/05\/TS642R-Aggstack-3.jpg\" alt=\"\" \/><\/noscript><\/div>\n<\/div>\n<\/div><\/div><\/div>\n\n\n\n<div style=\"height:100px\" aria-hidden=\"true\" class=\"wp-block-spacer eplus-wrapper\"><\/div>\n\n\n<div class=\"wp-block-columns eplus-wrapper is-layout-flex wp-container-core-columns-is-layout-9d6595d7 wp-block-columns-is-layout-flex eplus-styles-uid-a1ddc4\">\n<div class=\"wp-block-column eplus-wrapper is-layout-flow wp-block-column-is-layout-flow\"><\/div>\n\n\n\n<div class=\"wp-block-column eplus-wrapper is-layout-flow wp-block-column-is-layout-flow\">\n<figure class=\"wp-embed-aspect-16-9 wp-has-aspect-ratio wp-block-embed is-type-video is-provider-youtube wp-block-embed-youtube eplus-wrapper\"><div class=\"wp-block-embed__wrapper\">\n<iframe loading=\"lazy\" title=\"Telestack TS36-140LT Aggstack Radial Telescopic Conveyor\" width=\"640\" height=\"360\" src=\"https:\/\/www.youtube.com\/embed\/gOSkMu-6tIY?feature=oembed\" frameborder=\"0\" allow=\"accelerometer; autoplay; clipboard-write; encrypted-media; gyroscope; picture-in-picture; web-share\" referrerpolicy=\"strict-origin-when-cross-origin\" allowfullscreen><\/iframe>\n<\/div><\/figure>\n<\/div>\n\n\n\n<div class=\"wp-block-column eplus-wrapper is-layout-flow wp-block-column-is-layout-flow\"><\/div>\n<\/div>","protected":false},"excerpt":{"rendered":"<p>TS642R<\/p>","protected":false},"author":1,"featured_media":0,"parent":1514,"menu_order":0,"comment_status":"closed","ping_status":"closed","template":"","meta":{"_editorskit_title_hidden":false,"_editorskit_reading_time":0,"_editorskit_is_block_options_detached":false,"_editorskit_block_options_position":"{}","inline_featured_image":false,"editor_plus_copied_stylings":"{}","footnotes":""},"class_list":["post-16910","page","type-page","status-publish","hentry"],"featured_image_src":null,"yoast_head":"<!-- This site is optimized with the Yoast SEO plugin v27.4 - https:\/\/yoast.com\/product\/yoast-seo-wordpress\/ -->\n<title>TS642R - Fredheim Maskin<\/title>\n<meta name=\"robots\" content=\"index, follow, max-snippet:-1, max-image-preview:large, max-video-preview:-1\" \/>\n<link rel=\"canonical\" href=\"https:\/\/fredheim-maskin.no\/sv\/maskiner\/telestack\/radiell-teleskop-transportorer\/ts642r\/\" \/>\n<meta property=\"og:locale\" content=\"sv_SE\" \/>\n<meta property=\"og:type\" content=\"article\" \/>\n<meta property=\"og:title\" content=\"TS642R - Fredheim Maskin\" \/>\n<meta property=\"og:description\" content=\"TS642R\" \/>\n<meta property=\"og:url\" content=\"https:\/\/fredheim-maskin.no\/sv\/maskiner\/telestack\/radiell-teleskop-transportorer\/ts642r\/\" \/>\n<meta property=\"og:site_name\" content=\"Fredheim Maskin\" \/>\n<meta property=\"article:modified_time\" content=\"2025-05-22T08:56:47+00:00\" \/>\n<meta name=\"twitter:card\" content=\"summary_large_image\" \/>\n<meta name=\"twitter:label1\" content=\"Ber\u00e4knad l\u00e4stid\" \/>\n\t<meta name=\"twitter:data1\" content=\"1 minut\" \/>\n<script type=\"application\/ld+json\" class=\"yoast-schema-graph\">{\"@context\":\"https:\\\/\\\/schema.org\",\"@graph\":[{\"@type\":\"WebPage\",\"@id\":\"https:\\\/\\\/fredheim-maskin.no\\\/maskiner\\\/telestack\\\/radiell-teleskop-transportorer\\\/ts642r\\\/\",\"url\":\"https:\\\/\\\/fredheim-maskin.no\\\/maskiner\\\/telestack\\\/radiell-teleskop-transportorer\\\/ts642r\\\/\",\"name\":\"TS642R - Fredheim Maskin\",\"isPartOf\":{\"@id\":\"https:\\\/\\\/fredheim-maskin.no\\\/#website\"},\"primaryImageOfPage\":{\"@id\":\"https:\\\/\\\/fredheim-maskin.no\\\/maskiner\\\/telestack\\\/radiell-teleskop-transportorer\\\/ts642r\\\/#primaryimage\"},\"image\":{\"@id\":\"https:\\\/\\\/fredheim-maskin.no\\\/maskiner\\\/telestack\\\/radiell-teleskop-transportorer\\\/ts642r\\\/#primaryimage\"},\"thumbnailUrl\":\"https:\\\/\\\/fredheim-maskin.no\\\/wp-content\\\/uploads\\\/2025\\\/05\\\/TS642R-Aggstack-2.jpg\",\"datePublished\":\"2025-05-22T06:41:41+00:00\",\"dateModified\":\"2025-05-22T08:56:47+00:00\",\"breadcrumb\":{\"@id\":\"https:\\\/\\\/fredheim-maskin.no\\\/maskiner\\\/telestack\\\/radiell-teleskop-transportorer\\\/ts642r\\\/#breadcrumb\"},\"inLanguage\":\"sv-SE\",\"potentialAction\":[{\"@type\":\"ReadAction\",\"target\":[\"https:\\\/\\\/fredheim-maskin.no\\\/maskiner\\\/telestack\\\/radiell-teleskop-transportorer\\\/ts642r\\\/\"]}]},{\"@type\":\"ImageObject\",\"inLanguage\":\"sv-SE\",\"@id\":\"https:\\\/\\\/fredheim-maskin.no\\\/maskiner\\\/telestack\\\/radiell-teleskop-transportorer\\\/ts642r\\\/#primaryimage\",\"url\":\"https:\\\/\\\/fredheim-maskin.no\\\/wp-content\\\/uploads\\\/2025\\\/05\\\/TS642R-Aggstack-2.jpg\",\"contentUrl\":\"https:\\\/\\\/fredheim-maskin.no\\\/wp-content\\\/uploads\\\/2025\\\/05\\\/TS642R-Aggstack-2.jpg\"},{\"@type\":\"BreadcrumbList\",\"@id\":\"https:\\\/\\\/fredheim-maskin.no\\\/maskiner\\\/telestack\\\/radiell-teleskop-transportorer\\\/ts642r\\\/#breadcrumb\",\"itemListElement\":[{\"@type\":\"ListItem\",\"position\":1,\"name\":\"Hjem\",\"item\":\"https:\\\/\\\/fredheim-maskin.no\\\/\"},{\"@type\":\"ListItem\",\"position\":2,\"name\":\"Maskiner\",\"item\":\"https:\\\/\\\/fredheim-maskin.no\\\/maskiner\\\/\"},{\"@type\":\"ListItem\",\"position\":3,\"name\":\"Telestack\",\"item\":\"https:\\\/\\\/fredheim-maskin.no\\\/maskiner\\\/telestack\\\/\"},{\"@type\":\"ListItem\",\"position\":4,\"name\":\"Radiell Teleskop Transport\u00f8rer\",\"item\":\"https:\\\/\\\/fredheim-maskin.no\\\/maskiner\\\/telestack\\\/radiell-teleskop-transportorer\\\/\"},{\"@type\":\"ListItem\",\"position\":5,\"name\":\"TS642R\"}]},{\"@type\":\"WebSite\",\"@id\":\"https:\\\/\\\/fredheim-maskin.no\\\/#website\",\"url\":\"https:\\\/\\\/fredheim-maskin.no\\\/\",\"name\":\"Fredheim Maskin\",\"description\":\"\",\"potentialAction\":[{\"@type\":\"SearchAction\",\"target\":{\"@type\":\"EntryPoint\",\"urlTemplate\":\"https:\\\/\\\/fredheim-maskin.no\\\/?s={search_term_string}\"},\"query-input\":{\"@type\":\"PropertyValueSpecification\",\"valueRequired\":true,\"valueName\":\"search_term_string\"}}],\"inLanguage\":\"sv-SE\"}]}<\/script>\n<!-- \/ Yoast SEO plugin. -->","yoast_head_json":{"title":"TS642R - Fredheim Maskin","robots":{"index":"index","follow":"follow","max-snippet":"max-snippet:-1","max-image-preview":"max-image-preview:large","max-video-preview":"max-video-preview:-1"},"canonical":"https:\/\/fredheim-maskin.no\/sv\/maskiner\/telestack\/radiell-teleskop-transportorer\/ts642r\/","og_locale":"sv_SE","og_type":"article","og_title":"TS642R - Fredheim Maskin","og_description":"TS642R","og_url":"https:\/\/fredheim-maskin.no\/sv\/maskiner\/telestack\/radiell-teleskop-transportorer\/ts642r\/","og_site_name":"Fredheim Maskin","article_modified_time":"2025-05-22T08:56:47+00:00","twitter_card":"summary_large_image","twitter_misc":{"Ber\u00e4knad l\u00e4stid":"1 minut"},"schema":{"@context":"https:\/\/schema.org","@graph":[{"@type":"WebPage","@id":"https:\/\/fredheim-maskin.no\/maskiner\/telestack\/radiell-teleskop-transportorer\/ts642r\/","url":"https:\/\/fredheim-maskin.no\/maskiner\/telestack\/radiell-teleskop-transportorer\/ts642r\/","name":"TS642R - Fredheim Maskin","isPartOf":{"@id":"https:\/\/fredheim-maskin.no\/#website"},"primaryImageOfPage":{"@id":"https:\/\/fredheim-maskin.no\/maskiner\/telestack\/radiell-teleskop-transportorer\/ts642r\/#primaryimage"},"image":{"@id":"https:\/\/fredheim-maskin.no\/maskiner\/telestack\/radiell-teleskop-transportorer\/ts642r\/#primaryimage"},"thumbnailUrl":"https:\/\/fredheim-maskin.no\/wp-content\/uploads\/2025\/05\/TS642R-Aggstack-2.jpg","datePublished":"2025-05-22T06:41:41+00:00","dateModified":"2025-05-22T08:56:47+00:00","breadcrumb":{"@id":"https:\/\/fredheim-maskin.no\/maskiner\/telestack\/radiell-teleskop-transportorer\/ts642r\/#breadcrumb"},"inLanguage":"sv-SE","potentialAction":[{"@type":"ReadAction","target":["https:\/\/fredheim-maskin.no\/maskiner\/telestack\/radiell-teleskop-transportorer\/ts642r\/"]}]},{"@type":"ImageObject","inLanguage":"sv-SE","@id":"https:\/\/fredheim-maskin.no\/maskiner\/telestack\/radiell-teleskop-transportorer\/ts642r\/#primaryimage","url":"https:\/\/fredheim-maskin.no\/wp-content\/uploads\/2025\/05\/TS642R-Aggstack-2.jpg","contentUrl":"https:\/\/fredheim-maskin.no\/wp-content\/uploads\/2025\/05\/TS642R-Aggstack-2.jpg"},{"@type":"BreadcrumbList","@id":"https:\/\/fredheim-maskin.no\/maskiner\/telestack\/radiell-teleskop-transportorer\/ts642r\/#breadcrumb","itemListElement":[{"@type":"ListItem","position":1,"name":"Hjem","item":"https:\/\/fredheim-maskin.no\/"},{"@type":"ListItem","position":2,"name":"Maskiner","item":"https:\/\/fredheim-maskin.no\/maskiner\/"},{"@type":"ListItem","position":3,"name":"Telestack","item":"https:\/\/fredheim-maskin.no\/maskiner\/telestack\/"},{"@type":"ListItem","position":4,"name":"Radiell Teleskop Transport\u00f8rer","item":"https:\/\/fredheim-maskin.no\/maskiner\/telestack\/radiell-teleskop-transportorer\/"},{"@type":"ListItem","position":5,"name":"TS642R"}]},{"@type":"WebSite","@id":"https:\/\/fredheim-maskin.no\/#website","url":"https:\/\/fredheim-maskin.no\/","name":"Fredheim Maskin","description":"","potentialAction":[{"@type":"SearchAction","target":{"@type":"EntryPoint","urlTemplate":"https:\/\/fredheim-maskin.no\/?s={search_term_string}"},"query-input":{"@type":"PropertyValueSpecification","valueRequired":true,"valueName":"search_term_string"}}],"inLanguage":"sv-SE"}]}},"_links":{"self":[{"href":"https:\/\/fredheim-maskin.no\/sv\/wp-json\/wp\/v2\/pages\/16910","targetHints":{"allow":["GET"]}}],"collection":[{"href":"https:\/\/fredheim-maskin.no\/sv\/wp-json\/wp\/v2\/pages"}],"about":[{"href":"https:\/\/fredheim-maskin.no\/sv\/wp-json\/wp\/v2\/types\/page"}],"author":[{"embeddable":true,"href":"https:\/\/fredheim-maskin.no\/sv\/wp-json\/wp\/v2\/users\/1"}],"replies":[{"embeddable":true,"href":"https:\/\/fredheim-maskin.no\/sv\/wp-json\/wp\/v2\/comments?post=16910"}],"version-history":[{"count":9,"href":"https:\/\/fredheim-maskin.no\/sv\/wp-json\/wp\/v2\/pages\/16910\/revisions"}],"predecessor-version":[{"id":16936,"href":"https:\/\/fredheim-maskin.no\/sv\/wp-json\/wp\/v2\/pages\/16910\/revisions\/16936"}],"up":[{"embeddable":true,"href":"https:\/\/fredheim-maskin.no\/sv\/wp-json\/wp\/v2\/pages\/1514"}],"wp:attachment":[{"href":"https:\/\/fredheim-maskin.no\/sv\/wp-json\/wp\/v2\/media?parent=16910"}],"curies":[{"name":"wp","href":"https:\/\/api.w.org\/{rel}","templated":true}]}}