{"id":17362,"date":"2026-02-13T11:01:16","date_gmt":"2026-02-13T10:01:16","guid":{"rendered":"https:\/\/fredheim-maskin.no\/?page_id=17362"},"modified":"2026-02-23T15:30:42","modified_gmt":"2026-02-23T14:30:42","slug":"qh433e","status":"publish","type":"page","link":"https:\/\/fredheim-maskin.no\/sv\/maskiner\/sandvik\/konknuser\/qh433e\/","title":{"rendered":"Sandvik QH443E"},"content":{"rendered":"<div class=\"cs-medium bg-hero wp-block-group alignfull has-dark-cobolt-background-color has-background eplus-wrapper\"><div class=\"wp-block-group__inner-container is-layout-constrained wp-block-group-is-layout-constrained\">\n<div class=\"wp-block-group eplus-wrapper\"><div class=\"wp-block-group__inner-container is-layout-constrained wp-block-group-is-layout-constrained\"><div class=\"wp-block-columns are-vertically-aligned-center eplus-wrapper is-layout-flex wp-container-core-columns-is-layout-9d6595d7 wp-block-columns-is-layout-flex eplus-styles-uid-353c1a\">\n<div class=\"wp-block-column is-vertically-aligned-center eplus-wrapper is-layout-flow wp-block-column-is-layout-flow\">\n<figure class=\"container-rounded-corners wp-block-image size-full eplus-wrapper\"><img decoding=\"async\" width=\"1024\" height=\"681\" src=\"https:\/\/fredheim-maskin.no\/wp-content\/uploads\/2026\/02\/QH443E.jpg\" alt=\"\" class=\"wp-image-17511\" srcset=\"https:\/\/fredheim-maskin.no\/wp-content\/uploads\/2026\/02\/QH443E.jpg 1024w, https:\/\/fredheim-maskin.no\/wp-content\/uploads\/2026\/02\/QH443E-300x200.jpg 300w, https:\/\/fredheim-maskin.no\/wp-content\/uploads\/2026\/02\/QH443E-768x511.jpg 768w, https:\/\/fredheim-maskin.no\/wp-content\/uploads\/2026\/02\/QH443E-18x12.jpg 18w\" sizes=\"(max-width: 1024px) 100vw, 1024px\" \/><\/figure>\n<\/div>\n\n\n\n<div class=\"hide-mobile wp-block-column eplus-wrapper is-layout-flow wp-block-column-is-layout-flow\" style=\"flex-basis:15px\"><\/div>\n\n\n\n<div class=\"wp-block-column is-vertically-aligned-center eplus-wrapper is-layout-flow wp-block-column-is-layout-flow\">\n<div style=\"height:90px\" aria-hidden=\"true\" class=\"hide-mobile wp-block-spacer eplus-wrapper\"><\/div>\n\n\n\n<h1 class=\"wp-block-heading has-white-color has-text-color eplus-wrapper\">Sandvik QH443E (Konknuser)<\/h1>\n\n\n\n<p class=\"has-white-color has-text-color has-link-color eplus-wrapper wp-elements-1f8bee9bb3ccb84cd7eecf6f2bfac426\"><strong>H<\/strong>elt nyutviklet  hel-elektrisk finknuser<\/p>\n\n\n\n<div style=\"height:90px\" aria-hidden=\"true\" class=\"hide-mobile wp-block-spacer eplus-wrapper\"><\/div>\n<\/div>\n<\/div><\/div><\/div>\n<\/div><\/div>\n\n\n\n<div style=\"height:17px\" aria-hidden=\"true\" class=\"wp-block-spacer eplus-wrapper\"><\/div>\n\n\n\n<div class=\"wp-block-group eplus-wrapper\"><div class=\"wp-block-group__inner-container is-layout-constrained wp-block-group-is-layout-constrained\"><div class=\"wp-block-columns eplus-wrapper is-layout-flex wp-container-core-columns-is-layout-9d6595d7 wp-block-columns-is-layout-flex eplus-styles-uid-4851e9\">\n<div class=\"wp-block-column eplus-wrapper is-layout-flow wp-block-column-is-layout-flow\"><\/div>\n\n\n\n<div class=\"wp-block-column eplus-wrapper is-layout-flow wp-block-column-is-layout-flow\"><ul class=\"wp-block-list eplus-wrapper eplus-styles-uid-d9d243\">\n<li class=\"eplus-wrapper\">Mater: 6m3 \/ 10m3<\/li>\n\n\n\n<li class=\"eplus-wrapper\">Knuser: Sandvik CH440<\/li>\n\n\n\n<li class=\"eplus-wrapper\">Inntak: 215mm (andre etter \u00f8nske)<\/li>\n\n\n\n<li class=\"eplus-wrapper\">Spalt: 16-44 (avhengig av kammer)<\/li>\n\n\n\n<li class=\"eplus-wrapper\">Kapasitet: 120-390tonn <\/li>\n\n\n\n<li class=\"eplus-wrapper\">Transport\u00f8r: B\u00e5ndbredde 1.200mm med utlastingsh\u00f8yde 3,7m<\/li>\n\n\n\n<li class=\"eplus-wrapper\">Drift: ekstern str\u00f8m eller onboard genset<\/li>\n\n\n\n<li class=\"eplus-wrapper\">Volvo Steg 5 Diesel \/ HVO med kraftreserve til sikteverk<\/li>\n\n\n\n<li class=\"eplus-wrapper\">Helelektriske funksjoner under drift (mater, knuser og b\u00e5nd)<\/li>\n\n\n\n<li class=\"eplus-wrapper\">Vekt: ca. 51 tonn<\/li>\n\n\n\n<li class=\"eplus-wrapper\">7 \u00e5rs dataoverf\u00f8ring<\/li>\n\n\n\n<li class=\"eplus-wrapper\">Klikk p\u00e5 lenken til QH443E <a href=\"https:\/\/fredheim-maskin.no\/wp-content\/uploads\/2026\/02\/QH443E_Brochure_2025_EN.pdf\" type=\"link\" id=\"https:\/\/fredheim-maskin.no\/wp-content\/uploads\/2026\/02\/QH443E_Techspec_2025_Rev1.pdf\" target=\"_blank\" rel=\"noreferrer noopener\">brosjyre<\/a> och <a href=\"https:\/\/fredheim-maskin.no\/wp-content\/uploads\/2026\/02\/QH443E_Techspec_2025_Rev1.pdf\" type=\"link\" id=\"https:\/\/fredheim-maskin.no\/wp-content\/uploads\/2026\/02\/QH443E_Techspec_2025_Rev1.pdf\" target=\"_blank\" rel=\"noreferrer noopener\">tekniske spesifikasjoner<\/a><\/li>\n<\/ul><\/div>\n<\/div><\/div><\/div>\n\n\n\n<div style=\"height:50px\" aria-hidden=\"true\" class=\"wp-block-spacer eplus-wrapper\"><\/div>\n\n\n\n<div class=\"wp-block-group eplus-wrapper\"><div class=\"wp-block-group__inner-container is-layout-constrained wp-block-group-is-layout-constrained\"><div class=\"wp-block-columns eplus-wrapper is-layout-flex wp-container-core-columns-is-layout-9d6595d7 wp-block-columns-is-layout-flex eplus-styles-uid-1aab84\">\n<div class=\"wp-block-column eplus-wrapper is-layout-flow wp-block-column-is-layout-flow\">\n<div class=\"wp-block-envira-envira-gallery\"><div id=\"envira-gallery-wrap-17512\" class=\"envira-gallery-wrap envira-gallery-theme-base envira-lightbox-theme-base\" itemscope itemtype=\"https:\/\/schema.org\/ImageGallery\"><div data-row-height=\"150\" data-gallery-theme=\"normal\" id=\"envira-gallery-17512\" class=\"envira-gallery-public envira-gallery-justified-public envira-gallery-0-columns envira-clear enviratope envira-gallery-css-animations\" data-envira-columns=\"0\"><div id=\"envira-gallery-item-17511\" class=\"envira-gallery-item enviratope-item envira-gallery-item-1 envira-lazy-load\" style=\"padding-left: 1px; padding-bottom: 1px; padding-right: 1px;\"  itemscope itemtype=\"https:\/\/schema.org\/ImageObject\"><div class=\"envira-gallery-item-inner\"><div class=\"envira-gallery-position-overlay  envira-gallery-top-left\"><\/div><div class=\"envira-gallery-position-overlay  envira-gallery-top-right\"><\/div><div class=\"envira-gallery-position-overlay  envira-gallery-bottom-left\"><\/div><div class=\"envira-gallery-position-overlay  envira-gallery-bottom-right\"><\/div><a href=\"https:\/\/fredheim-maskin.no\/wp-content\/uploads\/2026\/02\/QH443E.jpg\" class=\"envira-gallery-17512 envira-gallery-link\" rel=\"enviragallery17512\" title=\"QH443E\" data-envira-caption=\"QH443E\" data-envira-retina=\"\" data-thumbnail=\"\"  itemprop=\"contentUrl\"><img decoding=\"async\" id=\"envira-gallery-image-17511\" class=\"envira-gallery-image envira-gallery-image-1 envira-normal envira-lazy\" data-envira-index=\"1\" src=\"https:\/\/fredheim-maskin.no\/wp-content\/uploads\/2026\/02\/QH443E.jpg\" data-envira-src=\"https:\/\/fredheim-maskin.no\/wp-content\/uploads\/2026\/02\/QH443E.jpg\" data-envira-gallery-id=\"17512\" data-envira-item-id=\"17511\" data-envira-caption=\"QH443E\" alt=\"\" title=\"QH443E\"  itemprop=\"thumbnailUrl\" data-envira-srcset=\"https:\/\/fredheim-maskin.no\/wp-content\/uploads\/2026\/02\/QH443E.jpg 400w,https:\/\/fredheim-maskin.no\/wp-content\/uploads\/2026\/02\/QH443E.jpg 2x\" data-envira-width=\"300\" data-envira-height=\"200\" srcset=\"data:image\/gif;base64,R0lGODlhAQABAIAAAP\/\/\/\/\/\/\/yH5BAEKAAEALAAAAAABAAEAAAICTAEAOw==\" data-safe-src=\"data:image\/gif;base64,R0lGODlhAQABAIAAAP\/\/\/\/\/\/\/yH5BAEKAAEALAAAAAABAAEAAAICTAEAOw==\" \/><\/a><\/div><\/div><\/div><\/div><noscript><img decoding=\"async\" src=\"https:\/\/fredheim-maskin.no\/wp-content\/uploads\/2026\/02\/QH443E.jpg\" alt=\"\" \/><\/noscript><\/div>\n<\/div>\n<\/div><\/div><\/div>\n\n\n\n<div style=\"height:50px\" aria-hidden=\"true\" class=\"wp-block-spacer eplus-wrapper\"><\/div>\n\n\n\n<div class=\"wp-block-group eplus-wrapper\"><div class=\"wp-block-group__inner-container is-layout-constrained wp-block-group-is-layout-constrained\"><\/div><\/div>\n\n\n\n<div style=\"height:100px\" aria-hidden=\"true\" class=\"wp-block-spacer eplus-wrapper\"><\/div>\n\n\n\n<p class=\"eplus-wrapper\"><\/p>","protected":false},"excerpt":{"rendered":"<p>Sandvik QH443E (Konknuser) Helt nyutviklet hel-elektrisk finknuser<\/p>","protected":false},"author":1,"featured_media":0,"parent":2534,"menu_order":0,"comment_status":"closed","ping_status":"closed","template":"","meta":{"_editorskit_title_hidden":false,"_editorskit_reading_time":0,"_editorskit_is_block_options_detached":false,"_editorskit_block_options_position":"{}","inline_featured_image":false,"editor_plus_copied_stylings":"{}","footnotes":""},"class_list":["post-17362","page","type-page","status-publish","hentry"],"featured_image_src":null,"yoast_head":"<!-- This site is optimized with the Yoast SEO plugin v27.4 - https:\/\/yoast.com\/product\/yoast-seo-wordpress\/ -->\n<title>Sandvik QH443E - Fredheim Maskin<\/title>\n<meta name=\"robots\" content=\"index, follow, max-snippet:-1, max-image-preview:large, max-video-preview:-1\" \/>\n<link rel=\"canonical\" href=\"https:\/\/fredheim-maskin.no\/sv\/maskiner\/sandvik\/konkross\/qh433e\/\" \/>\n<meta property=\"og:locale\" content=\"sv_SE\" \/>\n<meta property=\"og:type\" content=\"article\" \/>\n<meta property=\"og:title\" content=\"Sandvik QH443E - Fredheim Maskin\" \/>\n<meta property=\"og:description\" content=\"Sandvik QH443E (Konknuser) Helt nyutviklet hel-elektrisk finknuser\" \/>\n<meta property=\"og:url\" content=\"https:\/\/fredheim-maskin.no\/sv\/maskiner\/sandvik\/konkross\/qh433e\/\" \/>\n<meta property=\"og:site_name\" content=\"Fredheim Maskin\" \/>\n<meta property=\"article:modified_time\" content=\"2026-02-23T14:30:42+00:00\" \/>\n<meta property=\"og:image\" content=\"https:\/\/fredheim-maskin.no\/wp-content\/uploads\/2026\/02\/QH443E.jpg\" \/>\n\t<meta property=\"og:image:width\" content=\"1024\" \/>\n\t<meta property=\"og:image:height\" content=\"681\" \/>\n\t<meta property=\"og:image:type\" content=\"image\/jpeg\" \/>\n<meta name=\"twitter:card\" content=\"summary_large_image\" \/>\n<meta name=\"twitter:label1\" content=\"Ber\u00e4knad l\u00e4stid\" \/>\n\t<meta name=\"twitter:data1\" content=\"1 minut\" \/>\n<script type=\"application\/ld+json\" class=\"yoast-schema-graph\">{\"@context\":\"https:\\\/\\\/schema.org\",\"@graph\":[{\"@type\":\"WebPage\",\"@id\":\"https:\\\/\\\/fredheim-maskin.no\\\/maskiner\\\/sandvik\\\/konknuser\\\/qh433e\\\/\",\"url\":\"https:\\\/\\\/fredheim-maskin.no\\\/maskiner\\\/sandvik\\\/konknuser\\\/qh433e\\\/\",\"name\":\"Sandvik QH443E - Fredheim Maskin\",\"isPartOf\":{\"@id\":\"https:\\\/\\\/fredheim-maskin.no\\\/#website\"},\"primaryImageOfPage\":{\"@id\":\"https:\\\/\\\/fredheim-maskin.no\\\/maskiner\\\/sandvik\\\/konknuser\\\/qh433e\\\/#primaryimage\"},\"image\":{\"@id\":\"https:\\\/\\\/fredheim-maskin.no\\\/maskiner\\\/sandvik\\\/konknuser\\\/qh433e\\\/#primaryimage\"},\"thumbnailUrl\":\"https:\\\/\\\/fredheim-maskin.no\\\/wp-content\\\/uploads\\\/2026\\\/02\\\/QH443E.jpg\",\"datePublished\":\"2026-02-13T10:01:16+00:00\",\"dateModified\":\"2026-02-23T14:30:42+00:00\",\"breadcrumb\":{\"@id\":\"https:\\\/\\\/fredheim-maskin.no\\\/maskiner\\\/sandvik\\\/konknuser\\\/qh433e\\\/#breadcrumb\"},\"inLanguage\":\"sv-SE\",\"potentialAction\":[{\"@type\":\"ReadAction\",\"target\":[\"https:\\\/\\\/fredheim-maskin.no\\\/maskiner\\\/sandvik\\\/konknuser\\\/qh433e\\\/\"]}]},{\"@type\":\"ImageObject\",\"inLanguage\":\"sv-SE\",\"@id\":\"https:\\\/\\\/fredheim-maskin.no\\\/maskiner\\\/sandvik\\\/konknuser\\\/qh433e\\\/#primaryimage\",\"url\":\"https:\\\/\\\/fredheim-maskin.no\\\/wp-content\\\/uploads\\\/2026\\\/02\\\/QH443E.jpg\",\"contentUrl\":\"https:\\\/\\\/fredheim-maskin.no\\\/wp-content\\\/uploads\\\/2026\\\/02\\\/QH443E.jpg\"},{\"@type\":\"BreadcrumbList\",\"@id\":\"https:\\\/\\\/fredheim-maskin.no\\\/maskiner\\\/sandvik\\\/konknuser\\\/qh433e\\\/#breadcrumb\",\"itemListElement\":[{\"@type\":\"ListItem\",\"position\":1,\"name\":\"Hjem\",\"item\":\"https:\\\/\\\/fredheim-maskin.no\\\/\"},{\"@type\":\"ListItem\",\"position\":2,\"name\":\"Maskiner\",\"item\":\"https:\\\/\\\/fredheim-maskin.no\\\/maskiner\\\/\"},{\"@type\":\"ListItem\",\"position\":3,\"name\":\"Sandvik\",\"item\":\"https:\\\/\\\/fredheim-maskin.no\\\/maskiner\\\/sandvik\\\/\"},{\"@type\":\"ListItem\",\"position\":4,\"name\":\"Konknuser\",\"item\":\"https:\\\/\\\/fredheim-maskin.no\\\/maskiner\\\/sandvik\\\/konknuser\\\/\"},{\"@type\":\"ListItem\",\"position\":5,\"name\":\"Sandvik QH443E\"}]},{\"@type\":\"WebSite\",\"@id\":\"https:\\\/\\\/fredheim-maskin.no\\\/#website\",\"url\":\"https:\\\/\\\/fredheim-maskin.no\\\/\",\"name\":\"Fredheim Maskin\",\"description\":\"\",\"potentialAction\":[{\"@type\":\"SearchAction\",\"target\":{\"@type\":\"EntryPoint\",\"urlTemplate\":\"https:\\\/\\\/fredheim-maskin.no\\\/?s={search_term_string}\"},\"query-input\":{\"@type\":\"PropertyValueSpecification\",\"valueRequired\":true,\"valueName\":\"search_term_string\"}}],\"inLanguage\":\"sv-SE\"}]}<\/script>\n<!-- \/ Yoast SEO plugin. -->","yoast_head_json":{"title":"Sandvik QH443E - Fredheim Maskin","robots":{"index":"index","follow":"follow","max-snippet":"max-snippet:-1","max-image-preview":"max-image-preview:large","max-video-preview":"max-video-preview:-1"},"canonical":"https:\/\/fredheim-maskin.no\/sv\/maskiner\/sandvik\/konkross\/qh433e\/","og_locale":"sv_SE","og_type":"article","og_title":"Sandvik QH443E - Fredheim Maskin","og_description":"Sandvik QH443E (Konknuser) Helt nyutviklet hel-elektrisk finknuser","og_url":"https:\/\/fredheim-maskin.no\/sv\/maskiner\/sandvik\/konkross\/qh433e\/","og_site_name":"Fredheim Maskin","article_modified_time":"2026-02-23T14:30:42+00:00","og_image":[{"width":1024,"height":681,"url":"https:\/\/fredheim-maskin.no\/wp-content\/uploads\/2026\/02\/QH443E.jpg","type":"image\/jpeg"}],"twitter_card":"summary_large_image","twitter_misc":{"Ber\u00e4knad l\u00e4stid":"1 minut"},"schema":{"@context":"https:\/\/schema.org","@graph":[{"@type":"WebPage","@id":"https:\/\/fredheim-maskin.no\/maskiner\/sandvik\/konknuser\/qh433e\/","url":"https:\/\/fredheim-maskin.no\/maskiner\/sandvik\/konknuser\/qh433e\/","name":"Sandvik QH443E - Fredheim Maskin","isPartOf":{"@id":"https:\/\/fredheim-maskin.no\/#website"},"primaryImageOfPage":{"@id":"https:\/\/fredheim-maskin.no\/maskiner\/sandvik\/konknuser\/qh433e\/#primaryimage"},"image":{"@id":"https:\/\/fredheim-maskin.no\/maskiner\/sandvik\/konknuser\/qh433e\/#primaryimage"},"thumbnailUrl":"https:\/\/fredheim-maskin.no\/wp-content\/uploads\/2026\/02\/QH443E.jpg","datePublished":"2026-02-13T10:01:16+00:00","dateModified":"2026-02-23T14:30:42+00:00","breadcrumb":{"@id":"https:\/\/fredheim-maskin.no\/maskiner\/sandvik\/konknuser\/qh433e\/#breadcrumb"},"inLanguage":"sv-SE","potentialAction":[{"@type":"ReadAction","target":["https:\/\/fredheim-maskin.no\/maskiner\/sandvik\/konknuser\/qh433e\/"]}]},{"@type":"ImageObject","inLanguage":"sv-SE","@id":"https:\/\/fredheim-maskin.no\/maskiner\/sandvik\/konknuser\/qh433e\/#primaryimage","url":"https:\/\/fredheim-maskin.no\/wp-content\/uploads\/2026\/02\/QH443E.jpg","contentUrl":"https:\/\/fredheim-maskin.no\/wp-content\/uploads\/2026\/02\/QH443E.jpg"},{"@type":"BreadcrumbList","@id":"https:\/\/fredheim-maskin.no\/maskiner\/sandvik\/konknuser\/qh433e\/#breadcrumb","itemListElement":[{"@type":"ListItem","position":1,"name":"Hjem","item":"https:\/\/fredheim-maskin.no\/"},{"@type":"ListItem","position":2,"name":"Maskiner","item":"https:\/\/fredheim-maskin.no\/maskiner\/"},{"@type":"ListItem","position":3,"name":"Sandvik","item":"https:\/\/fredheim-maskin.no\/maskiner\/sandvik\/"},{"@type":"ListItem","position":4,"name":"Konknuser","item":"https:\/\/fredheim-maskin.no\/maskiner\/sandvik\/konknuser\/"},{"@type":"ListItem","position":5,"name":"Sandvik QH443E"}]},{"@type":"WebSite","@id":"https:\/\/fredheim-maskin.no\/#website","url":"https:\/\/fredheim-maskin.no\/","name":"Fredheim Maskin","description":"","potentialAction":[{"@type":"SearchAction","target":{"@type":"EntryPoint","urlTemplate":"https:\/\/fredheim-maskin.no\/?s={search_term_string}"},"query-input":{"@type":"PropertyValueSpecification","valueRequired":true,"valueName":"search_term_string"}}],"inLanguage":"sv-SE"}]}},"_links":{"self":[{"href":"https:\/\/fredheim-maskin.no\/sv\/wp-json\/wp\/v2\/pages\/17362","targetHints":{"allow":["GET"]}}],"collection":[{"href":"https:\/\/fredheim-maskin.no\/sv\/wp-json\/wp\/v2\/pages"}],"about":[{"href":"https:\/\/fredheim-maskin.no\/sv\/wp-json\/wp\/v2\/types\/page"}],"author":[{"embeddable":true,"href":"https:\/\/fredheim-maskin.no\/sv\/wp-json\/wp\/v2\/users\/1"}],"replies":[{"embeddable":true,"href":"https:\/\/fredheim-maskin.no\/sv\/wp-json\/wp\/v2\/comments?post=17362"}],"version-history":[{"count":12,"href":"https:\/\/fredheim-maskin.no\/sv\/wp-json\/wp\/v2\/pages\/17362\/revisions"}],"predecessor-version":[{"id":17548,"href":"https:\/\/fredheim-maskin.no\/sv\/wp-json\/wp\/v2\/pages\/17362\/revisions\/17548"}],"up":[{"embeddable":true,"href":"https:\/\/fredheim-maskin.no\/sv\/wp-json\/wp\/v2\/pages\/2534"}],"wp:attachment":[{"href":"https:\/\/fredheim-maskin.no\/sv\/wp-json\/wp\/v2\/media?parent=17362"}],"curies":[{"name":"wp","href":"https:\/\/api.w.org\/{rel}","templated":true}]}}