{"id":1900,"date":"2023-11-02T09:44:00","date_gmt":"2023-11-02T08:44:00","guid":{"rendered":"https:\/\/fredheim-maskin.no\/?page_id=1900"},"modified":"2023-11-02T09:45:19","modified_gmt":"2023-11-02T08:45:19","slug":"ts1242r","status":"publish","type":"page","link":"https:\/\/fredheim-maskin.no\/sv\/maskiner\/telestack\/radiell-teleskop-transportorer\/ts1242r\/","title":{"rendered":"TS1242R"},"content":{"rendered":"<div class=\"cs-medium bg-hero wp-block-group alignfull has-dark-cobolt-background-color has-background eplus-wrapper\"><div class=\"wp-block-group__inner-container is-layout-constrained wp-block-group-is-layout-constrained\">\n<div class=\"wp-block-group eplus-wrapper\"><div class=\"wp-block-group__inner-container is-layout-constrained wp-block-group-is-layout-constrained\"><div class=\"wp-block-columns are-vertically-aligned-center eplus-wrapper is-layout-flex wp-container-core-columns-is-layout-9d6595d7 wp-block-columns-is-layout-flex eplus-styles-uid-380b65\">\n<div class=\"wp-block-column is-vertically-aligned-center eplus-wrapper is-layout-flow wp-block-column-is-layout-flow\">\n<figure class=\"container-rounded-corners wp-block-image size-full eplus-wrapper\"><img decoding=\"async\" width=\"1024\" height=\"683\" src=\"https:\/\/fredheim-maskin.no\/wp-content\/uploads\/2023\/11\/wpid-TSShiploaderfedfromTripleEntryTruckUnloader-Shiploading13.jpg\" alt=\"\" class=\"wp-image-1903\" srcset=\"https:\/\/fredheim-maskin.no\/wp-content\/uploads\/2023\/11\/wpid-TSShiploaderfedfromTripleEntryTruckUnloader-Shiploading13.jpg 1024w, https:\/\/fredheim-maskin.no\/wp-content\/uploads\/2023\/11\/wpid-TSShiploaderfedfromTripleEntryTruckUnloader-Shiploading13-300x200.jpg 300w, https:\/\/fredheim-maskin.no\/wp-content\/uploads\/2023\/11\/wpid-TSShiploaderfedfromTripleEntryTruckUnloader-Shiploading13-768x512.jpg 768w\" sizes=\"(max-width: 1024px) 100vw, 1024px\" \/><\/figure>\n<\/div>\n\n\n\n<div class=\"hide-mobile wp-block-column eplus-wrapper is-layout-flow wp-block-column-is-layout-flow\" style=\"flex-basis:15px\"><\/div>\n\n\n\n<div class=\"wp-block-column is-vertically-aligned-center eplus-wrapper is-layout-flow wp-block-column-is-layout-flow\">\n<div style=\"height:90px\" aria-hidden=\"true\" class=\"hide-mobile wp-block-spacer eplus-wrapper\"><\/div>\n\n\n\n<h1 class=\"wp-block-heading has-white-color has-text-color eplus-wrapper\">TS1242R<\/h1>\n\n\n<ul class=\"has-white-color has-text-color eplus-wrapper wp-block-list eplus-styles-uid-a2ca44\">\n<li class=\"eplus-wrapper\">Bandl\u00e4ngd 42 meter, bredd 1,2 meter<\/li>\n\n\n\n<li class=\"eplus-wrapper\">Kapacitet: Upp till 1200 ton\/h<\/li>\n\n\n\n<li class=\"eplus-wrapper\">Lagringskapacitet: 91 000 ton (270\u00b0)<\/li>\n<\/ul>\n\n\n<div style=\"height:90px\" aria-hidden=\"true\" class=\"hide-mobile wp-block-spacer eplus-wrapper\"><\/div>\n<\/div>\n<\/div><\/div><\/div>\n<\/div><\/div>\n\n\n\n<div style=\"height:50px\" aria-hidden=\"true\" class=\"wp-block-spacer eplus-wrapper\"><\/div>\n\n\n\n<div class=\"wp-block-group eplus-wrapper\"><div class=\"wp-block-group__inner-container is-layout-constrained wp-block-group-is-layout-constrained\"><div class=\"wp-block-columns eplus-wrapper is-layout-flex wp-container-core-columns-is-layout-9d6595d7 wp-block-columns-is-layout-flex eplus-styles-uid-57a1c9\">\n<div class=\"wp-block-column eplus-wrapper is-layout-flow wp-block-column-is-layout-flow\"><\/div>\n\n\n\n<div class=\"wp-block-column eplus-wrapper is-layout-flow wp-block-column-is-layout-flow\"><ul class=\"eplus-wrapper wp-block-list eplus-styles-uid-9cfc38\">\n<li class=\"eplus-wrapper\">Undvik extra masshantering, \u00f6ka effektiviteten och minska kostnaderna<\/li>\n\n\n\n<li class=\"eplus-wrapper\">Snabbare och billigare uppl\u00e4ggning av massor<\/li>\n\n\n\n<li class=\"eplus-wrapper\">Minska dammproblemet<\/li>\n\n\n\n<li class=\"eplus-wrapper\">\u00d6ka s\u00e4kerheten<\/li>\n\n\n\n<li class=\"eplus-wrapper\">H\u00f6g flexibilitet<\/li>\n\n\n\n<li class=\"eplus-wrapper\">H\u00f6g kapacitet p\u00e5 upp till 1200 ton\/h<\/li>\n\n\n\n<li class=\"eplus-wrapper\">Radialfunktion ger betydligt mer cirkulation \u00e4n standard stacker<\/li>\n\n\n\n<li class=\"eplus-wrapper\">Kan anv\u00e4ndas f\u00f6r lastning av fartyg, f\u00f6r upplag eller som transportl\u00e4nk<\/li>\n\n\n\n<li class=\"eplus-wrapper\">Elektrisk drift<\/li>\n<\/ul><\/div>\n<\/div><\/div><\/div>\n\n\n\n<div style=\"height:50px\" aria-hidden=\"true\" class=\"wp-block-spacer eplus-wrapper\"><\/div>\n\n\n\n<div class=\"wp-block-group eplus-wrapper\"><div class=\"wp-block-group__inner-container is-layout-constrained wp-block-group-is-layout-constrained\"><div class=\"wp-block-columns eplus-wrapper is-layout-flex wp-container-core-columns-is-layout-9d6595d7 wp-block-columns-is-layout-flex eplus-styles-uid-a348bd\">\n<div class=\"wp-block-column eplus-wrapper is-layout-flow wp-block-column-is-layout-flow\">\n<div class=\"wp-block-envira-envira-gallery\"><div id=\"envira-gallery-wrap-1904\" class=\"envira-gallery-wrap envira-gallery-theme-base envira-lightbox-theme-base_dark\" itemscope itemtype=\"https:\/\/schema.org\/ImageGallery\"><div data-row-height=\"\" data-gallery-theme=\"\" id=\"envira-gallery-1904\" class=\"envira-gallery-public  envira-gallery-3-columns envira-clear enviratope envira-gallery-css-animations\" data-envira-columns=\"3\"><div id=\"envira-gallery-item-1901\" class=\"envira-gallery-item enviratope-item envira-gallery-item-1 envira-lazy-load\" style=\"padding-left: 3px; padding-bottom: 5px; padding-right: 3px;\"  itemscope itemtype=\"https:\/\/schema.org\/ImageObject\"><div class=\"envira-gallery-item-inner\"><div class=\"envira-gallery-position-overlay  envira-gallery-top-left\"><\/div><div class=\"envira-gallery-position-overlay  envira-gallery-top-right\"><\/div><div class=\"envira-gallery-position-overlay  envira-gallery-bottom-left\"><\/div><div class=\"envira-gallery-position-overlay  envira-gallery-bottom-right\"><\/div><a href=\"https:\/\/fredheim-maskin.no\/wp-content\/uploads\/2023\/11\/TS1242-2.jpg\" class=\"envira-gallery-1904 envira-gallery-link\" rel=\"enviragallery1904\" title=\"TS1242-2\" data-envira-caption=\"TS1242-2\" data-envira-retina=\"\" data-thumbnail=\"\"  itemprop=\"contentUrl\"><div class=\"envira-lazy\" data-test-width=\"640\" data-test-height=\"480\" style=\"padding-bottom:75%;\"><img decoding=\"async\" id=\"envira-gallery-image-1901\" class=\"envira-gallery-image envira-gallery-image-1\" data-envira-index=\"1\" src=\"https:\/\/fredheim-maskin.no\/wp-content\/uploads\/2023\/11\/TS1242-2.jpg\" data-envira-src=\"https:\/\/fredheim-maskin.no\/wp-content\/uploads\/2023\/11\/TS1242-2.jpg\" data-envira-gallery-id=\"1904\" data-envira-item-id=\"1901\" data-envira-caption=\"TS1242-2\" alt=\"\" title=\"TS1242-2\"  itemprop=\"thumbnailUrl\" data-envira-srcset=\"https:\/\/fredheim-maskin.no\/wp-content\/uploads\/2023\/11\/TS1242-2.jpg 400w,https:\/\/fredheim-maskin.no\/wp-content\/uploads\/2023\/11\/TS1242-2.jpg 2x\" srcset=\"data:image\/gif;base64,R0lGODlhAQABAIAAAP\/\/\/\/\/\/\/yH5BAEKAAEALAAAAAABAAEAAAICTAEAOw==\" \/><\/div><\/a><\/div><\/div><div id=\"envira-gallery-item-1902\" class=\"envira-gallery-item enviratope-item envira-gallery-item-2 envira-lazy-load\" style=\"padding-left: 3px; padding-bottom: 5px; padding-right: 3px;\"  itemscope itemtype=\"https:\/\/schema.org\/ImageObject\"><div class=\"envira-gallery-item-inner\"><div class=\"envira-gallery-position-overlay  envira-gallery-top-left\"><\/div><div class=\"envira-gallery-position-overlay  envira-gallery-top-right\"><\/div><div class=\"envira-gallery-position-overlay  envira-gallery-bottom-left\"><\/div><div class=\"envira-gallery-position-overlay  envira-gallery-bottom-right\"><\/div><a href=\"https:\/\/fredheim-maskin.no\/wp-content\/uploads\/2023\/11\/TS1242-med-TU515R-lasting-av-bat.jpg\" class=\"envira-gallery-1904 envira-gallery-link\" rel=\"enviragallery1904\" title=\"TS1242-med-TU515R-lasting-av-ba\u030at\" data-envira-caption=\"TS1242-med-TU515R-lasting-av-ba\u030at\" data-envira-retina=\"\" data-thumbnail=\"\"  itemprop=\"contentUrl\"><div class=\"envira-lazy\" data-test-width=\"640\" data-test-height=\"480\" style=\"padding-bottom:75%;\"><img decoding=\"async\" id=\"envira-gallery-image-1902\" class=\"envira-gallery-image envira-gallery-image-2\" data-envira-index=\"2\" src=\"https:\/\/fredheim-maskin.no\/wp-content\/uploads\/2023\/11\/TS1242-med-TU515R-lasting-av-bat.jpg\" data-envira-src=\"https:\/\/fredheim-maskin.no\/wp-content\/uploads\/2023\/11\/TS1242-med-TU515R-lasting-av-bat.jpg\" data-envira-gallery-id=\"1904\" data-envira-item-id=\"1902\" data-envira-caption=\"TS1242-med-TU515R-lasting-av-ba\u030at\" alt=\"\" title=\"TS1242-med-TU515R-lasting-av-ba\u030at\"  itemprop=\"thumbnailUrl\" data-envira-srcset=\"https:\/\/fredheim-maskin.no\/wp-content\/uploads\/2023\/11\/TS1242-med-TU515R-lasting-av-bat.jpg 400w,https:\/\/fredheim-maskin.no\/wp-content\/uploads\/2023\/11\/TS1242-med-TU515R-lasting-av-bat.jpg 2x\" srcset=\"data:image\/gif;base64,R0lGODlhAQABAIAAAP\/\/\/\/\/\/\/yH5BAEKAAEALAAAAAABAAEAAAICTAEAOw==\" \/><\/div><\/a><\/div><\/div><div id=\"envira-gallery-item-1903\" class=\"envira-gallery-item enviratope-item envira-gallery-item-3 envira-lazy-load\" style=\"padding-left: 3px; padding-bottom: 5px; padding-right: 3px;\"  itemscope itemtype=\"https:\/\/schema.org\/ImageObject\"><div class=\"envira-gallery-item-inner\"><div class=\"envira-gallery-position-overlay  envira-gallery-top-left\"><\/div><div class=\"envira-gallery-position-overlay  envira-gallery-top-right\"><\/div><div class=\"envira-gallery-position-overlay  envira-gallery-bottom-left\"><\/div><div class=\"envira-gallery-position-overlay  envira-gallery-bottom-right\"><\/div><a href=\"https:\/\/fredheim-maskin.no\/wp-content\/uploads\/2023\/11\/wpid-TSShiploaderfedfromTripleEntryTruckUnloader-Shiploading13.jpg\" class=\"envira-gallery-1904 envira-gallery-link\" rel=\"enviragallery1904\" title=\"wpid-TSShiploaderfedfromTripleEntryTruckUnloader-Shiploading13\" data-envira-caption=\"wpid-TSShiploaderfedfromTripleEntryTruckUnloader-Shiploading13\" data-envira-retina=\"\" data-thumbnail=\"\"  itemprop=\"contentUrl\"><div class=\"envira-lazy\" data-test-width=\"640\" data-test-height=\"480\" style=\"padding-bottom:75%;\"><img decoding=\"async\" id=\"envira-gallery-image-1903\" class=\"envira-gallery-image envira-gallery-image-3\" data-envira-index=\"3\" src=\"https:\/\/fredheim-maskin.no\/wp-content\/uploads\/2023\/11\/wpid-TSShiploaderfedfromTripleEntryTruckUnloader-Shiploading13.jpg\" data-envira-src=\"https:\/\/fredheim-maskin.no\/wp-content\/uploads\/2023\/11\/wpid-TSShiploaderfedfromTripleEntryTruckUnloader-Shiploading13.jpg\" data-envira-gallery-id=\"1904\" data-envira-item-id=\"1903\" data-envira-caption=\"wpid-TSShiploaderfedfromTripleEntryTruckUnloader-Shiploading13\" alt=\"\" title=\"wpid-TSShiploaderfedfromTripleEntryTruckUnloader-Shiploading13\"  itemprop=\"thumbnailUrl\" data-envira-srcset=\"https:\/\/fredheim-maskin.no\/wp-content\/uploads\/2023\/11\/wpid-TSShiploaderfedfromTripleEntryTruckUnloader-Shiploading13.jpg 400w,https:\/\/fredheim-maskin.no\/wp-content\/uploads\/2023\/11\/wpid-TSShiploaderfedfromTripleEntryTruckUnloader-Shiploading13.jpg 2x\" srcset=\"data:image\/gif;base64,R0lGODlhAQABAIAAAP\/\/\/\/\/\/\/yH5BAEKAAEALAAAAAABAAEAAAICTAEAOw==\" \/><\/div><\/a><\/div><\/div><\/div><\/div><noscript><img decoding=\"async\" src=\"https:\/\/fredheim-maskin.no\/wp-content\/uploads\/2023\/11\/TS1242-2.jpg\" alt=\"\" \/><img decoding=\"async\" src=\"https:\/\/fredheim-maskin.no\/wp-content\/uploads\/2023\/11\/TS1242-med-TU515R-lasting-av-bat.jpg\" alt=\"\" \/><img decoding=\"async\" src=\"https:\/\/fredheim-maskin.no\/wp-content\/uploads\/2023\/11\/wpid-TSShiploaderfedfromTripleEntryTruckUnloader-Shiploading13.jpg\" alt=\"\" \/><\/noscript><\/div>\n<\/div>\n<\/div><\/div><\/div>\n\n\n\n<div style=\"height:100px\" aria-hidden=\"true\" class=\"wp-block-spacer eplus-wrapper\"><\/div>","protected":false},"excerpt":{"rendered":"<p>TS1242R<\/p>","protected":false},"author":1,"featured_media":0,"parent":1514,"menu_order":0,"comment_status":"closed","ping_status":"closed","template":"","meta":{"_editorskit_title_hidden":false,"_editorskit_reading_time":0,"_editorskit_is_block_options_detached":false,"_editorskit_block_options_position":"{}","inline_featured_image":false,"editor_plus_copied_stylings":"{}","footnotes":""},"class_list":["post-1900","page","type-page","status-publish","hentry"],"featured_image_src":null,"yoast_head":"<!-- This site is optimized with the Yoast SEO plugin v27.4 - https:\/\/yoast.com\/product\/yoast-seo-wordpress\/ -->\n<title>TS1242R - Fredheim Maskin<\/title>\n<meta name=\"robots\" content=\"index, follow, max-snippet:-1, max-image-preview:large, max-video-preview:-1\" \/>\n<link rel=\"canonical\" href=\"https:\/\/fredheim-maskin.no\/sv\/maskiner\/telestack\/radiell-teleskop-transportorer\/ts1242r\/\" \/>\n<meta property=\"og:locale\" content=\"sv_SE\" \/>\n<meta property=\"og:type\" content=\"article\" \/>\n<meta property=\"og:title\" content=\"TS1242R - Fredheim Maskin\" \/>\n<meta property=\"og:description\" content=\"TS1242R\" \/>\n<meta property=\"og:url\" content=\"https:\/\/fredheim-maskin.no\/sv\/maskiner\/telestack\/radiell-teleskop-transportorer\/ts1242r\/\" \/>\n<meta property=\"og:site_name\" content=\"Fredheim Maskin\" \/>\n<meta property=\"article:modified_time\" content=\"2023-11-02T08:45:19+00:00\" \/>\n<meta property=\"og:image\" content=\"https:\/\/fredheim-maskin.no\/wp-content\/uploads\/2023\/11\/wpid-TSShiploaderfedfromTripleEntryTruckUnloader-Shiploading13.jpg\" \/>\n<meta name=\"twitter:card\" content=\"summary_large_image\" \/>\n<script type=\"application\/ld+json\" class=\"yoast-schema-graph\">{\"@context\":\"https:\\\/\\\/schema.org\",\"@graph\":[{\"@type\":\"WebPage\",\"@id\":\"https:\\\/\\\/fredheim-maskin.no\\\/maskiner\\\/telestack\\\/radiell-teleskop-transportorer\\\/ts1242r\\\/\",\"url\":\"https:\\\/\\\/fredheim-maskin.no\\\/maskiner\\\/telestack\\\/radiell-teleskop-transportorer\\\/ts1242r\\\/\",\"name\":\"TS1242R - Fredheim Maskin\",\"isPartOf\":{\"@id\":\"https:\\\/\\\/fredheim-maskin.no\\\/#website\"},\"primaryImageOfPage\":{\"@id\":\"https:\\\/\\\/fredheim-maskin.no\\\/maskiner\\\/telestack\\\/radiell-teleskop-transportorer\\\/ts1242r\\\/#primaryimage\"},\"image\":{\"@id\":\"https:\\\/\\\/fredheim-maskin.no\\\/maskiner\\\/telestack\\\/radiell-teleskop-transportorer\\\/ts1242r\\\/#primaryimage\"},\"thumbnailUrl\":\"https:\\\/\\\/fredheim-maskin.no\\\/wp-content\\\/uploads\\\/2023\\\/11\\\/wpid-TSShiploaderfedfromTripleEntryTruckUnloader-Shiploading13.jpg\",\"datePublished\":\"2023-11-02T08:44:00+00:00\",\"dateModified\":\"2023-11-02T08:45:19+00:00\",\"breadcrumb\":{\"@id\":\"https:\\\/\\\/fredheim-maskin.no\\\/maskiner\\\/telestack\\\/radiell-teleskop-transportorer\\\/ts1242r\\\/#breadcrumb\"},\"inLanguage\":\"sv-SE\",\"potentialAction\":[{\"@type\":\"ReadAction\",\"target\":[\"https:\\\/\\\/fredheim-maskin.no\\\/maskiner\\\/telestack\\\/radiell-teleskop-transportorer\\\/ts1242r\\\/\"]}]},{\"@type\":\"ImageObject\",\"inLanguage\":\"sv-SE\",\"@id\":\"https:\\\/\\\/fredheim-maskin.no\\\/maskiner\\\/telestack\\\/radiell-teleskop-transportorer\\\/ts1242r\\\/#primaryimage\",\"url\":\"https:\\\/\\\/fredheim-maskin.no\\\/wp-content\\\/uploads\\\/2023\\\/11\\\/wpid-TSShiploaderfedfromTripleEntryTruckUnloader-Shiploading13.jpg\",\"contentUrl\":\"https:\\\/\\\/fredheim-maskin.no\\\/wp-content\\\/uploads\\\/2023\\\/11\\\/wpid-TSShiploaderfedfromTripleEntryTruckUnloader-Shiploading13.jpg\"},{\"@type\":\"BreadcrumbList\",\"@id\":\"https:\\\/\\\/fredheim-maskin.no\\\/maskiner\\\/telestack\\\/radiell-teleskop-transportorer\\\/ts1242r\\\/#breadcrumb\",\"itemListElement\":[{\"@type\":\"ListItem\",\"position\":1,\"name\":\"Hjem\",\"item\":\"https:\\\/\\\/fredheim-maskin.no\\\/\"},{\"@type\":\"ListItem\",\"position\":2,\"name\":\"Maskiner\",\"item\":\"https:\\\/\\\/fredheim-maskin.no\\\/maskiner\\\/\"},{\"@type\":\"ListItem\",\"position\":3,\"name\":\"Telestack\",\"item\":\"https:\\\/\\\/fredheim-maskin.no\\\/maskiner\\\/telestack\\\/\"},{\"@type\":\"ListItem\",\"position\":4,\"name\":\"Radiell Teleskop Transport\u00f8rer\",\"item\":\"https:\\\/\\\/fredheim-maskin.no\\\/maskiner\\\/telestack\\\/radiell-teleskop-transportorer\\\/\"},{\"@type\":\"ListItem\",\"position\":5,\"name\":\"TS1242R\"}]},{\"@type\":\"WebSite\",\"@id\":\"https:\\\/\\\/fredheim-maskin.no\\\/#website\",\"url\":\"https:\\\/\\\/fredheim-maskin.no\\\/\",\"name\":\"Fredheim Maskin\",\"description\":\"\",\"potentialAction\":[{\"@type\":\"SearchAction\",\"target\":{\"@type\":\"EntryPoint\",\"urlTemplate\":\"https:\\\/\\\/fredheim-maskin.no\\\/?s={search_term_string}\"},\"query-input\":{\"@type\":\"PropertyValueSpecification\",\"valueRequired\":true,\"valueName\":\"search_term_string\"}}],\"inLanguage\":\"sv-SE\"}]}<\/script>\n<!-- \/ Yoast SEO plugin. -->","yoast_head_json":{"title":"TS1242R - Fredheim Maskin","robots":{"index":"index","follow":"follow","max-snippet":"max-snippet:-1","max-image-preview":"max-image-preview:large","max-video-preview":"max-video-preview:-1"},"canonical":"https:\/\/fredheim-maskin.no\/sv\/maskiner\/telestack\/radiell-teleskop-transportorer\/ts1242r\/","og_locale":"sv_SE","og_type":"article","og_title":"TS1242R - Fredheim Maskin","og_description":"TS1242R","og_url":"https:\/\/fredheim-maskin.no\/sv\/maskiner\/telestack\/radiell-teleskop-transportorer\/ts1242r\/","og_site_name":"Fredheim Maskin","article_modified_time":"2023-11-02T08:45:19+00:00","og_image":[{"url":"https:\/\/fredheim-maskin.no\/wp-content\/uploads\/2023\/11\/wpid-TSShiploaderfedfromTripleEntryTruckUnloader-Shiploading13.jpg","type":"","width":"","height":""}],"twitter_card":"summary_large_image","schema":{"@context":"https:\/\/schema.org","@graph":[{"@type":"WebPage","@id":"https:\/\/fredheim-maskin.no\/maskiner\/telestack\/radiell-teleskop-transportorer\/ts1242r\/","url":"https:\/\/fredheim-maskin.no\/maskiner\/telestack\/radiell-teleskop-transportorer\/ts1242r\/","name":"TS1242R - Fredheim Maskin","isPartOf":{"@id":"https:\/\/fredheim-maskin.no\/#website"},"primaryImageOfPage":{"@id":"https:\/\/fredheim-maskin.no\/maskiner\/telestack\/radiell-teleskop-transportorer\/ts1242r\/#primaryimage"},"image":{"@id":"https:\/\/fredheim-maskin.no\/maskiner\/telestack\/radiell-teleskop-transportorer\/ts1242r\/#primaryimage"},"thumbnailUrl":"https:\/\/fredheim-maskin.no\/wp-content\/uploads\/2023\/11\/wpid-TSShiploaderfedfromTripleEntryTruckUnloader-Shiploading13.jpg","datePublished":"2023-11-02T08:44:00+00:00","dateModified":"2023-11-02T08:45:19+00:00","breadcrumb":{"@id":"https:\/\/fredheim-maskin.no\/maskiner\/telestack\/radiell-teleskop-transportorer\/ts1242r\/#breadcrumb"},"inLanguage":"sv-SE","potentialAction":[{"@type":"ReadAction","target":["https:\/\/fredheim-maskin.no\/maskiner\/telestack\/radiell-teleskop-transportorer\/ts1242r\/"]}]},{"@type":"ImageObject","inLanguage":"sv-SE","@id":"https:\/\/fredheim-maskin.no\/maskiner\/telestack\/radiell-teleskop-transportorer\/ts1242r\/#primaryimage","url":"https:\/\/fredheim-maskin.no\/wp-content\/uploads\/2023\/11\/wpid-TSShiploaderfedfromTripleEntryTruckUnloader-Shiploading13.jpg","contentUrl":"https:\/\/fredheim-maskin.no\/wp-content\/uploads\/2023\/11\/wpid-TSShiploaderfedfromTripleEntryTruckUnloader-Shiploading13.jpg"},{"@type":"BreadcrumbList","@id":"https:\/\/fredheim-maskin.no\/maskiner\/telestack\/radiell-teleskop-transportorer\/ts1242r\/#breadcrumb","itemListElement":[{"@type":"ListItem","position":1,"name":"Hjem","item":"https:\/\/fredheim-maskin.no\/"},{"@type":"ListItem","position":2,"name":"Maskiner","item":"https:\/\/fredheim-maskin.no\/maskiner\/"},{"@type":"ListItem","position":3,"name":"Telestack","item":"https:\/\/fredheim-maskin.no\/maskiner\/telestack\/"},{"@type":"ListItem","position":4,"name":"Radiell Teleskop Transport\u00f8rer","item":"https:\/\/fredheim-maskin.no\/maskiner\/telestack\/radiell-teleskop-transportorer\/"},{"@type":"ListItem","position":5,"name":"TS1242R"}]},{"@type":"WebSite","@id":"https:\/\/fredheim-maskin.no\/#website","url":"https:\/\/fredheim-maskin.no\/","name":"Fredheim Maskin","description":"","potentialAction":[{"@type":"SearchAction","target":{"@type":"EntryPoint","urlTemplate":"https:\/\/fredheim-maskin.no\/?s={search_term_string}"},"query-input":{"@type":"PropertyValueSpecification","valueRequired":true,"valueName":"search_term_string"}}],"inLanguage":"sv-SE"}]}},"_links":{"self":[{"href":"https:\/\/fredheim-maskin.no\/sv\/wp-json\/wp\/v2\/pages\/1900","targetHints":{"allow":["GET"]}}],"collection":[{"href":"https:\/\/fredheim-maskin.no\/sv\/wp-json\/wp\/v2\/pages"}],"about":[{"href":"https:\/\/fredheim-maskin.no\/sv\/wp-json\/wp\/v2\/types\/page"}],"author":[{"embeddable":true,"href":"https:\/\/fredheim-maskin.no\/sv\/wp-json\/wp\/v2\/users\/1"}],"replies":[{"embeddable":true,"href":"https:\/\/fredheim-maskin.no\/sv\/wp-json\/wp\/v2\/comments?post=1900"}],"version-history":[{"count":5,"href":"https:\/\/fredheim-maskin.no\/sv\/wp-json\/wp\/v2\/pages\/1900\/revisions"}],"predecessor-version":[{"id":1909,"href":"https:\/\/fredheim-maskin.no\/sv\/wp-json\/wp\/v2\/pages\/1900\/revisions\/1909"}],"up":[{"embeddable":true,"href":"https:\/\/fredheim-maskin.no\/sv\/wp-json\/wp\/v2\/pages\/1514"}],"wp:attachment":[{"href":"https:\/\/fredheim-maskin.no\/sv\/wp-json\/wp\/v2\/media?parent=1900"}],"curies":[{"name":"wp","href":"https:\/\/api.w.org\/{rel}","templated":true}]}}