{"id":2548,"date":"2023-11-14T15:48:44","date_gmt":"2023-11-14T14:48:44","guid":{"rendered":"https:\/\/fredheim-maskin.no\/?page_id=2548"},"modified":"2023-12-15T14:03:11","modified_gmt":"2023-12-15T13:03:11","slug":"sandvik-qi353","status":"publish","type":"page","link":"https:\/\/fredheim-maskin.no\/sv\/maskiner\/sandvik\/slagknuser\/sandvik-qi353\/","title":{"rendered":"Sandvik QI353"},"content":{"rendered":"<div class=\"cs-medium bg-hero wp-block-group alignfull has-dark-cobolt-background-color has-background eplus-wrapper\"><div class=\"wp-block-group__inner-container is-layout-constrained wp-block-group-is-layout-constrained\">\n<div class=\"wp-block-group eplus-wrapper\"><div class=\"wp-block-group__inner-container is-layout-constrained wp-block-group-is-layout-constrained\"><div class=\"wp-block-columns are-vertically-aligned-center eplus-wrapper is-layout-flex wp-container-core-columns-is-layout-9d6595d7 wp-block-columns-is-layout-flex eplus-styles-uid-6b57b2\">\n<div class=\"wp-block-column is-vertically-aligned-center eplus-wrapper is-layout-flow wp-block-column-is-layout-flow\">\n<figure class=\"container-rounded-corners wp-block-image size-full eplus-wrapper\"><img decoding=\"async\" width=\"375\" height=\"249\" src=\"https:\/\/fredheim-maskin.no\/wp-content\/uploads\/2023\/11\/QI353-1.jpg\" alt=\"\" class=\"wp-image-3723\" srcset=\"https:\/\/fredheim-maskin.no\/wp-content\/uploads\/2023\/11\/QI353-1.jpg 375w, https:\/\/fredheim-maskin.no\/wp-content\/uploads\/2023\/11\/QI353-1-300x199.jpg 300w, https:\/\/fredheim-maskin.no\/wp-content\/uploads\/2023\/11\/QI353-1-18x12.jpg 18w\" sizes=\"(max-width: 375px) 100vw, 375px\" \/><\/figure>\n<\/div>\n\n\n\n<div class=\"hide-mobile wp-block-column eplus-wrapper is-layout-flow wp-block-column-is-layout-flow\" style=\"flex-basis:15px\"><\/div>\n\n\n\n<div class=\"wp-block-column is-vertically-aligned-center eplus-wrapper is-layout-flow wp-block-column-is-layout-flow\">\n<div style=\"height:90px\" aria-hidden=\"true\" class=\"hide-mobile wp-block-spacer eplus-wrapper\"><\/div>\n\n\n\n<h1 class=\"wp-block-heading has-white-color has-text-color eplus-wrapper\">Sandvik QI353<\/h1>\n\n\n\n<p class=\"has-white-color has-text-color has-link-color eplus-wrapper wp-elements-4a6025dda0ef0c135ee839b5e4850a47\"><strong><strong>Intag upp till 700mm<\/strong><\/strong><\/p>\n\n\n<ul class=\"has-white-color has-text-color eplus-wrapper wp-block-list eplus-styles-uid-22a89c\">\n<li class=\"eplus-wrapper\">Sandvik QI353 - Slagkross<\/li>\n\n\n\n<li class=\"eplus-wrapper\">Vikt 45,5 \/ 55,9ton med sikt<\/li>\n\n\n\n<li class=\"eplus-wrapper\">Motor Cat C9,3 \u00a0310 kW\u00a0 \u2013 Stage5<\/li>\n\n\n\n<li class=\"eplus-wrapper\">\u00d6ppning 1170 x 730mm<\/li>\n\n\n\n<li class=\"eplus-wrapper\">Rotordiameter 1.150mm<\/li>\n\n\n\n<li class=\"eplus-wrapper\">H\u00e4ngande sikt f\u00f6r 1,2 eller 3 olika fraktioner<\/li>\n\n\n\n<li class=\"eplus-wrapper\">Magnet<\/li>\n\n\n\n<li class=\"eplus-wrapper\">Sidoband<\/li>\n\n\n\n<li class=\"eplus-wrapper\">\u00d6kad intervall p\u00e5 byte av hydraulolja . (64% mindre olja \u00f6ver 10.000timmar)<\/li>\n<\/ul>\n\n\n<div style=\"height:90px\" aria-hidden=\"true\" class=\"hide-mobile wp-block-spacer eplus-wrapper\"><\/div>\n<\/div>\n<\/div><\/div><\/div>\n<\/div><\/div>\n\n\n\n<div style=\"height:50px\" aria-hidden=\"true\" class=\"wp-block-spacer eplus-wrapper\"><\/div>\n\n\n\n<div class=\"wp-block-group eplus-wrapper\"><div class=\"wp-block-group__inner-container is-layout-constrained wp-block-group-is-layout-constrained\"><div class=\"wp-block-columns eplus-wrapper is-layout-flex wp-container-core-columns-is-layout-9d6595d7 wp-block-columns-is-layout-flex eplus-styles-uid-0bb18f\">\n<div class=\"wp-block-column eplus-wrapper is-layout-flow wp-block-column-is-layout-flow\">\n<div class=\"wp-block-envira-envira-gallery\"><div id=\"envira-gallery-wrap-3724\" class=\"envira-gallery-wrap envira-gallery-theme-base envira-lightbox-theme-base_dark\" itemscope itemtype=\"https:\/\/schema.org\/ImageGallery\"><div data-row-height=\"150\" data-gallery-theme=\"normal\" id=\"envira-gallery-3724\" class=\"envira-gallery-public envira-gallery-justified-public envira-gallery-0-columns envira-clear envira-gallery-css-animations\" data-envira-columns=\"0\"><div id=\"envira-gallery-item-3723\" class=\"envira-gallery-item enviratope-item envira-gallery-item-1 envira-lazy-load\" style=\"padding-left: 1px; padding-bottom: 1px; padding-right: 1px;\"  itemscope itemtype=\"https:\/\/schema.org\/ImageObject\"><div class=\"envira-gallery-item-inner\"><div class=\"envira-gallery-position-overlay  envira-gallery-top-left\"><\/div><div class=\"envira-gallery-position-overlay  envira-gallery-top-right\"><\/div><div class=\"envira-gallery-position-overlay  envira-gallery-bottom-left\"><\/div><div class=\"envira-gallery-position-overlay  envira-gallery-bottom-right\"><\/div><a href=\"https:\/\/fredheim-maskin.no\/wp-content\/uploads\/2023\/11\/QI353-1.jpg\" class=\"envira-gallery-3724 envira-gallery-link\" rel=\"enviragallery3724\" title=\"QI353-1\" data-envira-caption=\"QI353-1\" data-envira-retina=\"\" data-thumbnail=\"\"  itemprop=\"contentUrl\"><img decoding=\"async\" id=\"envira-gallery-image-3723\" class=\"envira-gallery-image envira-gallery-image-1 envira-normal envira-lazy\" data-envira-index=\"1\" src=\"https:\/\/fredheim-maskin.no\/wp-content\/uploads\/2023\/11\/QI353-1.jpg\" data-envira-src=\"https:\/\/fredheim-maskin.no\/wp-content\/uploads\/2023\/11\/QI353-1.jpg\" data-envira-gallery-id=\"3724\" data-envira-item-id=\"3723\" data-envira-caption=\"QI353-1\" alt=\"\" title=\"QI353-1\"  itemprop=\"thumbnailUrl\" data-envira-srcset=\"https:\/\/fredheim-maskin.no\/wp-content\/uploads\/2023\/11\/QI353-1.jpg 400w,https:\/\/fredheim-maskin.no\/wp-content\/uploads\/2023\/11\/QI353-1.jpg 2x\" data-envira-width=\"640\" data-envira-height=\"480\" srcset=\"data:image\/gif;base64,R0lGODlhAQABAIAAAP\/\/\/\/\/\/\/yH5BAEKAAEALAAAAAABAAEAAAICTAEAOw==\" data-safe-src=\"data:image\/gif;base64,R0lGODlhAQABAIAAAP\/\/\/\/\/\/\/yH5BAEKAAEALAAAAAABAAEAAAICTAEAOw==\" \/><\/a><\/div><\/div><div id=\"envira-gallery-item-3722\" class=\"envira-gallery-item enviratope-item envira-gallery-item-2 envira-lazy-load\" style=\"padding-left: 1px; padding-bottom: 1px; padding-right: 1px;\"  itemscope itemtype=\"https:\/\/schema.org\/ImageObject\"><div class=\"envira-gallery-item-inner\"><div class=\"envira-gallery-position-overlay  envira-gallery-top-left\"><\/div><div class=\"envira-gallery-position-overlay  envira-gallery-top-right\"><\/div><div class=\"envira-gallery-position-overlay  envira-gallery-bottom-left\"><\/div><div class=\"envira-gallery-position-overlay  envira-gallery-bottom-right\"><\/div><a href=\"https:\/\/fredheim-maskin.no\/wp-content\/uploads\/2023\/11\/QI353-2.jpg\" class=\"envira-gallery-3724 envira-gallery-link\" rel=\"enviragallery3724\" title=\"QI353-2\" data-envira-caption=\"QI353-2\" data-envira-retina=\"\" data-thumbnail=\"\"  itemprop=\"contentUrl\"><img decoding=\"async\" id=\"envira-gallery-image-3722\" class=\"envira-gallery-image envira-gallery-image-2 envira-normal envira-lazy\" data-envira-index=\"2\" src=\"https:\/\/fredheim-maskin.no\/wp-content\/uploads\/2023\/11\/QI353-2.jpg\" data-envira-src=\"https:\/\/fredheim-maskin.no\/wp-content\/uploads\/2023\/11\/QI353-2.jpg\" data-envira-gallery-id=\"3724\" data-envira-item-id=\"3722\" data-envira-caption=\"QI353-2\" alt=\"\" title=\"QI353-2\"  itemprop=\"thumbnailUrl\" data-envira-srcset=\"https:\/\/fredheim-maskin.no\/wp-content\/uploads\/2023\/11\/QI353-2.jpg 400w,https:\/\/fredheim-maskin.no\/wp-content\/uploads\/2023\/11\/QI353-2.jpg 2x\" data-envira-width=\"640\" data-envira-height=\"480\" srcset=\"data:image\/gif;base64,R0lGODlhAQABAIAAAP\/\/\/\/\/\/\/yH5BAEKAAEALAAAAAABAAEAAAICTAEAOw==\" data-safe-src=\"data:image\/gif;base64,R0lGODlhAQABAIAAAP\/\/\/\/\/\/\/yH5BAEKAAEALAAAAAABAAEAAAICTAEAOw==\" \/><\/a><\/div><\/div><div id=\"envira-gallery-item-3721\" class=\"envira-gallery-item enviratope-item envira-gallery-item-3 envira-lazy-load\" style=\"padding-left: 1px; padding-bottom: 1px; padding-right: 1px;\"  itemscope itemtype=\"https:\/\/schema.org\/ImageObject\"><div class=\"envira-gallery-item-inner\"><div class=\"envira-gallery-position-overlay  envira-gallery-top-left\"><\/div><div class=\"envira-gallery-position-overlay  envira-gallery-top-right\"><\/div><div class=\"envira-gallery-position-overlay  envira-gallery-bottom-left\"><\/div><div class=\"envira-gallery-position-overlay  envira-gallery-bottom-right\"><\/div><a href=\"https:\/\/fredheim-maskin.no\/wp-content\/uploads\/2023\/11\/QI353-3.jpg\" class=\"envira-gallery-3724 envira-gallery-link\" rel=\"enviragallery3724\" title=\"QI353-3\" data-envira-caption=\"QI353-3\" data-envira-retina=\"\" data-thumbnail=\"\"  itemprop=\"contentUrl\"><img decoding=\"async\" id=\"envira-gallery-image-3721\" class=\"envira-gallery-image envira-gallery-image-3 envira-normal envira-lazy\" data-envira-index=\"3\" src=\"https:\/\/fredheim-maskin.no\/wp-content\/uploads\/2023\/11\/QI353-3.jpg\" data-envira-src=\"https:\/\/fredheim-maskin.no\/wp-content\/uploads\/2023\/11\/QI353-3.jpg\" data-envira-gallery-id=\"3724\" data-envira-item-id=\"3721\" data-envira-caption=\"QI353-3\" alt=\"\" title=\"QI353-3\"  itemprop=\"thumbnailUrl\" data-envira-srcset=\"https:\/\/fredheim-maskin.no\/wp-content\/uploads\/2023\/11\/QI353-3.jpg 400w,https:\/\/fredheim-maskin.no\/wp-content\/uploads\/2023\/11\/QI353-3.jpg 2x\" data-envira-width=\"640\" data-envira-height=\"480\" srcset=\"data:image\/gif;base64,R0lGODlhAQABAIAAAP\/\/\/\/\/\/\/yH5BAEKAAEALAAAAAABAAEAAAICTAEAOw==\" data-safe-src=\"data:image\/gif;base64,R0lGODlhAQABAIAAAP\/\/\/\/\/\/\/yH5BAEKAAEALAAAAAABAAEAAAICTAEAOw==\" \/><\/a><\/div><\/div><div id=\"envira-gallery-item-3720\" class=\"envira-gallery-item enviratope-item envira-gallery-item-4 envira-lazy-load\" style=\"padding-left: 1px; padding-bottom: 1px; padding-right: 1px;\"  itemscope itemtype=\"https:\/\/schema.org\/ImageObject\"><div class=\"envira-gallery-item-inner\"><div class=\"envira-gallery-position-overlay  envira-gallery-top-left\"><\/div><div class=\"envira-gallery-position-overlay  envira-gallery-top-right\"><\/div><div class=\"envira-gallery-position-overlay  envira-gallery-bottom-left\"><\/div><div class=\"envira-gallery-position-overlay  envira-gallery-bottom-right\"><\/div><a href=\"https:\/\/fredheim-maskin.no\/wp-content\/uploads\/2023\/11\/QI353-4-1024x683-1.jpg\" class=\"envira-gallery-3724 envira-gallery-link\" rel=\"enviragallery3724\" title=\"QI353-4-1024x683\" data-envira-caption=\"QI353-4-1024x683\" data-envira-retina=\"\" data-thumbnail=\"\"  itemprop=\"contentUrl\"><img decoding=\"async\" id=\"envira-gallery-image-3720\" class=\"envira-gallery-image envira-gallery-image-4 envira-normal envira-lazy\" data-envira-index=\"4\" src=\"https:\/\/fredheim-maskin.no\/wp-content\/uploads\/2023\/11\/QI353-4-1024x683-1.jpg\" data-envira-src=\"https:\/\/fredheim-maskin.no\/wp-content\/uploads\/2023\/11\/QI353-4-1024x683-1.jpg\" data-envira-gallery-id=\"3724\" data-envira-item-id=\"3720\" data-envira-caption=\"QI353-4-1024x683\" alt=\"\" title=\"QI353-4-1024x683\"  itemprop=\"thumbnailUrl\" data-envira-srcset=\"https:\/\/fredheim-maskin.no\/wp-content\/uploads\/2023\/11\/QI353-4-1024x683-1.jpg 400w,https:\/\/fredheim-maskin.no\/wp-content\/uploads\/2023\/11\/QI353-4-1024x683-1.jpg 2x\" data-envira-width=\"640\" data-envira-height=\"480\" srcset=\"data:image\/gif;base64,R0lGODlhAQABAIAAAP\/\/\/\/\/\/\/yH5BAEKAAEALAAAAAABAAEAAAICTAEAOw==\" data-safe-src=\"data:image\/gif;base64,R0lGODlhAQABAIAAAP\/\/\/\/\/\/\/yH5BAEKAAEALAAAAAABAAEAAAICTAEAOw==\" \/><\/a><\/div><\/div><\/div><\/div><noscript><img decoding=\"async\" src=\"https:\/\/fredheim-maskin.no\/wp-content\/uploads\/2023\/11\/QI353-1.jpg\" alt=\"\" \/><img decoding=\"async\" src=\"https:\/\/fredheim-maskin.no\/wp-content\/uploads\/2023\/11\/QI353-2.jpg\" alt=\"\" \/><img decoding=\"async\" src=\"https:\/\/fredheim-maskin.no\/wp-content\/uploads\/2023\/11\/QI353-3.jpg\" alt=\"\" \/><img decoding=\"async\" src=\"https:\/\/fredheim-maskin.no\/wp-content\/uploads\/2023\/11\/QI353-4-1024x683-1.jpg\" alt=\"\" \/><\/noscript><\/div>\n<\/div>\n<\/div><\/div><\/div>\n\n\n\n<div style=\"height:50px\" aria-hidden=\"true\" class=\"wp-block-spacer eplus-wrapper\"><\/div>\n\n\n\n<div class=\"wp-block-group eplus-wrapper\"><div class=\"wp-block-group__inner-container is-layout-constrained wp-block-group-is-layout-constrained\"><div class=\"wp-block-columns eplus-wrapper is-layout-flex wp-container-core-columns-is-layout-9d6595d7 wp-block-columns-is-layout-flex eplus-styles-uid-4b4ab3\">\n<div class=\"wp-block-column eplus-wrapper is-layout-flow wp-block-column-is-layout-flow\">\n<figure class=\"wp-embed-aspect-16-9 wp-has-aspect-ratio wp-block-embed is-type-video is-provider-youtube wp-block-embed-youtube eplus-wrapper\"><div class=\"wp-block-embed__wrapper\">\n<iframe loading=\"lazy\" title=\"Sandvik QI353 Mobile Impact Crusher\" width=\"640\" height=\"360\" src=\"https:\/\/www.youtube.com\/embed\/wy9oPxKObHs?feature=oembed\" frameborder=\"0\" allow=\"accelerometer; autoplay; clipboard-write; encrypted-media; gyroscope; picture-in-picture; web-share\" referrerpolicy=\"strict-origin-when-cross-origin\" allowfullscreen><\/iframe>\n<\/div><\/figure>\n\n\n\n<div style=\"height:10px\" aria-hidden=\"true\" class=\"wp-block-spacer eplus-wrapper\"><\/div>\n\n\n\n<p class=\"eplus-wrapper\"><\/p>\n<\/div>\n\n\n\n<div class=\"wp-block-column eplus-wrapper is-layout-flow wp-block-column-is-layout-flow\"><\/div>\n<\/div><\/div><\/div>\n\n\n\n<div style=\"height:100px\" aria-hidden=\"true\" class=\"wp-block-spacer eplus-wrapper\"><\/div>","protected":false},"excerpt":{"rendered":"<p>Sandvik QI353 Inntak inntil 700mm<\/p>","protected":false},"author":1,"featured_media":0,"parent":2544,"menu_order":0,"comment_status":"closed","ping_status":"closed","template":"","meta":{"_editorskit_title_hidden":false,"_editorskit_reading_time":0,"_editorskit_is_block_options_detached":false,"_editorskit_block_options_position":"{}","inline_featured_image":false,"editor_plus_copied_stylings":"{}","footnotes":""},"class_list":["post-2548","page","type-page","status-publish","hentry"],"featured_image_src":null,"yoast_head":"<!-- This site is optimized with the Yoast SEO plugin v27.4 - https:\/\/yoast.com\/product\/yoast-seo-wordpress\/ -->\n<title>Sandvik QI353 - Fredheim Maskin<\/title>\n<meta name=\"robots\" content=\"index, follow, max-snippet:-1, max-image-preview:large, max-video-preview:-1\" \/>\n<link rel=\"canonical\" href=\"https:\/\/fredheim-maskin.no\/sv\/maskiner\/sandvik\/slagkross\/sandvik-qi353\/\" \/>\n<meta property=\"og:locale\" content=\"sv_SE\" \/>\n<meta property=\"og:type\" content=\"article\" \/>\n<meta property=\"og:title\" content=\"Sandvik QI353 - Fredheim Maskin\" \/>\n<meta property=\"og:description\" content=\"Sandvik QI353 Inntak inntil 700mm\" \/>\n<meta property=\"og:url\" content=\"https:\/\/fredheim-maskin.no\/sv\/maskiner\/sandvik\/slagkross\/sandvik-qi353\/\" \/>\n<meta property=\"og:site_name\" content=\"Fredheim Maskin\" \/>\n<meta property=\"article:modified_time\" content=\"2023-12-15T13:03:11+00:00\" \/>\n<meta property=\"og:image\" content=\"https:\/\/fredheim-maskin.no\/wp-content\/uploads\/2023\/11\/QI353-1.jpg\" \/>\n<meta name=\"twitter:card\" content=\"summary_large_image\" \/>\n<script type=\"application\/ld+json\" class=\"yoast-schema-graph\">{\"@context\":\"https:\\\/\\\/schema.org\",\"@graph\":[{\"@type\":\"WebPage\",\"@id\":\"https:\\\/\\\/fredheim-maskin.no\\\/maskiner\\\/sandvik\\\/slagknuser\\\/sandvik-qi353\\\/\",\"url\":\"https:\\\/\\\/fredheim-maskin.no\\\/maskiner\\\/sandvik\\\/slagknuser\\\/sandvik-qi353\\\/\",\"name\":\"Sandvik QI353 - Fredheim Maskin\",\"isPartOf\":{\"@id\":\"https:\\\/\\\/fredheim-maskin.no\\\/#website\"},\"primaryImageOfPage\":{\"@id\":\"https:\\\/\\\/fredheim-maskin.no\\\/maskiner\\\/sandvik\\\/slagknuser\\\/sandvik-qi353\\\/#primaryimage\"},\"image\":{\"@id\":\"https:\\\/\\\/fredheim-maskin.no\\\/maskiner\\\/sandvik\\\/slagknuser\\\/sandvik-qi353\\\/#primaryimage\"},\"thumbnailUrl\":\"https:\\\/\\\/fredheim-maskin.no\\\/wp-content\\\/uploads\\\/2023\\\/11\\\/QI353-1.jpg\",\"datePublished\":\"2023-11-14T14:48:44+00:00\",\"dateModified\":\"2023-12-15T13:03:11+00:00\",\"breadcrumb\":{\"@id\":\"https:\\\/\\\/fredheim-maskin.no\\\/maskiner\\\/sandvik\\\/slagknuser\\\/sandvik-qi353\\\/#breadcrumb\"},\"inLanguage\":\"sv-SE\",\"potentialAction\":[{\"@type\":\"ReadAction\",\"target\":[\"https:\\\/\\\/fredheim-maskin.no\\\/maskiner\\\/sandvik\\\/slagknuser\\\/sandvik-qi353\\\/\"]}]},{\"@type\":\"ImageObject\",\"inLanguage\":\"sv-SE\",\"@id\":\"https:\\\/\\\/fredheim-maskin.no\\\/maskiner\\\/sandvik\\\/slagknuser\\\/sandvik-qi353\\\/#primaryimage\",\"url\":\"https:\\\/\\\/fredheim-maskin.no\\\/wp-content\\\/uploads\\\/2023\\\/11\\\/QI353-1.jpg\",\"contentUrl\":\"https:\\\/\\\/fredheim-maskin.no\\\/wp-content\\\/uploads\\\/2023\\\/11\\\/QI353-1.jpg\"},{\"@type\":\"BreadcrumbList\",\"@id\":\"https:\\\/\\\/fredheim-maskin.no\\\/maskiner\\\/sandvik\\\/slagknuser\\\/sandvik-qi353\\\/#breadcrumb\",\"itemListElement\":[{\"@type\":\"ListItem\",\"position\":1,\"name\":\"Hjem\",\"item\":\"https:\\\/\\\/fredheim-maskin.no\\\/\"},{\"@type\":\"ListItem\",\"position\":2,\"name\":\"Maskiner\",\"item\":\"https:\\\/\\\/fredheim-maskin.no\\\/maskiner\\\/\"},{\"@type\":\"ListItem\",\"position\":3,\"name\":\"Sandvik\",\"item\":\"https:\\\/\\\/fredheim-maskin.no\\\/maskiner\\\/sandvik\\\/\"},{\"@type\":\"ListItem\",\"position\":4,\"name\":\"Slagknuser\",\"item\":\"https:\\\/\\\/fredheim-maskin.no\\\/maskiner\\\/sandvik\\\/slagknuser\\\/\"},{\"@type\":\"ListItem\",\"position\":5,\"name\":\"Sandvik QI353\"}]},{\"@type\":\"WebSite\",\"@id\":\"https:\\\/\\\/fredheim-maskin.no\\\/#website\",\"url\":\"https:\\\/\\\/fredheim-maskin.no\\\/\",\"name\":\"Fredheim Maskin\",\"description\":\"\",\"potentialAction\":[{\"@type\":\"SearchAction\",\"target\":{\"@type\":\"EntryPoint\",\"urlTemplate\":\"https:\\\/\\\/fredheim-maskin.no\\\/?s={search_term_string}\"},\"query-input\":{\"@type\":\"PropertyValueSpecification\",\"valueRequired\":true,\"valueName\":\"search_term_string\"}}],\"inLanguage\":\"sv-SE\"}]}<\/script>\n<!-- \/ Yoast SEO plugin. -->","yoast_head_json":{"title":"Sandvik QI353 - Fredheim Maskin","robots":{"index":"index","follow":"follow","max-snippet":"max-snippet:-1","max-image-preview":"max-image-preview:large","max-video-preview":"max-video-preview:-1"},"canonical":"https:\/\/fredheim-maskin.no\/sv\/maskiner\/sandvik\/slagkross\/sandvik-qi353\/","og_locale":"sv_SE","og_type":"article","og_title":"Sandvik QI353 - Fredheim Maskin","og_description":"Sandvik QI353 Inntak inntil 700mm","og_url":"https:\/\/fredheim-maskin.no\/sv\/maskiner\/sandvik\/slagkross\/sandvik-qi353\/","og_site_name":"Fredheim Maskin","article_modified_time":"2023-12-15T13:03:11+00:00","og_image":[{"url":"https:\/\/fredheim-maskin.no\/wp-content\/uploads\/2023\/11\/QI353-1.jpg","type":"","width":"","height":""}],"twitter_card":"summary_large_image","schema":{"@context":"https:\/\/schema.org","@graph":[{"@type":"WebPage","@id":"https:\/\/fredheim-maskin.no\/maskiner\/sandvik\/slagknuser\/sandvik-qi353\/","url":"https:\/\/fredheim-maskin.no\/maskiner\/sandvik\/slagknuser\/sandvik-qi353\/","name":"Sandvik QI353 - Fredheim Maskin","isPartOf":{"@id":"https:\/\/fredheim-maskin.no\/#website"},"primaryImageOfPage":{"@id":"https:\/\/fredheim-maskin.no\/maskiner\/sandvik\/slagknuser\/sandvik-qi353\/#primaryimage"},"image":{"@id":"https:\/\/fredheim-maskin.no\/maskiner\/sandvik\/slagknuser\/sandvik-qi353\/#primaryimage"},"thumbnailUrl":"https:\/\/fredheim-maskin.no\/wp-content\/uploads\/2023\/11\/QI353-1.jpg","datePublished":"2023-11-14T14:48:44+00:00","dateModified":"2023-12-15T13:03:11+00:00","breadcrumb":{"@id":"https:\/\/fredheim-maskin.no\/maskiner\/sandvik\/slagknuser\/sandvik-qi353\/#breadcrumb"},"inLanguage":"sv-SE","potentialAction":[{"@type":"ReadAction","target":["https:\/\/fredheim-maskin.no\/maskiner\/sandvik\/slagknuser\/sandvik-qi353\/"]}]},{"@type":"ImageObject","inLanguage":"sv-SE","@id":"https:\/\/fredheim-maskin.no\/maskiner\/sandvik\/slagknuser\/sandvik-qi353\/#primaryimage","url":"https:\/\/fredheim-maskin.no\/wp-content\/uploads\/2023\/11\/QI353-1.jpg","contentUrl":"https:\/\/fredheim-maskin.no\/wp-content\/uploads\/2023\/11\/QI353-1.jpg"},{"@type":"BreadcrumbList","@id":"https:\/\/fredheim-maskin.no\/maskiner\/sandvik\/slagknuser\/sandvik-qi353\/#breadcrumb","itemListElement":[{"@type":"ListItem","position":1,"name":"Hjem","item":"https:\/\/fredheim-maskin.no\/"},{"@type":"ListItem","position":2,"name":"Maskiner","item":"https:\/\/fredheim-maskin.no\/maskiner\/"},{"@type":"ListItem","position":3,"name":"Sandvik","item":"https:\/\/fredheim-maskin.no\/maskiner\/sandvik\/"},{"@type":"ListItem","position":4,"name":"Slagknuser","item":"https:\/\/fredheim-maskin.no\/maskiner\/sandvik\/slagknuser\/"},{"@type":"ListItem","position":5,"name":"Sandvik QI353"}]},{"@type":"WebSite","@id":"https:\/\/fredheim-maskin.no\/#website","url":"https:\/\/fredheim-maskin.no\/","name":"Fredheim Maskin","description":"","potentialAction":[{"@type":"SearchAction","target":{"@type":"EntryPoint","urlTemplate":"https:\/\/fredheim-maskin.no\/?s={search_term_string}"},"query-input":{"@type":"PropertyValueSpecification","valueRequired":true,"valueName":"search_term_string"}}],"inLanguage":"sv-SE"}]}},"_links":{"self":[{"href":"https:\/\/fredheim-maskin.no\/sv\/wp-json\/wp\/v2\/pages\/2548","targetHints":{"allow":["GET"]}}],"collection":[{"href":"https:\/\/fredheim-maskin.no\/sv\/wp-json\/wp\/v2\/pages"}],"about":[{"href":"https:\/\/fredheim-maskin.no\/sv\/wp-json\/wp\/v2\/types\/page"}],"author":[{"embeddable":true,"href":"https:\/\/fredheim-maskin.no\/sv\/wp-json\/wp\/v2\/users\/1"}],"replies":[{"embeddable":true,"href":"https:\/\/fredheim-maskin.no\/sv\/wp-json\/wp\/v2\/comments?post=2548"}],"version-history":[{"count":6,"href":"https:\/\/fredheim-maskin.no\/sv\/wp-json\/wp\/v2\/pages\/2548\/revisions"}],"predecessor-version":[{"id":14336,"href":"https:\/\/fredheim-maskin.no\/sv\/wp-json\/wp\/v2\/pages\/2548\/revisions\/14336"}],"up":[{"embeddable":true,"href":"https:\/\/fredheim-maskin.no\/sv\/wp-json\/wp\/v2\/pages\/2544"}],"wp:attachment":[{"href":"https:\/\/fredheim-maskin.no\/sv\/wp-json\/wp\/v2\/media?parent=2548"}],"curies":[{"name":"wp","href":"https:\/\/api.w.org\/{rel}","templated":true}]}}