{"id":2550,"date":"2023-11-14T15:49:11","date_gmt":"2023-11-14T14:49:11","guid":{"rendered":"https:\/\/fredheim-maskin.no\/?page_id=2550"},"modified":"2023-12-15T14:03:41","modified_gmt":"2023-12-15T13:03:41","slug":"sandvik-qi341","status":"publish","type":"page","link":"https:\/\/fredheim-maskin.no\/sv\/maskiner\/sandvik\/slagknuser\/sandvik-qi341\/","title":{"rendered":"Sandvik QI341"},"content":{"rendered":"<div class=\"cs-medium bg-hero wp-block-group alignfull has-dark-cobolt-background-color has-background eplus-wrapper\"><div class=\"wp-block-group__inner-container is-layout-constrained wp-block-group-is-layout-constrained\">\n<div class=\"wp-block-group eplus-wrapper\"><div class=\"wp-block-group__inner-container is-layout-constrained wp-block-group-is-layout-constrained\"><div class=\"wp-block-columns are-vertically-aligned-center eplus-wrapper is-layout-flex wp-container-core-columns-is-layout-9d6595d7 wp-block-columns-is-layout-flex eplus-styles-uid-91aa87\">\n<div class=\"wp-block-column is-vertically-aligned-center eplus-wrapper is-layout-flow wp-block-column-is-layout-flow\">\n<figure class=\"container-rounded-corners wp-block-image size-full eplus-wrapper\"><img decoding=\"async\" width=\"1024\" height=\"678\" src=\"https:\/\/fredheim-maskin.no\/wp-content\/uploads\/2023\/11\/QI341.jpg\" alt=\"\" class=\"wp-image-3729\" srcset=\"https:\/\/fredheim-maskin.no\/wp-content\/uploads\/2023\/11\/QI341.jpg 1024w, https:\/\/fredheim-maskin.no\/wp-content\/uploads\/2023\/11\/QI341-300x199.jpg 300w, https:\/\/fredheim-maskin.no\/wp-content\/uploads\/2023\/11\/QI341-768x509.jpg 768w, https:\/\/fredheim-maskin.no\/wp-content\/uploads\/2023\/11\/QI341-18x12.jpg 18w\" sizes=\"(max-width: 1024px) 100vw, 1024px\" \/><\/figure>\n<\/div>\n\n\n\n<div class=\"hide-mobile wp-block-column eplus-wrapper is-layout-flow wp-block-column-is-layout-flow\" style=\"flex-basis:15px\"><\/div>\n\n\n\n<div class=\"wp-block-column is-vertically-aligned-center eplus-wrapper is-layout-flow wp-block-column-is-layout-flow\">\n<div style=\"height:90px\" aria-hidden=\"true\" class=\"hide-mobile wp-block-spacer eplus-wrapper\"><\/div>\n\n\n\n<h1 class=\"wp-block-heading has-white-color has-text-color eplus-wrapper\">Sandvik QI341<\/h1>\n\n\n\n<p class=\"has-white-color has-text-color has-link-color eplus-wrapper wp-elements-d7e92f83f4323d420b87751eb67ffdcd\"><strong>Intag upp till 600mm<\/strong><\/p>\n\n\n\n<p class=\"has-white-color has-text-color has-link-color eplus-wrapper wp-elements-99c0716f0e03da1cfb6a1c96e7e8f8c1\">Slagkross f\u00f6r asfalt &amp; betong<\/p>\n\n\n<ul class=\"has-white-color has-text-color eplus-wrapper wp-block-list eplus-styles-uid-8eb1a0\">\n<li class=\"eplus-wrapper\">F\u00f6rsikt med dubbeld\u00e4ck: 1.520x980mm \/ 1.020x980mm<\/li>\n\n\n\n<li class=\"eplus-wrapper\">Intag: 992x670mm<\/li>\n\n\n\n<li class=\"eplus-wrapper\">Transportm\u00e5tt 14,1 x 2,5 x 3,4m<\/li>\n<\/ul>\n\n\n<div style=\"height:90px\" aria-hidden=\"true\" class=\"hide-mobile wp-block-spacer eplus-wrapper\"><\/div>\n<\/div>\n<\/div><\/div><\/div>\n<\/div><\/div>\n\n\n\n<div style=\"height:50px\" aria-hidden=\"true\" class=\"wp-block-spacer eplus-wrapper\"><\/div>\n\n\n\n<div class=\"wp-block-group eplus-wrapper\"><div class=\"wp-block-group__inner-container is-layout-constrained wp-block-group-is-layout-constrained\"><div class=\"wp-block-columns eplus-wrapper is-layout-flex wp-container-core-columns-is-layout-9d6595d7 wp-block-columns-is-layout-flex eplus-styles-uid-2526a1\">\n<div class=\"wp-block-column eplus-wrapper is-layout-flow wp-block-column-is-layout-flow\"><\/div>\n\n\n\n<div class=\"wp-block-column eplus-wrapper is-layout-flow wp-block-column-is-layout-flow\">\n<p class=\"eplus-wrapper\">Klicka p\u00e5 l\u00e4nken nedan f\u00f6r mer info:<\/p>\n\n\n<ul class=\"eplus-wrapper wp-block-list eplus-styles-uid-c81583\">\n<li class=\"eplus-wrapper\"><a href=\"https:\/\/fredheim-maskin.no\/wp-content\/uploads\/2023\/11\/bbdbdd09-2ba9-40a8-8cc6-0651155f134e.pdf\" data-type=\"link\" data-id=\"https:\/\/fredheim-maskin.no\/wp-content\/uploads\/2023\/11\/bbdbdd09-2ba9-40a8-8cc6-0651155f134e.pdf\" target=\"_blank\" rel=\"noreferrer noopener\">Sandvik QI341 brosjyre<\/a><\/li>\n\n\n\n<li class=\"eplus-wrapper\"><a href=\"https:\/\/fredheim-maskin.no\/wp-content\/uploads\/2023\/11\/ce3147fa-c8f5-4c74-88dc-38239b972f44.pdf\" data-type=\"link\" data-id=\"https:\/\/fredheim-maskin.no\/wp-content\/uploads\/2023\/11\/ce3147fa-c8f5-4c74-88dc-38239b972f44.pdf\" target=\"_blank\" rel=\"noreferrer noopener\">Sandvik QI341 spec sheet<\/a><\/li>\n<\/ul><\/div>\n<\/div><\/div><\/div>","protected":false},"excerpt":{"rendered":"<p>Sandvik QI341 Inntak inntil 600mm Slagknuser til asfalt og betong Klikk p\u00e5 linken nedenfor for mer info:<\/p>","protected":false},"author":1,"featured_media":0,"parent":2544,"menu_order":0,"comment_status":"closed","ping_status":"closed","template":"","meta":{"_editorskit_title_hidden":false,"_editorskit_reading_time":0,"_editorskit_is_block_options_detached":false,"_editorskit_block_options_position":"{}","inline_featured_image":false,"editor_plus_copied_stylings":"{}","footnotes":""},"class_list":["post-2550","page","type-page","status-publish","hentry"],"featured_image_src":null,"yoast_head":"<!-- This site is optimized with the Yoast SEO plugin v27.4 - https:\/\/yoast.com\/product\/yoast-seo-wordpress\/ -->\n<title>Sandvik QI341 - Fredheim Maskin<\/title>\n<meta name=\"robots\" content=\"index, follow, max-snippet:-1, max-image-preview:large, max-video-preview:-1\" \/>\n<link rel=\"canonical\" href=\"https:\/\/fredheim-maskin.no\/sv\/maskiner\/sandvik\/slagkross\/sandvik-qi341\/\" \/>\n<meta property=\"og:locale\" content=\"sv_SE\" \/>\n<meta property=\"og:type\" content=\"article\" \/>\n<meta property=\"og:title\" content=\"Sandvik QI341 - Fredheim Maskin\" \/>\n<meta property=\"og:description\" content=\"Sandvik QI341 Inntak inntil 600mm Slagknuser til asfalt og betong Klikk p\u00e5 linken nedenfor for mer info:\" \/>\n<meta property=\"og:url\" content=\"https:\/\/fredheim-maskin.no\/sv\/maskiner\/sandvik\/slagkross\/sandvik-qi341\/\" \/>\n<meta property=\"og:site_name\" content=\"Fredheim Maskin\" \/>\n<meta property=\"article:modified_time\" content=\"2023-12-15T13:03:41+00:00\" \/>\n<meta property=\"og:image\" content=\"https:\/\/fredheim-maskin.no\/wp-content\/uploads\/2023\/11\/QI341.jpg\" \/>\n<meta name=\"twitter:card\" content=\"summary_large_image\" \/>\n<script type=\"application\/ld+json\" class=\"yoast-schema-graph\">{\"@context\":\"https:\\\/\\\/schema.org\",\"@graph\":[{\"@type\":\"WebPage\",\"@id\":\"https:\\\/\\\/fredheim-maskin.no\\\/maskiner\\\/sandvik\\\/slagknuser\\\/sandvik-qi341\\\/\",\"url\":\"https:\\\/\\\/fredheim-maskin.no\\\/maskiner\\\/sandvik\\\/slagknuser\\\/sandvik-qi341\\\/\",\"name\":\"Sandvik QI341 - Fredheim Maskin\",\"isPartOf\":{\"@id\":\"https:\\\/\\\/fredheim-maskin.no\\\/#website\"},\"primaryImageOfPage\":{\"@id\":\"https:\\\/\\\/fredheim-maskin.no\\\/maskiner\\\/sandvik\\\/slagknuser\\\/sandvik-qi341\\\/#primaryimage\"},\"image\":{\"@id\":\"https:\\\/\\\/fredheim-maskin.no\\\/maskiner\\\/sandvik\\\/slagknuser\\\/sandvik-qi341\\\/#primaryimage\"},\"thumbnailUrl\":\"https:\\\/\\\/fredheim-maskin.no\\\/wp-content\\\/uploads\\\/2023\\\/11\\\/QI341.jpg\",\"datePublished\":\"2023-11-14T14:49:11+00:00\",\"dateModified\":\"2023-12-15T13:03:41+00:00\",\"breadcrumb\":{\"@id\":\"https:\\\/\\\/fredheim-maskin.no\\\/maskiner\\\/sandvik\\\/slagknuser\\\/sandvik-qi341\\\/#breadcrumb\"},\"inLanguage\":\"sv-SE\",\"potentialAction\":[{\"@type\":\"ReadAction\",\"target\":[\"https:\\\/\\\/fredheim-maskin.no\\\/maskiner\\\/sandvik\\\/slagknuser\\\/sandvik-qi341\\\/\"]}]},{\"@type\":\"ImageObject\",\"inLanguage\":\"sv-SE\",\"@id\":\"https:\\\/\\\/fredheim-maskin.no\\\/maskiner\\\/sandvik\\\/slagknuser\\\/sandvik-qi341\\\/#primaryimage\",\"url\":\"https:\\\/\\\/fredheim-maskin.no\\\/wp-content\\\/uploads\\\/2023\\\/11\\\/QI341.jpg\",\"contentUrl\":\"https:\\\/\\\/fredheim-maskin.no\\\/wp-content\\\/uploads\\\/2023\\\/11\\\/QI341.jpg\"},{\"@type\":\"BreadcrumbList\",\"@id\":\"https:\\\/\\\/fredheim-maskin.no\\\/maskiner\\\/sandvik\\\/slagknuser\\\/sandvik-qi341\\\/#breadcrumb\",\"itemListElement\":[{\"@type\":\"ListItem\",\"position\":1,\"name\":\"Hjem\",\"item\":\"https:\\\/\\\/fredheim-maskin.no\\\/\"},{\"@type\":\"ListItem\",\"position\":2,\"name\":\"Maskiner\",\"item\":\"https:\\\/\\\/fredheim-maskin.no\\\/maskiner\\\/\"},{\"@type\":\"ListItem\",\"position\":3,\"name\":\"Sandvik\",\"item\":\"https:\\\/\\\/fredheim-maskin.no\\\/maskiner\\\/sandvik\\\/\"},{\"@type\":\"ListItem\",\"position\":4,\"name\":\"Slagknuser\",\"item\":\"https:\\\/\\\/fredheim-maskin.no\\\/maskiner\\\/sandvik\\\/slagknuser\\\/\"},{\"@type\":\"ListItem\",\"position\":5,\"name\":\"Sandvik QI341\"}]},{\"@type\":\"WebSite\",\"@id\":\"https:\\\/\\\/fredheim-maskin.no\\\/#website\",\"url\":\"https:\\\/\\\/fredheim-maskin.no\\\/\",\"name\":\"Fredheim Maskin\",\"description\":\"\",\"potentialAction\":[{\"@type\":\"SearchAction\",\"target\":{\"@type\":\"EntryPoint\",\"urlTemplate\":\"https:\\\/\\\/fredheim-maskin.no\\\/?s={search_term_string}\"},\"query-input\":{\"@type\":\"PropertyValueSpecification\",\"valueRequired\":true,\"valueName\":\"search_term_string\"}}],\"inLanguage\":\"sv-SE\"}]}<\/script>\n<!-- \/ Yoast SEO plugin. -->","yoast_head_json":{"title":"Sandvik QI341 - Fredheim Maskin","robots":{"index":"index","follow":"follow","max-snippet":"max-snippet:-1","max-image-preview":"max-image-preview:large","max-video-preview":"max-video-preview:-1"},"canonical":"https:\/\/fredheim-maskin.no\/sv\/maskiner\/sandvik\/slagkross\/sandvik-qi341\/","og_locale":"sv_SE","og_type":"article","og_title":"Sandvik QI341 - Fredheim Maskin","og_description":"Sandvik QI341 Inntak inntil 600mm Slagknuser til asfalt og betong Klikk p\u00e5 linken nedenfor for mer info:","og_url":"https:\/\/fredheim-maskin.no\/sv\/maskiner\/sandvik\/slagkross\/sandvik-qi341\/","og_site_name":"Fredheim Maskin","article_modified_time":"2023-12-15T13:03:41+00:00","og_image":[{"url":"https:\/\/fredheim-maskin.no\/wp-content\/uploads\/2023\/11\/QI341.jpg","type":"","width":"","height":""}],"twitter_card":"summary_large_image","schema":{"@context":"https:\/\/schema.org","@graph":[{"@type":"WebPage","@id":"https:\/\/fredheim-maskin.no\/maskiner\/sandvik\/slagknuser\/sandvik-qi341\/","url":"https:\/\/fredheim-maskin.no\/maskiner\/sandvik\/slagknuser\/sandvik-qi341\/","name":"Sandvik QI341 - Fredheim Maskin","isPartOf":{"@id":"https:\/\/fredheim-maskin.no\/#website"},"primaryImageOfPage":{"@id":"https:\/\/fredheim-maskin.no\/maskiner\/sandvik\/slagknuser\/sandvik-qi341\/#primaryimage"},"image":{"@id":"https:\/\/fredheim-maskin.no\/maskiner\/sandvik\/slagknuser\/sandvik-qi341\/#primaryimage"},"thumbnailUrl":"https:\/\/fredheim-maskin.no\/wp-content\/uploads\/2023\/11\/QI341.jpg","datePublished":"2023-11-14T14:49:11+00:00","dateModified":"2023-12-15T13:03:41+00:00","breadcrumb":{"@id":"https:\/\/fredheim-maskin.no\/maskiner\/sandvik\/slagknuser\/sandvik-qi341\/#breadcrumb"},"inLanguage":"sv-SE","potentialAction":[{"@type":"ReadAction","target":["https:\/\/fredheim-maskin.no\/maskiner\/sandvik\/slagknuser\/sandvik-qi341\/"]}]},{"@type":"ImageObject","inLanguage":"sv-SE","@id":"https:\/\/fredheim-maskin.no\/maskiner\/sandvik\/slagknuser\/sandvik-qi341\/#primaryimage","url":"https:\/\/fredheim-maskin.no\/wp-content\/uploads\/2023\/11\/QI341.jpg","contentUrl":"https:\/\/fredheim-maskin.no\/wp-content\/uploads\/2023\/11\/QI341.jpg"},{"@type":"BreadcrumbList","@id":"https:\/\/fredheim-maskin.no\/maskiner\/sandvik\/slagknuser\/sandvik-qi341\/#breadcrumb","itemListElement":[{"@type":"ListItem","position":1,"name":"Hjem","item":"https:\/\/fredheim-maskin.no\/"},{"@type":"ListItem","position":2,"name":"Maskiner","item":"https:\/\/fredheim-maskin.no\/maskiner\/"},{"@type":"ListItem","position":3,"name":"Sandvik","item":"https:\/\/fredheim-maskin.no\/maskiner\/sandvik\/"},{"@type":"ListItem","position":4,"name":"Slagknuser","item":"https:\/\/fredheim-maskin.no\/maskiner\/sandvik\/slagknuser\/"},{"@type":"ListItem","position":5,"name":"Sandvik QI341"}]},{"@type":"WebSite","@id":"https:\/\/fredheim-maskin.no\/#website","url":"https:\/\/fredheim-maskin.no\/","name":"Fredheim Maskin","description":"","potentialAction":[{"@type":"SearchAction","target":{"@type":"EntryPoint","urlTemplate":"https:\/\/fredheim-maskin.no\/?s={search_term_string}"},"query-input":{"@type":"PropertyValueSpecification","valueRequired":true,"valueName":"search_term_string"}}],"inLanguage":"sv-SE"}]}},"_links":{"self":[{"href":"https:\/\/fredheim-maskin.no\/sv\/wp-json\/wp\/v2\/pages\/2550","targetHints":{"allow":["GET"]}}],"collection":[{"href":"https:\/\/fredheim-maskin.no\/sv\/wp-json\/wp\/v2\/pages"}],"about":[{"href":"https:\/\/fredheim-maskin.no\/sv\/wp-json\/wp\/v2\/types\/page"}],"author":[{"embeddable":true,"href":"https:\/\/fredheim-maskin.no\/sv\/wp-json\/wp\/v2\/users\/1"}],"replies":[{"embeddable":true,"href":"https:\/\/fredheim-maskin.no\/sv\/wp-json\/wp\/v2\/comments?post=2550"}],"version-history":[{"count":5,"href":"https:\/\/fredheim-maskin.no\/sv\/wp-json\/wp\/v2\/pages\/2550\/revisions"}],"predecessor-version":[{"id":14337,"href":"https:\/\/fredheim-maskin.no\/sv\/wp-json\/wp\/v2\/pages\/2550\/revisions\/14337"}],"up":[{"embeddable":true,"href":"https:\/\/fredheim-maskin.no\/sv\/wp-json\/wp\/v2\/pages\/2544"}],"wp:attachment":[{"href":"https:\/\/fredheim-maskin.no\/sv\/wp-json\/wp\/v2\/media?parent=2550"}],"curies":[{"name":"wp","href":"https:\/\/api.w.org\/{rel}","templated":true}]}}