{"id":2554,"date":"2023-11-14T15:49:59","date_gmt":"2023-11-14T14:49:59","guid":{"rendered":"https:\/\/fredheim-maskin.no\/?page_id=2554"},"modified":"2025-12-12T13:55:36","modified_gmt":"2025-12-12T12:55:36","slug":"sandvik-qa452-3-deck","status":"publish","type":"page","link":"https:\/\/fredheim-maskin.no\/sv\/maskiner\/sandvik\/sandvik-sorteringsverk-qa\/sandvik-qa452-3-deck\/","title":{"rendered":"Sandvik QA452 \u2013 3 Deck"},"content":{"rendered":"<div class=\"cs-medium bg-hero wp-block-group alignfull has-dark-cobolt-background-color has-background eplus-wrapper\"><div class=\"wp-block-group__inner-container is-layout-constrained wp-block-group-is-layout-constrained\">\n<div class=\"wp-block-group eplus-wrapper\"><div class=\"wp-block-group__inner-container is-layout-constrained wp-block-group-is-layout-constrained\"><div class=\"wp-block-columns are-vertically-aligned-center eplus-wrapper is-layout-flex wp-container-core-columns-is-layout-9d6595d7 wp-block-columns-is-layout-flex eplus-styles-uid-145b33\">\n<div class=\"wp-block-column is-vertically-aligned-center eplus-wrapper is-layout-flow wp-block-column-is-layout-flow\">\n<figure class=\"container-rounded-corners wp-block-image size-full eplus-wrapper\"><img decoding=\"async\" width=\"1024\" height=\"683\" src=\"https:\/\/fredheim-maskin.no\/wp-content\/uploads\/2023\/11\/qa451-2-2.jpg\" alt=\"\" class=\"wp-image-3758\" srcset=\"https:\/\/fredheim-maskin.no\/wp-content\/uploads\/2023\/11\/qa451-2-2.jpg 1024w, https:\/\/fredheim-maskin.no\/wp-content\/uploads\/2023\/11\/qa451-2-2-300x200.jpg 300w, https:\/\/fredheim-maskin.no\/wp-content\/uploads\/2023\/11\/qa451-2-2-768x512.jpg 768w, https:\/\/fredheim-maskin.no\/wp-content\/uploads\/2023\/11\/qa451-2-2-18x12.jpg 18w\" sizes=\"(max-width: 1024px) 100vw, 1024px\" \/><\/figure>\n<\/div>\n\n\n\n<div class=\"hide-mobile wp-block-column eplus-wrapper is-layout-flow wp-block-column-is-layout-flow\" style=\"flex-basis:15px\"><\/div>\n\n\n\n<div class=\"wp-block-column is-vertically-aligned-center eplus-wrapper is-layout-flow wp-block-column-is-layout-flow\">\n<div style=\"height:90px\" aria-hidden=\"true\" class=\"hide-mobile wp-block-spacer eplus-wrapper\"><\/div>\n\n\n\n<h1 class=\"wp-block-heading has-white-color has-text-color eplus-wrapper\">Sandvik QA452 \u2013 3 Deck<\/h1>\n\n\n\n<p class=\"has-white-color has-text-color has-link-color eplus-wrapper wp-elements-f22c7455b02c24c71d70b14813c4d9a2\"><strong>Sikt: 6\u00d71,5m Transportm\u00e5tt: 18,4\u00d73,2 \u00d73,55m Vikt: 34 ton<\/strong><\/p>\n\n\n\n<p class=\"has-white-color has-text-color has-link-color eplus-wrapper wp-elements-305993eb6e064a84d7fc43522d75f736\">Sorteringsverk f\u00f6r grus och annan finsortering. - 3 D\u00e4ck (4 fraktioner)<\/p>\n\n\n<ul class=\"wp-block-list has-white-color has-text-color eplus-wrapper eplus-styles-uid-421549\">\n<li class=\"eplus-wrapper\">Dubbel sikt med 6m2 x 1,5m f\u00f6rdelat p\u00e5 2 siktar<\/li>\n\n\n\n<li class=\"eplus-wrapper\">Transportm\u00e5tt 18,4 x 3,2 x 3,55m<\/li>\n\n\n\n<li class=\"eplus-wrapper\">Vikt 34 ton<\/li>\n<\/ul>\n\n\n<div style=\"height:90px\" aria-hidden=\"true\" class=\"hide-mobile wp-block-spacer eplus-wrapper\"><\/div>\n<\/div>\n<\/div><\/div><\/div>\n<\/div><\/div>\n\n\n\n<div style=\"height:50px\" aria-hidden=\"true\" class=\"wp-block-spacer eplus-wrapper\"><\/div>\n\n\n\n<div class=\"wp-block-group eplus-wrapper\"><div class=\"wp-block-group__inner-container is-layout-constrained wp-block-group-is-layout-constrained\"><div class=\"wp-block-columns eplus-wrapper is-layout-flex wp-container-core-columns-is-layout-9d6595d7 wp-block-columns-is-layout-flex eplus-styles-uid-6fc302\">\n<div class=\"wp-block-column eplus-wrapper is-layout-flow wp-block-column-is-layout-flow\">\n<figure class=\"wp-block-image size-full eplus-wrapper\"><img decoding=\"async\" width=\"1024\" height=\"682\" src=\"https:\/\/fredheim-maskin.no\/wp-content\/uploads\/2023\/11\/qa451-1.jpg\" alt=\"\" class=\"wp-image-3757\" srcset=\"https:\/\/fredheim-maskin.no\/wp-content\/uploads\/2023\/11\/qa451-1.jpg 1024w, https:\/\/fredheim-maskin.no\/wp-content\/uploads\/2023\/11\/qa451-1-300x200.jpg 300w, https:\/\/fredheim-maskin.no\/wp-content\/uploads\/2023\/11\/qa451-1-768x512.jpg 768w, https:\/\/fredheim-maskin.no\/wp-content\/uploads\/2023\/11\/qa451-1-18x12.jpg 18w\" sizes=\"(max-width: 1024px) 100vw, 1024px\" \/><\/figure>\n<\/div>\n\n\n\n<div class=\"wp-block-column eplus-wrapper is-layout-flow wp-block-column-is-layout-flow\">\n<p class=\"eplus-wrapper\">Klicka p\u00e5 l\u00e4nken nedan f\u00f6r mer info:<\/p>\n\n\n<ul class=\"wp-block-list eplus-wrapper eplus-styles-uid-4e9270\">\n<li class=\"eplus-wrapper\"><a href=\"https:\/\/fredheim-maskin.no\/wp-content\/uploads\/2025\/12\/QA452_Broch_2022_EN.pdf\" target=\"_blank\" rel=\"noreferrer noopener\">Sandvik brosjyre<\/a><\/li>\n<\/ul><\/div>\n<\/div><\/div><\/div>\n\n\n\n<div style=\"height:50px\" aria-hidden=\"true\" class=\"wp-block-spacer eplus-wrapper\"><\/div>\n\n\n\n<div class=\"wp-block-group eplus-wrapper\"><div class=\"wp-block-group__inner-container is-layout-constrained wp-block-group-is-layout-constrained\"><div class=\"wp-block-columns eplus-wrapper is-layout-flex wp-container-core-columns-is-layout-9d6595d7 wp-block-columns-is-layout-flex eplus-styles-uid-c3c8a8\">\n<div class=\"wp-block-column eplus-wrapper is-layout-flow wp-block-column-is-layout-flow\"><\/div>\n<\/div><\/div><\/div>\n\n\n\n<div style=\"height:50px\" aria-hidden=\"true\" class=\"wp-block-spacer eplus-wrapper\"><\/div>\n\n\n\n<div class=\"wp-block-group eplus-wrapper\"><div class=\"wp-block-group__inner-container is-layout-constrained wp-block-group-is-layout-constrained\"><div class=\"wp-block-columns eplus-wrapper is-layout-flex wp-container-core-columns-is-layout-9d6595d7 wp-block-columns-is-layout-flex eplus-styles-uid-f1eae7\">\n<div class=\"wp-block-column eplus-wrapper is-layout-flow wp-block-column-is-layout-flow\">\n<figure class=\"wp-block-embed is-type-rich is-provider-h-ndterer-for-innbygging wp-block-embed-h-ndterer-for-innbygging eplus-wrapper\"><div class=\"wp-block-embed__wrapper\">\n<iframe loading=\"lazy\" title=\"QA451 Mobile Doublescreen\" width=\"640\" height=\"360\" src=\"https:\/\/www.youtube.com\/embed\/DNZumnwtOcc?feature=oembed\" frameborder=\"0\" allow=\"accelerometer; autoplay; clipboard-write; encrypted-media; gyroscope; picture-in-picture; web-share\" referrerpolicy=\"strict-origin-when-cross-origin\" allowfullscreen><\/iframe>\n<\/div><\/figure>\n\n\n\n<div style=\"height:10px\" aria-hidden=\"true\" class=\"wp-block-spacer eplus-wrapper\"><\/div>\n\n\n\n<figure class=\"wp-block-embed is-type-rich is-provider-h-ndterer-for-innbygging wp-block-embed-h-ndterer-for-innbygging eplus-wrapper\"><div class=\"wp-block-embed__wrapper\">\n<iframe loading=\"lazy\" title=\"Sandvik Mobile Processing Train - QJ341 Jaw, UH440i Cone, QA451 Doublescreen\" width=\"640\" height=\"360\" src=\"https:\/\/www.youtube.com\/embed\/i6_SK4ZxuFg?feature=oembed\" frameborder=\"0\" allow=\"accelerometer; autoplay; clipboard-write; encrypted-media; gyroscope; picture-in-picture; web-share\" referrerpolicy=\"strict-origin-when-cross-origin\" allowfullscreen><\/iframe>\n<\/div><\/figure>\n<\/div>\n\n\n\n<div class=\"wp-block-column eplus-wrapper is-layout-flow wp-block-column-is-layout-flow\">\n<figure class=\"wp-embed-aspect-16-9 wp-has-aspect-ratio wp-block-embed is-type-rich is-provider-h-ndterer-for-innbygging wp-block-embed-h-ndterer-for-innbygging eplus-wrapper\"><div class=\"wp-block-embed__wrapper\">\n<iframe loading=\"lazy\" title=\"Sandvik Doublescreen - Two are better than one\" width=\"640\" height=\"360\" src=\"https:\/\/www.youtube.com\/embed\/5e7PWU0kSpQ?feature=oembed\" frameborder=\"0\" allow=\"accelerometer; autoplay; clipboard-write; encrypted-media; gyroscope; picture-in-picture; web-share\" referrerpolicy=\"strict-origin-when-cross-origin\" allowfullscreen><\/iframe>\n<\/div><\/figure>\n\n\n\n<div style=\"height:10px\" aria-hidden=\"true\" class=\"wp-block-spacer eplus-wrapper\"><\/div>\n\n\n\n<figure class=\"wp-embed-aspect-16-9 wp-has-aspect-ratio wp-block-embed is-type-rich is-provider-h-ndterer-for-innbygging wp-block-embed-h-ndterer-for-innbygging eplus-wrapper\"><div class=\"wp-block-embed__wrapper\">\n<iframe loading=\"lazy\" title=\"QA451 Mobile Doublescreen\" width=\"640\" height=\"360\" src=\"https:\/\/www.youtube.com\/embed\/DNZumnwtOcc?feature=oembed\" frameborder=\"0\" allow=\"accelerometer; autoplay; clipboard-write; encrypted-media; gyroscope; picture-in-picture; web-share\" referrerpolicy=\"strict-origin-when-cross-origin\" allowfullscreen><\/iframe>\n<\/div><\/figure>\n<\/div>\n<\/div><\/div><\/div>\n\n\n\n<div style=\"height:100px\" aria-hidden=\"true\" class=\"wp-block-spacer eplus-wrapper\"><\/div>","protected":false},"excerpt":{"rendered":"<p>Sandvik QA452 \u2013 3 Deck Sikt: 6\u00d71,5m Transportm\u00e5l: 18,4\u00d73,2 \u00d73,55m Vekt: 34 tonn Sorteringsverket for grus og annen finsortering&nbsp;\u2013 3 Deck (4 fraksjoner) Klikk p\u00e5 linken nedenfor for mer info:<\/p>","protected":false},"author":1,"featured_media":0,"parent":2552,"menu_order":0,"comment_status":"closed","ping_status":"closed","template":"","meta":{"_editorskit_title_hidden":false,"_editorskit_reading_time":0,"_editorskit_is_block_options_detached":false,"_editorskit_block_options_position":"{}","inline_featured_image":false,"editor_plus_copied_stylings":"{}","footnotes":""},"class_list":["post-2554","page","type-page","status-publish","hentry"],"featured_image_src":null,"yoast_head":"<!-- This site is optimized with the Yoast SEO plugin v27.4 - https:\/\/yoast.com\/product\/yoast-seo-wordpress\/ -->\n<title>Sandvik QA452 \u2013 3 Deck - Fredheim Maskin<\/title>\n<meta name=\"robots\" content=\"index, follow, max-snippet:-1, max-image-preview:large, max-video-preview:-1\" \/>\n<link rel=\"canonical\" href=\"https:\/\/fredheim-maskin.no\/sv\/maskiner\/sandvik\/sandvik-sorteringsverk-qa\/sandvik-qa452-3-deck\/\" \/>\n<meta property=\"og:locale\" content=\"sv_SE\" \/>\n<meta property=\"og:type\" content=\"article\" \/>\n<meta property=\"og:title\" content=\"Sandvik QA452 \u2013 3 Deck - Fredheim Maskin\" \/>\n<meta property=\"og:description\" content=\"Sandvik QA452 \u2013 3 Deck Sikt: 6\u00d71,5m Transportm\u00e5l: 18,4\u00d73,2 \u00d73,55m Vekt: 34 tonn Sorteringsverket for grus og annen finsortering&nbsp;\u2013 3 Deck (4 fraksjoner) Klikk p\u00e5 linken nedenfor for mer info:\" \/>\n<meta property=\"og:url\" content=\"https:\/\/fredheim-maskin.no\/sv\/maskiner\/sandvik\/sandvik-sorteringsverk-qa\/sandvik-qa452-3-deck\/\" \/>\n<meta property=\"og:site_name\" content=\"Fredheim Maskin\" \/>\n<meta property=\"article:modified_time\" content=\"2025-12-12T12:55:36+00:00\" \/>\n<meta property=\"og:image\" content=\"https:\/\/fredheim-maskin.no\/wp-content\/uploads\/2023\/11\/qa451-2-2.jpg\" \/>\n\t<meta property=\"og:image:width\" content=\"1024\" \/>\n\t<meta property=\"og:image:height\" content=\"683\" \/>\n\t<meta property=\"og:image:type\" content=\"image\/jpeg\" \/>\n<meta name=\"twitter:card\" content=\"summary_large_image\" \/>\n<meta name=\"twitter:label1\" content=\"Ber\u00e4knad l\u00e4stid\" \/>\n\t<meta name=\"twitter:data1\" content=\"1 minut\" \/>\n<script type=\"application\/ld+json\" class=\"yoast-schema-graph\">{\"@context\":\"https:\\\/\\\/schema.org\",\"@graph\":[{\"@type\":\"WebPage\",\"@id\":\"https:\\\/\\\/fredheim-maskin.no\\\/maskiner\\\/sandvik\\\/sandvik-sorteringsverk-qa\\\/sandvik-qa452-3-deck\\\/\",\"url\":\"https:\\\/\\\/fredheim-maskin.no\\\/maskiner\\\/sandvik\\\/sandvik-sorteringsverk-qa\\\/sandvik-qa452-3-deck\\\/\",\"name\":\"Sandvik QA452 \u2013 3 Deck - Fredheim Maskin\",\"isPartOf\":{\"@id\":\"https:\\\/\\\/fredheim-maskin.no\\\/#website\"},\"primaryImageOfPage\":{\"@id\":\"https:\\\/\\\/fredheim-maskin.no\\\/maskiner\\\/sandvik\\\/sandvik-sorteringsverk-qa\\\/sandvik-qa452-3-deck\\\/#primaryimage\"},\"image\":{\"@id\":\"https:\\\/\\\/fredheim-maskin.no\\\/maskiner\\\/sandvik\\\/sandvik-sorteringsverk-qa\\\/sandvik-qa452-3-deck\\\/#primaryimage\"},\"thumbnailUrl\":\"https:\\\/\\\/fredheim-maskin.no\\\/wp-content\\\/uploads\\\/2023\\\/11\\\/qa451-2-2.jpg\",\"datePublished\":\"2023-11-14T14:49:59+00:00\",\"dateModified\":\"2025-12-12T12:55:36+00:00\",\"breadcrumb\":{\"@id\":\"https:\\\/\\\/fredheim-maskin.no\\\/maskiner\\\/sandvik\\\/sandvik-sorteringsverk-qa\\\/sandvik-qa452-3-deck\\\/#breadcrumb\"},\"inLanguage\":\"sv-SE\",\"potentialAction\":[{\"@type\":\"ReadAction\",\"target\":[\"https:\\\/\\\/fredheim-maskin.no\\\/maskiner\\\/sandvik\\\/sandvik-sorteringsverk-qa\\\/sandvik-qa452-3-deck\\\/\"]}]},{\"@type\":\"ImageObject\",\"inLanguage\":\"sv-SE\",\"@id\":\"https:\\\/\\\/fredheim-maskin.no\\\/maskiner\\\/sandvik\\\/sandvik-sorteringsverk-qa\\\/sandvik-qa452-3-deck\\\/#primaryimage\",\"url\":\"https:\\\/\\\/fredheim-maskin.no\\\/wp-content\\\/uploads\\\/2023\\\/11\\\/qa451-2-2.jpg\",\"contentUrl\":\"https:\\\/\\\/fredheim-maskin.no\\\/wp-content\\\/uploads\\\/2023\\\/11\\\/qa451-2-2.jpg\"},{\"@type\":\"BreadcrumbList\",\"@id\":\"https:\\\/\\\/fredheim-maskin.no\\\/maskiner\\\/sandvik\\\/sandvik-sorteringsverk-qa\\\/sandvik-qa452-3-deck\\\/#breadcrumb\",\"itemListElement\":[{\"@type\":\"ListItem\",\"position\":1,\"name\":\"Hjem\",\"item\":\"https:\\\/\\\/fredheim-maskin.no\\\/\"},{\"@type\":\"ListItem\",\"position\":2,\"name\":\"Maskiner\",\"item\":\"https:\\\/\\\/fredheim-maskin.no\\\/maskiner\\\/\"},{\"@type\":\"ListItem\",\"position\":3,\"name\":\"Sandvik\",\"item\":\"https:\\\/\\\/fredheim-maskin.no\\\/maskiner\\\/sandvik\\\/\"},{\"@type\":\"ListItem\",\"position\":4,\"name\":\"Sandvik sorteringsverk \u2013 QA\",\"item\":\"https:\\\/\\\/fredheim-maskin.no\\\/maskiner\\\/sandvik\\\/sandvik-sorteringsverk-qa\\\/\"},{\"@type\":\"ListItem\",\"position\":5,\"name\":\"Sandvik QA452 \u2013 3 Deck\"}]},{\"@type\":\"WebSite\",\"@id\":\"https:\\\/\\\/fredheim-maskin.no\\\/#website\",\"url\":\"https:\\\/\\\/fredheim-maskin.no\\\/\",\"name\":\"Fredheim Maskin\",\"description\":\"\",\"potentialAction\":[{\"@type\":\"SearchAction\",\"target\":{\"@type\":\"EntryPoint\",\"urlTemplate\":\"https:\\\/\\\/fredheim-maskin.no\\\/?s={search_term_string}\"},\"query-input\":{\"@type\":\"PropertyValueSpecification\",\"valueRequired\":true,\"valueName\":\"search_term_string\"}}],\"inLanguage\":\"sv-SE\"}]}<\/script>\n<!-- \/ Yoast SEO plugin. -->","yoast_head_json":{"title":"Sandvik QA452 \u2013 3 Deck - Fredheim Maskin","robots":{"index":"index","follow":"follow","max-snippet":"max-snippet:-1","max-image-preview":"max-image-preview:large","max-video-preview":"max-video-preview:-1"},"canonical":"https:\/\/fredheim-maskin.no\/sv\/maskiner\/sandvik\/sandvik-sorteringsverk-qa\/sandvik-qa452-3-deck\/","og_locale":"sv_SE","og_type":"article","og_title":"Sandvik QA452 \u2013 3 Deck - Fredheim Maskin","og_description":"Sandvik QA452 \u2013 3 Deck Sikt: 6\u00d71,5m Transportm\u00e5l: 18,4\u00d73,2 \u00d73,55m Vekt: 34 tonn Sorteringsverket for grus og annen finsortering&nbsp;\u2013 3 Deck (4 fraksjoner) Klikk p\u00e5 linken nedenfor for mer info:","og_url":"https:\/\/fredheim-maskin.no\/sv\/maskiner\/sandvik\/sandvik-sorteringsverk-qa\/sandvik-qa452-3-deck\/","og_site_name":"Fredheim Maskin","article_modified_time":"2025-12-12T12:55:36+00:00","og_image":[{"width":1024,"height":683,"url":"https:\/\/fredheim-maskin.no\/wp-content\/uploads\/2023\/11\/qa451-2-2.jpg","type":"image\/jpeg"}],"twitter_card":"summary_large_image","twitter_misc":{"Ber\u00e4knad l\u00e4stid":"1 minut"},"schema":{"@context":"https:\/\/schema.org","@graph":[{"@type":"WebPage","@id":"https:\/\/fredheim-maskin.no\/maskiner\/sandvik\/sandvik-sorteringsverk-qa\/sandvik-qa452-3-deck\/","url":"https:\/\/fredheim-maskin.no\/maskiner\/sandvik\/sandvik-sorteringsverk-qa\/sandvik-qa452-3-deck\/","name":"Sandvik QA452 \u2013 3 Deck - Fredheim Maskin","isPartOf":{"@id":"https:\/\/fredheim-maskin.no\/#website"},"primaryImageOfPage":{"@id":"https:\/\/fredheim-maskin.no\/maskiner\/sandvik\/sandvik-sorteringsverk-qa\/sandvik-qa452-3-deck\/#primaryimage"},"image":{"@id":"https:\/\/fredheim-maskin.no\/maskiner\/sandvik\/sandvik-sorteringsverk-qa\/sandvik-qa452-3-deck\/#primaryimage"},"thumbnailUrl":"https:\/\/fredheim-maskin.no\/wp-content\/uploads\/2023\/11\/qa451-2-2.jpg","datePublished":"2023-11-14T14:49:59+00:00","dateModified":"2025-12-12T12:55:36+00:00","breadcrumb":{"@id":"https:\/\/fredheim-maskin.no\/maskiner\/sandvik\/sandvik-sorteringsverk-qa\/sandvik-qa452-3-deck\/#breadcrumb"},"inLanguage":"sv-SE","potentialAction":[{"@type":"ReadAction","target":["https:\/\/fredheim-maskin.no\/maskiner\/sandvik\/sandvik-sorteringsverk-qa\/sandvik-qa452-3-deck\/"]}]},{"@type":"ImageObject","inLanguage":"sv-SE","@id":"https:\/\/fredheim-maskin.no\/maskiner\/sandvik\/sandvik-sorteringsverk-qa\/sandvik-qa452-3-deck\/#primaryimage","url":"https:\/\/fredheim-maskin.no\/wp-content\/uploads\/2023\/11\/qa451-2-2.jpg","contentUrl":"https:\/\/fredheim-maskin.no\/wp-content\/uploads\/2023\/11\/qa451-2-2.jpg"},{"@type":"BreadcrumbList","@id":"https:\/\/fredheim-maskin.no\/maskiner\/sandvik\/sandvik-sorteringsverk-qa\/sandvik-qa452-3-deck\/#breadcrumb","itemListElement":[{"@type":"ListItem","position":1,"name":"Hjem","item":"https:\/\/fredheim-maskin.no\/"},{"@type":"ListItem","position":2,"name":"Maskiner","item":"https:\/\/fredheim-maskin.no\/maskiner\/"},{"@type":"ListItem","position":3,"name":"Sandvik","item":"https:\/\/fredheim-maskin.no\/maskiner\/sandvik\/"},{"@type":"ListItem","position":4,"name":"Sandvik sorteringsverk \u2013 QA","item":"https:\/\/fredheim-maskin.no\/maskiner\/sandvik\/sandvik-sorteringsverk-qa\/"},{"@type":"ListItem","position":5,"name":"Sandvik QA452 \u2013 3 Deck"}]},{"@type":"WebSite","@id":"https:\/\/fredheim-maskin.no\/#website","url":"https:\/\/fredheim-maskin.no\/","name":"Fredheim Maskin","description":"","potentialAction":[{"@type":"SearchAction","target":{"@type":"EntryPoint","urlTemplate":"https:\/\/fredheim-maskin.no\/?s={search_term_string}"},"query-input":{"@type":"PropertyValueSpecification","valueRequired":true,"valueName":"search_term_string"}}],"inLanguage":"sv-SE"}]}},"_links":{"self":[{"href":"https:\/\/fredheim-maskin.no\/sv\/wp-json\/wp\/v2\/pages\/2554","targetHints":{"allow":["GET"]}}],"collection":[{"href":"https:\/\/fredheim-maskin.no\/sv\/wp-json\/wp\/v2\/pages"}],"about":[{"href":"https:\/\/fredheim-maskin.no\/sv\/wp-json\/wp\/v2\/types\/page"}],"author":[{"embeddable":true,"href":"https:\/\/fredheim-maskin.no\/sv\/wp-json\/wp\/v2\/users\/1"}],"replies":[{"embeddable":true,"href":"https:\/\/fredheim-maskin.no\/sv\/wp-json\/wp\/v2\/comments?post=2554"}],"version-history":[{"count":11,"href":"https:\/\/fredheim-maskin.no\/sv\/wp-json\/wp\/v2\/pages\/2554\/revisions"}],"predecessor-version":[{"id":17255,"href":"https:\/\/fredheim-maskin.no\/sv\/wp-json\/wp\/v2\/pages\/2554\/revisions\/17255"}],"up":[{"embeddable":true,"href":"https:\/\/fredheim-maskin.no\/sv\/wp-json\/wp\/v2\/pages\/2552"}],"wp:attachment":[{"href":"https:\/\/fredheim-maskin.no\/sv\/wp-json\/wp\/v2\/media?parent=2554"}],"curies":[{"name":"wp","href":"https:\/\/api.w.org\/{rel}","templated":true}]}}