{"id":2558,"date":"2023-11-14T15:50:44","date_gmt":"2023-11-14T14:50:44","guid":{"rendered":"https:\/\/fredheim-maskin.no\/?page_id=2558"},"modified":"2023-12-15T14:11:35","modified_gmt":"2023-12-15T13:11:35","slug":"sandvik-qa335","status":"publish","type":"page","link":"https:\/\/fredheim-maskin.no\/sv\/maskiner\/sandvik\/sandvik-sorteringsverk-qa\/sandvik-qa335\/","title":{"rendered":"Sandvik QA335"},"content":{"rendered":"<div class=\"cs-medium bg-hero wp-block-group alignfull has-dark-cobolt-background-color has-background eplus-wrapper\"><div class=\"wp-block-group__inner-container is-layout-constrained wp-block-group-is-layout-constrained\">\n<div class=\"wp-block-group eplus-wrapper\"><div class=\"wp-block-group__inner-container is-layout-constrained wp-block-group-is-layout-constrained\"><div class=\"wp-block-columns are-vertically-aligned-center eplus-wrapper is-layout-flex wp-container-core-columns-is-layout-9d6595d7 wp-block-columns-is-layout-flex eplus-styles-uid-0515ba\">\n<div class=\"wp-block-column is-vertically-aligned-center eplus-wrapper is-layout-flow wp-block-column-is-layout-flow\">\n<figure class=\"container-rounded-corners wp-block-image size-full eplus-wrapper\"><img decoding=\"async\" width=\"1024\" height=\"682\" src=\"https:\/\/fredheim-maskin.no\/wp-content\/uploads\/2023\/11\/QA335-1.jpg\" alt=\"\" class=\"wp-image-3783\" srcset=\"https:\/\/fredheim-maskin.no\/wp-content\/uploads\/2023\/11\/QA335-1.jpg 1024w, https:\/\/fredheim-maskin.no\/wp-content\/uploads\/2023\/11\/QA335-1-300x200.jpg 300w, https:\/\/fredheim-maskin.no\/wp-content\/uploads\/2023\/11\/QA335-1-768x512.jpg 768w, https:\/\/fredheim-maskin.no\/wp-content\/uploads\/2023\/11\/QA335-1-18x12.jpg 18w\" sizes=\"(max-width: 1024px) 100vw, 1024px\" \/><\/figure>\n<\/div>\n\n\n\n<div class=\"hide-mobile wp-block-column eplus-wrapper is-layout-flow wp-block-column-is-layout-flow\" style=\"flex-basis:15px\"><\/div>\n\n\n\n<div class=\"wp-block-column is-vertically-aligned-center eplus-wrapper is-layout-flow wp-block-column-is-layout-flow\">\n<div style=\"height:90px\" aria-hidden=\"true\" class=\"hide-mobile wp-block-spacer eplus-wrapper\"><\/div>\n\n\n\n<h1 class=\"wp-block-heading has-white-color has-text-color eplus-wrapper\">Sandvik QA335<\/h1>\n\n\n\n<p class=\"has-white-color has-text-color has-link-color eplus-wrapper wp-elements-75e24fc42f4ff86d603449fea97313e0\">Sikt: 4\u00d71,5m Transportm\u00e5tt: 15,3\u00d73\u00d73,4m Vikt: 27 ton<\/p>\n\n\n<ul class=\"has-white-color has-text-color eplus-wrapper wp-block-list eplus-styles-uid-ec8caf\">\n<li class=\"eplus-wrapper\">Dubbel sikt med 6m2 4 x 1,5m f\u00f6rdelat p\u00e5 2 siktar.<\/li>\n\n\n\n<li class=\"eplus-wrapper\">Transportm\u00e5tt 15,3 x 3 x 3,4m<\/li>\n\n\n\n<li class=\"eplus-wrapper\">Vikt 27 ton<\/li>\n<\/ul>\n\n\n<div style=\"height:90px\" aria-hidden=\"true\" class=\"hide-mobile wp-block-spacer eplus-wrapper\"><\/div>\n<\/div>\n<\/div><\/div><\/div>\n<\/div><\/div>\n\n\n\n<div style=\"height:50px\" aria-hidden=\"true\" class=\"wp-block-spacer eplus-wrapper\"><\/div>\n\n\n\n<div class=\"wp-block-group eplus-wrapper\"><div class=\"wp-block-group__inner-container is-layout-constrained wp-block-group-is-layout-constrained\"><div class=\"wp-block-columns eplus-wrapper is-layout-flex wp-container-core-columns-is-layout-9d6595d7 wp-block-columns-is-layout-flex eplus-styles-uid-b180cb\">\n<div class=\"wp-block-column eplus-wrapper is-layout-flow wp-block-column-is-layout-flow\"><\/div>\n\n\n\n<div class=\"wp-block-column eplus-wrapper is-layout-flow wp-block-column-is-layout-flow\">\n<p class=\"eplus-wrapper\">Klicka p\u00e5 l\u00e4nken nedan f\u00f6r mer info:<\/p>\n\n\n<ul class=\"eplus-wrapper wp-block-list eplus-styles-uid-e13008\">\n<li class=\"eplus-wrapper\"><a href=\"https:\/\/fredheim-maskin.no\/wp-content\/uploads\/2023\/11\/qa335-brochure-english.pdf\" data-type=\"link\" data-id=\"https:\/\/fredheim-maskin.no\/wp-content\/uploads\/2023\/11\/qa335-brochure-english.pdf\">S<\/a><a href=\"https:\/\/fredheim-maskin.no\/wp-content\/uploads\/2023\/11\/qa335-brochure-english.pdf\" data-type=\"link\" data-id=\"https:\/\/fredheim-maskin.no\/wp-content\/uploads\/2023\/11\/qa335-brochure-english.pdf\" target=\"_blank\" rel=\"noreferrer noopener\">andvik brosjyre<\/a><\/li>\n\n\n\n<li class=\"eplus-wrapper\"><a href=\"https:\/\/fredheim-maskin.no\/wp-content\/uploads\/2023\/11\/qa335-specification-sheet-english.pdf\" data-type=\"link\" data-id=\"https:\/\/fredheim-maskin.no\/wp-content\/uploads\/2023\/11\/qa335-specification-sheet-english.pdf\" target=\"_blank\" rel=\"noreferrer noopener\">Sandvik spec sheet<\/a><\/li>\n<\/ul><\/div>\n<\/div><\/div><\/div>\n\n\n\n<div style=\"height:50px\" aria-hidden=\"true\" class=\"wp-block-spacer eplus-wrapper\"><\/div>\n\n\n\n<div class=\"wp-block-group eplus-wrapper\"><div class=\"wp-block-group__inner-container is-layout-constrained wp-block-group-is-layout-constrained\"><div class=\"wp-block-columns eplus-wrapper is-layout-flex wp-container-core-columns-is-layout-9d6595d7 wp-block-columns-is-layout-flex eplus-styles-uid-fadbaa\">\n<div class=\"wp-block-column eplus-wrapper is-layout-flow wp-block-column-is-layout-flow\">\n<div class=\"wp-block-envira-envira-gallery\"><div id=\"envira-gallery-wrap-3786\" class=\"envira-gallery-wrap envira-gallery-theme-base envira-lightbox-theme-base_dark\" itemscope itemtype=\"https:\/\/schema.org\/ImageGallery\"><div data-row-height=\"\" data-gallery-theme=\"\" id=\"envira-gallery-3786\" class=\"envira-gallery-public  envira-gallery-4-columns envira-clear enviratope envira-gallery-css-animations\" data-envira-columns=\"4\"><div id=\"envira-gallery-item-3783\" class=\"envira-gallery-item enviratope-item envira-gallery-item-1 envira-lazy-load\" style=\"padding-left: 3px; padding-bottom: 5px; padding-right: 3px;\"  itemscope itemtype=\"https:\/\/schema.org\/ImageObject\"><div class=\"envira-gallery-item-inner\"><div class=\"envira-gallery-position-overlay  envira-gallery-top-left\"><\/div><div class=\"envira-gallery-position-overlay  envira-gallery-top-right\"><\/div><div class=\"envira-gallery-position-overlay  envira-gallery-bottom-left\"><\/div><div class=\"envira-gallery-position-overlay  envira-gallery-bottom-right\"><\/div><a href=\"https:\/\/fredheim-maskin.no\/wp-content\/uploads\/2023\/11\/QA335-1.jpg\" class=\"envira-gallery-3786 envira-gallery-link\" rel=\"enviragallery3786\" title=\"QA335-1\" data-envira-caption=\"QA335-1\" data-envira-retina=\"\" data-thumbnail=\"\"  itemprop=\"contentUrl\"><div class=\"envira-lazy\" data-test-width=\"640\" data-test-height=\"480\" style=\"padding-bottom:75%;\"><img decoding=\"async\" id=\"envira-gallery-image-3783\" class=\"envira-gallery-image envira-gallery-image-1\" data-envira-index=\"1\" src=\"https:\/\/fredheim-maskin.no\/wp-content\/uploads\/2023\/11\/QA335-1.jpg\" data-envira-src=\"https:\/\/fredheim-maskin.no\/wp-content\/uploads\/2023\/11\/QA335-1.jpg\" data-envira-gallery-id=\"3786\" data-envira-item-id=\"3783\" data-envira-caption=\"QA335-1\" alt=\"\" title=\"QA335-1\"  itemprop=\"thumbnailUrl\" data-envira-srcset=\"https:\/\/fredheim-maskin.no\/wp-content\/uploads\/2023\/11\/QA335-1.jpg 400w,https:\/\/fredheim-maskin.no\/wp-content\/uploads\/2023\/11\/QA335-1.jpg 2x\" srcset=\"data:image\/gif;base64,R0lGODlhAQABAIAAAP\/\/\/\/\/\/\/yH5BAEKAAEALAAAAAABAAEAAAICTAEAOw==\" \/><\/div><\/a><\/div><\/div><div id=\"envira-gallery-item-3784\" class=\"envira-gallery-item enviratope-item envira-gallery-item-2 envira-lazy-load\" style=\"padding-left: 3px; padding-bottom: 5px; padding-right: 3px;\"  itemscope itemtype=\"https:\/\/schema.org\/ImageObject\"><div class=\"envira-gallery-item-inner\"><div class=\"envira-gallery-position-overlay  envira-gallery-top-left\"><\/div><div class=\"envira-gallery-position-overlay  envira-gallery-top-right\"><\/div><div class=\"envira-gallery-position-overlay  envira-gallery-bottom-left\"><\/div><div class=\"envira-gallery-position-overlay  envira-gallery-bottom-right\"><\/div><a href=\"https:\/\/fredheim-maskin.no\/wp-content\/uploads\/2023\/11\/QA335-2.jpg\" class=\"envira-gallery-3786 envira-gallery-link\" rel=\"enviragallery3786\" title=\"QA335-2\" data-envira-caption=\"QA335-2\" data-envira-retina=\"\" data-thumbnail=\"\"  itemprop=\"contentUrl\"><div class=\"envira-lazy\" data-test-width=\"640\" data-test-height=\"480\" style=\"padding-bottom:75%;\"><img decoding=\"async\" id=\"envira-gallery-image-3784\" class=\"envira-gallery-image envira-gallery-image-2\" data-envira-index=\"2\" src=\"https:\/\/fredheim-maskin.no\/wp-content\/uploads\/2023\/11\/QA335-2.jpg\" data-envira-src=\"https:\/\/fredheim-maskin.no\/wp-content\/uploads\/2023\/11\/QA335-2.jpg\" data-envira-gallery-id=\"3786\" data-envira-item-id=\"3784\" data-envira-caption=\"QA335-2\" alt=\"\" title=\"QA335-2\"  itemprop=\"thumbnailUrl\" data-envira-srcset=\"https:\/\/fredheim-maskin.no\/wp-content\/uploads\/2023\/11\/QA335-2.jpg 400w,https:\/\/fredheim-maskin.no\/wp-content\/uploads\/2023\/11\/QA335-2.jpg 2x\" srcset=\"data:image\/gif;base64,R0lGODlhAQABAIAAAP\/\/\/\/\/\/\/yH5BAEKAAEALAAAAAABAAEAAAICTAEAOw==\" \/><\/div><\/a><\/div><\/div><div id=\"envira-gallery-item-3785\" class=\"envira-gallery-item enviratope-item envira-gallery-item-3 envira-lazy-load\" style=\"padding-left: 3px; padding-bottom: 5px; padding-right: 3px;\"  itemscope itemtype=\"https:\/\/schema.org\/ImageObject\"><div class=\"envira-gallery-item-inner\"><div class=\"envira-gallery-position-overlay  envira-gallery-top-left\"><\/div><div class=\"envira-gallery-position-overlay  envira-gallery-top-right\"><\/div><div class=\"envira-gallery-position-overlay  envira-gallery-bottom-left\"><\/div><div class=\"envira-gallery-position-overlay  envira-gallery-bottom-right\"><\/div><a href=\"https:\/\/fredheim-maskin.no\/wp-content\/uploads\/2023\/11\/QA335-3.jpg\" class=\"envira-gallery-3786 envira-gallery-link\" rel=\"enviragallery3786\" title=\"QA335-3\" data-envira-caption=\"QA335-3\" data-envira-retina=\"\" data-thumbnail=\"\"  itemprop=\"contentUrl\"><div class=\"envira-lazy\" data-test-width=\"640\" data-test-height=\"480\" style=\"padding-bottom:75%;\"><img decoding=\"async\" id=\"envira-gallery-image-3785\" class=\"envira-gallery-image envira-gallery-image-3\" data-envira-index=\"3\" src=\"https:\/\/fredheim-maskin.no\/wp-content\/uploads\/2023\/11\/QA335-3.jpg\" data-envira-src=\"https:\/\/fredheim-maskin.no\/wp-content\/uploads\/2023\/11\/QA335-3.jpg\" data-envira-gallery-id=\"3786\" data-envira-item-id=\"3785\" data-envira-caption=\"QA335-3\" alt=\"\" title=\"QA335-3\"  itemprop=\"thumbnailUrl\" data-envira-srcset=\"https:\/\/fredheim-maskin.no\/wp-content\/uploads\/2023\/11\/QA335-3.jpg 400w,https:\/\/fredheim-maskin.no\/wp-content\/uploads\/2023\/11\/QA335-3.jpg 2x\" srcset=\"data:image\/gif;base64,R0lGODlhAQABAIAAAP\/\/\/\/\/\/\/yH5BAEKAAEALAAAAAABAAEAAAICTAEAOw==\" \/><\/div><\/a><\/div><\/div><\/div><\/div><noscript><img decoding=\"async\" src=\"https:\/\/fredheim-maskin.no\/wp-content\/uploads\/2023\/11\/QA335-1.jpg\" alt=\"\" \/><img decoding=\"async\" src=\"https:\/\/fredheim-maskin.no\/wp-content\/uploads\/2023\/11\/QA335-2.jpg\" alt=\"\" \/><img decoding=\"async\" src=\"https:\/\/fredheim-maskin.no\/wp-content\/uploads\/2023\/11\/QA335-3.jpg\" alt=\"\" \/><\/noscript><\/div>\n<\/div>\n<\/div><\/div><\/div>\n\n\n\n<div style=\"height:50px\" aria-hidden=\"true\" class=\"wp-block-spacer eplus-wrapper\"><\/div>\n\n\n\n<div class=\"wp-block-group eplus-wrapper\"><div class=\"wp-block-group__inner-container is-layout-constrained wp-block-group-is-layout-constrained\"><div class=\"wp-block-columns eplus-wrapper is-layout-flex wp-container-core-columns-is-layout-9d6595d7 wp-block-columns-is-layout-flex eplus-styles-uid-68699a\">\n<div class=\"wp-block-column eplus-wrapper is-layout-flow wp-block-column-is-layout-flow\">\n<figure class=\"wp-block-embed is-type-rich is-provider-h-ndterer-for-innbygging wp-block-embed-h-ndterer-for-innbygging eplus-wrapper\"><div class=\"wp-block-embed__wrapper\">\n<iframe loading=\"lazy\" title=\"Sandvik QA335 Doublescreen\" width=\"640\" height=\"360\" src=\"https:\/\/www.youtube.com\/embed\/Nqcx_yO_1F8?feature=oembed\" frameborder=\"0\" allow=\"accelerometer; autoplay; clipboard-write; encrypted-media; gyroscope; picture-in-picture; web-share\" referrerpolicy=\"strict-origin-when-cross-origin\" allowfullscreen><\/iframe>\n<\/div><\/figure>\n\n\n\n<div style=\"height:10px\" aria-hidden=\"true\" class=\"wp-block-spacer eplus-wrapper\"><\/div>\n\n\n\n<figure class=\"wp-block-embed is-type-rich is-provider-h-ndterer-for-innbygging wp-block-embed-h-ndterer-for-innbygging eplus-wrapper\"><div class=\"wp-block-embed__wrapper\">\n<iframe loading=\"lazy\" title=\"Sandvik Doublescreen - Two are better than one\" width=\"640\" height=\"360\" src=\"https:\/\/www.youtube.com\/embed\/5e7PWU0kSpQ?feature=oembed\" frameborder=\"0\" allow=\"accelerometer; autoplay; clipboard-write; encrypted-media; gyroscope; picture-in-picture; web-share\" referrerpolicy=\"strict-origin-when-cross-origin\" allowfullscreen><\/iframe>\n<\/div><\/figure>\n<\/div>\n\n\n\n<div class=\"wp-block-column eplus-wrapper is-layout-flow wp-block-column-is-layout-flow\"><\/div>\n<\/div><\/div><\/div>\n\n\n\n<div style=\"height:100px\" aria-hidden=\"true\" class=\"wp-block-spacer eplus-wrapper\"><\/div>","protected":false},"excerpt":{"rendered":"<p>Sandvik QA335 Sikt: 4\u00d71,5m Transportm\u00e5l: 15,3\u00d73\u00d73,4m Vekt: 27 tonn Klikk p\u00e5 linken nedenfor for mer info:<\/p>","protected":false},"author":1,"featured_media":0,"parent":2552,"menu_order":0,"comment_status":"closed","ping_status":"closed","template":"","meta":{"_editorskit_title_hidden":false,"_editorskit_reading_time":0,"_editorskit_is_block_options_detached":false,"_editorskit_block_options_position":"{}","inline_featured_image":false,"editor_plus_copied_stylings":"{}","footnotes":""},"class_list":["post-2558","page","type-page","status-publish","hentry"],"featured_image_src":null,"yoast_head":"<!-- This site is optimized with the Yoast SEO plugin v27.4 - https:\/\/yoast.com\/product\/yoast-seo-wordpress\/ -->\n<title>Sandvik QA335 - Fredheim Maskin<\/title>\n<meta name=\"robots\" content=\"index, follow, max-snippet:-1, max-image-preview:large, max-video-preview:-1\" \/>\n<link rel=\"canonical\" href=\"https:\/\/fredheim-maskin.no\/sv\/maskiner\/sandvik\/sandvik-sorteringsverk-qa\/sandvik-qa335\/\" \/>\n<meta property=\"og:locale\" content=\"sv_SE\" \/>\n<meta property=\"og:type\" content=\"article\" \/>\n<meta property=\"og:title\" content=\"Sandvik QA335 - Fredheim Maskin\" \/>\n<meta property=\"og:description\" content=\"Sandvik QA335 Sikt: 4\u00d71,5m Transportm\u00e5l: 15,3\u00d73\u00d73,4m Vekt: 27 tonn Klikk p\u00e5 linken nedenfor for mer info:\" \/>\n<meta property=\"og:url\" content=\"https:\/\/fredheim-maskin.no\/sv\/maskiner\/sandvik\/sandvik-sorteringsverk-qa\/sandvik-qa335\/\" \/>\n<meta property=\"og:site_name\" content=\"Fredheim Maskin\" \/>\n<meta property=\"article:modified_time\" content=\"2023-12-15T13:11:35+00:00\" \/>\n<meta property=\"og:image\" content=\"https:\/\/fredheim-maskin.no\/wp-content\/uploads\/2023\/11\/QA335-1.jpg\" \/>\n<meta name=\"twitter:card\" content=\"summary_large_image\" \/>\n<script type=\"application\/ld+json\" class=\"yoast-schema-graph\">{\"@context\":\"https:\\\/\\\/schema.org\",\"@graph\":[{\"@type\":\"WebPage\",\"@id\":\"https:\\\/\\\/fredheim-maskin.no\\\/maskiner\\\/sandvik\\\/sandvik-sorteringsverk-qa\\\/sandvik-qa335\\\/\",\"url\":\"https:\\\/\\\/fredheim-maskin.no\\\/maskiner\\\/sandvik\\\/sandvik-sorteringsverk-qa\\\/sandvik-qa335\\\/\",\"name\":\"Sandvik QA335 - Fredheim Maskin\",\"isPartOf\":{\"@id\":\"https:\\\/\\\/fredheim-maskin.no\\\/#website\"},\"primaryImageOfPage\":{\"@id\":\"https:\\\/\\\/fredheim-maskin.no\\\/maskiner\\\/sandvik\\\/sandvik-sorteringsverk-qa\\\/sandvik-qa335\\\/#primaryimage\"},\"image\":{\"@id\":\"https:\\\/\\\/fredheim-maskin.no\\\/maskiner\\\/sandvik\\\/sandvik-sorteringsverk-qa\\\/sandvik-qa335\\\/#primaryimage\"},\"thumbnailUrl\":\"https:\\\/\\\/fredheim-maskin.no\\\/wp-content\\\/uploads\\\/2023\\\/11\\\/QA335-1.jpg\",\"datePublished\":\"2023-11-14T14:50:44+00:00\",\"dateModified\":\"2023-12-15T13:11:35+00:00\",\"breadcrumb\":{\"@id\":\"https:\\\/\\\/fredheim-maskin.no\\\/maskiner\\\/sandvik\\\/sandvik-sorteringsverk-qa\\\/sandvik-qa335\\\/#breadcrumb\"},\"inLanguage\":\"sv-SE\",\"potentialAction\":[{\"@type\":\"ReadAction\",\"target\":[\"https:\\\/\\\/fredheim-maskin.no\\\/maskiner\\\/sandvik\\\/sandvik-sorteringsverk-qa\\\/sandvik-qa335\\\/\"]}]},{\"@type\":\"ImageObject\",\"inLanguage\":\"sv-SE\",\"@id\":\"https:\\\/\\\/fredheim-maskin.no\\\/maskiner\\\/sandvik\\\/sandvik-sorteringsverk-qa\\\/sandvik-qa335\\\/#primaryimage\",\"url\":\"https:\\\/\\\/fredheim-maskin.no\\\/wp-content\\\/uploads\\\/2023\\\/11\\\/QA335-1.jpg\",\"contentUrl\":\"https:\\\/\\\/fredheim-maskin.no\\\/wp-content\\\/uploads\\\/2023\\\/11\\\/QA335-1.jpg\"},{\"@type\":\"BreadcrumbList\",\"@id\":\"https:\\\/\\\/fredheim-maskin.no\\\/maskiner\\\/sandvik\\\/sandvik-sorteringsverk-qa\\\/sandvik-qa335\\\/#breadcrumb\",\"itemListElement\":[{\"@type\":\"ListItem\",\"position\":1,\"name\":\"Hjem\",\"item\":\"https:\\\/\\\/fredheim-maskin.no\\\/\"},{\"@type\":\"ListItem\",\"position\":2,\"name\":\"Maskiner\",\"item\":\"https:\\\/\\\/fredheim-maskin.no\\\/maskiner\\\/\"},{\"@type\":\"ListItem\",\"position\":3,\"name\":\"Sandvik\",\"item\":\"https:\\\/\\\/fredheim-maskin.no\\\/maskiner\\\/sandvik\\\/\"},{\"@type\":\"ListItem\",\"position\":4,\"name\":\"Sandvik sorteringsverk \u2013 QA\",\"item\":\"https:\\\/\\\/fredheim-maskin.no\\\/maskiner\\\/sandvik\\\/sandvik-sorteringsverk-qa\\\/\"},{\"@type\":\"ListItem\",\"position\":5,\"name\":\"Sandvik QA335\"}]},{\"@type\":\"WebSite\",\"@id\":\"https:\\\/\\\/fredheim-maskin.no\\\/#website\",\"url\":\"https:\\\/\\\/fredheim-maskin.no\\\/\",\"name\":\"Fredheim Maskin\",\"description\":\"\",\"potentialAction\":[{\"@type\":\"SearchAction\",\"target\":{\"@type\":\"EntryPoint\",\"urlTemplate\":\"https:\\\/\\\/fredheim-maskin.no\\\/?s={search_term_string}\"},\"query-input\":{\"@type\":\"PropertyValueSpecification\",\"valueRequired\":true,\"valueName\":\"search_term_string\"}}],\"inLanguage\":\"sv-SE\"}]}<\/script>\n<!-- \/ Yoast SEO plugin. -->","yoast_head_json":{"title":"Sandvik QA335 - Fredheim Maskin","robots":{"index":"index","follow":"follow","max-snippet":"max-snippet:-1","max-image-preview":"max-image-preview:large","max-video-preview":"max-video-preview:-1"},"canonical":"https:\/\/fredheim-maskin.no\/sv\/maskiner\/sandvik\/sandvik-sorteringsverk-qa\/sandvik-qa335\/","og_locale":"sv_SE","og_type":"article","og_title":"Sandvik QA335 - Fredheim Maskin","og_description":"Sandvik QA335 Sikt: 4\u00d71,5m Transportm\u00e5l: 15,3\u00d73\u00d73,4m Vekt: 27 tonn Klikk p\u00e5 linken nedenfor for mer info:","og_url":"https:\/\/fredheim-maskin.no\/sv\/maskiner\/sandvik\/sandvik-sorteringsverk-qa\/sandvik-qa335\/","og_site_name":"Fredheim Maskin","article_modified_time":"2023-12-15T13:11:35+00:00","og_image":[{"url":"https:\/\/fredheim-maskin.no\/wp-content\/uploads\/2023\/11\/QA335-1.jpg","type":"","width":"","height":""}],"twitter_card":"summary_large_image","schema":{"@context":"https:\/\/schema.org","@graph":[{"@type":"WebPage","@id":"https:\/\/fredheim-maskin.no\/maskiner\/sandvik\/sandvik-sorteringsverk-qa\/sandvik-qa335\/","url":"https:\/\/fredheim-maskin.no\/maskiner\/sandvik\/sandvik-sorteringsverk-qa\/sandvik-qa335\/","name":"Sandvik QA335 - Fredheim Maskin","isPartOf":{"@id":"https:\/\/fredheim-maskin.no\/#website"},"primaryImageOfPage":{"@id":"https:\/\/fredheim-maskin.no\/maskiner\/sandvik\/sandvik-sorteringsverk-qa\/sandvik-qa335\/#primaryimage"},"image":{"@id":"https:\/\/fredheim-maskin.no\/maskiner\/sandvik\/sandvik-sorteringsverk-qa\/sandvik-qa335\/#primaryimage"},"thumbnailUrl":"https:\/\/fredheim-maskin.no\/wp-content\/uploads\/2023\/11\/QA335-1.jpg","datePublished":"2023-11-14T14:50:44+00:00","dateModified":"2023-12-15T13:11:35+00:00","breadcrumb":{"@id":"https:\/\/fredheim-maskin.no\/maskiner\/sandvik\/sandvik-sorteringsverk-qa\/sandvik-qa335\/#breadcrumb"},"inLanguage":"sv-SE","potentialAction":[{"@type":"ReadAction","target":["https:\/\/fredheim-maskin.no\/maskiner\/sandvik\/sandvik-sorteringsverk-qa\/sandvik-qa335\/"]}]},{"@type":"ImageObject","inLanguage":"sv-SE","@id":"https:\/\/fredheim-maskin.no\/maskiner\/sandvik\/sandvik-sorteringsverk-qa\/sandvik-qa335\/#primaryimage","url":"https:\/\/fredheim-maskin.no\/wp-content\/uploads\/2023\/11\/QA335-1.jpg","contentUrl":"https:\/\/fredheim-maskin.no\/wp-content\/uploads\/2023\/11\/QA335-1.jpg"},{"@type":"BreadcrumbList","@id":"https:\/\/fredheim-maskin.no\/maskiner\/sandvik\/sandvik-sorteringsverk-qa\/sandvik-qa335\/#breadcrumb","itemListElement":[{"@type":"ListItem","position":1,"name":"Hjem","item":"https:\/\/fredheim-maskin.no\/"},{"@type":"ListItem","position":2,"name":"Maskiner","item":"https:\/\/fredheim-maskin.no\/maskiner\/"},{"@type":"ListItem","position":3,"name":"Sandvik","item":"https:\/\/fredheim-maskin.no\/maskiner\/sandvik\/"},{"@type":"ListItem","position":4,"name":"Sandvik sorteringsverk \u2013 QA","item":"https:\/\/fredheim-maskin.no\/maskiner\/sandvik\/sandvik-sorteringsverk-qa\/"},{"@type":"ListItem","position":5,"name":"Sandvik QA335"}]},{"@type":"WebSite","@id":"https:\/\/fredheim-maskin.no\/#website","url":"https:\/\/fredheim-maskin.no\/","name":"Fredheim Maskin","description":"","potentialAction":[{"@type":"SearchAction","target":{"@type":"EntryPoint","urlTemplate":"https:\/\/fredheim-maskin.no\/?s={search_term_string}"},"query-input":{"@type":"PropertyValueSpecification","valueRequired":true,"valueName":"search_term_string"}}],"inLanguage":"sv-SE"}]}},"_links":{"self":[{"href":"https:\/\/fredheim-maskin.no\/sv\/wp-json\/wp\/v2\/pages\/2558","targetHints":{"allow":["GET"]}}],"collection":[{"href":"https:\/\/fredheim-maskin.no\/sv\/wp-json\/wp\/v2\/pages"}],"about":[{"href":"https:\/\/fredheim-maskin.no\/sv\/wp-json\/wp\/v2\/types\/page"}],"author":[{"embeddable":true,"href":"https:\/\/fredheim-maskin.no\/sv\/wp-json\/wp\/v2\/users\/1"}],"replies":[{"embeddable":true,"href":"https:\/\/fredheim-maskin.no\/sv\/wp-json\/wp\/v2\/comments?post=2558"}],"version-history":[{"count":7,"href":"https:\/\/fredheim-maskin.no\/sv\/wp-json\/wp\/v2\/pages\/2558\/revisions"}],"predecessor-version":[{"id":14345,"href":"https:\/\/fredheim-maskin.no\/sv\/wp-json\/wp\/v2\/pages\/2558\/revisions\/14345"}],"up":[{"embeddable":true,"href":"https:\/\/fredheim-maskin.no\/sv\/wp-json\/wp\/v2\/pages\/2552"}],"wp:attachment":[{"href":"https:\/\/fredheim-maskin.no\/sv\/wp-json\/wp\/v2\/media?parent=2558"}],"curies":[{"name":"wp","href":"https:\/\/api.w.org\/{rel}","templated":true}]}}