{"id":27,"date":"2023-09-21T13:26:13","date_gmt":"2023-09-21T11:26:13","guid":{"rendered":"https:\/\/fredheim-maskin.no\/?page_id=27"},"modified":"2024-03-22T09:32:10","modified_gmt":"2024-03-22T08:32:10","slug":"begagnat","status":"publish","type":"page","link":"https:\/\/fredheim-maskin.no\/sv\/brukt\/","title":{"rendered":"Begagnat"},"content":{"rendered":"<div class=\"hide-on-swedish wp-block-group eplus-wrapper\"><div class=\"wp-block-group__inner-container is-layout-constrained wp-block-group-is-layout-constrained\"><div class=\"wp-block-columns eplus-wrapper is-layout-flex wp-container-core-columns-is-layout-9d6595d7 wp-block-columns-is-layout-flex eplus-styles-uid-16f989\">\n<div class=\"wp-block-column eplus-wrapper is-layout-flow wp-block-column-is-layout-flow\">\n<iframe loading=\"lazy\" class=\"embedded-file thumbnail-typed thumbnail-type-iframe thumbnail-Files-File\" style=\"height: 9500px; width: 100%;\" src=\"https:\/\/www.finn.no\/pw\/search\/construction?orgId=861577259\" width=\"300\" height=\"350\" frameborder=\"0\" scrolling=\"no\"><span style=\"display: inline-block; width: 0px; overflow: hidden; line-height: 0;\" data-mce-type=\"bookmark\" class=\"mce_SELRES_start\"><\/span><span data-mce-type=\"bookmark\" style=\"display: inline-block; width: 0px; overflow: hidden; line-height: 0;\" class=\"mce_SELRES_start\"><\/span><\/iframe>\n<\/div>\n<\/div><\/div><\/div>\n\n\n\n<div class=\"hide-on-norwegian wp-block-group eplus-wrapper\"><div class=\"wp-block-group__inner-container is-layout-constrained wp-block-group-is-layout-constrained\">\n<div style=\"height:100px\" aria-hidden=\"true\" class=\"wp-block-spacer eplus-wrapper\"><\/div>\n\n\n<div class=\"wp-block-columns eplus-wrapper is-layout-flex wp-container-core-columns-is-layout-9d6595d7 wp-block-columns-is-layout-flex eplus-styles-uid-4acc0d\">\n<div class=\"wp-block-column eplus-wrapper is-layout-flow wp-block-column-is-layout-flow\">\n<h2 class=\"wp-block-heading eplus-wrapper\">Begagnat<\/h2>\n\n\n\n<p class=\"eplus-wrapper\">Kontakta g\u00e4rna v\u00e5r s\u00e4ljare f\u00f6r mer info: <\/p>\n\n\n\n<p class=\"eplus-wrapper\"><strong>F\u00f6rs\u00e4ljning, Uthyrning <\/strong><\/p>\n\n\n\n<p class=\"eplus-wrapper\">Sverige: Erik Olausson <\/p>\n\n\n\n<p class=\"eplus-wrapper\">Telefon 054 \u2013 120 400 <\/p>\n\n\n\n<p class=\"eplus-wrapper\">Mob 070 \u2013 538 24 26 <\/p>\n\n\n\n<p class=\"eplus-wrapper\"><a href=\"mailto:erik@fredheim-maskin.se\">erik@fredheim-maskin.se<\/a> <\/p>\n\n\n\n<p class=\"eplus-wrapper\">Bes\u00f6k v\u00e5r butik p\u00e5 blocket.se nedan: <\/p>\n\n\n\n<div class=\"wp-block-buttons eplus-wrapper is-layout-flex wp-block-buttons-is-layout-flex\"><div class=\"wp-block-button eplus-wrapper eplus-styles-uid-3d2af7\"><a class=\"wp-block-button__link has-black-color has-orange-background-color has-text-color has-background has-link-color wp-element-button\" href=\"https:\/\/www.blocket.se\/butik\/fredheim-maskin-ab\">Blocket<\/a><\/div><\/div>\n<\/div>\n\n\n\n<div class=\"wp-block-column is-vertically-aligned-center eplus-wrapper is-layout-flow wp-block-column-is-layout-flow\">\n<figure class=\"wp-block-image size-full eplus-wrapper\"><img decoding=\"async\" width=\"1024\" height=\"682\" src=\"https:\/\/fredheim-maskin.no\/wp-content\/uploads\/2023\/11\/S5.jpg\" alt=\"\" class=\"wp-image-2450\" srcset=\"https:\/\/fredheim-maskin.no\/wp-content\/uploads\/2023\/11\/S5.jpg 1024w, https:\/\/fredheim-maskin.no\/wp-content\/uploads\/2023\/11\/S5-300x200.jpg 300w, https:\/\/fredheim-maskin.no\/wp-content\/uploads\/2023\/11\/S5-768x512.jpg 768w, https:\/\/fredheim-maskin.no\/wp-content\/uploads\/2023\/11\/S5-18x12.jpg 18w\" sizes=\"(max-width: 1024px) 100vw, 1024px\" \/><\/figure>\n<\/div>\n<\/div>\n\n\n<div style=\"height:100px\" aria-hidden=\"true\" class=\"wp-block-spacer eplus-wrapper\"><\/div>\n<\/div><\/div>","protected":false},"excerpt":{"rendered":"<p>\ufeff\ufeff Begagnat Kontakta g\u00e4rna n\u00e5gon av v\u00e5ra f\u00f6rs\u00e4ljare f\u00f6r mer info: F\u00f6rs\u00e4ljning, Uthyrning Hela Sverige Erik Olausson Telefon 054 \u2013 120 400 Mob 070 \u2013 538 24 26 erik@fredheim-maskin.se Bes\u00f6k [&hellip;]<\/p>\n","protected":false},"author":1,"featured_media":0,"parent":0,"menu_order":0,"comment_status":"closed","ping_status":"closed","template":"","meta":{"_editorskit_title_hidden":false,"_editorskit_reading_time":0,"_editorskit_is_block_options_detached":false,"_editorskit_block_options_position":"{}","inline_featured_image":false,"editor_plus_copied_stylings":"{}","footnotes":""},"class_list":["post-27","page","type-page","status-publish","hentry"],"featured_image_src":null,"yoast_head":"<!-- This site is optimized with the Yoast SEO plugin v27.4 - https:\/\/yoast.com\/product\/yoast-seo-wordpress\/ -->\n<title>Brukt - Fredheim Maskin<\/title>\n<meta name=\"robots\" content=\"index, follow, max-snippet:-1, max-image-preview:large, max-video-preview:-1\" \/>\n<link rel=\"canonical\" href=\"https:\/\/fredheim-maskin.no\/sv\/begagnat\/\" \/>\n<meta property=\"og:locale\" content=\"sv_SE\" \/>\n<meta property=\"og:type\" content=\"article\" \/>\n<meta property=\"og:title\" content=\"Brukt - Fredheim Maskin\" \/>\n<meta property=\"og:description\" content=\"\ufeff\ufeff Begagnat Kontakta g\u00e4rna n\u00e5gon av v\u00e5ra f\u00f6rs\u00e4ljare f\u00f6r mer info: F\u00f6rs\u00e4ljning, Uthyrning Hela Sverige Erik Olausson Telefon 054 \u2013 120 400 Mob 070 \u2013 538 24 26 erik@fredheim-maskin.se Bes\u00f6k [&hellip;]\" \/>\n<meta property=\"og:url\" content=\"https:\/\/fredheim-maskin.no\/sv\/begagnat\/\" \/>\n<meta property=\"og:site_name\" content=\"Fredheim Maskin\" \/>\n<meta property=\"article:modified_time\" content=\"2024-03-22T08:32:10+00:00\" \/>\n<meta property=\"og:image\" content=\"https:\/\/fredheim-maskin.no\/wp-content\/uploads\/2023\/11\/S5.jpg\" \/>\n<meta name=\"twitter:card\" content=\"summary_large_image\" \/>\n<meta name=\"twitter:label1\" content=\"Ber\u00e4knad l\u00e4stid\" \/>\n\t<meta name=\"twitter:data1\" content=\"1 minut\" \/>\n<script type=\"application\/ld+json\" class=\"yoast-schema-graph\">{\"@context\":\"https:\\\/\\\/schema.org\",\"@graph\":[{\"@type\":\"WebPage\",\"@id\":\"https:\\\/\\\/fredheim-maskin.no\\\/brukt\\\/\",\"url\":\"https:\\\/\\\/fredheim-maskin.no\\\/brukt\\\/\",\"name\":\"Brukt - Fredheim Maskin\",\"isPartOf\":{\"@id\":\"https:\\\/\\\/fredheim-maskin.no\\\/#website\"},\"primaryImageOfPage\":{\"@id\":\"https:\\\/\\\/fredheim-maskin.no\\\/brukt\\\/#primaryimage\"},\"image\":{\"@id\":\"https:\\\/\\\/fredheim-maskin.no\\\/brukt\\\/#primaryimage\"},\"thumbnailUrl\":\"https:\\\/\\\/fredheim-maskin.no\\\/wp-content\\\/uploads\\\/2023\\\/11\\\/S5.jpg\",\"datePublished\":\"2023-09-21T11:26:13+00:00\",\"dateModified\":\"2024-03-22T08:32:10+00:00\",\"breadcrumb\":{\"@id\":\"https:\\\/\\\/fredheim-maskin.no\\\/brukt\\\/#breadcrumb\"},\"inLanguage\":\"sv-SE\",\"potentialAction\":[{\"@type\":\"ReadAction\",\"target\":[\"https:\\\/\\\/fredheim-maskin.no\\\/brukt\\\/\"]}]},{\"@type\":\"ImageObject\",\"inLanguage\":\"sv-SE\",\"@id\":\"https:\\\/\\\/fredheim-maskin.no\\\/brukt\\\/#primaryimage\",\"url\":\"https:\\\/\\\/fredheim-maskin.no\\\/wp-content\\\/uploads\\\/2023\\\/11\\\/S5.jpg\",\"contentUrl\":\"https:\\\/\\\/fredheim-maskin.no\\\/wp-content\\\/uploads\\\/2023\\\/11\\\/S5.jpg\"},{\"@type\":\"BreadcrumbList\",\"@id\":\"https:\\\/\\\/fredheim-maskin.no\\\/brukt\\\/#breadcrumb\",\"itemListElement\":[{\"@type\":\"ListItem\",\"position\":1,\"name\":\"Hjem\",\"item\":\"https:\\\/\\\/fredheim-maskin.no\\\/\"},{\"@type\":\"ListItem\",\"position\":2,\"name\":\"Brukt\"}]},{\"@type\":\"WebSite\",\"@id\":\"https:\\\/\\\/fredheim-maskin.no\\\/#website\",\"url\":\"https:\\\/\\\/fredheim-maskin.no\\\/\",\"name\":\"Fredheim Maskin\",\"description\":\"\",\"potentialAction\":[{\"@type\":\"SearchAction\",\"target\":{\"@type\":\"EntryPoint\",\"urlTemplate\":\"https:\\\/\\\/fredheim-maskin.no\\\/?s={search_term_string}\"},\"query-input\":{\"@type\":\"PropertyValueSpecification\",\"valueRequired\":true,\"valueName\":\"search_term_string\"}}],\"inLanguage\":\"sv-SE\"}]}<\/script>\n<!-- \/ Yoast SEO plugin. -->","yoast_head_json":{"title":"Begagnat - Fredheim Maskin","robots":{"index":"index","follow":"follow","max-snippet":"max-snippet:-1","max-image-preview":"max-image-preview:large","max-video-preview":"max-video-preview:-1"},"canonical":"https:\/\/fredheim-maskin.no\/sv\/begagnat\/","og_locale":"sv_SE","og_type":"article","og_title":"Brukt - Fredheim Maskin","og_description":"\ufeff\ufeff Begagnat Kontakta g\u00e4rna n\u00e5gon av v\u00e5ra f\u00f6rs\u00e4ljare f\u00f6r mer info: F\u00f6rs\u00e4ljning, Uthyrning Hela Sverige Erik Olausson Telefon 054 \u2013 120 400 Mob 070 \u2013 538 24 26 erik@fredheim-maskin.se Bes\u00f6k [&hellip;]","og_url":"https:\/\/fredheim-maskin.no\/sv\/begagnat\/","og_site_name":"Fredheim Maskin","article_modified_time":"2024-03-22T08:32:10+00:00","og_image":[{"url":"https:\/\/fredheim-maskin.no\/wp-content\/uploads\/2023\/11\/S5.jpg","type":"","width":"","height":""}],"twitter_card":"summary_large_image","twitter_misc":{"Ber\u00e4knad l\u00e4stid":"1 minut"},"schema":{"@context":"https:\/\/schema.org","@graph":[{"@type":"WebPage","@id":"https:\/\/fredheim-maskin.no\/brukt\/","url":"https:\/\/fredheim-maskin.no\/brukt\/","name":"Begagnat - Fredheim Maskin","isPartOf":{"@id":"https:\/\/fredheim-maskin.no\/#website"},"primaryImageOfPage":{"@id":"https:\/\/fredheim-maskin.no\/brukt\/#primaryimage"},"image":{"@id":"https:\/\/fredheim-maskin.no\/brukt\/#primaryimage"},"thumbnailUrl":"https:\/\/fredheim-maskin.no\/wp-content\/uploads\/2023\/11\/S5.jpg","datePublished":"2023-09-21T11:26:13+00:00","dateModified":"2024-03-22T08:32:10+00:00","breadcrumb":{"@id":"https:\/\/fredheim-maskin.no\/brukt\/#breadcrumb"},"inLanguage":"sv-SE","potentialAction":[{"@type":"ReadAction","target":["https:\/\/fredheim-maskin.no\/brukt\/"]}]},{"@type":"ImageObject","inLanguage":"sv-SE","@id":"https:\/\/fredheim-maskin.no\/brukt\/#primaryimage","url":"https:\/\/fredheim-maskin.no\/wp-content\/uploads\/2023\/11\/S5.jpg","contentUrl":"https:\/\/fredheim-maskin.no\/wp-content\/uploads\/2023\/11\/S5.jpg"},{"@type":"BreadcrumbList","@id":"https:\/\/fredheim-maskin.no\/brukt\/#breadcrumb","itemListElement":[{"@type":"ListItem","position":1,"name":"Hjem","item":"https:\/\/fredheim-maskin.no\/"},{"@type":"ListItem","position":2,"name":"Brukt"}]},{"@type":"WebSite","@id":"https:\/\/fredheim-maskin.no\/#website","url":"https:\/\/fredheim-maskin.no\/","name":"Fredheim Maskin","description":"","potentialAction":[{"@type":"SearchAction","target":{"@type":"EntryPoint","urlTemplate":"https:\/\/fredheim-maskin.no\/?s={search_term_string}"},"query-input":{"@type":"PropertyValueSpecification","valueRequired":true,"valueName":"search_term_string"}}],"inLanguage":"sv-SE"}]}},"_links":{"self":[{"href":"https:\/\/fredheim-maskin.no\/sv\/wp-json\/wp\/v2\/pages\/27","targetHints":{"allow":["GET"]}}],"collection":[{"href":"https:\/\/fredheim-maskin.no\/sv\/wp-json\/wp\/v2\/pages"}],"about":[{"href":"https:\/\/fredheim-maskin.no\/sv\/wp-json\/wp\/v2\/types\/page"}],"author":[{"embeddable":true,"href":"https:\/\/fredheim-maskin.no\/sv\/wp-json\/wp\/v2\/users\/1"}],"replies":[{"embeddable":true,"href":"https:\/\/fredheim-maskin.no\/sv\/wp-json\/wp\/v2\/comments?post=27"}],"version-history":[{"count":19,"href":"https:\/\/fredheim-maskin.no\/sv\/wp-json\/wp\/v2\/pages\/27\/revisions"}],"predecessor-version":[{"id":16424,"href":"https:\/\/fredheim-maskin.no\/sv\/wp-json\/wp\/v2\/pages\/27\/revisions\/16424"}],"wp:attachment":[{"href":"https:\/\/fredheim-maskin.no\/sv\/wp-json\/wp\/v2\/media?parent=27"}],"curies":[{"name":"wp","href":"https:\/\/api.w.org\/{rel}","templated":true}]}}