{"id":2799,"date":"2023-11-15T11:24:58","date_gmt":"2023-11-15T10:24:58","guid":{"rendered":"https:\/\/fredheim-maskin.no\/?page_id=2799"},"modified":"2023-11-15T12:31:31","modified_gmt":"2023-11-15T11:31:31","slug":"keestrack-c4-2-deck","status":"publish","type":"page","link":"https:\/\/fredheim-maskin.no\/sv\/maskiner\/keestrack\/c-serie-sikteverk\/keestrack-c4-2-deck\/","title":{"rendered":"Keestrack C4 \u2013 2 D\u00e4ck"},"content":{"rendered":"<div class=\"cs-medium bg-hero wp-block-group alignfull has-dark-cobolt-background-color has-background eplus-wrapper\"><div class=\"wp-block-group__inner-container is-layout-constrained wp-block-group-is-layout-constrained\">\n<div class=\"wp-block-group eplus-wrapper\"><div class=\"wp-block-group__inner-container is-layout-constrained wp-block-group-is-layout-constrained\"><div class=\"wp-block-columns are-vertically-aligned-center eplus-wrapper is-layout-flex wp-container-core-columns-is-layout-9d6595d7 wp-block-columns-is-layout-flex eplus-styles-uid-221317\">\n<div class=\"wp-block-column is-vertically-aligned-center eplus-wrapper is-layout-flow wp-block-column-is-layout-flow\">\n<figure class=\"container-rounded-corners wp-block-image size-full eplus-wrapper\"><img decoding=\"async\" width=\"1024\" height=\"682\" src=\"https:\/\/fredheim-maskin.no\/wp-content\/uploads\/2023\/11\/C4-3-1.jpg\" alt=\"\" class=\"wp-image-2836\" srcset=\"https:\/\/fredheim-maskin.no\/wp-content\/uploads\/2023\/11\/C4-3-1.jpg 1024w, https:\/\/fredheim-maskin.no\/wp-content\/uploads\/2023\/11\/C4-3-1-300x200.jpg 300w, https:\/\/fredheim-maskin.no\/wp-content\/uploads\/2023\/11\/C4-3-1-768x512.jpg 768w, https:\/\/fredheim-maskin.no\/wp-content\/uploads\/2023\/11\/C4-3-1-18x12.jpg 18w\" sizes=\"(max-width: 1024px) 100vw, 1024px\" \/><\/figure>\n<\/div>\n\n\n\n<div class=\"hide-mobile wp-block-column eplus-wrapper is-layout-flow wp-block-column-is-layout-flow\" style=\"flex-basis:15px\"><\/div>\n\n\n\n<div class=\"wp-block-column is-vertically-aligned-center eplus-wrapper is-layout-flow wp-block-column-is-layout-flow\">\n<div style=\"height:90px\" aria-hidden=\"true\" class=\"hide-mobile wp-block-spacer eplus-wrapper\"><\/div>\n\n\n\n<h1 class=\"wp-block-heading has-white-color has-text-color eplus-wrapper\">Keestrack C4 \u2013 2 D\u00e4ck<\/h1>\n\n\n\n<p class=\"has-white-color has-text-color has-link-color eplus-wrapper wp-elements-d44d2c1372506cd6cb8aaa25ccef8c8e\"><strong>Det optimala sorteringsverket f\u00f6r grus och annan finsortering \u2013 2 D\u00e4ck \u2013 3 Fraktioner<\/strong><\/p>\n\n\n<ul class=\"has-white-color has-text-color eplus-wrapper wp-block-list eplus-styles-uid-5c5707\">\n<li class=\"eplus-wrapper\"><strong>Kompakt finsiktverk<\/strong><\/li>\n\n\n\n<li class=\"eplus-wrapper\">Likadana siktdukar p\u00e5 b\u00e5da siktd\u00e4cken<\/li>\n\n\n\n<li class=\"eplus-wrapper\">Kompakt transportm\u00e5tt<\/li>\n\n\n\n<li class=\"eplus-wrapper\">Deutz TCD3.6,  Stage5 (utan ad-blue)<\/li>\n\n\n\n<li class=\"eplus-wrapper\">Stor matare 7,7m3<\/li>\n\n\n\n<li class=\"eplus-wrapper\">1200mm matningsband , huvudtransport\u00f6r + finband<\/li>\n\n\n\n<li class=\"eplus-wrapper\">Sikt: 1,50m x 4m (Siktdukar 1,5\u00d73,65 meter)<\/li>\n\n\n\n<li class=\"eplus-wrapper\">L\u00e5ng utg\u00e5ende transport\u00f6r<\/li>\n\n\n\n<li class=\"eplus-wrapper\">Inga st\u00f6dben under mataren<\/li>\n<\/ul>\n\n\n<div style=\"height:90px\" aria-hidden=\"true\" class=\"hide-mobile wp-block-spacer eplus-wrapper\"><\/div>\n<\/div>\n<\/div><\/div><\/div>\n<\/div><\/div>\n\n\n\n<div style=\"height:50px\" aria-hidden=\"true\" class=\"wp-block-spacer eplus-wrapper\"><\/div>\n\n\n\n<div style=\"height:50px\" aria-hidden=\"true\" class=\"wp-block-spacer eplus-wrapper\"><\/div>\n\n\n\n<div class=\"wp-block-group eplus-wrapper\"><div class=\"wp-block-group__inner-container is-layout-constrained wp-block-group-is-layout-constrained\"><div class=\"wp-block-columns eplus-wrapper is-layout-flex wp-container-core-columns-is-layout-9d6595d7 wp-block-columns-is-layout-flex eplus-styles-uid-b10dae\">\n<div class=\"wp-block-column eplus-wrapper is-layout-flow wp-block-column-is-layout-flow\">\n<div class=\"wp-block-envira-envira-gallery\"><div id=\"envira-gallery-wrap-2839\" class=\"envira-gallery-wrap envira-gallery-theme-base envira-lightbox-theme-base_dark\" itemscope itemtype=\"https:\/\/schema.org\/ImageGallery\"><div data-row-height=\"\" data-gallery-theme=\"\" id=\"envira-gallery-2839\" class=\"envira-gallery-public  envira-gallery-4-columns envira-clear enviratope envira-gallery-css-animations\" data-envira-columns=\"4\"><div id=\"envira-gallery-item-2834\" class=\"envira-gallery-item enviratope-item envira-gallery-item-1 envira-lazy-load\" style=\"padding-left: 3px; padding-bottom: 5px; padding-right: 3px;\"  itemscope itemtype=\"https:\/\/schema.org\/ImageObject\"><div class=\"envira-gallery-item-inner\"><div class=\"envira-gallery-position-overlay  envira-gallery-top-left\"><\/div><div class=\"envira-gallery-position-overlay  envira-gallery-top-right\"><\/div><div class=\"envira-gallery-position-overlay  envira-gallery-bottom-left\"><\/div><div class=\"envira-gallery-position-overlay  envira-gallery-bottom-right\"><\/div><a href=\"https:\/\/fredheim-maskin.no\/wp-content\/uploads\/2023\/11\/C4-1.jpg\" class=\"envira-gallery-2839 envira-gallery-link\" rel=\"enviragallery2839\" title=\"C4-1\" data-envira-caption=\"C4-1\" data-envira-retina=\"\" data-thumbnail=\"\"  itemprop=\"contentUrl\"><div class=\"envira-lazy\" data-test-width=\"640\" data-test-height=\"480\" style=\"padding-bottom:75%;\"><img decoding=\"async\" id=\"envira-gallery-image-2834\" class=\"envira-gallery-image envira-gallery-image-1\" data-envira-index=\"1\" src=\"https:\/\/fredheim-maskin.no\/wp-content\/uploads\/2023\/11\/C4-1.jpg\" data-envira-src=\"https:\/\/fredheim-maskin.no\/wp-content\/uploads\/2023\/11\/C4-1.jpg\" data-envira-gallery-id=\"2839\" data-envira-item-id=\"2834\" data-envira-caption=\"C4-1\" alt=\"\" title=\"C4-1\"  itemprop=\"thumbnailUrl\" data-envira-srcset=\"https:\/\/fredheim-maskin.no\/wp-content\/uploads\/2023\/11\/C4-1.jpg 400w,https:\/\/fredheim-maskin.no\/wp-content\/uploads\/2023\/11\/C4-1.jpg 2x\" srcset=\"data:image\/gif;base64,R0lGODlhAQABAIAAAP\/\/\/\/\/\/\/yH5BAEKAAEALAAAAAABAAEAAAICTAEAOw==\" \/><\/div><\/a><\/div><\/div><div id=\"envira-gallery-item-2835\" class=\"envira-gallery-item enviratope-item envira-gallery-item-2 envira-lazy-load\" style=\"padding-left: 3px; padding-bottom: 5px; padding-right: 3px;\"  itemscope itemtype=\"https:\/\/schema.org\/ImageObject\"><div class=\"envira-gallery-item-inner\"><div class=\"envira-gallery-position-overlay  envira-gallery-top-left\"><\/div><div class=\"envira-gallery-position-overlay  envira-gallery-top-right\"><\/div><div class=\"envira-gallery-position-overlay  envira-gallery-bottom-left\"><\/div><div class=\"envira-gallery-position-overlay  envira-gallery-bottom-right\"><\/div><a href=\"https:\/\/fredheim-maskin.no\/wp-content\/uploads\/2023\/11\/C4-2.jpg\" class=\"envira-gallery-2839 envira-gallery-link\" rel=\"enviragallery2839\" title=\"C4-2\" data-envira-caption=\"C4-2\" data-envira-retina=\"\" data-thumbnail=\"\"  itemprop=\"contentUrl\"><div class=\"envira-lazy\" data-test-width=\"640\" data-test-height=\"480\" style=\"padding-bottom:75%;\"><img decoding=\"async\" id=\"envira-gallery-image-2835\" class=\"envira-gallery-image envira-gallery-image-2\" data-envira-index=\"2\" src=\"https:\/\/fredheim-maskin.no\/wp-content\/uploads\/2023\/11\/C4-2.jpg\" data-envira-src=\"https:\/\/fredheim-maskin.no\/wp-content\/uploads\/2023\/11\/C4-2.jpg\" data-envira-gallery-id=\"2839\" data-envira-item-id=\"2835\" data-envira-caption=\"C4-2\" alt=\"\" title=\"C4-2\"  itemprop=\"thumbnailUrl\" data-envira-srcset=\"https:\/\/fredheim-maskin.no\/wp-content\/uploads\/2023\/11\/C4-2.jpg 400w,https:\/\/fredheim-maskin.no\/wp-content\/uploads\/2023\/11\/C4-2.jpg 2x\" srcset=\"data:image\/gif;base64,R0lGODlhAQABAIAAAP\/\/\/\/\/\/\/yH5BAEKAAEALAAAAAABAAEAAAICTAEAOw==\" \/><\/div><\/a><\/div><\/div><div id=\"envira-gallery-item-2836\" class=\"envira-gallery-item enviratope-item envira-gallery-item-3 envira-lazy-load\" style=\"padding-left: 3px; padding-bottom: 5px; padding-right: 3px;\"  itemscope itemtype=\"https:\/\/schema.org\/ImageObject\"><div class=\"envira-gallery-item-inner\"><div class=\"envira-gallery-position-overlay  envira-gallery-top-left\"><\/div><div class=\"envira-gallery-position-overlay  envira-gallery-top-right\"><\/div><div class=\"envira-gallery-position-overlay  envira-gallery-bottom-left\"><\/div><div class=\"envira-gallery-position-overlay  envira-gallery-bottom-right\"><\/div><a href=\"https:\/\/fredheim-maskin.no\/wp-content\/uploads\/2023\/11\/C4-3-1.jpg\" class=\"envira-gallery-2839 envira-gallery-link\" rel=\"enviragallery2839\" title=\"C4-3\" data-envira-caption=\"C4-3\" data-envira-retina=\"\" data-thumbnail=\"\"  itemprop=\"contentUrl\"><div class=\"envira-lazy\" data-test-width=\"640\" data-test-height=\"480\" style=\"padding-bottom:75%;\"><img decoding=\"async\" id=\"envira-gallery-image-2836\" class=\"envira-gallery-image envira-gallery-image-3\" data-envira-index=\"3\" src=\"https:\/\/fredheim-maskin.no\/wp-content\/uploads\/2023\/11\/C4-3-1.jpg\" data-envira-src=\"https:\/\/fredheim-maskin.no\/wp-content\/uploads\/2023\/11\/C4-3-1.jpg\" data-envira-gallery-id=\"2839\" data-envira-item-id=\"2836\" data-envira-caption=\"C4-3\" alt=\"\" title=\"C4-3\"  itemprop=\"thumbnailUrl\" data-envira-srcset=\"https:\/\/fredheim-maskin.no\/wp-content\/uploads\/2023\/11\/C4-3-1.jpg 400w,https:\/\/fredheim-maskin.no\/wp-content\/uploads\/2023\/11\/C4-3-1.jpg 2x\" srcset=\"data:image\/gif;base64,R0lGODlhAQABAIAAAP\/\/\/\/\/\/\/yH5BAEKAAEALAAAAAABAAEAAAICTAEAOw==\" \/><\/div><\/a><\/div><\/div><div id=\"envira-gallery-item-2837\" class=\"envira-gallery-item enviratope-item envira-gallery-item-4 envira-lazy-load\" style=\"padding-left: 3px; padding-bottom: 5px; padding-right: 3px;\"  itemscope itemtype=\"https:\/\/schema.org\/ImageObject\"><div class=\"envira-gallery-item-inner\"><div class=\"envira-gallery-position-overlay  envira-gallery-top-left\"><\/div><div class=\"envira-gallery-position-overlay  envira-gallery-top-right\"><\/div><div class=\"envira-gallery-position-overlay  envira-gallery-bottom-left\"><\/div><div class=\"envira-gallery-position-overlay  envira-gallery-bottom-right\"><\/div><a href=\"https:\/\/fredheim-maskin.no\/wp-content\/uploads\/2023\/11\/C4-4.jpg\" class=\"envira-gallery-2839 envira-gallery-link\" rel=\"enviragallery2839\" title=\"C4-4\" data-envira-caption=\"C4-4\" data-envira-retina=\"\" data-thumbnail=\"\"  itemprop=\"contentUrl\"><div class=\"envira-lazy\" data-test-width=\"640\" data-test-height=\"480\" style=\"padding-bottom:75%;\"><img decoding=\"async\" id=\"envira-gallery-image-2837\" class=\"envira-gallery-image envira-gallery-image-4\" data-envira-index=\"4\" src=\"https:\/\/fredheim-maskin.no\/wp-content\/uploads\/2023\/11\/C4-4.jpg\" data-envira-src=\"https:\/\/fredheim-maskin.no\/wp-content\/uploads\/2023\/11\/C4-4.jpg\" data-envira-gallery-id=\"2839\" data-envira-item-id=\"2837\" data-envira-caption=\"C4-4\" alt=\"\" title=\"C4-4\"  itemprop=\"thumbnailUrl\" data-envira-srcset=\"https:\/\/fredheim-maskin.no\/wp-content\/uploads\/2023\/11\/C4-4.jpg 400w,https:\/\/fredheim-maskin.no\/wp-content\/uploads\/2023\/11\/C4-4.jpg 2x\" srcset=\"data:image\/gif;base64,R0lGODlhAQABAIAAAP\/\/\/\/\/\/\/yH5BAEKAAEALAAAAAABAAEAAAICTAEAOw==\" \/><\/div><\/a><\/div><\/div><div id=\"envira-gallery-item-2838\" class=\"envira-gallery-item enviratope-item envira-gallery-item-5 envira-lazy-load\" style=\"padding-left: 3px; padding-bottom: 5px; padding-right: 3px;\"  itemscope itemtype=\"https:\/\/schema.org\/ImageObject\"><div class=\"envira-gallery-item-inner\"><div class=\"envira-gallery-position-overlay  envira-gallery-top-left\"><\/div><div class=\"envira-gallery-position-overlay  envira-gallery-top-right\"><\/div><div class=\"envira-gallery-position-overlay  envira-gallery-bottom-left\"><\/div><div class=\"envira-gallery-position-overlay  envira-gallery-bottom-right\"><\/div><a href=\"https:\/\/fredheim-maskin.no\/wp-content\/uploads\/2023\/11\/Keestrack-C4-Utslipp-Virkningsgrad-Stoy-og-Energi-merke.jpg\" class=\"envira-gallery-2839 envira-gallery-link\" rel=\"enviragallery2839\" title=\"Keestrack-C4-Utslipp-Virkningsgrad-Stoy-og-Energi-merke\" data-envira-caption=\"Keestrack-C4-Utslipp-Virkningsgrad-Stoy-og-Energi-merke\" data-envira-retina=\"\" data-thumbnail=\"\"  itemprop=\"contentUrl\"><div class=\"envira-lazy\" data-test-width=\"640\" data-test-height=\"480\" style=\"padding-bottom:75%;\"><img decoding=\"async\" id=\"envira-gallery-image-2838\" class=\"envira-gallery-image envira-gallery-image-5\" data-envira-index=\"5\" src=\"https:\/\/fredheim-maskin.no\/wp-content\/uploads\/2023\/11\/Keestrack-C4-Utslipp-Virkningsgrad-Stoy-og-Energi-merke-683x1024.jpg\" data-envira-src=\"https:\/\/fredheim-maskin.no\/wp-content\/uploads\/2023\/11\/Keestrack-C4-Utslipp-Virkningsgrad-Stoy-og-Energi-merke-683x1024.jpg\" data-envira-gallery-id=\"2839\" data-envira-item-id=\"2838\" data-envira-caption=\"Keestrack-C4-Utslipp-Virkningsgrad-Stoy-og-Energi-merke\" alt=\"\" title=\"Keestrack-C4-Utslipp-Virkningsgrad-Stoy-og-Energi-merke\"  itemprop=\"thumbnailUrl\" data-envira-srcset=\"https:\/\/fredheim-maskin.no\/wp-content\/uploads\/2023\/11\/Keestrack-C4-Utslipp-Virkningsgrad-Stoy-og-Energi-merke-683x1024.jpg 400w,https:\/\/fredheim-maskin.no\/wp-content\/uploads\/2023\/11\/Keestrack-C4-Utslipp-Virkningsgrad-Stoy-og-Energi-merke-683x1024.jpg 2x\" srcset=\"data:image\/gif;base64,R0lGODlhAQABAIAAAP\/\/\/\/\/\/\/yH5BAEKAAEALAAAAAABAAEAAAICTAEAOw==\" \/><\/div><\/a><\/div><\/div><\/div><\/div><noscript><img decoding=\"async\" src=\"https:\/\/fredheim-maskin.no\/wp-content\/uploads\/2023\/11\/C4-1.jpg\" alt=\"\" \/><img decoding=\"async\" src=\"https:\/\/fredheim-maskin.no\/wp-content\/uploads\/2023\/11\/C4-2.jpg\" alt=\"\" \/><img decoding=\"async\" src=\"https:\/\/fredheim-maskin.no\/wp-content\/uploads\/2023\/11\/C4-3-1.jpg\" alt=\"\" \/><img decoding=\"async\" src=\"https:\/\/fredheim-maskin.no\/wp-content\/uploads\/2023\/11\/C4-4.jpg\" alt=\"\" \/><img decoding=\"async\" src=\"https:\/\/fredheim-maskin.no\/wp-content\/uploads\/2023\/11\/Keestrack-C4-Utslipp-Virkningsgrad-Stoy-og-Energi-merke.jpg\" alt=\"\" \/><\/noscript><\/div>\n<\/div>\n<\/div><\/div><\/div>\n\n\n\n<div style=\"height:100px\" aria-hidden=\"true\" class=\"wp-block-spacer eplus-wrapper\"><\/div>","protected":false},"excerpt":{"rendered":"<p>Keestrack C4 \u2013 2 Deck Det optimale sorteringsverket for grus og annen finsortering &#8211; 2 Deck &#8211; 3 Fraksjoner<\/p>","protected":false},"author":1,"featured_media":0,"parent":561,"menu_order":0,"comment_status":"closed","ping_status":"closed","template":"","meta":{"_editorskit_title_hidden":false,"_editorskit_reading_time":0,"_editorskit_is_block_options_detached":false,"_editorskit_block_options_position":"{}","inline_featured_image":false,"editor_plus_copied_stylings":"{}","footnotes":""},"class_list":["post-2799","page","type-page","status-publish","hentry"],"featured_image_src":null,"yoast_head":"<!-- This site is optimized with the Yoast SEO plugin v27.4 - https:\/\/yoast.com\/product\/yoast-seo-wordpress\/ -->\n<title>Keestrack C4 \u2013 2 Deck - Fredheim Maskin<\/title>\n<meta name=\"robots\" content=\"index, follow, max-snippet:-1, max-image-preview:large, max-video-preview:-1\" \/>\n<link rel=\"canonical\" href=\"https:\/\/fredheim-maskin.no\/sv\/maskiner\/keestrack\/c-serie-sikteverk\/keestrack-c4-2-deck\/\" \/>\n<meta property=\"og:locale\" content=\"sv_SE\" \/>\n<meta property=\"og:type\" content=\"article\" \/>\n<meta property=\"og:title\" content=\"Keestrack C4 \u2013 2 Deck - Fredheim Maskin\" \/>\n<meta property=\"og:description\" content=\"Keestrack C4 \u2013 2 Deck Det optimale sorteringsverket for grus og annen finsortering &#8211; 2 Deck &#8211; 3 Fraksjoner\" \/>\n<meta property=\"og:url\" content=\"https:\/\/fredheim-maskin.no\/sv\/maskiner\/keestrack\/c-serie-sikteverk\/keestrack-c4-2-deck\/\" \/>\n<meta property=\"og:site_name\" content=\"Fredheim Maskin\" \/>\n<meta property=\"article:modified_time\" content=\"2023-11-15T11:31:31+00:00\" \/>\n<meta property=\"og:image\" content=\"https:\/\/fredheim-maskin.no\/wp-content\/uploads\/2023\/11\/C4-3-1.jpg\" \/>\n<meta name=\"twitter:card\" content=\"summary_large_image\" \/>\n<script type=\"application\/ld+json\" class=\"yoast-schema-graph\">{\"@context\":\"https:\\\/\\\/schema.org\",\"@graph\":[{\"@type\":\"WebPage\",\"@id\":\"https:\\\/\\\/fredheim-maskin.no\\\/maskiner\\\/keestrack\\\/c-serie-sikteverk\\\/keestrack-c4-2-deck\\\/\",\"url\":\"https:\\\/\\\/fredheim-maskin.no\\\/maskiner\\\/keestrack\\\/c-serie-sikteverk\\\/keestrack-c4-2-deck\\\/\",\"name\":\"Keestrack C4 \u2013 2 Deck - Fredheim Maskin\",\"isPartOf\":{\"@id\":\"https:\\\/\\\/fredheim-maskin.no\\\/#website\"},\"primaryImageOfPage\":{\"@id\":\"https:\\\/\\\/fredheim-maskin.no\\\/maskiner\\\/keestrack\\\/c-serie-sikteverk\\\/keestrack-c4-2-deck\\\/#primaryimage\"},\"image\":{\"@id\":\"https:\\\/\\\/fredheim-maskin.no\\\/maskiner\\\/keestrack\\\/c-serie-sikteverk\\\/keestrack-c4-2-deck\\\/#primaryimage\"},\"thumbnailUrl\":\"https:\\\/\\\/fredheim-maskin.no\\\/wp-content\\\/uploads\\\/2023\\\/11\\\/C4-3-1.jpg\",\"datePublished\":\"2023-11-15T10:24:58+00:00\",\"dateModified\":\"2023-11-15T11:31:31+00:00\",\"breadcrumb\":{\"@id\":\"https:\\\/\\\/fredheim-maskin.no\\\/maskiner\\\/keestrack\\\/c-serie-sikteverk\\\/keestrack-c4-2-deck\\\/#breadcrumb\"},\"inLanguage\":\"sv-SE\",\"potentialAction\":[{\"@type\":\"ReadAction\",\"target\":[\"https:\\\/\\\/fredheim-maskin.no\\\/maskiner\\\/keestrack\\\/c-serie-sikteverk\\\/keestrack-c4-2-deck\\\/\"]}]},{\"@type\":\"ImageObject\",\"inLanguage\":\"sv-SE\",\"@id\":\"https:\\\/\\\/fredheim-maskin.no\\\/maskiner\\\/keestrack\\\/c-serie-sikteverk\\\/keestrack-c4-2-deck\\\/#primaryimage\",\"url\":\"https:\\\/\\\/fredheim-maskin.no\\\/wp-content\\\/uploads\\\/2023\\\/11\\\/C4-3-1.jpg\",\"contentUrl\":\"https:\\\/\\\/fredheim-maskin.no\\\/wp-content\\\/uploads\\\/2023\\\/11\\\/C4-3-1.jpg\"},{\"@type\":\"BreadcrumbList\",\"@id\":\"https:\\\/\\\/fredheim-maskin.no\\\/maskiner\\\/keestrack\\\/c-serie-sikteverk\\\/keestrack-c4-2-deck\\\/#breadcrumb\",\"itemListElement\":[{\"@type\":\"ListItem\",\"position\":1,\"name\":\"Hjem\",\"item\":\"https:\\\/\\\/fredheim-maskin.no\\\/\"},{\"@type\":\"ListItem\",\"position\":2,\"name\":\"Maskiner\",\"item\":\"https:\\\/\\\/fredheim-maskin.no\\\/maskiner\\\/\"},{\"@type\":\"ListItem\",\"position\":3,\"name\":\"Keestrack\",\"item\":\"https:\\\/\\\/fredheim-maskin.no\\\/maskiner\\\/keestrack\\\/\"},{\"@type\":\"ListItem\",\"position\":4,\"name\":\"C-Serie Sikteverk\",\"item\":\"https:\\\/\\\/fredheim-maskin.no\\\/maskiner\\\/keestrack\\\/c-serie-sikteverk\\\/\"},{\"@type\":\"ListItem\",\"position\":5,\"name\":\"Keestrack C4 \u2013 2 Deck\"}]},{\"@type\":\"WebSite\",\"@id\":\"https:\\\/\\\/fredheim-maskin.no\\\/#website\",\"url\":\"https:\\\/\\\/fredheim-maskin.no\\\/\",\"name\":\"Fredheim Maskin\",\"description\":\"\",\"potentialAction\":[{\"@type\":\"SearchAction\",\"target\":{\"@type\":\"EntryPoint\",\"urlTemplate\":\"https:\\\/\\\/fredheim-maskin.no\\\/?s={search_term_string}\"},\"query-input\":{\"@type\":\"PropertyValueSpecification\",\"valueRequired\":true,\"valueName\":\"search_term_string\"}}],\"inLanguage\":\"sv-SE\"}]}<\/script>\n<!-- \/ Yoast SEO plugin. -->","yoast_head_json":{"title":"Keestrack C4 \u2013 2 Deck - Fredheim Maskin","robots":{"index":"index","follow":"follow","max-snippet":"max-snippet:-1","max-image-preview":"max-image-preview:large","max-video-preview":"max-video-preview:-1"},"canonical":"https:\/\/fredheim-maskin.no\/sv\/maskiner\/keestrack\/c-serie-sikteverk\/keestrack-c4-2-deck\/","og_locale":"sv_SE","og_type":"article","og_title":"Keestrack C4 \u2013 2 Deck - Fredheim Maskin","og_description":"Keestrack C4 \u2013 2 Deck Det optimale sorteringsverket for grus og annen finsortering &#8211; 2 Deck &#8211; 3 Fraksjoner","og_url":"https:\/\/fredheim-maskin.no\/sv\/maskiner\/keestrack\/c-serie-sikteverk\/keestrack-c4-2-deck\/","og_site_name":"Fredheim Maskin","article_modified_time":"2023-11-15T11:31:31+00:00","og_image":[{"url":"https:\/\/fredheim-maskin.no\/wp-content\/uploads\/2023\/11\/C4-3-1.jpg","type":"","width":"","height":""}],"twitter_card":"summary_large_image","schema":{"@context":"https:\/\/schema.org","@graph":[{"@type":"WebPage","@id":"https:\/\/fredheim-maskin.no\/maskiner\/keestrack\/c-serie-sikteverk\/keestrack-c4-2-deck\/","url":"https:\/\/fredheim-maskin.no\/maskiner\/keestrack\/c-serie-sikteverk\/keestrack-c4-2-deck\/","name":"Keestrack C4 \u2013 2 Deck - Fredheim Maskin","isPartOf":{"@id":"https:\/\/fredheim-maskin.no\/#website"},"primaryImageOfPage":{"@id":"https:\/\/fredheim-maskin.no\/maskiner\/keestrack\/c-serie-sikteverk\/keestrack-c4-2-deck\/#primaryimage"},"image":{"@id":"https:\/\/fredheim-maskin.no\/maskiner\/keestrack\/c-serie-sikteverk\/keestrack-c4-2-deck\/#primaryimage"},"thumbnailUrl":"https:\/\/fredheim-maskin.no\/wp-content\/uploads\/2023\/11\/C4-3-1.jpg","datePublished":"2023-11-15T10:24:58+00:00","dateModified":"2023-11-15T11:31:31+00:00","breadcrumb":{"@id":"https:\/\/fredheim-maskin.no\/maskiner\/keestrack\/c-serie-sikteverk\/keestrack-c4-2-deck\/#breadcrumb"},"inLanguage":"sv-SE","potentialAction":[{"@type":"ReadAction","target":["https:\/\/fredheim-maskin.no\/maskiner\/keestrack\/c-serie-sikteverk\/keestrack-c4-2-deck\/"]}]},{"@type":"ImageObject","inLanguage":"sv-SE","@id":"https:\/\/fredheim-maskin.no\/maskiner\/keestrack\/c-serie-sikteverk\/keestrack-c4-2-deck\/#primaryimage","url":"https:\/\/fredheim-maskin.no\/wp-content\/uploads\/2023\/11\/C4-3-1.jpg","contentUrl":"https:\/\/fredheim-maskin.no\/wp-content\/uploads\/2023\/11\/C4-3-1.jpg"},{"@type":"BreadcrumbList","@id":"https:\/\/fredheim-maskin.no\/maskiner\/keestrack\/c-serie-sikteverk\/keestrack-c4-2-deck\/#breadcrumb","itemListElement":[{"@type":"ListItem","position":1,"name":"Hjem","item":"https:\/\/fredheim-maskin.no\/"},{"@type":"ListItem","position":2,"name":"Maskiner","item":"https:\/\/fredheim-maskin.no\/maskiner\/"},{"@type":"ListItem","position":3,"name":"Keestrack","item":"https:\/\/fredheim-maskin.no\/maskiner\/keestrack\/"},{"@type":"ListItem","position":4,"name":"C-Serie Sikteverk","item":"https:\/\/fredheim-maskin.no\/maskiner\/keestrack\/c-serie-sikteverk\/"},{"@type":"ListItem","position":5,"name":"Keestrack C4 \u2013 2 Deck"}]},{"@type":"WebSite","@id":"https:\/\/fredheim-maskin.no\/#website","url":"https:\/\/fredheim-maskin.no\/","name":"Fredheim Maskin","description":"","potentialAction":[{"@type":"SearchAction","target":{"@type":"EntryPoint","urlTemplate":"https:\/\/fredheim-maskin.no\/?s={search_term_string}"},"query-input":{"@type":"PropertyValueSpecification","valueRequired":true,"valueName":"search_term_string"}}],"inLanguage":"sv-SE"}]}},"_links":{"self":[{"href":"https:\/\/fredheim-maskin.no\/sv\/wp-json\/wp\/v2\/pages\/2799","targetHints":{"allow":["GET"]}}],"collection":[{"href":"https:\/\/fredheim-maskin.no\/sv\/wp-json\/wp\/v2\/pages"}],"about":[{"href":"https:\/\/fredheim-maskin.no\/sv\/wp-json\/wp\/v2\/types\/page"}],"author":[{"embeddable":true,"href":"https:\/\/fredheim-maskin.no\/sv\/wp-json\/wp\/v2\/users\/1"}],"replies":[{"embeddable":true,"href":"https:\/\/fredheim-maskin.no\/sv\/wp-json\/wp\/v2\/comments?post=2799"}],"version-history":[{"count":8,"href":"https:\/\/fredheim-maskin.no\/sv\/wp-json\/wp\/v2\/pages\/2799\/revisions"}],"predecessor-version":[{"id":14239,"href":"https:\/\/fredheim-maskin.no\/sv\/wp-json\/wp\/v2\/pages\/2799\/revisions\/14239"}],"up":[{"embeddable":true,"href":"https:\/\/fredheim-maskin.no\/sv\/wp-json\/wp\/v2\/pages\/561"}],"wp:attachment":[{"href":"https:\/\/fredheim-maskin.no\/sv\/wp-json\/wp\/v2\/media?parent=2799"}],"curies":[{"name":"wp","href":"https:\/\/api.w.org\/{rel}","templated":true}]}}