{"id":3,"date":"2023-09-21T07:45:33","date_gmt":"2023-09-21T07:45:33","guid":{"rendered":"https:\/\/fredheim-maskin.no\/?page_id=3"},"modified":"2025-12-22T13:26:40","modified_gmt":"2025-12-22T12:26:40","slug":"privacy-policy","status":"publish","type":"page","link":"https:\/\/fredheim-maskin.no\/sv\/privacy-policy\/","title":{"rendered":"Privacy Policy"},"content":{"rendered":"<div style=\"height:54px\" aria-hidden=\"true\" class=\"wp-block-spacer eplus-wrapper\"><\/div>\n\n\n\n<div class=\"wp-block-group eplus-wrapper\"><div class=\"wp-block-group__inner-container is-layout-constrained wp-block-group-is-layout-constrained\"><div class=\"wp-block-columns eplus-wrapper is-layout-flex wp-container-core-columns-is-layout-9d6595d7 wp-block-columns-is-layout-flex eplus-styles-uid-abc0bc\">\n<div class=\"wp-block-column eplus-wrapper is-layout-flow wp-block-column-is-layout-flow\" style=\"flex-basis:10%\"><\/div>\n\n\n\n<div class=\"wp-block-column eplus-wrapper is-layout-flow wp-block-column-is-layout-flow\" style=\"flex-basis:80%\">\n<h2 class=\"wp-block-heading eplus-wrapper\">Personvern<\/h2>\n\n\n\n<p class=\"eplus-wrapper\">Denne personvernerkl\u00e6ringen beskriver hvordan Fredheim Maskin AS samler inn og bruker personopplysninger n\u00e5r du bes\u00f8ker v\u00e5re nettsider, er kunde av oss eller p\u00e5 annen m\u00e5te er i kontakt med oss. Fredheim Maskin AS er behandlingsansvarlig for personopplysningene som blir behandlet p\u00e5 disse nettstedene og n\u00e5r det er vi som bestemmer form\u00e5l og hjelpemidler for behandlingen. Personvernerkl\u00e6ringen gjelder ikke tredjeparters behandling av personopplysninger. Tredjeparter som vi samarbeider med har egne personvernerkl\u00e6ringer og egen praksis som de selv er hovedansvarlige for.<\/p>\n\n\n\n<h4 class=\"wp-block-heading eplus-wrapper\">V\u00e5re nettsider<\/h4>\n\n\n\n<p class=\"eplus-wrapper\">N\u00e5r du bes\u00f8ker en av v\u00e5re nettsider samler vi og v\u00e5r underleverand\u00f8r av nettsiden (Idium AS) inn og lagrer informasjon om brukeratferd. Dette omfatter opplysninger om din IP-adresse, nettleser, lokasjon, nettleverand\u00f8r, operativsystem, tid brukt p\u00e5 siden, hvilket nettsted du kommer fra og nettaktivitet p\u00e5 v\u00e5re nettsider.<br>Form\u00e5let med behandlingsaktivitetene er \u00e5 optimalisere v\u00e5re nettsider ovenfor v\u00e5re bes\u00f8kende samt utf\u00f8re analyser av trender og m\u00f8nstre ved bruken av nettsidene. Det rettslige grunnlaget er v\u00e5r berettigede interesse i \u00e5 tilpasse v\u00e5r nettsider og tjenester til brukernes antatte behov. Lenger ned i personvernerkl\u00e6ringen finner du n\u00e6rmere informasjon om v\u00e5r bruk av informasjonskapsler (cookies).<br>Anonymiserte opplysninger som ikke kan knyttes til deg vil kunne bli brukt og beholdt for statistiske og analytiske form\u00e5l.<\/p>\n\n\n\n<h4 class=\"wp-block-heading eplus-wrapper\">Kontaktskjema, informasjon og nyhetsbrev<\/h4>\n\n\n\n<p class=\"eplus-wrapper\">Dersom du tar kontakt med oss, ved utfylling av kontaktskjema eller lignende, kan innsamlede opplysninger benyttes for \u00e5 kontakte deg, i tillegg til \u00e5 sende deg informasjon som er relevant. I v\u00e5re kontaktskjema innhentes typisk navn, e-post-adresse, telefonnummer og eventuelle andre opplysninger du oppgir.<br>Det rettslige grunnlaget for nyhetsbrev og elektronisk markedsf\u00f8ring er enten at det foreligger et eksisterende kundeforhold og du ikke har reservert deg mot \u00e5 motta v\u00e5re henvendelser.<\/p>\n\n\n\n<h4 class=\"wp-block-heading eplus-wrapper\">Analyse<\/h4>\n\n\n\n<p class=\"eplus-wrapper\">Personopplysninger i analytiske datasett vil alltid bli slettet etter analysen er gjennomf\u00f8rt. Form\u00e5let med slike analyser er \u00e5 evaluere samt forbedre v\u00e5r informasjonsflyt, markedsf\u00f8ring og tjenester.<\/p>\n\n\n\n<h4 class=\"wp-block-heading eplus-wrapper\">Underleverand\u00f8rer og samabeidspartnere<\/h4>\n\n\n\n<p class=\"eplus-wrapper\">Fredheim Maskin AS benytter seg av underleverand\u00f8rer (databehandlere) for innsamling, lagring og informasjonsh\u00e5ndtering. Disse underleverand\u00f8rene behandler data p\u00e5 v\u00e5re vegne i henhold til databehandler og v\u00e5re instrukser, og i henhold til norsk og europeisk personvernlovgivning.<br>I tilfeller hvor vi har uttrykkelig samtykke fra deg vil vi kunne dele personopplysninger med samarbeidspartnere og andre tredjeparter for markedsf\u00f8ringsform\u00e5l. Skulle det oppst\u00e5 en hendelse hvor vi trenger ditt uttrykkelige samtykke vil vi kunne kontakte deg ved hjelp av kontaktinformasjonen vi har f\u00e5tt fra deg.<br>Liste over v\u00e5re underleverand\u00f8rer og samarbeidspartnere:<\/p>\n\n\n<ul class=\"wp-block-list eplus-wrapper eplus-styles-uid-f2451e\">\n<li class=\"eplus-wrapper\">Idium AS<\/li>\n<\/ul>\n\n\n<h4 class=\"wp-block-heading eplus-wrapper\">Informasjonskapsler (cookies)<\/h4>\n\n\n\n<p class=\"eplus-wrapper\">Vi benytter oss av informasjonskapsler (cookies) n\u00e5r du bes\u00f8ker v\u00e5re nettsider. Informasjonskapsler, ogs\u00e5 omtalt som cookies, er tekstfiler som lastes ned og lagres p\u00e5 enheten din n\u00e5r du bes\u00f8ker nettsiden. Vi benytter informasjonskapsler for autentiseringsform\u00e5l slik at du ikke trenger \u00e5 identifisere deg hver gang du bes\u00f8ker nettstedet v\u00e5rt. Informasjonskapsler benyttes ogs\u00e5 for brukerstatistikk, for \u00e5 tilpasse nettsidene ovenfor v\u00e5re bes\u00f8kende samt for \u00e5 huske bes\u00f8kendes brukerpreferanser. Vi benytter ogs\u00e5 informasjonskapsler for \u00e5 forbedre funksjonaliteten til nettsidene. Dette gj\u00f8r vi ved \u00e5 lagre informasjon som reduserer fremtidig nedlastningstid og annen informasjon som kan benyttes til \u00e5 forbedre brukeropplevelsen. Vi bruker dessuten informasjonskapsler for markedsf\u00f8ringsform\u00e5l. Informasjonskapslene vil kunne brukes til \u00e5 rette relevante annonsebudskap mot deg p\u00e5 andre nettsteder og digitale plattformer. Du kan via innstillingene i nettleseren hindre at nettleseren lagrer informasjonskapsler samt slette informasjonskapsler. En veiledning p\u00e5 hvordan administrere informasjonskapsler i de vanligste nettleserne finner du\u00a0<a href=\"https:\/\/nettvett.no\/slik-administrer-du-informasjonskapsler\/\">her<\/a>. V\u00e6r oppmerksom p\u00e5 at slik sletting og hindring av bruk av informasjonskapsler kan medf\u00f8re redusert funksjonalitet p\u00e5 denne og andre nettsider.<\/p>\n\n\n\n<h4 class=\"wp-block-heading eplus-wrapper\">Dine rettigheter<\/h4>\n\n\n\n<p class=\"eplus-wrapper\">I henhold til norsk personvernlovgivning her du en rekke rettigheter knyttet til personopplysninger som gjelder deg. Som registrert har du i utgangpunktet f\u00f8lgende rettigheter:<\/p>\n\n\n<ul class=\"wp-block-list eplus-wrapper eplus-styles-uid-daadc6\">\n<li class=\"eplus-wrapper\">Rett til innsyn \u2013 du har rett til \u00e5 f\u00e5 vite hvilke personopplysninger vi har registrert om deg og til \u00e5 motta en kopi av personopplysningene.<\/li>\n\n\n\n<li class=\"eplus-wrapper\">Rett til retting \u2013 du har rett til \u00e5 f\u00e5 feil, ufullstendige eller irrelevante opplysninger om deg korrigert eller fjernet.<\/li>\n\n\n\n<li class=\"eplus-wrapper\">Rett til sletting \u2013 du har med visse unntak rett til \u00e5 f\u00e5 slettet personopplysninger vi har lagret om deg.<\/li>\n\n\n\n<li class=\"eplus-wrapper\">Rett til \u00e5 kalle tilbake samtykke \u2013 du rett til \u00e5 kalle tilbake et samtykke du har gitt til oss som vi har innhentet for behandling av personopplysninger som krever samtykke. Du har ogs\u00e5 rett til enhver tid til \u00e5 protestere mot at personopplysninger behandles med henblikk p\u00e5 direkte markedsf\u00f8ring.<\/li>\n\n\n\n<li class=\"eplus-wrapper\">Rett til dataportabilitet \u2013 du har rett til \u00e5 f\u00e5 utlevert personopplysningene du har gitt til oss i et maskinlesbart format og til \u00e5 overlevere disse til en annen tjenesteleverand\u00f8r.<\/li>\n\n\n\n<li class=\"eplus-wrapper\">Rett til \u00e5 klage \u2013 du har rett til \u00e5 klage p\u00e5 v\u00e5r behandling av personopplysninger til Datatilsynet. Vi oppfordrer deg likevel til \u00e5 henvende rette en henvendelse til oss f\u00f8rst.<\/li>\n<\/ul>\n\n\n<p class=\"eplus-wrapper\">Disse rettighetene kan v\u00e6re begrenset i visse situasjoner, som for eksempel hvis vi er lovp\u00e5lagt \u00e5 behandle personopplysningene.<br>Se kontaktinformasjon se v\u00e5re nettsider.<\/p>\n\n\n\n<h4 class=\"wp-block-heading eplus-wrapper\">Endringer i denne personvernerkl\u00e6ringen<\/h4>\n\n\n\n<p class=\"eplus-wrapper\">Vi kan, uten forvarsel, endre eller oppdatere denne personvernerkl\u00e6ringen. Den siste versjonen vil gj\u00f8res tilgjengelig p\u00e5 denne adressen. Ved vesentlige endringer vil vi legge ut en melding p\u00e5 nettstedet og\/eller informere deg i andre kanaler.<\/p>\n\n\n\n<div style=\"height:40px\" aria-hidden=\"true\" class=\"wp-block-spacer eplus-wrapper\"><\/div>\n\n\n\n<script id=\"CookieDeclaration\" src=\"https:\/\/consent.cookiebot.com\/747714d7-7977-4d30-9bbb-43e852310cce\/cd.js\" type=\"text\/javascript\" async><\/script>\n<\/div>\n\n\n\n<div class=\"wp-block-column eplus-wrapper is-layout-flow wp-block-column-is-layout-flow\" style=\"flex-basis:10%\"><\/div>\n<\/div><\/div><\/div>\n\n\n\n<div style=\"height:100px\" aria-hidden=\"true\" class=\"wp-block-spacer eplus-wrapper\"><\/div>","protected":false},"excerpt":{"rendered":"<p>Personvern Denne personvernerkl\u00e6ringen beskriver hvordan Fredheim Maskin AS samler inn og bruker personopplysninger n\u00e5r du bes\u00f8ker v\u00e5re nettsider, er kunde av oss eller p\u00e5 annen m\u00e5te er i kontakt med [&hellip;]<\/p>\n","protected":false},"author":1,"featured_media":0,"parent":0,"menu_order":0,"comment_status":"closed","ping_status":"open","template":"","meta":{"_editorskit_title_hidden":false,"_editorskit_reading_time":0,"_editorskit_is_block_options_detached":false,"_editorskit_block_options_position":"{}","inline_featured_image":false,"editor_plus_copied_stylings":"{}","footnotes":""},"class_list":["post-3","page","type-page","status-publish","hentry"],"featured_image_src":null,"yoast_head":"<!-- This site is optimized with the Yoast SEO plugin v27.4 - https:\/\/yoast.com\/product\/yoast-seo-wordpress\/ -->\n<title>Privacy Policy - Fredheim Maskin<\/title>\n<meta name=\"robots\" content=\"index, follow, max-snippet:-1, max-image-preview:large, max-video-preview:-1\" \/>\n<link rel=\"canonical\" href=\"https:\/\/fredheim-maskin.no\/sv\/privacy-policy\/\" \/>\n<meta property=\"og:locale\" content=\"sv_SE\" \/>\n<meta property=\"og:type\" content=\"article\" \/>\n<meta property=\"og:title\" content=\"Privacy Policy - Fredheim Maskin\" \/>\n<meta property=\"og:description\" content=\"Personvern Denne personvernerkl\u00e6ringen beskriver hvordan Fredheim Maskin AS samler inn og bruker personopplysninger n\u00e5r du bes\u00f8ker v\u00e5re nettsider, er kunde av oss eller p\u00e5 annen m\u00e5te er i kontakt med [&hellip;]\" \/>\n<meta property=\"og:url\" content=\"https:\/\/fredheim-maskin.no\/sv\/privacy-policy\/\" \/>\n<meta property=\"og:site_name\" content=\"Fredheim Maskin\" \/>\n<meta property=\"article:modified_time\" content=\"2025-12-22T12:26:40+00:00\" \/>\n<meta name=\"twitter:card\" content=\"summary_large_image\" \/>\n<meta name=\"twitter:label1\" content=\"Ber\u00e4knad l\u00e4stid\" \/>\n\t<meta name=\"twitter:data1\" content=\"5 minuter\" \/>\n<script type=\"application\/ld+json\" class=\"yoast-schema-graph\">{\"@context\":\"https:\\\/\\\/schema.org\",\"@graph\":[{\"@type\":\"WebPage\",\"@id\":\"https:\\\/\\\/fredheim-maskin.no\\\/privacy-policy\\\/\",\"url\":\"https:\\\/\\\/fredheim-maskin.no\\\/privacy-policy\\\/\",\"name\":\"Privacy Policy - Fredheim Maskin\",\"isPartOf\":{\"@id\":\"https:\\\/\\\/fredheim-maskin.no\\\/#website\"},\"datePublished\":\"2023-09-21T07:45:33+00:00\",\"dateModified\":\"2025-12-22T12:26:40+00:00\",\"breadcrumb\":{\"@id\":\"https:\\\/\\\/fredheim-maskin.no\\\/privacy-policy\\\/#breadcrumb\"},\"inLanguage\":\"sv-SE\",\"potentialAction\":[{\"@type\":\"ReadAction\",\"target\":[\"https:\\\/\\\/fredheim-maskin.no\\\/privacy-policy\\\/\"]}]},{\"@type\":\"BreadcrumbList\",\"@id\":\"https:\\\/\\\/fredheim-maskin.no\\\/privacy-policy\\\/#breadcrumb\",\"itemListElement\":[{\"@type\":\"ListItem\",\"position\":1,\"name\":\"Hjem\",\"item\":\"https:\\\/\\\/fredheim-maskin.no\\\/\"},{\"@type\":\"ListItem\",\"position\":2,\"name\":\"Privacy Policy\"}]},{\"@type\":\"WebSite\",\"@id\":\"https:\\\/\\\/fredheim-maskin.no\\\/#website\",\"url\":\"https:\\\/\\\/fredheim-maskin.no\\\/\",\"name\":\"Fredheim Maskin\",\"description\":\"\",\"potentialAction\":[{\"@type\":\"SearchAction\",\"target\":{\"@type\":\"EntryPoint\",\"urlTemplate\":\"https:\\\/\\\/fredheim-maskin.no\\\/?s={search_term_string}\"},\"query-input\":{\"@type\":\"PropertyValueSpecification\",\"valueRequired\":true,\"valueName\":\"search_term_string\"}}],\"inLanguage\":\"sv-SE\"}]}<\/script>\n<!-- \/ Yoast SEO plugin. -->","yoast_head_json":{"title":"Privacy Policy - Fredheim Maskin","robots":{"index":"index","follow":"follow","max-snippet":"max-snippet:-1","max-image-preview":"max-image-preview:large","max-video-preview":"max-video-preview:-1"},"canonical":"https:\/\/fredheim-maskin.no\/sv\/privacy-policy\/","og_locale":"sv_SE","og_type":"article","og_title":"Privacy Policy - Fredheim Maskin","og_description":"Personvern Denne personvernerkl\u00e6ringen beskriver hvordan Fredheim Maskin AS samler inn og bruker personopplysninger n\u00e5r du bes\u00f8ker v\u00e5re nettsider, er kunde av oss eller p\u00e5 annen m\u00e5te er i kontakt med [&hellip;]","og_url":"https:\/\/fredheim-maskin.no\/sv\/privacy-policy\/","og_site_name":"Fredheim Maskin","article_modified_time":"2025-12-22T12:26:40+00:00","twitter_card":"summary_large_image","twitter_misc":{"Ber\u00e4knad l\u00e4stid":"5 minuter"},"schema":{"@context":"https:\/\/schema.org","@graph":[{"@type":"WebPage","@id":"https:\/\/fredheim-maskin.no\/privacy-policy\/","url":"https:\/\/fredheim-maskin.no\/privacy-policy\/","name":"Privacy Policy - Fredheim Maskin","isPartOf":{"@id":"https:\/\/fredheim-maskin.no\/#website"},"datePublished":"2023-09-21T07:45:33+00:00","dateModified":"2025-12-22T12:26:40+00:00","breadcrumb":{"@id":"https:\/\/fredheim-maskin.no\/privacy-policy\/#breadcrumb"},"inLanguage":"sv-SE","potentialAction":[{"@type":"ReadAction","target":["https:\/\/fredheim-maskin.no\/privacy-policy\/"]}]},{"@type":"BreadcrumbList","@id":"https:\/\/fredheim-maskin.no\/privacy-policy\/#breadcrumb","itemListElement":[{"@type":"ListItem","position":1,"name":"Hjem","item":"https:\/\/fredheim-maskin.no\/"},{"@type":"ListItem","position":2,"name":"Privacy Policy"}]},{"@type":"WebSite","@id":"https:\/\/fredheim-maskin.no\/#website","url":"https:\/\/fredheim-maskin.no\/","name":"Fredheim Maskin","description":"","potentialAction":[{"@type":"SearchAction","target":{"@type":"EntryPoint","urlTemplate":"https:\/\/fredheim-maskin.no\/?s={search_term_string}"},"query-input":{"@type":"PropertyValueSpecification","valueRequired":true,"valueName":"search_term_string"}}],"inLanguage":"sv-SE"}]}},"_links":{"self":[{"href":"https:\/\/fredheim-maskin.no\/sv\/wp-json\/wp\/v2\/pages\/3","targetHints":{"allow":["GET"]}}],"collection":[{"href":"https:\/\/fredheim-maskin.no\/sv\/wp-json\/wp\/v2\/pages"}],"about":[{"href":"https:\/\/fredheim-maskin.no\/sv\/wp-json\/wp\/v2\/types\/page"}],"author":[{"embeddable":true,"href":"https:\/\/fredheim-maskin.no\/sv\/wp-json\/wp\/v2\/users\/1"}],"replies":[{"embeddable":true,"href":"https:\/\/fredheim-maskin.no\/sv\/wp-json\/wp\/v2\/comments?post=3"}],"version-history":[{"count":2,"href":"https:\/\/fredheim-maskin.no\/sv\/wp-json\/wp\/v2\/pages\/3\/revisions"}],"predecessor-version":[{"id":17299,"href":"https:\/\/fredheim-maskin.no\/sv\/wp-json\/wp\/v2\/pages\/3\/revisions\/17299"}],"wp:attachment":[{"href":"https:\/\/fredheim-maskin.no\/sv\/wp-json\/wp\/v2\/media?parent=3"}],"curies":[{"name":"wp","href":"https:\/\/api.w.org\/{rel}","templated":true}]}}