{"id":3252,"date":"2023-11-16T10:21:16","date_gmt":"2023-11-16T09:21:16","guid":{"rendered":"https:\/\/fredheim-maskin.no\/?page_id=3252"},"modified":"2024-02-14T13:27:37","modified_gmt":"2024-02-14T12:27:37","slug":"hook-and-track","status":"publish","type":"page","link":"https:\/\/fredheim-maskin.no\/sv\/maskiner\/keestrack\/skredderlosninger\/hook-and-track\/","title":{"rendered":"Hook and track till K3"},"content":{"rendered":"<div class=\"cs-medium bg-hero wp-block-group alignfull has-dark-cobolt-background-color has-background eplus-wrapper\"><div class=\"wp-block-group__inner-container is-layout-constrained wp-block-group-is-layout-constrained\">\n<div class=\"wp-block-group eplus-wrapper\"><div class=\"wp-block-group__inner-container is-layout-constrained wp-block-group-is-layout-constrained\"><div class=\"wp-block-columns are-vertically-aligned-center eplus-wrapper is-layout-flex wp-container-core-columns-is-layout-9d6595d7 wp-block-columns-is-layout-flex eplus-styles-uid-117bf8\">\n<div class=\"wp-block-column is-vertically-aligned-center eplus-wrapper is-layout-flow wp-block-column-is-layout-flow\">\n<figure class=\"container-rounded-corners wp-block-image size-full eplus-wrapper\"><img decoding=\"async\" width=\"1024\" height=\"683\" src=\"https:\/\/fredheim-maskin.no\/wp-content\/uploads\/2023\/11\/wpid-HookandTrack5.jpg\" alt=\"\" class=\"wp-image-3307\" srcset=\"https:\/\/fredheim-maskin.no\/wp-content\/uploads\/2023\/11\/wpid-HookandTrack5.jpg 1024w, https:\/\/fredheim-maskin.no\/wp-content\/uploads\/2023\/11\/wpid-HookandTrack5-300x200.jpg 300w, https:\/\/fredheim-maskin.no\/wp-content\/uploads\/2023\/11\/wpid-HookandTrack5-768x512.jpg 768w, https:\/\/fredheim-maskin.no\/wp-content\/uploads\/2023\/11\/wpid-HookandTrack5-18x12.jpg 18w\" sizes=\"(max-width: 1024px) 100vw, 1024px\" \/><\/figure>\n<\/div>\n\n\n\n<div class=\"hide-mobile wp-block-column eplus-wrapper is-layout-flow wp-block-column-is-layout-flow\" style=\"flex-basis:15px\"><\/div>\n\n\n\n<div class=\"wp-block-column is-vertically-aligned-center eplus-wrapper is-layout-flow wp-block-column-is-layout-flow\">\n<div style=\"height:90px\" aria-hidden=\"true\" class=\"hide-mobile wp-block-spacer eplus-wrapper\"><\/div>\n\n\n\n<h1 class=\"wp-block-heading has-white-color has-text-color has-link-color eplus-wrapper wp-elements-83bc194342829e43ee52339f7bc0cd75\">Hook and track till K3<\/h1>\n\n\n\n<p class=\"has-white-color has-text-color has-link-color eplus-wrapper wp-elements-c1dbdc3397f2fd1d6bbce6cff9e4b7e9\">K3 blir n\u00e5 lansert med det usl\u00e5elige alternativet med krokl\u00f8ft og belter.<\/p>\n\n\n\n<p class=\"has-white-color has-text-color has-link-color eplus-wrapper wp-elements-8d5749cc2e8bf72ee5d0fea42cbeb85a\">Dette kombinerer mobiliteten som belter gir ute i felt og det kompakte og enkle transportsystemet med krokl\u00f8ft p\u00e5 lastebil.<\/p>\n\n\n\n<p class=\"has-white-color has-text-color has-link-color eplus-wrapper wp-elements-8d4b9fe787bbc80560a39e19ef2b4de4\">Maskinen kan enkelt flyttes p\u00e5 krokl\u00f8ftlastebil istedenfor tidligere transport p\u00e5 maskinhenger.<\/p>\n\n\n\n<div style=\"height:90px\" aria-hidden=\"true\" class=\"hide-mobile wp-block-spacer eplus-wrapper\"><\/div>\n<\/div>\n<\/div><\/div><\/div>\n<\/div><\/div>\n\n\n\n<div style=\"height:50px\" aria-hidden=\"true\" class=\"wp-block-spacer eplus-wrapper\"><\/div>\n\n\n\n<div class=\"wp-block-group eplus-wrapper\"><div class=\"wp-block-group__inner-container is-layout-constrained wp-block-group-is-layout-constrained\"><div class=\"wp-block-columns eplus-wrapper is-layout-flex wp-container-core-columns-is-layout-9d6595d7 wp-block-columns-is-layout-flex eplus-styles-uid-c0d04c\">\n<div class=\"wp-block-column eplus-wrapper is-layout-flow wp-block-column-is-layout-flow\">\n<div class=\"wp-block-envira-envira-gallery\"><div id=\"envira-gallery-wrap-3311\" class=\"envira-gallery-wrap envira-gallery-theme-base envira-lightbox-theme-base_dark\" itemscope itemtype=\"https:\/\/schema.org\/ImageGallery\"><div data-row-height=\"\" data-gallery-theme=\"\" id=\"envira-gallery-3311\" class=\"envira-gallery-public  envira-gallery-4-columns envira-clear enviratope envira-gallery-css-animations\" data-envira-columns=\"4\"><div id=\"envira-gallery-item-3306\" class=\"envira-gallery-item enviratope-item envira-gallery-item-1 envira-lazy-load\" style=\"padding-left: 3px; padding-bottom: 5px; padding-right: 3px;\"  itemscope itemtype=\"https:\/\/schema.org\/ImageObject\"><div class=\"envira-gallery-item-inner\"><div class=\"envira-gallery-position-overlay  envira-gallery-top-left\"><\/div><div class=\"envira-gallery-position-overlay  envira-gallery-top-right\"><\/div><div class=\"envira-gallery-position-overlay  envira-gallery-bottom-left\"><\/div><div class=\"envira-gallery-position-overlay  envira-gallery-bottom-right\"><\/div><a href=\"https:\/\/fredheim-maskin.no\/wp-content\/uploads\/2023\/11\/wpid-HookandTrack43.jpg\" class=\"envira-gallery-3311 envira-gallery-link\" rel=\"enviragallery3311\" title=\"wpid-HookandTrack43\" data-envira-caption=\"wpid-HookandTrack43\" data-envira-retina=\"\" data-thumbnail=\"\"  itemprop=\"contentUrl\"><div class=\"envira-lazy\" data-test-width=\"640\" data-test-height=\"480\" style=\"padding-bottom:75%;\"><img decoding=\"async\" id=\"envira-gallery-image-3306\" class=\"envira-gallery-image envira-gallery-image-1\" data-envira-index=\"1\" src=\"https:\/\/fredheim-maskin.no\/wp-content\/uploads\/2023\/11\/wpid-HookandTrack43.jpg\" data-envira-src=\"https:\/\/fredheim-maskin.no\/wp-content\/uploads\/2023\/11\/wpid-HookandTrack43.jpg\" data-envira-gallery-id=\"3311\" data-envira-item-id=\"3306\" data-envira-caption=\"wpid-HookandTrack43\" alt=\"\" title=\"wpid-HookandTrack43\"  itemprop=\"thumbnailUrl\" data-envira-srcset=\"https:\/\/fredheim-maskin.no\/wp-content\/uploads\/2023\/11\/wpid-HookandTrack43.jpg 400w,https:\/\/fredheim-maskin.no\/wp-content\/uploads\/2023\/11\/wpid-HookandTrack43.jpg 2x\" srcset=\"data:image\/gif;base64,R0lGODlhAQABAIAAAP\/\/\/\/\/\/\/yH5BAEKAAEALAAAAAABAAEAAAICTAEAOw==\" \/><\/div><\/a><\/div><\/div><div id=\"envira-gallery-item-3307\" class=\"envira-gallery-item enviratope-item envira-gallery-item-2 envira-lazy-load\" style=\"padding-left: 3px; padding-bottom: 5px; padding-right: 3px;\"  itemscope itemtype=\"https:\/\/schema.org\/ImageObject\"><div class=\"envira-gallery-item-inner\"><div class=\"envira-gallery-position-overlay  envira-gallery-top-left\"><\/div><div class=\"envira-gallery-position-overlay  envira-gallery-top-right\"><\/div><div class=\"envira-gallery-position-overlay  envira-gallery-bottom-left\"><\/div><div class=\"envira-gallery-position-overlay  envira-gallery-bottom-right\"><\/div><a href=\"https:\/\/fredheim-maskin.no\/wp-content\/uploads\/2023\/11\/wpid-HookandTrack5.jpg\" class=\"envira-gallery-3311 envira-gallery-link\" rel=\"enviragallery3311\" title=\"wpid-HookandTrack5\" data-envira-caption=\"wpid-HookandTrack5\" data-envira-retina=\"\" data-thumbnail=\"\"  itemprop=\"contentUrl\"><div class=\"envira-lazy\" data-test-width=\"640\" data-test-height=\"480\" style=\"padding-bottom:75%;\"><img decoding=\"async\" id=\"envira-gallery-image-3307\" class=\"envira-gallery-image envira-gallery-image-2\" data-envira-index=\"2\" src=\"https:\/\/fredheim-maskin.no\/wp-content\/uploads\/2023\/11\/wpid-HookandTrack5.jpg\" data-envira-src=\"https:\/\/fredheim-maskin.no\/wp-content\/uploads\/2023\/11\/wpid-HookandTrack5.jpg\" data-envira-gallery-id=\"3311\" data-envira-item-id=\"3307\" data-envira-caption=\"wpid-HookandTrack5\" alt=\"\" title=\"wpid-HookandTrack5\"  itemprop=\"thumbnailUrl\" data-envira-srcset=\"https:\/\/fredheim-maskin.no\/wp-content\/uploads\/2023\/11\/wpid-HookandTrack5.jpg 400w,https:\/\/fredheim-maskin.no\/wp-content\/uploads\/2023\/11\/wpid-HookandTrack5.jpg 2x\" srcset=\"data:image\/gif;base64,R0lGODlhAQABAIAAAP\/\/\/\/\/\/\/yH5BAEKAAEALAAAAAABAAEAAAICTAEAOw==\" \/><\/div><\/a><\/div><\/div><div id=\"envira-gallery-item-3308\" class=\"envira-gallery-item enviratope-item envira-gallery-item-3 envira-lazy-load\" style=\"padding-left: 3px; padding-bottom: 5px; padding-right: 3px;\"  itemscope itemtype=\"https:\/\/schema.org\/ImageObject\"><div class=\"envira-gallery-item-inner\"><div class=\"envira-gallery-position-overlay  envira-gallery-top-left\"><\/div><div class=\"envira-gallery-position-overlay  envira-gallery-top-right\"><\/div><div class=\"envira-gallery-position-overlay  envira-gallery-bottom-left\"><\/div><div class=\"envira-gallery-position-overlay  envira-gallery-bottom-right\"><\/div><a href=\"https:\/\/fredheim-maskin.no\/wp-content\/uploads\/2023\/11\/wpid-HookandTrack3.jpg\" class=\"envira-gallery-3311 envira-gallery-link\" rel=\"enviragallery3311\" title=\"wpid-HookandTrack3\" data-envira-caption=\"wpid-HookandTrack3\" data-envira-retina=\"\" data-thumbnail=\"\"  itemprop=\"contentUrl\"><div class=\"envira-lazy\" data-test-width=\"640\" data-test-height=\"480\" style=\"padding-bottom:75%;\"><img decoding=\"async\" id=\"envira-gallery-image-3308\" class=\"envira-gallery-image envira-gallery-image-3\" data-envira-index=\"3\" src=\"https:\/\/fredheim-maskin.no\/wp-content\/uploads\/2023\/11\/wpid-HookandTrack3.jpg\" data-envira-src=\"https:\/\/fredheim-maskin.no\/wp-content\/uploads\/2023\/11\/wpid-HookandTrack3.jpg\" data-envira-gallery-id=\"3311\" data-envira-item-id=\"3308\" data-envira-caption=\"wpid-HookandTrack3\" alt=\"\" title=\"wpid-HookandTrack3\"  itemprop=\"thumbnailUrl\" data-envira-srcset=\"https:\/\/fredheim-maskin.no\/wp-content\/uploads\/2023\/11\/wpid-HookandTrack3.jpg 400w,https:\/\/fredheim-maskin.no\/wp-content\/uploads\/2023\/11\/wpid-HookandTrack3.jpg 2x\" srcset=\"data:image\/gif;base64,R0lGODlhAQABAIAAAP\/\/\/\/\/\/\/yH5BAEKAAEALAAAAAABAAEAAAICTAEAOw==\" \/><\/div><\/a><\/div><\/div><div id=\"envira-gallery-item-3309\" class=\"envira-gallery-item enviratope-item envira-gallery-item-4 envira-lazy-load\" style=\"padding-left: 3px; padding-bottom: 5px; padding-right: 3px;\"  itemscope itemtype=\"https:\/\/schema.org\/ImageObject\"><div class=\"envira-gallery-item-inner\"><div class=\"envira-gallery-position-overlay  envira-gallery-top-left\"><\/div><div class=\"envira-gallery-position-overlay  envira-gallery-top-right\"><\/div><div class=\"envira-gallery-position-overlay  envira-gallery-bottom-left\"><\/div><div class=\"envira-gallery-position-overlay  envira-gallery-bottom-right\"><\/div><a href=\"https:\/\/fredheim-maskin.no\/wp-content\/uploads\/2023\/11\/wpid-HookandTrack2.jpg\" class=\"envira-gallery-3311 envira-gallery-link\" rel=\"enviragallery3311\" title=\"wpid-HookandTrack2\" data-envira-caption=\"wpid-HookandTrack2\" data-envira-retina=\"\" data-thumbnail=\"\"  itemprop=\"contentUrl\"><div class=\"envira-lazy\" data-test-width=\"640\" data-test-height=\"480\" style=\"padding-bottom:75%;\"><img decoding=\"async\" id=\"envira-gallery-image-3309\" class=\"envira-gallery-image envira-gallery-image-4\" data-envira-index=\"4\" src=\"https:\/\/fredheim-maskin.no\/wp-content\/uploads\/2023\/11\/wpid-HookandTrack2.jpg\" data-envira-src=\"https:\/\/fredheim-maskin.no\/wp-content\/uploads\/2023\/11\/wpid-HookandTrack2.jpg\" data-envira-gallery-id=\"3311\" data-envira-item-id=\"3309\" data-envira-caption=\"wpid-HookandTrack2\" alt=\"\" title=\"wpid-HookandTrack2\"  itemprop=\"thumbnailUrl\" data-envira-srcset=\"https:\/\/fredheim-maskin.no\/wp-content\/uploads\/2023\/11\/wpid-HookandTrack2.jpg 400w,https:\/\/fredheim-maskin.no\/wp-content\/uploads\/2023\/11\/wpid-HookandTrack2.jpg 2x\" srcset=\"data:image\/gif;base64,R0lGODlhAQABAIAAAP\/\/\/\/\/\/\/yH5BAEKAAEALAAAAAABAAEAAAICTAEAOw==\" \/><\/div><\/a><\/div><\/div><div id=\"envira-gallery-item-3310\" class=\"envira-gallery-item enviratope-item envira-gallery-item-5 envira-lazy-load\" style=\"padding-left: 3px; padding-bottom: 5px; padding-right: 3px;\"  itemscope itemtype=\"https:\/\/schema.org\/ImageObject\"><div class=\"envira-gallery-item-inner\"><div class=\"envira-gallery-position-overlay  envira-gallery-top-left\"><\/div><div class=\"envira-gallery-position-overlay  envira-gallery-top-right\"><\/div><div class=\"envira-gallery-position-overlay  envira-gallery-bottom-left\"><\/div><div class=\"envira-gallery-position-overlay  envira-gallery-bottom-right\"><\/div><a href=\"https:\/\/fredheim-maskin.no\/wp-content\/uploads\/2023\/11\/wpid-HookandTrack1.jpg\" class=\"envira-gallery-3311 envira-gallery-link\" rel=\"enviragallery3311\" title=\"wpid-HookandTrack1\" data-envira-caption=\"wpid-HookandTrack1\" data-envira-retina=\"\" data-thumbnail=\"\"  itemprop=\"contentUrl\"><div class=\"envira-lazy\" data-test-width=\"640\" data-test-height=\"480\" style=\"padding-bottom:75%;\"><img decoding=\"async\" id=\"envira-gallery-image-3310\" class=\"envira-gallery-image envira-gallery-image-5\" data-envira-index=\"5\" src=\"https:\/\/fredheim-maskin.no\/wp-content\/uploads\/2023\/11\/wpid-HookandTrack1.jpg\" data-envira-src=\"https:\/\/fredheim-maskin.no\/wp-content\/uploads\/2023\/11\/wpid-HookandTrack1.jpg\" data-envira-gallery-id=\"3311\" data-envira-item-id=\"3310\" data-envira-caption=\"wpid-HookandTrack1\" alt=\"\" title=\"wpid-HookandTrack1\"  itemprop=\"thumbnailUrl\" data-envira-srcset=\"https:\/\/fredheim-maskin.no\/wp-content\/uploads\/2023\/11\/wpid-HookandTrack1.jpg 400w,https:\/\/fredheim-maskin.no\/wp-content\/uploads\/2023\/11\/wpid-HookandTrack1.jpg 2x\" srcset=\"data:image\/gif;base64,R0lGODlhAQABAIAAAP\/\/\/\/\/\/\/yH5BAEKAAEALAAAAAABAAEAAAICTAEAOw==\" \/><\/div><\/a><\/div><\/div><\/div><\/div><noscript><img decoding=\"async\" src=\"https:\/\/fredheim-maskin.no\/wp-content\/uploads\/2023\/11\/wpid-HookandTrack43.jpg\" alt=\"\" \/><img decoding=\"async\" src=\"https:\/\/fredheim-maskin.no\/wp-content\/uploads\/2023\/11\/wpid-HookandTrack5.jpg\" alt=\"\" \/><img decoding=\"async\" src=\"https:\/\/fredheim-maskin.no\/wp-content\/uploads\/2023\/11\/wpid-HookandTrack3.jpg\" alt=\"\" \/><img decoding=\"async\" src=\"https:\/\/fredheim-maskin.no\/wp-content\/uploads\/2023\/11\/wpid-HookandTrack2.jpg\" alt=\"\" \/><img decoding=\"async\" src=\"https:\/\/fredheim-maskin.no\/wp-content\/uploads\/2023\/11\/wpid-HookandTrack1.jpg\" alt=\"\" \/><\/noscript><\/div>\n<\/div>\n<\/div><\/div><\/div>\n\n\n\n<div style=\"height:100px\" aria-hidden=\"true\" class=\"wp-block-spacer eplus-wrapper\"><\/div>","protected":false},"excerpt":{"rendered":"<p>Hook and track K3 blir n\u00e5 lansert med det usl\u00e5elige alternativet med krokl\u00f8ft og belter. Dette kombinerer mobiliteten som belter gir ute i felt og det kompakte og enkle transportsystemet [&hellip;]<\/p>\n","protected":false},"author":1,"featured_media":0,"parent":577,"menu_order":0,"comment_status":"closed","ping_status":"closed","template":"","meta":{"_editorskit_title_hidden":false,"_editorskit_reading_time":0,"_editorskit_is_block_options_detached":false,"_editorskit_block_options_position":"{}","inline_featured_image":false,"editor_plus_copied_stylings":"{}","footnotes":""},"class_list":["post-3252","page","type-page","status-publish","hentry"],"featured_image_src":null,"yoast_head":"<!-- This site is optimized with the Yoast SEO plugin v27.4 - https:\/\/yoast.com\/product\/yoast-seo-wordpress\/ -->\n<title>Hook and track - Fredheim Maskin<\/title>\n<meta name=\"robots\" content=\"index, follow, max-snippet:-1, max-image-preview:large, max-video-preview:-1\" \/>\n<link rel=\"canonical\" href=\"https:\/\/fredheim-maskin.no\/sv\/maskiner\/keestrack\/skraddarlosningar\/hook-and-track\/\" \/>\n<meta property=\"og:locale\" content=\"sv_SE\" \/>\n<meta property=\"og:type\" content=\"article\" \/>\n<meta property=\"og:title\" content=\"Hook and track - Fredheim Maskin\" \/>\n<meta property=\"og:description\" content=\"Hook and track K3 blir n\u00e5 lansert med det usl\u00e5elige alternativet med krokl\u00f8ft og belter. Dette kombinerer mobiliteten som belter gir ute i felt og det kompakte og enkle transportsystemet [&hellip;]\" \/>\n<meta property=\"og:url\" content=\"https:\/\/fredheim-maskin.no\/sv\/maskiner\/keestrack\/skraddarlosningar\/hook-and-track\/\" \/>\n<meta property=\"og:site_name\" content=\"Fredheim Maskin\" \/>\n<meta property=\"article:modified_time\" content=\"2024-02-14T12:27:37+00:00\" \/>\n<meta property=\"og:image\" content=\"https:\/\/fredheim-maskin.no\/wp-content\/uploads\/2023\/11\/wpid-HookandTrack5.jpg\" \/>\n<meta name=\"twitter:card\" content=\"summary_large_image\" \/>\n<script type=\"application\/ld+json\" class=\"yoast-schema-graph\">{\"@context\":\"https:\\\/\\\/schema.org\",\"@graph\":[{\"@type\":\"WebPage\",\"@id\":\"https:\\\/\\\/fredheim-maskin.no\\\/sv\\\/maskiner\\\/keestrack\\\/skredderlosninger\\\/hook-and-track\\\/\",\"url\":\"https:\\\/\\\/fredheim-maskin.no\\\/sv\\\/maskiner\\\/keestrack\\\/skredderlosninger\\\/hook-and-track\\\/\",\"name\":\"Hook and track - Fredheim Maskin\",\"isPartOf\":{\"@id\":\"https:\\\/\\\/fredheim-maskin.no\\\/#website\"},\"primaryImageOfPage\":{\"@id\":\"https:\\\/\\\/fredheim-maskin.no\\\/sv\\\/maskiner\\\/keestrack\\\/skredderlosninger\\\/hook-and-track\\\/#primaryimage\"},\"image\":{\"@id\":\"https:\\\/\\\/fredheim-maskin.no\\\/sv\\\/maskiner\\\/keestrack\\\/skredderlosninger\\\/hook-and-track\\\/#primaryimage\"},\"thumbnailUrl\":\"https:\\\/\\\/fredheim-maskin.no\\\/wp-content\\\/uploads\\\/2023\\\/11\\\/wpid-HookandTrack5.jpg\",\"datePublished\":\"2023-11-16T09:21:16+00:00\",\"dateModified\":\"2024-02-14T12:27:37+00:00\",\"breadcrumb\":{\"@id\":\"https:\\\/\\\/fredheim-maskin.no\\\/sv\\\/maskiner\\\/keestrack\\\/skredderlosninger\\\/hook-and-track\\\/#breadcrumb\"},\"inLanguage\":\"sv-SE\",\"potentialAction\":[{\"@type\":\"ReadAction\",\"target\":[\"https:\\\/\\\/fredheim-maskin.no\\\/sv\\\/maskiner\\\/keestrack\\\/skredderlosninger\\\/hook-and-track\\\/\"]}]},{\"@type\":\"ImageObject\",\"inLanguage\":\"sv-SE\",\"@id\":\"https:\\\/\\\/fredheim-maskin.no\\\/sv\\\/maskiner\\\/keestrack\\\/skredderlosninger\\\/hook-and-track\\\/#primaryimage\",\"url\":\"https:\\\/\\\/fredheim-maskin.no\\\/wp-content\\\/uploads\\\/2023\\\/11\\\/wpid-HookandTrack5.jpg\",\"contentUrl\":\"https:\\\/\\\/fredheim-maskin.no\\\/wp-content\\\/uploads\\\/2023\\\/11\\\/wpid-HookandTrack5.jpg\"},{\"@type\":\"BreadcrumbList\",\"@id\":\"https:\\\/\\\/fredheim-maskin.no\\\/sv\\\/maskiner\\\/keestrack\\\/skredderlosninger\\\/hook-and-track\\\/#breadcrumb\",\"itemListElement\":[{\"@type\":\"ListItem\",\"position\":1,\"name\":\"Hjem\",\"item\":\"https:\\\/\\\/fredheim-maskin.no\\\/\"},{\"@type\":\"ListItem\",\"position\":2,\"name\":\"Maskiner\",\"item\":\"https:\\\/\\\/fredheim-maskin.no\\\/maskiner\\\/\"},{\"@type\":\"ListItem\",\"position\":3,\"name\":\"Keestrack\",\"item\":\"https:\\\/\\\/fredheim-maskin.no\\\/maskiner\\\/keestrack\\\/\"},{\"@type\":\"ListItem\",\"position\":4,\"name\":\"Skredderl\u00f8sninger\",\"item\":\"https:\\\/\\\/fredheim-maskin.no\\\/maskiner\\\/keestrack\\\/skredderlosninger\\\/\"},{\"@type\":\"ListItem\",\"position\":5,\"name\":\"Hook and track\"}]},{\"@type\":\"WebSite\",\"@id\":\"https:\\\/\\\/fredheim-maskin.no\\\/#website\",\"url\":\"https:\\\/\\\/fredheim-maskin.no\\\/\",\"name\":\"Fredheim Maskin\",\"description\":\"\",\"potentialAction\":[{\"@type\":\"SearchAction\",\"target\":{\"@type\":\"EntryPoint\",\"urlTemplate\":\"https:\\\/\\\/fredheim-maskin.no\\\/?s={search_term_string}\"},\"query-input\":{\"@type\":\"PropertyValueSpecification\",\"valueRequired\":true,\"valueName\":\"search_term_string\"}}],\"inLanguage\":\"sv-SE\"}]}<\/script>\n<!-- \/ Yoast SEO plugin. -->","yoast_head_json":{"title":"Hook and track - Fredheim Maskin","robots":{"index":"index","follow":"follow","max-snippet":"max-snippet:-1","max-image-preview":"max-image-preview:large","max-video-preview":"max-video-preview:-1"},"canonical":"https:\/\/fredheim-maskin.no\/sv\/maskiner\/keestrack\/skraddarlosningar\/hook-and-track\/","og_locale":"sv_SE","og_type":"article","og_title":"Hook and track - Fredheim Maskin","og_description":"Hook and track K3 blir n\u00e5 lansert med det usl\u00e5elige alternativet med krokl\u00f8ft og belter. Dette kombinerer mobiliteten som belter gir ute i felt og det kompakte og enkle transportsystemet [&hellip;]","og_url":"https:\/\/fredheim-maskin.no\/sv\/maskiner\/keestrack\/skraddarlosningar\/hook-and-track\/","og_site_name":"Fredheim Maskin","article_modified_time":"2024-02-14T12:27:37+00:00","og_image":[{"url":"https:\/\/fredheim-maskin.no\/wp-content\/uploads\/2023\/11\/wpid-HookandTrack5.jpg","type":"","width":"","height":""}],"twitter_card":"summary_large_image","schema":{"@context":"https:\/\/schema.org","@graph":[{"@type":"WebPage","@id":"https:\/\/fredheim-maskin.no\/sv\/maskiner\/keestrack\/skredderlosninger\/hook-and-track\/","url":"https:\/\/fredheim-maskin.no\/sv\/maskiner\/keestrack\/skredderlosninger\/hook-and-track\/","name":"Hook and track - Fredheim Maskin","isPartOf":{"@id":"https:\/\/fredheim-maskin.no\/#website"},"primaryImageOfPage":{"@id":"https:\/\/fredheim-maskin.no\/sv\/maskiner\/keestrack\/skredderlosninger\/hook-and-track\/#primaryimage"},"image":{"@id":"https:\/\/fredheim-maskin.no\/sv\/maskiner\/keestrack\/skredderlosninger\/hook-and-track\/#primaryimage"},"thumbnailUrl":"https:\/\/fredheim-maskin.no\/wp-content\/uploads\/2023\/11\/wpid-HookandTrack5.jpg","datePublished":"2023-11-16T09:21:16+00:00","dateModified":"2024-02-14T12:27:37+00:00","breadcrumb":{"@id":"https:\/\/fredheim-maskin.no\/sv\/maskiner\/keestrack\/skredderlosninger\/hook-and-track\/#breadcrumb"},"inLanguage":"sv-SE","potentialAction":[{"@type":"ReadAction","target":["https:\/\/fredheim-maskin.no\/sv\/maskiner\/keestrack\/skredderlosninger\/hook-and-track\/"]}]},{"@type":"ImageObject","inLanguage":"sv-SE","@id":"https:\/\/fredheim-maskin.no\/sv\/maskiner\/keestrack\/skredderlosninger\/hook-and-track\/#primaryimage","url":"https:\/\/fredheim-maskin.no\/wp-content\/uploads\/2023\/11\/wpid-HookandTrack5.jpg","contentUrl":"https:\/\/fredheim-maskin.no\/wp-content\/uploads\/2023\/11\/wpid-HookandTrack5.jpg"},{"@type":"BreadcrumbList","@id":"https:\/\/fredheim-maskin.no\/sv\/maskiner\/keestrack\/skredderlosninger\/hook-and-track\/#breadcrumb","itemListElement":[{"@type":"ListItem","position":1,"name":"Hjem","item":"https:\/\/fredheim-maskin.no\/"},{"@type":"ListItem","position":2,"name":"Maskiner","item":"https:\/\/fredheim-maskin.no\/maskiner\/"},{"@type":"ListItem","position":3,"name":"Keestrack","item":"https:\/\/fredheim-maskin.no\/maskiner\/keestrack\/"},{"@type":"ListItem","position":4,"name":"Skredderl\u00f8sninger","item":"https:\/\/fredheim-maskin.no\/maskiner\/keestrack\/skredderlosninger\/"},{"@type":"ListItem","position":5,"name":"Hook and track"}]},{"@type":"WebSite","@id":"https:\/\/fredheim-maskin.no\/#website","url":"https:\/\/fredheim-maskin.no\/","name":"Fredheim Maskin","description":"","potentialAction":[{"@type":"SearchAction","target":{"@type":"EntryPoint","urlTemplate":"https:\/\/fredheim-maskin.no\/?s={search_term_string}"},"query-input":{"@type":"PropertyValueSpecification","valueRequired":true,"valueName":"search_term_string"}}],"inLanguage":"sv-SE"}]}},"_links":{"self":[{"href":"https:\/\/fredheim-maskin.no\/sv\/wp-json\/wp\/v2\/pages\/3252","targetHints":{"allow":["GET"]}}],"collection":[{"href":"https:\/\/fredheim-maskin.no\/sv\/wp-json\/wp\/v2\/pages"}],"about":[{"href":"https:\/\/fredheim-maskin.no\/sv\/wp-json\/wp\/v2\/types\/page"}],"author":[{"embeddable":true,"href":"https:\/\/fredheim-maskin.no\/sv\/wp-json\/wp\/v2\/users\/1"}],"replies":[{"embeddable":true,"href":"https:\/\/fredheim-maskin.no\/sv\/wp-json\/wp\/v2\/comments?post=3252"}],"version-history":[{"count":7,"href":"https:\/\/fredheim-maskin.no\/sv\/wp-json\/wp\/v2\/pages\/3252\/revisions"}],"predecessor-version":[{"id":14999,"href":"https:\/\/fredheim-maskin.no\/sv\/wp-json\/wp\/v2\/pages\/3252\/revisions\/14999"}],"up":[{"embeddable":true,"href":"https:\/\/fredheim-maskin.no\/sv\/wp-json\/wp\/v2\/pages\/577"}],"wp:attachment":[{"href":"https:\/\/fredheim-maskin.no\/sv\/wp-json\/wp\/v2\/media?parent=3252"}],"curies":[{"name":"wp","href":"https:\/\/api.w.org\/{rel}","templated":true}]}}