{"id":3361,"date":"2023-11-16T12:47:39","date_gmt":"2023-11-16T11:47:39","guid":{"rendered":"https:\/\/fredheim-maskin.no\/?page_id=3361"},"modified":"2024-03-02T09:54:09","modified_gmt":"2024-03-02T08:54:09","slug":"uthyrning-av-rammar-pigghammare","status":"publish","type":"page","link":"https:\/\/fredheim-maskin.no\/sv\/utleie\/utleie-av-rammer-pigghanmer\/","title":{"rendered":"Uthyrning av Rammer hydraulhammare"},"content":{"rendered":"<div class=\"wp-block-group alignfull eplus-wrapper\"><div class=\"wp-block-group__inner-container is-layout-constrained wp-block-group-is-layout-constrained\">\n<div class=\"wp-block-group eplus-wrapper\"><div class=\"wp-block-group__inner-container is-layout-constrained wp-block-group-is-layout-constrained\"><div class=\"wp-block-columns eplus-wrapper is-layout-flex wp-container-core-columns-is-layout-9d6595d7 wp-block-columns-is-layout-flex eplus-styles-uid-8072cf\">\n<div class=\"wp-block-column eplus-wrapper is-layout-flow wp-block-column-is-layout-flow\">\n<div class=\"is-style-default wp-block-media-text alignfull has-media-on-the-right is-stacked-on-mobile is-vertically-aligned-center eplus-wrapper\" style=\"grid-template-columns:auto 48%\"><div class=\"wp-block-media-text__content\">\n<div style=\"height:30px\" aria-hidden=\"true\" class=\"hide-large wp-block-spacer eplus-wrapper\"><\/div>\n\n\n\n<h2 class=\"wp-block-heading has-text-color eplus-wrapper\" style=\"color:#000000\"><strong>Uthyrning av Rammer hydraulhammare<\/strong><\/h2>\n\n\n\n<p class=\"eplus-wrapper\">Fredheim Maskin har samarbeten med flera bra uthyrningsf\u00f6retag runt om i Norge. Om du hyr en gr\u00e4vmaskin med en Rammer-hammare kan du vara s\u00e4ker p\u00e5 att du f\u00e5r ett kvalitetsverktyg som f\u00e5r jobbet utf\u00f6rt snabbt och effektivt. Med Fredheim Maskin som \u00e5terf\u00f6rs\u00e4ljare kan du \u00e4ven vara s\u00e4ker p\u00e5 bra teknisk support och b\u00e5de slitage- och reservdelar finns n\u00e4r du beh\u00f6ver det. Kontakta oss eller n\u00e5gon av v\u00e5ra partners s\u00e5 hittar vi en bra l\u00f6sning.<\/p>\n\n\n<ul class=\"eplus-wrapper wp-block-list eplus-styles-uid-7f9522\">\n<li class=\"eplus-wrapper\">Fredheim Maskin AS<\/li>\n\n\n\n<li class=\"eplus-wrapper\"><a href=\"https:\/\/sorbyutleie.no\/\">S\u00f8<\/a><a href=\"https:\/\/sorbyutleie.no\/\" target=\"_blank\" rel=\"noreferrer noopener\">rby Utleie AS<\/a>\u00a0(\u00d8stlandsomr\u00e5det)<\/li>\n<\/ul><\/div><figure class=\"wp-block-media-text__media\"><img decoding=\"async\" width=\"719\" height=\"495\" src=\"https:\/\/fredheim-maskin.no\/wp-content\/uploads\/2023\/11\/IMG_7856-red1-719x495-1.jpg\" alt=\"\" class=\"wp-image-3369 size-full\" srcset=\"https:\/\/fredheim-maskin.no\/wp-content\/uploads\/2023\/11\/IMG_7856-red1-719x495-1.jpg 719w, https:\/\/fredheim-maskin.no\/wp-content\/uploads\/2023\/11\/IMG_7856-red1-719x495-1-300x207.jpg 300w, https:\/\/fredheim-maskin.no\/wp-content\/uploads\/2023\/11\/IMG_7856-red1-719x495-1-18x12.jpg 18w\" sizes=\"(max-width: 719px) 100vw, 719px\" \/><\/figure><\/div>\n<\/div>\n<\/div><\/div><\/div>\n<\/div><\/div>\n\n\n\n<div style=\"height:100px\" aria-hidden=\"true\" class=\"wp-block-spacer eplus-wrapper\"><\/div>\n\n\n\n<div class=\"wp-block-group eplus-wrapper\"><div class=\"wp-block-group__inner-container is-layout-constrained wp-block-group-is-layout-constrained\"><div class=\"wp-block-columns are-vertically-aligned-center eplus-wrapper is-layout-flex wp-container-core-columns-is-layout-9d6595d7 wp-block-columns-is-layout-flex eplus-styles-uid-61cee0\">\n<div class=\"wp-block-column is-vertically-aligned-center eplus-wrapper is-layout-flow wp-block-column-is-layout-flow\">\n<figure class=\"wp-block-image size-full eplus-wrapper\"><img decoding=\"async\" width=\"300\" height=\"152\" src=\"https:\/\/fredheim-maskin.no\/wp-content\/uploads\/2023\/11\/Sorbyutleie-300x152-1.png\" alt=\"\" class=\"wp-image-3372\" srcset=\"https:\/\/fredheim-maskin.no\/wp-content\/uploads\/2023\/11\/Sorbyutleie-300x152-1.png 300w, https:\/\/fredheim-maskin.no\/wp-content\/uploads\/2023\/11\/Sorbyutleie-300x152-1-18x9.png 18w\" sizes=\"(max-width: 300px) 100vw, 300px\" \/><\/figure>\n<\/div>\n\n\n\n<div class=\"wp-block-column is-vertically-aligned-center eplus-wrapper is-layout-flow wp-block-column-is-layout-flow\"><\/div>\n\n\n\n<div class=\"wp-block-column is-vertically-aligned-center eplus-wrapper is-layout-flow wp-block-column-is-layout-flow\"><\/div>\n<\/div><\/div><\/div>\n\n\n\n<div style=\"height:100px\" aria-hidden=\"true\" class=\"wp-block-spacer eplus-wrapper\"><\/div>","protected":false},"excerpt":{"rendered":"<p>Utleie av Rammer pigghammer Fredheim Maskin har samarbeid med flere flinke utleie firmaer rundt om i Norge. Leier du graver med Rammer hammer kan du v\u00e6re trygg p\u00e5 at du [&hellip;]<\/p>\n","protected":false},"author":1,"featured_media":0,"parent":25,"menu_order":0,"comment_status":"closed","ping_status":"closed","template":"","meta":{"_editorskit_title_hidden":false,"_editorskit_reading_time":0,"_editorskit_is_block_options_detached":false,"_editorskit_block_options_position":"{}","inline_featured_image":false,"editor_plus_copied_stylings":"{}","footnotes":""},"class_list":["post-3361","page","type-page","status-publish","hentry"],"featured_image_src":null,"yoast_head":"<!-- This site is optimized with the Yoast SEO plugin v27.4 - https:\/\/yoast.com\/product\/yoast-seo-wordpress\/ -->\n<title>Utleie av Rammer pigghammer - Fredheim Maskin<\/title>\n<meta name=\"robots\" content=\"index, follow, max-snippet:-1, max-image-preview:large, max-video-preview:-1\" \/>\n<link rel=\"canonical\" href=\"https:\/\/fredheim-maskin.no\/sv\/uthyrning\/uthyrning-av-rammar-pigghammare\/\" \/>\n<meta property=\"og:locale\" content=\"sv_SE\" \/>\n<meta property=\"og:type\" content=\"article\" \/>\n<meta property=\"og:title\" content=\"Utleie av Rammer pigghammer - Fredheim Maskin\" \/>\n<meta property=\"og:description\" content=\"Utleie av Rammer pigghammer Fredheim Maskin har samarbeid med flere flinke utleie firmaer rundt om i Norge. Leier du graver med Rammer hammer kan du v\u00e6re trygg p\u00e5 at du [&hellip;]\" \/>\n<meta property=\"og:url\" content=\"https:\/\/fredheim-maskin.no\/sv\/uthyrning\/uthyrning-av-rammar-pigghammare\/\" \/>\n<meta property=\"og:site_name\" content=\"Fredheim Maskin\" \/>\n<meta property=\"article:modified_time\" content=\"2024-03-02T08:54:09+00:00\" \/>\n<meta property=\"og:image\" content=\"https:\/\/fredheim-maskin.no\/wp-content\/uploads\/2023\/11\/IMG_7856-red1-719x495-1.jpg\" \/>\n<meta name=\"twitter:card\" content=\"summary_large_image\" \/>\n<meta name=\"twitter:label1\" content=\"Ber\u00e4knad l\u00e4stid\" \/>\n\t<meta name=\"twitter:data1\" content=\"1 minut\" \/>\n<script type=\"application\/ld+json\" class=\"yoast-schema-graph\">{\"@context\":\"https:\\\/\\\/schema.org\",\"@graph\":[{\"@type\":\"WebPage\",\"@id\":\"https:\\\/\\\/fredheim-maskin.no\\\/utleie\\\/utleie-av-rammer-pigghanmer\\\/\",\"url\":\"https:\\\/\\\/fredheim-maskin.no\\\/utleie\\\/utleie-av-rammer-pigghanmer\\\/\",\"name\":\"Utleie av Rammer pigghammer - Fredheim Maskin\",\"isPartOf\":{\"@id\":\"https:\\\/\\\/fredheim-maskin.no\\\/#website\"},\"primaryImageOfPage\":{\"@id\":\"https:\\\/\\\/fredheim-maskin.no\\\/utleie\\\/utleie-av-rammer-pigghanmer\\\/#primaryimage\"},\"image\":{\"@id\":\"https:\\\/\\\/fredheim-maskin.no\\\/utleie\\\/utleie-av-rammer-pigghanmer\\\/#primaryimage\"},\"thumbnailUrl\":\"https:\\\/\\\/fredheim-maskin.no\\\/wp-content\\\/uploads\\\/2023\\\/11\\\/IMG_7856-red1-719x495-1.jpg\",\"datePublished\":\"2023-11-16T11:47:39+00:00\",\"dateModified\":\"2024-03-02T08:54:09+00:00\",\"breadcrumb\":{\"@id\":\"https:\\\/\\\/fredheim-maskin.no\\\/utleie\\\/utleie-av-rammer-pigghanmer\\\/#breadcrumb\"},\"inLanguage\":\"sv-SE\",\"potentialAction\":[{\"@type\":\"ReadAction\",\"target\":[\"https:\\\/\\\/fredheim-maskin.no\\\/utleie\\\/utleie-av-rammer-pigghanmer\\\/\"]}]},{\"@type\":\"ImageObject\",\"inLanguage\":\"sv-SE\",\"@id\":\"https:\\\/\\\/fredheim-maskin.no\\\/utleie\\\/utleie-av-rammer-pigghanmer\\\/#primaryimage\",\"url\":\"https:\\\/\\\/fredheim-maskin.no\\\/wp-content\\\/uploads\\\/2023\\\/11\\\/IMG_7856-red1-719x495-1.jpg\",\"contentUrl\":\"https:\\\/\\\/fredheim-maskin.no\\\/wp-content\\\/uploads\\\/2023\\\/11\\\/IMG_7856-red1-719x495-1.jpg\"},{\"@type\":\"BreadcrumbList\",\"@id\":\"https:\\\/\\\/fredheim-maskin.no\\\/utleie\\\/utleie-av-rammer-pigghanmer\\\/#breadcrumb\",\"itemListElement\":[{\"@type\":\"ListItem\",\"position\":1,\"name\":\"Hjem\",\"item\":\"https:\\\/\\\/fredheim-maskin.no\\\/\"},{\"@type\":\"ListItem\",\"position\":2,\"name\":\"Utleie\",\"item\":\"https:\\\/\\\/fredheim-maskin.no\\\/utleie\\\/\"},{\"@type\":\"ListItem\",\"position\":3,\"name\":\"Utleie av Rammer pigghammer\"}]},{\"@type\":\"WebSite\",\"@id\":\"https:\\\/\\\/fredheim-maskin.no\\\/#website\",\"url\":\"https:\\\/\\\/fredheim-maskin.no\\\/\",\"name\":\"Fredheim Maskin\",\"description\":\"\",\"potentialAction\":[{\"@type\":\"SearchAction\",\"target\":{\"@type\":\"EntryPoint\",\"urlTemplate\":\"https:\\\/\\\/fredheim-maskin.no\\\/?s={search_term_string}\"},\"query-input\":{\"@type\":\"PropertyValueSpecification\",\"valueRequired\":true,\"valueName\":\"search_term_string\"}}],\"inLanguage\":\"sv-SE\"}]}<\/script>\n<!-- \/ Yoast SEO plugin. -->","yoast_head_json":{"title":"Utleie av Rammer pigghammer - Fredheim Maskin","robots":{"index":"index","follow":"follow","max-snippet":"max-snippet:-1","max-image-preview":"max-image-preview:large","max-video-preview":"max-video-preview:-1"},"canonical":"https:\/\/fredheim-maskin.no\/sv\/uthyrning\/uthyrning-av-rammar-pigghammare\/","og_locale":"sv_SE","og_type":"article","og_title":"Utleie av Rammer pigghammer - Fredheim Maskin","og_description":"Utleie av Rammer pigghammer Fredheim Maskin har samarbeid med flere flinke utleie firmaer rundt om i Norge. Leier du graver med Rammer hammer kan du v\u00e6re trygg p\u00e5 at du [&hellip;]","og_url":"https:\/\/fredheim-maskin.no\/sv\/uthyrning\/uthyrning-av-rammar-pigghammare\/","og_site_name":"Fredheim Maskin","article_modified_time":"2024-03-02T08:54:09+00:00","og_image":[{"url":"https:\/\/fredheim-maskin.no\/wp-content\/uploads\/2023\/11\/IMG_7856-red1-719x495-1.jpg","type":"","width":"","height":""}],"twitter_card":"summary_large_image","twitter_misc":{"Ber\u00e4knad l\u00e4stid":"1 minut"},"schema":{"@context":"https:\/\/schema.org","@graph":[{"@type":"WebPage","@id":"https:\/\/fredheim-maskin.no\/utleie\/utleie-av-rammer-pigghanmer\/","url":"https:\/\/fredheim-maskin.no\/utleie\/utleie-av-rammer-pigghanmer\/","name":"Utleie av Rammer pigghammer - Fredheim Maskin","isPartOf":{"@id":"https:\/\/fredheim-maskin.no\/#website"},"primaryImageOfPage":{"@id":"https:\/\/fredheim-maskin.no\/utleie\/utleie-av-rammer-pigghanmer\/#primaryimage"},"image":{"@id":"https:\/\/fredheim-maskin.no\/utleie\/utleie-av-rammer-pigghanmer\/#primaryimage"},"thumbnailUrl":"https:\/\/fredheim-maskin.no\/wp-content\/uploads\/2023\/11\/IMG_7856-red1-719x495-1.jpg","datePublished":"2023-11-16T11:47:39+00:00","dateModified":"2024-03-02T08:54:09+00:00","breadcrumb":{"@id":"https:\/\/fredheim-maskin.no\/utleie\/utleie-av-rammer-pigghanmer\/#breadcrumb"},"inLanguage":"sv-SE","potentialAction":[{"@type":"ReadAction","target":["https:\/\/fredheim-maskin.no\/utleie\/utleie-av-rammer-pigghanmer\/"]}]},{"@type":"ImageObject","inLanguage":"sv-SE","@id":"https:\/\/fredheim-maskin.no\/utleie\/utleie-av-rammer-pigghanmer\/#primaryimage","url":"https:\/\/fredheim-maskin.no\/wp-content\/uploads\/2023\/11\/IMG_7856-red1-719x495-1.jpg","contentUrl":"https:\/\/fredheim-maskin.no\/wp-content\/uploads\/2023\/11\/IMG_7856-red1-719x495-1.jpg"},{"@type":"BreadcrumbList","@id":"https:\/\/fredheim-maskin.no\/utleie\/utleie-av-rammer-pigghanmer\/#breadcrumb","itemListElement":[{"@type":"ListItem","position":1,"name":"Hjem","item":"https:\/\/fredheim-maskin.no\/"},{"@type":"ListItem","position":2,"name":"Utleie","item":"https:\/\/fredheim-maskin.no\/utleie\/"},{"@type":"ListItem","position":3,"name":"Utleie av Rammer pigghammer"}]},{"@type":"WebSite","@id":"https:\/\/fredheim-maskin.no\/#website","url":"https:\/\/fredheim-maskin.no\/","name":"Fredheim Maskin","description":"","potentialAction":[{"@type":"SearchAction","target":{"@type":"EntryPoint","urlTemplate":"https:\/\/fredheim-maskin.no\/?s={search_term_string}"},"query-input":{"@type":"PropertyValueSpecification","valueRequired":true,"valueName":"search_term_string"}}],"inLanguage":"sv-SE"}]}},"_links":{"self":[{"href":"https:\/\/fredheim-maskin.no\/sv\/wp-json\/wp\/v2\/pages\/3361","targetHints":{"allow":["GET"]}}],"collection":[{"href":"https:\/\/fredheim-maskin.no\/sv\/wp-json\/wp\/v2\/pages"}],"about":[{"href":"https:\/\/fredheim-maskin.no\/sv\/wp-json\/wp\/v2\/types\/page"}],"author":[{"embeddable":true,"href":"https:\/\/fredheim-maskin.no\/sv\/wp-json\/wp\/v2\/users\/1"}],"replies":[{"embeddable":true,"href":"https:\/\/fredheim-maskin.no\/sv\/wp-json\/wp\/v2\/comments?post=3361"}],"version-history":[{"count":13,"href":"https:\/\/fredheim-maskin.no\/sv\/wp-json\/wp\/v2\/pages\/3361\/revisions"}],"predecessor-version":[{"id":15318,"href":"https:\/\/fredheim-maskin.no\/sv\/wp-json\/wp\/v2\/pages\/3361\/revisions\/15318"}],"up":[{"embeddable":true,"href":"https:\/\/fredheim-maskin.no\/sv\/wp-json\/wp\/v2\/pages\/25"}],"wp:attachment":[{"href":"https:\/\/fredheim-maskin.no\/sv\/wp-json\/wp\/v2\/media?parent=3361"}],"curies":[{"name":"wp","href":"https:\/\/api.w.org\/{rel}","templated":true}]}}