{"id":39,"date":"2023-09-21T13:28:43","date_gmt":"2023-09-21T11:28:43","guid":{"rendered":"https:\/\/fredheim-maskin.no\/?page_id=39"},"modified":"2024-05-28T15:13:51","modified_gmt":"2024-05-28T13:13:51","slug":"mcquaid","status":"publish","type":"page","link":"https:\/\/fredheim-maskin.no\/sv\/maskiner\/mcquaid\/","title":{"rendered":"McQuaid"},"content":{"rendered":"<div class=\"cs-small wp-block-group alignfull has-grey-background-color has-background eplus-wrapper\"><div class=\"wp-block-group__inner-container is-layout-constrained wp-block-group-is-layout-constrained\">\n<div class=\"wp-block-group eplus-wrapper\"><div class=\"wp-block-group__inner-container is-layout-constrained wp-block-group-is-layout-constrained\">\n<div style=\"height:50px\" aria-hidden=\"true\" class=\"wp-block-spacer eplus-wrapper\"><\/div>\n\n\n<div class=\"wp-block-columns eplus-wrapper is-layout-flex wp-container-core-columns-is-layout-9d6595d7 wp-block-columns-is-layout-flex eplus-styles-uid-e409b1\">\n<div class=\"wp-block-column eplus-wrapper is-layout-flow wp-block-column-is-layout-flow\" style=\"flex-basis:55%\">\n<figure class=\"wp-block-image size-full is-resized eplus-wrapper\"><img decoding=\"async\" width=\"800\" height=\"302\" src=\"https:\/\/fredheim-maskin.no\/wp-content\/uploads\/2023\/11\/mcquaid_logo_web.png\" alt=\"\" class=\"wp-image-1996\" style=\"aspect-ratio:3.4031413612565444;width:283px;height:auto\" srcset=\"https:\/\/fredheim-maskin.no\/wp-content\/uploads\/2023\/11\/mcquaid_logo_web.png 800w, https:\/\/fredheim-maskin.no\/wp-content\/uploads\/2023\/11\/mcquaid_logo_web-300x113.png 300w, https:\/\/fredheim-maskin.no\/wp-content\/uploads\/2023\/11\/mcquaid_logo_web-768x290.png 768w\" sizes=\"(max-width: 800px) 100vw, 800px\" \/><\/figure>\n\n\n\n<div style=\"height:31px\" aria-hidden=\"true\" class=\"wp-block-spacer eplus-wrapper\"><\/div>\n\n\n\n<p class=\"eplus-wrapper\">McQuaid er en bom som er spesialkonstruert og beregnet for bruk av hydr. hammere ved stasjon\u00e6re og mobile steinknusere. Dette for \u00e5 \u00f8ke sikkerheten og unng\u00e5 lange driftstopp ved \u00abheng\u00bb i knuseren. Tidligere bruk av spett, gravemaskintann etc kan n\u00e5 ung\u00e5es.<\/p>\n\n\n\n<p class=\"eplus-wrapper\">Vi har mange norske referanser<\/p>\n<\/div>\n\n\n\n<div class=\"wp-block-column eplus-wrapper is-layout-flow wp-block-column-is-layout-flow\" style=\"flex-basis:30%\">\n<p class=\"eplus-wrapper\"><\/p>\n<\/div>\n<\/div><\/div><\/div>\n\n\n\n<div class=\"wp-block-group eplus-wrapper\"><div class=\"wp-block-group__inner-container is-layout-constrained wp-block-group-is-layout-constrained\">\n<div style=\"height:30px\" aria-hidden=\"true\" class=\"wp-block-spacer eplus-wrapper\"><\/div>\n\n\n<div class=\"wp-block-columns eplus-wrapper is-layout-flex wp-container-core-columns-is-layout-9d6595d7 wp-block-columns-is-layout-flex eplus-styles-uid-be2200\">\n<div class=\"brands-box-hover wp-block-column has-dark-cobolt-background-color has-background eplus-wrapper is-layout-flow wp-block-column-is-layout-flow\"><div class=\"wp-block-columns is-not-stacked-on-mobile eplus-wrapper is-layout-flex wp-container-core-columns-is-layout-9d6595d7 wp-block-columns-is-layout-flex eplus-styles-uid-0b276d\">\n<div class=\"wp-block-column eplus-wrapper is-layout-flow wp-block-column-is-layout-flow\" style=\"flex-basis:2%\"><\/div>\n\n\n\n<div class=\"wp-block-column eplus-wrapper is-layout-flow wp-block-column-is-layout-flow\" style=\"flex-basis:96%\">\n<div style=\"height:36px\" aria-hidden=\"true\" class=\"wp-block-spacer eplus-wrapper\"><\/div>\n\n\n\n<figure class=\"wp-block-image size-full eplus-wrapper\"><a href=\"https:\/\/fredheim-maskin.no\/sv\/maskiner\/mcquaid\/hammarsystem-for-stationara-krossar\/\"><img decoding=\"async\" width=\"1024\" height=\"640\" src=\"https:\/\/fredheim-maskin.no\/wp-content\/uploads\/2023\/11\/CM5200S-edited.jpg\" alt=\"\" class=\"wp-image-2068\" srcset=\"https:\/\/fredheim-maskin.no\/wp-content\/uploads\/2023\/11\/CM5200S-edited.jpg 1024w, https:\/\/fredheim-maskin.no\/wp-content\/uploads\/2023\/11\/CM5200S-edited-300x188.jpg 300w, https:\/\/fredheim-maskin.no\/wp-content\/uploads\/2023\/11\/CM5200S-edited-768x480.jpg 768w\" sizes=\"(max-width: 1024px) 100vw, 1024px\" \/><\/a><\/figure>\n\n\n\n<div style=\"height:36px\" aria-hidden=\"true\" class=\"wp-block-spacer eplus-wrapper\"><\/div>\n\n\n\n<h4 class=\"wp-block-heading has-white-color has-text-color eplus-wrapper\"><a href=\"https:\/\/fredheim-maskin.no\/sv\/maskiner\/mcquaid\/hammarsystem-for-stationara-krossar\/\" data-type=\"page\" data-id=\"2003\">Hammerbom for stasjon\u00e6re knusere<\/a><\/h4>\n\n\n\n<div style=\"height:20px\" aria-hidden=\"true\" class=\"wp-block-spacer eplus-wrapper\"><\/div>\n\n\n\n<figure class=\"pil wp-block-image size-large eplus-wrapper\"><a href=\"\/sv\/Hammerbom%20for%20stasjon%C3%A6re%20knusere\/\"><img decoding=\"async\" width=\"24\" height=\"21\" src=\"https:\/\/fredheim-maskin.no\/wp-content\/uploads\/2023\/09\/right-arrow.svg\" alt=\"\" class=\"wp-image-103\"><\/a><\/figure>\n\n\n\n<div style=\"height:40px\" aria-hidden=\"true\" class=\"wp-block-spacer eplus-wrapper\"><\/div>\n<\/div>\n\n\n\n<div class=\"wp-block-column eplus-wrapper is-layout-flow wp-block-column-is-layout-flow\" style=\"flex-basis:2%\"><\/div>\n<\/div><\/div>\n\n\n\n<div class=\"brands-box-hover wp-block-column has-dark-cobolt-background-color has-background eplus-wrapper is-layout-flow wp-block-column-is-layout-flow\"><div class=\"wp-block-columns is-not-stacked-on-mobile eplus-wrapper is-layout-flex wp-container-core-columns-is-layout-9d6595d7 wp-block-columns-is-layout-flex eplus-styles-uid-4755f9\">\n<div class=\"wp-block-column eplus-wrapper is-layout-flow wp-block-column-is-layout-flow\" style=\"flex-basis:2%\"><\/div>\n\n\n\n<div class=\"wp-block-column eplus-wrapper is-layout-flow wp-block-column-is-layout-flow\" style=\"flex-basis:96%\">\n<div style=\"height:36px\" aria-hidden=\"true\" class=\"wp-block-spacer eplus-wrapper\"><\/div>\n\n\n\n<figure class=\"wp-block-image size-full eplus-wrapper\"><a href=\"https:\/\/fredheim-maskin.no\/sv\/maskiner\/mcquaid\/hammarsystem-pa-bandskross\/\"><img decoding=\"async\" width=\"683\" height=\"427\" src=\"https:\/\/fredheim-maskin.no\/wp-content\/uploads\/2023\/11\/Hammerbom-3-e1588013457898-edited-2.jpg\" alt=\"\" class=\"wp-image-2066\" srcset=\"https:\/\/fredheim-maskin.no\/wp-content\/uploads\/2023\/11\/Hammerbom-3-e1588013457898-edited-2.jpg 683w, https:\/\/fredheim-maskin.no\/wp-content\/uploads\/2023\/11\/Hammerbom-3-e1588013457898-edited-2-300x188.jpg 300w\" sizes=\"(max-width: 683px) 100vw, 683px\" \/><\/a><\/figure>\n\n\n\n<div style=\"height:36px\" aria-hidden=\"true\" class=\"wp-block-spacer eplus-wrapper\"><\/div>\n\n\n\n<h4 class=\"wp-block-heading has-white-color has-text-color eplus-wrapper\"><a href=\"https:\/\/fredheim-maskin.no\/sv\/maskiner\/mcquaid\/hammarsystem-pa-bandskross\/\" data-type=\"page\" data-id=\"2025\">Hammerbom montert p\u00e5 belteknuser<\/a><\/h4>\n\n\n\n<div style=\"height:20px\" aria-hidden=\"true\" class=\"wp-block-spacer eplus-wrapper\"><\/div>\n\n\n\n<figure class=\"pil wp-block-image size-large eplus-wrapper\"><a href=\"https:\/\/fredheim-maskin.no\/sv\/maskiner\/mcquaid\/hammarsystem-pa-bandskross\/\"><img decoding=\"async\" width=\"24\" height=\"21\" src=\"https:\/\/fredheim-maskin.no\/wp-content\/uploads\/2023\/09\/right-arrow.svg\" alt=\"\" class=\"wp-image-103\"><\/a><\/figure>\n\n\n\n<div style=\"height:40px\" aria-hidden=\"true\" class=\"wp-block-spacer eplus-wrapper\"><\/div>\n<\/div>\n\n\n\n<div class=\"wp-block-column eplus-wrapper is-layout-flow wp-block-column-is-layout-flow\" style=\"flex-basis:2%\"><\/div>\n<\/div><\/div>\n\n\n\n<div class=\"brands-box-hover wp-block-column has-dark-cobolt-background-color has-background eplus-wrapper is-layout-flow wp-block-column-is-layout-flow\"><div class=\"wp-block-columns is-not-stacked-on-mobile eplus-wrapper is-layout-flex wp-container-core-columns-is-layout-9d6595d7 wp-block-columns-is-layout-flex eplus-styles-uid-8b519d\">\n<div class=\"wp-block-column eplus-wrapper is-layout-flow wp-block-column-is-layout-flow\" style=\"flex-basis:2%\"><\/div>\n\n\n\n<div class=\"wp-block-column eplus-wrapper is-layout-flow wp-block-column-is-layout-flow\" style=\"flex-basis:96%\">\n<div style=\"height:36px\" aria-hidden=\"true\" class=\"wp-block-spacer eplus-wrapper\"><\/div>\n\n\n\n<figure class=\"wp-block-image size-full eplus-wrapper\"><a href=\"https:\/\/fredheim-maskin.no\/sv\/maskiner\/mcquaid\/hydrauliska-gravmaskinsklyvor\/\"><img decoding=\"async\" width=\"1024\" height=\"640\" src=\"https:\/\/fredheim-maskin.no\/wp-content\/uploads\/2023\/11\/McQuaid-hydraulisk-roterende-sorteringsklype-edited.jpg\" alt=\"\" class=\"wp-image-2067\" srcset=\"https:\/\/fredheim-maskin.no\/wp-content\/uploads\/2023\/11\/McQuaid-hydraulisk-roterende-sorteringsklype-edited.jpg 1024w, https:\/\/fredheim-maskin.no\/wp-content\/uploads\/2023\/11\/McQuaid-hydraulisk-roterende-sorteringsklype-edited-300x188.jpg 300w, https:\/\/fredheim-maskin.no\/wp-content\/uploads\/2023\/11\/McQuaid-hydraulisk-roterende-sorteringsklype-edited-768x480.jpg 768w\" sizes=\"(max-width: 1024px) 100vw, 1024px\" \/><\/a><\/figure>\n\n\n\n<div style=\"height:36px\" aria-hidden=\"true\" class=\"wp-block-spacer eplus-wrapper\"><\/div>\n\n\n\n<h4 class=\"wp-block-heading has-white-color has-text-color eplus-wrapper\"><a href=\"https:\/\/fredheim-maskin.no\/sv\/maskiner\/mcquaid\/hydrauliska-gravmaskinsklyvor\/\" data-type=\"page\" data-id=\"2044\">Hydrauliske gravemaskin klyper<\/a><\/h4>\n\n\n\n<div style=\"height:20px\" aria-hidden=\"true\" class=\"wp-block-spacer eplus-wrapper\"><\/div>\n\n\n\n<figure class=\"pil wp-block-image size-large eplus-wrapper\"><a href=\"https:\/\/fredheim-maskin.no\/sv\/maskiner\/mcquaid\/hydrauliska-gravmaskinsklyvor\/\"><img decoding=\"async\" width=\"24\" height=\"21\" src=\"https:\/\/fredheim-maskin.no\/wp-content\/uploads\/2023\/09\/right-arrow.svg\" alt=\"\" class=\"wp-image-103\"><\/a><\/figure>\n\n\n\n<div style=\"height:40px\" aria-hidden=\"true\" class=\"wp-block-spacer eplus-wrapper\"><\/div>\n<\/div>\n\n\n\n<div class=\"wp-block-column eplus-wrapper is-layout-flow wp-block-column-is-layout-flow\" style=\"flex-basis:2%\"><\/div>\n<\/div><\/div>\n<\/div>\n\n\n<div style=\"height:30px\" aria-hidden=\"true\" class=\"wp-block-spacer eplus-wrapper\"><\/div>\n\n\n<div class=\"wp-block-columns eplus-wrapper is-layout-flex wp-container-core-columns-is-layout-9d6595d7 wp-block-columns-is-layout-flex eplus-styles-uid-b1c9e9\">\n<div class=\"wp-block-column has-dark-cobolt-background-color has-background eplus-wrapper is-layout-flow wp-block-column-is-layout-flow\"><div class=\"wp-block-columns is-not-stacked-on-mobile eplus-wrapper is-layout-flex wp-container-core-columns-is-layout-9d6595d7 wp-block-columns-is-layout-flex eplus-styles-uid-eaf3ab\">\n<div class=\"wp-block-column eplus-wrapper is-layout-flow wp-block-column-is-layout-flow\" style=\"flex-basis:2%\"><\/div>\n\n\n\n<div class=\"wp-block-column eplus-wrapper is-layout-flow wp-block-column-is-layout-flow\" style=\"flex-basis:96%\">\n<div style=\"height:90px\" aria-hidden=\"true\" class=\"wp-block-spacer eplus-wrapper\"><\/div>\n\n\n\n<h4 class=\"wp-block-heading has-white-color has-text-color eplus-wrapper\"><a href=\"https:\/\/fredheim-maskin.no\/sv\/maskiner\/mcquaid\/mcquaid-videor\/\" data-type=\"page\" data-id=\"3129\">McQuaid Videoer<\/a><\/h4>\n\n\n\n<div style=\"height:20px\" aria-hidden=\"true\" class=\"wp-block-spacer eplus-wrapper\"><\/div>\n\n\n\n<figure class=\"pil wp-block-image size-large eplus-wrapper\"><a href=\"https:\/\/fredheim-maskin.no\/sv\/maskiner\/mcquaid\/mcquaid-videor\/\"><img decoding=\"async\" width=\"24\" height=\"21\" src=\"https:\/\/fredheim-maskin.no\/wp-content\/uploads\/2023\/09\/right-arrow.svg\" alt=\"\" class=\"wp-image-103\"><\/a><\/figure>\n\n\n\n<div style=\"height:40px\" aria-hidden=\"true\" class=\"wp-block-spacer eplus-wrapper\"><\/div>\n<\/div>\n\n\n\n<div class=\"wp-block-column eplus-wrapper is-layout-flow wp-block-column-is-layout-flow\" style=\"flex-basis:2%\"><\/div>\n<\/div><\/div>\n\n\n\n<div class=\"wp-block-column eplus-wrapper is-layout-flow wp-block-column-is-layout-flow\"><\/div>\n\n\n\n<div class=\"wp-block-column eplus-wrapper is-layout-flow wp-block-column-is-layout-flow\"><\/div>\n<\/div><\/div><\/div>\n\n\n\n<div style=\"height:100px\" aria-hidden=\"true\" class=\"wp-block-spacer eplus-wrapper\"><\/div>\n<\/div><\/div>","protected":false},"excerpt":{"rendered":"<p>McQuaid er en bom som er spesialkonstruert og beregnet for bruk av hydr. hammere ved stasjon\u00e6re og mobile steinknusere. Dette for \u00e5 \u00f8ke sikkerheten og unng\u00e5 lange driftstopp ved \u00abheng\u00bb [&hellip;]<\/p>\n","protected":false},"author":1,"featured_media":0,"parent":29,"menu_order":0,"comment_status":"closed","ping_status":"closed","template":"","meta":{"_editorskit_title_hidden":false,"_editorskit_reading_time":0,"_editorskit_is_block_options_detached":false,"_editorskit_block_options_position":"{}","inline_featured_image":false,"editor_plus_copied_stylings":"{}","footnotes":""},"class_list":["post-39","page","type-page","status-publish","hentry"],"featured_image_src":null,"yoast_head":"<!-- This site is optimized with the Yoast SEO plugin v27.4 - https:\/\/yoast.com\/product\/yoast-seo-wordpress\/ -->\n<title>McQuaid - Fredheim Maskin<\/title>\n<meta name=\"robots\" content=\"index, follow, max-snippet:-1, max-image-preview:large, max-video-preview:-1\" \/>\n<link rel=\"canonical\" href=\"https:\/\/fredheim-maskin.no\/sv\/maskiner\/mcquaid\/\" \/>\n<meta property=\"og:locale\" content=\"sv_SE\" \/>\n<meta property=\"og:type\" content=\"article\" \/>\n<meta property=\"og:title\" content=\"McQuaid - Fredheim Maskin\" \/>\n<meta property=\"og:description\" content=\"McQuaid er en bom som er spesialkonstruert og beregnet for bruk av hydr. hammere ved stasjon\u00e6re og mobile steinknusere. Dette for \u00e5 \u00f8ke sikkerheten og unng\u00e5 lange driftstopp ved \u00abheng\u00bb [&hellip;]\" \/>\n<meta property=\"og:url\" content=\"https:\/\/fredheim-maskin.no\/sv\/maskiner\/mcquaid\/\" \/>\n<meta property=\"og:site_name\" content=\"Fredheim Maskin\" \/>\n<meta property=\"article:modified_time\" content=\"2024-05-28T13:13:51+00:00\" \/>\n<meta property=\"og:image\" content=\"https:\/\/fredheim-maskin.no\/wp-content\/uploads\/2023\/11\/mcquaid_logo_web.png\" \/>\n<meta name=\"twitter:card\" content=\"summary_large_image\" \/>\n<meta name=\"twitter:label1\" content=\"Ber\u00e4knad l\u00e4stid\" \/>\n\t<meta name=\"twitter:data1\" content=\"2 minuter\" \/>\n<script type=\"application\/ld+json\" class=\"yoast-schema-graph\">{\"@context\":\"https:\\\/\\\/schema.org\",\"@graph\":[{\"@type\":\"WebPage\",\"@id\":\"https:\\\/\\\/fredheim-maskin.no\\\/maskiner\\\/mcquaid\\\/\",\"url\":\"https:\\\/\\\/fredheim-maskin.no\\\/maskiner\\\/mcquaid\\\/\",\"name\":\"McQuaid - Fredheim Maskin\",\"isPartOf\":{\"@id\":\"https:\\\/\\\/fredheim-maskin.no\\\/#website\"},\"primaryImageOfPage\":{\"@id\":\"https:\\\/\\\/fredheim-maskin.no\\\/maskiner\\\/mcquaid\\\/#primaryimage\"},\"image\":{\"@id\":\"https:\\\/\\\/fredheim-maskin.no\\\/maskiner\\\/mcquaid\\\/#primaryimage\"},\"thumbnailUrl\":\"https:\\\/\\\/fredheim-maskin.no\\\/wp-content\\\/uploads\\\/2023\\\/11\\\/mcquaid_logo_web.png\",\"datePublished\":\"2023-09-21T11:28:43+00:00\",\"dateModified\":\"2024-05-28T13:13:51+00:00\",\"breadcrumb\":{\"@id\":\"https:\\\/\\\/fredheim-maskin.no\\\/maskiner\\\/mcquaid\\\/#breadcrumb\"},\"inLanguage\":\"sv-SE\",\"potentialAction\":[{\"@type\":\"ReadAction\",\"target\":[\"https:\\\/\\\/fredheim-maskin.no\\\/maskiner\\\/mcquaid\\\/\"]}]},{\"@type\":\"ImageObject\",\"inLanguage\":\"sv-SE\",\"@id\":\"https:\\\/\\\/fredheim-maskin.no\\\/maskiner\\\/mcquaid\\\/#primaryimage\",\"url\":\"https:\\\/\\\/fredheim-maskin.no\\\/wp-content\\\/uploads\\\/2023\\\/11\\\/mcquaid_logo_web.png\",\"contentUrl\":\"https:\\\/\\\/fredheim-maskin.no\\\/wp-content\\\/uploads\\\/2023\\\/11\\\/mcquaid_logo_web.png\"},{\"@type\":\"BreadcrumbList\",\"@id\":\"https:\\\/\\\/fredheim-maskin.no\\\/maskiner\\\/mcquaid\\\/#breadcrumb\",\"itemListElement\":[{\"@type\":\"ListItem\",\"position\":1,\"name\":\"Hjem\",\"item\":\"https:\\\/\\\/fredheim-maskin.no\\\/\"},{\"@type\":\"ListItem\",\"position\":2,\"name\":\"Maskiner\",\"item\":\"https:\\\/\\\/fredheim-maskin.no\\\/maskiner\\\/\"},{\"@type\":\"ListItem\",\"position\":3,\"name\":\"McQuaid\"}]},{\"@type\":\"WebSite\",\"@id\":\"https:\\\/\\\/fredheim-maskin.no\\\/#website\",\"url\":\"https:\\\/\\\/fredheim-maskin.no\\\/\",\"name\":\"Fredheim Maskin\",\"description\":\"\",\"potentialAction\":[{\"@type\":\"SearchAction\",\"target\":{\"@type\":\"EntryPoint\",\"urlTemplate\":\"https:\\\/\\\/fredheim-maskin.no\\\/?s={search_term_string}\"},\"query-input\":{\"@type\":\"PropertyValueSpecification\",\"valueRequired\":true,\"valueName\":\"search_term_string\"}}],\"inLanguage\":\"sv-SE\"}]}<\/script>\n<!-- \/ Yoast SEO plugin. -->","yoast_head_json":{"title":"McQuaid - Fredheim Maskin","robots":{"index":"index","follow":"follow","max-snippet":"max-snippet:-1","max-image-preview":"max-image-preview:large","max-video-preview":"max-video-preview:-1"},"canonical":"https:\/\/fredheim-maskin.no\/sv\/maskiner\/mcquaid\/","og_locale":"sv_SE","og_type":"article","og_title":"McQuaid - Fredheim Maskin","og_description":"McQuaid er en bom som er spesialkonstruert og beregnet for bruk av hydr. hammere ved stasjon\u00e6re og mobile steinknusere. Dette for \u00e5 \u00f8ke sikkerheten og unng\u00e5 lange driftstopp ved \u00abheng\u00bb [&hellip;]","og_url":"https:\/\/fredheim-maskin.no\/sv\/maskiner\/mcquaid\/","og_site_name":"Fredheim Maskin","article_modified_time":"2024-05-28T13:13:51+00:00","og_image":[{"url":"https:\/\/fredheim-maskin.no\/wp-content\/uploads\/2023\/11\/mcquaid_logo_web.png","type":"","width":"","height":""}],"twitter_card":"summary_large_image","twitter_misc":{"Ber\u00e4knad l\u00e4stid":"2 minuter"},"schema":{"@context":"https:\/\/schema.org","@graph":[{"@type":"WebPage","@id":"https:\/\/fredheim-maskin.no\/maskiner\/mcquaid\/","url":"https:\/\/fredheim-maskin.no\/maskiner\/mcquaid\/","name":"McQuaid - Fredheim Maskin","isPartOf":{"@id":"https:\/\/fredheim-maskin.no\/#website"},"primaryImageOfPage":{"@id":"https:\/\/fredheim-maskin.no\/maskiner\/mcquaid\/#primaryimage"},"image":{"@id":"https:\/\/fredheim-maskin.no\/maskiner\/mcquaid\/#primaryimage"},"thumbnailUrl":"https:\/\/fredheim-maskin.no\/wp-content\/uploads\/2023\/11\/mcquaid_logo_web.png","datePublished":"2023-09-21T11:28:43+00:00","dateModified":"2024-05-28T13:13:51+00:00","breadcrumb":{"@id":"https:\/\/fredheim-maskin.no\/maskiner\/mcquaid\/#breadcrumb"},"inLanguage":"sv-SE","potentialAction":[{"@type":"ReadAction","target":["https:\/\/fredheim-maskin.no\/maskiner\/mcquaid\/"]}]},{"@type":"ImageObject","inLanguage":"sv-SE","@id":"https:\/\/fredheim-maskin.no\/maskiner\/mcquaid\/#primaryimage","url":"https:\/\/fredheim-maskin.no\/wp-content\/uploads\/2023\/11\/mcquaid_logo_web.png","contentUrl":"https:\/\/fredheim-maskin.no\/wp-content\/uploads\/2023\/11\/mcquaid_logo_web.png"},{"@type":"BreadcrumbList","@id":"https:\/\/fredheim-maskin.no\/maskiner\/mcquaid\/#breadcrumb","itemListElement":[{"@type":"ListItem","position":1,"name":"Hjem","item":"https:\/\/fredheim-maskin.no\/"},{"@type":"ListItem","position":2,"name":"Maskiner","item":"https:\/\/fredheim-maskin.no\/maskiner\/"},{"@type":"ListItem","position":3,"name":"McQuaid"}]},{"@type":"WebSite","@id":"https:\/\/fredheim-maskin.no\/#website","url":"https:\/\/fredheim-maskin.no\/","name":"Fredheim Maskin","description":"","potentialAction":[{"@type":"SearchAction","target":{"@type":"EntryPoint","urlTemplate":"https:\/\/fredheim-maskin.no\/?s={search_term_string}"},"query-input":{"@type":"PropertyValueSpecification","valueRequired":true,"valueName":"search_term_string"}}],"inLanguage":"sv-SE"}]}},"_links":{"self":[{"href":"https:\/\/fredheim-maskin.no\/sv\/wp-json\/wp\/v2\/pages\/39","targetHints":{"allow":["GET"]}}],"collection":[{"href":"https:\/\/fredheim-maskin.no\/sv\/wp-json\/wp\/v2\/pages"}],"about":[{"href":"https:\/\/fredheim-maskin.no\/sv\/wp-json\/wp\/v2\/types\/page"}],"author":[{"embeddable":true,"href":"https:\/\/fredheim-maskin.no\/sv\/wp-json\/wp\/v2\/users\/1"}],"replies":[{"embeddable":true,"href":"https:\/\/fredheim-maskin.no\/sv\/wp-json\/wp\/v2\/comments?post=39"}],"version-history":[{"count":16,"href":"https:\/\/fredheim-maskin.no\/sv\/wp-json\/wp\/v2\/pages\/39\/revisions"}],"predecessor-version":[{"id":16399,"href":"https:\/\/fredheim-maskin.no\/sv\/wp-json\/wp\/v2\/pages\/39\/revisions\/16399"}],"up":[{"embeddable":true,"href":"https:\/\/fredheim-maskin.no\/sv\/wp-json\/wp\/v2\/pages\/29"}],"wp:attachment":[{"href":"https:\/\/fredheim-maskin.no\/sv\/wp-json\/wp\/v2\/media?parent=39"}],"curies":[{"name":"wp","href":"https:\/\/api.w.org\/{rel}","templated":true}]}}