{"id":559,"date":"2023-10-20T11:33:01","date_gmt":"2023-10-20T09:33:01","guid":{"rendered":"https:\/\/fredheim-maskin.no\/?page_id=559"},"modified":"2026-04-27T23:25:19","modified_gmt":"2026-04-27T21:25:19","slug":"k-serie-siktverk","status":"publish","type":"page","link":"https:\/\/fredheim-maskin.no\/sv\/maskiner\/keestrack\/k-serie-sikteverk\/","title":{"rendered":"K-Serie Sorteringsverk"},"content":{"rendered":"<div class=\"cs-small wp-block-group alignfull has-grey-background-color has-background eplus-wrapper\"><div class=\"wp-block-group__inner-container is-layout-constrained wp-block-group-is-layout-constrained\">\n<div class=\"wp-block-group eplus-wrapper\"><div class=\"wp-block-group__inner-container is-layout-constrained wp-block-group-is-layout-constrained\">\n<div style=\"height:30px\" aria-hidden=\"true\" class=\"wp-block-spacer eplus-wrapper\"><\/div>\n\n\n<div class=\"wp-block-columns eplus-wrapper is-layout-flex wp-container-core-columns-is-layout-9d6595d7 wp-block-columns-is-layout-flex eplus-styles-uid-de1bf6\">\n<div class=\"wp-block-column eplus-wrapper is-layout-flow wp-block-column-is-layout-flow\" style=\"flex-basis:100%\">\n<h2 class=\"wp-block-heading eplus-wrapper\">K-Serie Sorteringsverk<\/h2>\n<\/div>\n<\/div><\/div><\/div>\n\n\n\n<div class=\"wp-block-group eplus-wrapper\"><div class=\"wp-block-group__inner-container is-layout-constrained wp-block-group-is-layout-constrained\">\n<div style=\"height:50px\" aria-hidden=\"true\" class=\"wp-block-spacer eplus-wrapper\"><\/div>\n\n\n<div class=\"wp-block-columns eplus-wrapper is-layout-flex wp-container-core-columns-is-layout-9d6595d7 wp-block-columns-is-layout-flex eplus-styles-uid-d85cad\">\n<div class=\"brands-box-hover wp-block-column has-dark-cobolt-background-color has-background eplus-wrapper is-layout-flow wp-block-column-is-layout-flow\"><div class=\"wp-block-columns is-not-stacked-on-mobile eplus-wrapper is-layout-flex wp-container-core-columns-is-layout-9d6595d7 wp-block-columns-is-layout-flex eplus-styles-uid-eb126f\">\n<div class=\"wp-block-column eplus-wrapper is-layout-flow wp-block-column-is-layout-flow\" style=\"flex-basis:2%\"><\/div>\n\n\n\n<div class=\"wp-block-column eplus-wrapper is-layout-flow wp-block-column-is-layout-flow\" style=\"flex-basis:96%\">\n<div style=\"height:90px\" aria-hidden=\"true\" class=\"wp-block-spacer eplus-wrapper\"><\/div>\n\n\n\n<h4 class=\"wp-block-heading has-white-color has-text-color eplus-wrapper\"><a href=\"https:\/\/fredheim-maskin.no\/sv\/maskiner\/keestrack\/b-serie-kaftkross\/\" data-type=\"page\" data-id=\"437\"><\/a><a href=\"https:\/\/fredheim-maskin.no\/sv\/maskiner\/keestrack\/k-serie-siktverk\/keestrack-k7e-zero\/\" data-type=\"page\" data-id=\"2605\">Keestrack K7e ZERO<\/a><\/h4>\n\n\n\n<div style=\"height:20px\" aria-hidden=\"true\" class=\"wp-block-spacer eplus-wrapper\"><\/div>\n\n\n\n<p class=\"has-white-color has-text-color eplus-wrapper\">100% elektrisk. Det r\u00e5aste inom sorteringsverk<\/p>\n\n\n\n<figure class=\"pil wp-block-image size-large eplus-wrapper\"><a href=\"https:\/\/fredheim-maskin.no\/sv\/maskiner\/keestrack\/k-serie-siktverk\/keestrack-k7e-zero\/\"><img decoding=\"async\" width=\"24\" height=\"21\" src=\"https:\/\/fredheim-maskin.no\/wp-content\/uploads\/2023\/09\/right-arrow.svg\" alt=\"\" class=\"wp-image-103\"><\/a><\/figure>\n\n\n\n<div style=\"height:40px\" aria-hidden=\"true\" class=\"wp-block-spacer eplus-wrapper\"><\/div>\n<\/div>\n\n\n\n<div class=\"wp-block-column eplus-wrapper is-layout-flow wp-block-column-is-layout-flow\" style=\"flex-basis:2%\"><\/div>\n<\/div><\/div>\n\n\n\n<div class=\"brands-box-hover wp-block-column has-dark-cobolt-background-color has-background eplus-wrapper is-layout-flow wp-block-column-is-layout-flow\"><div class=\"wp-block-columns is-not-stacked-on-mobile eplus-wrapper is-layout-flex wp-container-core-columns-is-layout-9d6595d7 wp-block-columns-is-layout-flex eplus-styles-uid-91721e\">\n<div class=\"wp-block-column eplus-wrapper is-layout-flow wp-block-column-is-layout-flow\" style=\"flex-basis:2%\"><\/div>\n\n\n\n<div class=\"wp-block-column eplus-wrapper is-layout-flow wp-block-column-is-layout-flow\" style=\"flex-basis:96%\">\n<div style=\"height:90px\" aria-hidden=\"true\" class=\"wp-block-spacer eplus-wrapper\"><\/div>\n\n\n\n<h4 class=\"wp-block-heading has-white-color has-text-color eplus-wrapper\"><a href=\"https:\/\/fredheim-maskin.no\/sv\/maskiner\/keestrack\/k-serie-siktverk\/keestrack-k5e-zero\/\" data-type=\"page\" data-id=\"2634\">Keestrack K5e ZERO<\/a><\/h4>\n\n\n\n<div style=\"height:20px\" aria-hidden=\"true\" class=\"wp-block-spacer eplus-wrapper\"><\/div>\n\n\n\n<p class=\"has-white-color has-text-color eplus-wrapper\">100% elektrisk. Stor sikt 1,5 x 5meter i effektiv sikteareal\u2013 st\u00f8rste i sin klasse ?<\/p>\n\n\n\n<figure class=\"pil wp-block-image size-large eplus-wrapper\"><a href=\"https:\/\/fredheim-maskin.no\/sv\/maskiner\/keestrack\/k-serie-siktverk\/keestrack-k5e-zero\/\"><img decoding=\"async\" width=\"24\" height=\"21\" src=\"https:\/\/fredheim-maskin.no\/wp-content\/uploads\/2023\/09\/right-arrow.svg\" alt=\"\" class=\"wp-image-103\"><\/a><\/figure>\n\n\n\n<div style=\"height:40px\" aria-hidden=\"true\" class=\"wp-block-spacer eplus-wrapper\"><\/div>\n<\/div>\n\n\n\n<div class=\"wp-block-column eplus-wrapper is-layout-flow wp-block-column-is-layout-flow\" style=\"flex-basis:2%\"><\/div>\n<\/div><\/div>\n\n\n\n<div class=\"brands-box-hover wp-block-column has-dark-cobolt-background-color has-background eplus-wrapper is-layout-flow wp-block-column-is-layout-flow\"><div class=\"wp-block-columns is-not-stacked-on-mobile eplus-wrapper is-layout-flex wp-container-core-columns-is-layout-9d6595d7 wp-block-columns-is-layout-flex eplus-styles-uid-cab8bb\">\n<div class=\"wp-block-column eplus-wrapper is-layout-flow wp-block-column-is-layout-flow\" style=\"flex-basis:2%\"><\/div>\n\n\n\n<div class=\"wp-block-column eplus-wrapper is-layout-flow wp-block-column-is-layout-flow\" style=\"flex-basis:96%\">\n<div style=\"height:90px\" aria-hidden=\"true\" class=\"wp-block-spacer eplus-wrapper\"><\/div>\n\n\n\n<h4 class=\"wp-block-heading has-white-color has-text-color eplus-wrapper\"><a href=\"https:\/\/fredheim-maskin.no\/sv\/maskiner\/keestrack\/k-serie-siktverk\/keestrack-k3e-zero\/\" data-type=\"page\" data-id=\"2658\">Keestrack K3e ZERO<\/a><\/h4>\n\n\n\n<div style=\"height:20px\" aria-hidden=\"true\" class=\"wp-block-spacer eplus-wrapper\"><\/div>\n\n\n\n<p class=\"has-white-color has-text-color eplus-wrapper\">100% elektrisk. Kompakt maskin l\u00e4mplig b\u00e5de f\u00f6r entrepren\u00f6r och bergt\u00e4kt. <\/p>\n\n\n\n<figure class=\"pil wp-block-image size-large eplus-wrapper\"><a href=\"https:\/\/fredheim-maskin.no\/sv\/maskiner\/keestrack\/k-serie-siktverk\/keestrack-k3e-zero\/\"><img decoding=\"async\" width=\"24\" height=\"21\" src=\"https:\/\/fredheim-maskin.no\/wp-content\/uploads\/2023\/09\/right-arrow.svg\" alt=\"\" class=\"wp-image-103\"><\/a><\/figure>\n\n\n\n<div style=\"height:40px\" aria-hidden=\"true\" class=\"wp-block-spacer eplus-wrapper\"><\/div>\n<\/div>\n\n\n\n<div class=\"wp-block-column eplus-wrapper is-layout-flow wp-block-column-is-layout-flow\" style=\"flex-basis:2%\"><\/div>\n<\/div><\/div>\n<\/div>\n\n\n<div style=\"height:50px\" aria-hidden=\"true\" class=\"wp-block-spacer eplus-wrapper\"><\/div>\n\n\n<div class=\"wp-block-columns eplus-wrapper is-layout-flex wp-container-core-columns-is-layout-9d6595d7 wp-block-columns-is-layout-flex eplus-styles-uid-5ba19f\">\n<div class=\"brands-box-hover wp-block-column has-dark-cobolt-background-color has-background eplus-wrapper is-layout-flow wp-block-column-is-layout-flow\"><div class=\"wp-block-columns is-not-stacked-on-mobile eplus-wrapper is-layout-flex wp-container-core-columns-is-layout-9d6595d7 wp-block-columns-is-layout-flex eplus-styles-uid-5eb6fe\">\n<div class=\"wp-block-column eplus-wrapper is-layout-flow wp-block-column-is-layout-flow\" style=\"flex-basis:2%\"><\/div>\n\n\n\n<div class=\"wp-block-column eplus-wrapper is-layout-flow wp-block-column-is-layout-flow\" style=\"flex-basis:96%\">\n<div style=\"height:90px\" aria-hidden=\"true\" class=\"wp-block-spacer eplus-wrapper\"><\/div>\n\n\n\n<h4 class=\"wp-block-heading has-white-color has-text-color eplus-wrapper\"><a href=\"https:\/\/fredheim-maskin.no\/sv\/maskiner\/keestrack\/k-serie-siktverk\/keestrack-k6\/\" data-type=\"page\" data-id=\"2705\">Keestrack K6<\/a><\/h4>\n\n\n\n<div style=\"height:20px\" aria-hidden=\"true\" class=\"wp-block-spacer eplus-wrapper\"><\/div>\n\n\n\n<p class=\"has-white-color has-text-color eplus-wrapper\">Stor sikt 1,8 x 4,5meter i effektiv sikteareal, total lengde p\u00e5 siktet 5,2meter<\/p>\n\n\n\n<figure class=\"pil wp-block-image size-large eplus-wrapper\"><a href=\"https:\/\/fredheim-maskin.no\/sv\/maskiner\/keestrack\/k-serie-siktverk\/keestrack-k6\/\"><img decoding=\"async\" width=\"24\" height=\"21\" src=\"https:\/\/fredheim-maskin.no\/wp-content\/uploads\/2023\/09\/right-arrow.svg\" alt=\"\" class=\"wp-image-103\"><\/a><\/figure>\n\n\n\n<div style=\"height:40px\" aria-hidden=\"true\" class=\"wp-block-spacer eplus-wrapper\"><\/div>\n<\/div>\n\n\n\n<div class=\"wp-block-column eplus-wrapper is-layout-flow wp-block-column-is-layout-flow\" style=\"flex-basis:2%\"><\/div>\n<\/div><\/div>\n\n\n\n<div class=\"brands-box-hover wp-block-column has-dark-cobolt-background-color has-background eplus-wrapper is-layout-flow wp-block-column-is-layout-flow\"><div class=\"wp-block-columns is-not-stacked-on-mobile eplus-wrapper is-layout-flex wp-container-core-columns-is-layout-9d6595d7 wp-block-columns-is-layout-flex eplus-styles-uid-2f7947\">\n<div class=\"wp-block-column eplus-wrapper is-layout-flow wp-block-column-is-layout-flow\" style=\"flex-basis:2%\"><\/div>\n\n\n\n<div class=\"wp-block-column eplus-wrapper is-layout-flow wp-block-column-is-layout-flow\" style=\"flex-basis:96%\">\n<div style=\"height:90px\" aria-hidden=\"true\" class=\"wp-block-spacer eplus-wrapper\"><\/div>\n\n\n\n<h4 class=\"wp-block-heading has-white-color has-text-color eplus-wrapper\"><a href=\"https:\/\/fredheim-maskin.no\/sv\/maskiner\/keestrack\/k-serie-siktverk\/keestrack-k4-profi\/\">Keestrack K4 Profi<\/a><\/h4>\n\n\n\n<div style=\"height:20px\" aria-hidden=\"true\" class=\"wp-block-spacer eplus-wrapper\"><\/div>\n\n\n\n<p class=\"has-white-color has-text-color eplus-wrapper\">K4 \u00e4r en maskin i en storlek som passar v\u00e4ldigt m\u00e5nga svenska kunder<\/p>\n\n\n\n<figure class=\"pil wp-block-image size-large eplus-wrapper\"><a href=\"https:\/\/fredheim-maskin.no\/sv\/maskiner\/keestrack\/k-serie-siktverk\/keestrack-k4\/\"><img decoding=\"async\" width=\"24\" height=\"21\" src=\"https:\/\/fredheim-maskin.no\/wp-content\/uploads\/2023\/09\/right-arrow.svg\" alt=\"\" class=\"wp-image-103\"><\/a><\/figure>\n\n\n\n<div style=\"height:40px\" aria-hidden=\"true\" class=\"wp-block-spacer eplus-wrapper\"><\/div>\n<\/div>\n\n\n\n<div class=\"wp-block-column eplus-wrapper is-layout-flow wp-block-column-is-layout-flow\" style=\"flex-basis:2%\"><\/div>\n<\/div><\/div>\n\n\n\n<div class=\"brands-box-hover wp-block-column has-dark-cobolt-background-color has-background eplus-wrapper is-layout-flow wp-block-column-is-layout-flow\"><div class=\"wp-block-columns is-not-stacked-on-mobile eplus-wrapper is-layout-flex wp-container-core-columns-is-layout-9d6595d7 wp-block-columns-is-layout-flex eplus-styles-uid-17b86b\">\n<div class=\"wp-block-column eplus-wrapper is-layout-flow wp-block-column-is-layout-flow\" style=\"flex-basis:2%\"><\/div>\n\n\n\n<div class=\"wp-block-column eplus-wrapper is-layout-flow wp-block-column-is-layout-flow\" style=\"flex-basis:96%\">\n<div style=\"height:90px\" aria-hidden=\"true\" class=\"wp-block-spacer eplus-wrapper\"><\/div>\n\n\n\n<h4 class=\"wp-block-heading has-white-color has-text-color eplus-wrapper\"><a href=\"https:\/\/fredheim-maskin.no\/sv\/maskiner\/keestrack\/b-serie-kaftkross\/\" data-type=\"page\" data-id=\"437\"><\/a><a href=\"https:\/\/fredheim-maskin.no\/sv\/maskiner\/keestrack\/k-serie-siktverk\/keestrack-k3\/\" data-type=\"page\" data-id=\"2758\">Keestrack K3<\/a><\/h4>\n\n\n\n<div style=\"height:20px\" aria-hidden=\"true\" class=\"wp-block-spacer eplus-wrapper\"><\/div>\n\n\n\n<p class=\"has-white-color has-text-color eplus-wrapper\">Kompakt maskin l\u00e4mplig b\u00e5de f\u00f6r entrepren\u00f6r och bergt\u00e4kt. <\/p>\n\n\n\n<figure class=\"pil wp-block-image size-large eplus-wrapper\"><a href=\"https:\/\/fredheim-maskin.no\/sv\/maskiner\/keestrack\/k-serie-siktverk\/keestrack-k3\/\"><img decoding=\"async\" width=\"24\" height=\"21\" src=\"https:\/\/fredheim-maskin.no\/wp-content\/uploads\/2023\/09\/right-arrow.svg\" alt=\"\" class=\"wp-image-103\"><\/a><\/figure>\n\n\n\n<div style=\"height:40px\" aria-hidden=\"true\" class=\"wp-block-spacer eplus-wrapper\"><\/div>\n<\/div>\n\n\n\n<div class=\"wp-block-column eplus-wrapper is-layout-flow wp-block-column-is-layout-flow\" style=\"flex-basis:2%\"><\/div>\n<\/div><\/div>\n<\/div>\n\n\n<div style=\"height:50px\" aria-hidden=\"true\" class=\"wp-block-spacer eplus-wrapper\"><\/div>\n\n\n<div class=\"wp-block-columns eplus-wrapper is-layout-flex wp-container-core-columns-is-layout-9d6595d7 wp-block-columns-is-layout-flex eplus-styles-uid-9df143\">\n<div class=\"brands-box-hover wp-block-column has-dark-cobolt-background-color has-background eplus-wrapper is-layout-flow wp-block-column-is-layout-flow\"><div class=\"wp-block-columns is-not-stacked-on-mobile eplus-wrapper is-layout-flex wp-container-core-columns-is-layout-9d6595d7 wp-block-columns-is-layout-flex eplus-styles-uid-c32521\">\n<div class=\"wp-block-column eplus-wrapper is-layout-flow wp-block-column-is-layout-flow\" style=\"flex-basis:2%\"><\/div>\n\n\n\n<div class=\"wp-block-column eplus-wrapper is-layout-flow wp-block-column-is-layout-flow\" style=\"flex-basis:96%\">\n<div style=\"height:90px\" aria-hidden=\"true\" class=\"wp-block-spacer eplus-wrapper\"><\/div>\n\n\n\n<h4 class=\"wp-block-heading has-white-color has-text-color eplus-wrapper\"><a href=\"https:\/\/fredheim-maskin.no\/sv\/maskiner\/keestrack\/b-serie-kaftkross\/\" data-type=\"page\" data-id=\"437\"><\/a><a href=\"https:\/\/fredheim-maskin.no\/sv\/maskiner\/keestrack\/k-serie-siktverk\/keestrack-k8e\/\" data-type=\"page\" data-id=\"2680\">Keestrack K8e<\/a><\/h4>\n\n\n\n<div style=\"height:20px\" aria-hidden=\"true\" class=\"wp-block-spacer eplus-wrapper\"><\/div>\n\n\n\n<p class=\"has-white-color has-text-color eplus-wrapper\">12 m2 siktyta 6x2 meter. \u201dFlip flow\u201d eller standard sikt<\/p>\n\n\n\n<figure class=\"pil wp-block-image size-large eplus-wrapper\"><a href=\"https:\/\/fredheim-maskin.no\/sv\/maskiner\/keestrack\/k-serie-siktverk\/keestrack-k8e\/\"><img decoding=\"async\" width=\"24\" height=\"21\" src=\"https:\/\/fredheim-maskin.no\/wp-content\/uploads\/2023\/09\/right-arrow.svg\" alt=\"\" class=\"wp-image-103\"><\/a><\/figure>\n\n\n\n<div style=\"height:40px\" aria-hidden=\"true\" class=\"wp-block-spacer eplus-wrapper\"><\/div>\n<\/div>\n\n\n\n<div class=\"wp-block-column eplus-wrapper is-layout-flow wp-block-column-is-layout-flow\" style=\"flex-basis:2%\"><\/div>\n<\/div><\/div>\n\n\n\n<div class=\"brands-box-hover wp-block-column has-dark-cobolt-background-color has-background eplus-wrapper is-layout-flow wp-block-column-is-layout-flow\"><div class=\"wp-block-columns is-not-stacked-on-mobile eplus-wrapper is-layout-flex wp-container-core-columns-is-layout-9d6595d7 wp-block-columns-is-layout-flex eplus-styles-uid-adc031\">\n<div class=\"wp-block-column eplus-wrapper is-layout-flow wp-block-column-is-layout-flow\" style=\"flex-basis:2%\"><\/div>\n\n\n\n<div class=\"wp-block-column eplus-wrapper is-layout-flow wp-block-column-is-layout-flow\" style=\"flex-basis:96%\">\n<div style=\"height:90px\" aria-hidden=\"true\" class=\"wp-block-spacer eplus-wrapper\"><\/div>\n\n\n\n<h4 class=\"wp-block-heading has-white-color has-text-color eplus-wrapper\"><a data-type=\"page\" data-id=\"437\" href=\"https:\/\/fredheim-maskin.no\/sv\/maskiner\/keestrack\/b-serie-kaftkross\/\"><\/a><a href=\"https:\/\/fredheim-maskin.no\/sv\/maskiner\/keestrack\/k-serie-siktverk\/keestrack-k4e-zero-profi\/\" type=\"page\" id=\"17633\">Keestrack K4e ZERO Profi<\/a><\/h4>\n\n\n\n<div style=\"height:20px\" aria-hidden=\"true\" class=\"wp-block-spacer eplus-wrapper\"><\/div>\n\n\n\n<p class=\"has-white-color has-text-color has-link-color eplus-wrapper wp-elements-bae2d26e2c243504a567a30c5f51dc20\">100% elektrisk. Sikt 1,5 x 4,2meter i effektiv sikteareal.<\/p>\n\n\n\n<figure class=\"pil wp-block-image size-large eplus-wrapper\"><a href=\"https:\/\/fredheim-maskin.no\/sv\/maskiner\/keestrack\/k-serie-siktverk\/keestrack-k4e-zero-profi\/\"><img decoding=\"async\" width=\"24\" height=\"21\" src=\"https:\/\/fredheim-maskin.no\/wp-content\/uploads\/2023\/09\/right-arrow.svg\" alt=\"\" class=\"wp-image-103\"><\/a><\/figure>\n\n\n\n<div style=\"height:40px\" aria-hidden=\"true\" class=\"wp-block-spacer eplus-wrapper\"><\/div>\n<\/div>\n\n\n\n<div class=\"wp-block-column eplus-wrapper is-layout-flow wp-block-column-is-layout-flow\" style=\"flex-basis:2%\"><\/div>\n<\/div><\/div>\n\n\n\n<div class=\"brands-box-hover wp-block-column eplus-wrapper is-layout-flow wp-block-column-is-layout-flow\"><\/div>\n<\/div><\/div><\/div>\n\n\n\n<div style=\"height:100px\" aria-hidden=\"true\" class=\"wp-block-spacer eplus-wrapper\"><\/div>\n<\/div><\/div>","protected":false},"excerpt":{"rendered":"<p>K-Serie Sikteverk Keestrack K7e ZERO 100% elektrisk. Det r\u00e5este innen sorteringsverk Keestrack K5e ZERO 100% elektrisk. Stor sikt 1,5 x 5meter i effektiv sikteareal\u2013 st\u00f8rste i sin klasse ? Keestrack [&hellip;]<\/p>\n","protected":false},"author":1,"featured_media":0,"parent":33,"menu_order":0,"comment_status":"closed","ping_status":"closed","template":"","meta":{"_editorskit_title_hidden":false,"_editorskit_reading_time":0,"_editorskit_is_block_options_detached":false,"_editorskit_block_options_position":"{}","inline_featured_image":false,"editor_plus_copied_stylings":"{}","footnotes":""},"class_list":["post-559","page","type-page","status-publish","hentry"],"featured_image_src":null,"yoast_head":"<!-- This site is optimized with the Yoast SEO plugin v27.4 - https:\/\/yoast.com\/product\/yoast-seo-wordpress\/ -->\n<title>K-Serie Sikteverk - Fredheim Maskin<\/title>\n<meta name=\"robots\" content=\"index, follow, max-snippet:-1, max-image-preview:large, max-video-preview:-1\" \/>\n<link rel=\"canonical\" href=\"https:\/\/fredheim-maskin.no\/sv\/maskiner\/keestrack\/k-serie-siktverk\/\" \/>\n<meta property=\"og:locale\" content=\"sv_SE\" \/>\n<meta property=\"og:type\" content=\"article\" \/>\n<meta property=\"og:title\" content=\"K-Serie Sikteverk - Fredheim Maskin\" \/>\n<meta property=\"og:description\" content=\"K-Serie Sikteverk Keestrack K7e ZERO 100% elektrisk. Det r\u00e5este innen sorteringsverk Keestrack K5e ZERO 100% elektrisk. Stor sikt 1,5 x 5meter i effektiv sikteareal\u2013 st\u00f8rste i sin klasse ? Keestrack [&hellip;]\" \/>\n<meta property=\"og:url\" content=\"https:\/\/fredheim-maskin.no\/sv\/maskiner\/keestrack\/k-serie-siktverk\/\" \/>\n<meta property=\"og:site_name\" content=\"Fredheim Maskin\" \/>\n<meta property=\"article:modified_time\" content=\"2026-04-27T21:25:19+00:00\" \/>\n<meta name=\"twitter:card\" content=\"summary_large_image\" \/>\n<meta name=\"twitter:label1\" content=\"Ber\u00e4knad l\u00e4stid\" \/>\n\t<meta name=\"twitter:data1\" content=\"3 minuter\" \/>\n<script type=\"application\/ld+json\" class=\"yoast-schema-graph\">{\"@context\":\"https:\\\/\\\/schema.org\",\"@graph\":[{\"@type\":\"WebPage\",\"@id\":\"https:\\\/\\\/fredheim-maskin.no\\\/maskiner\\\/keestrack\\\/k-serie-sikteverk\\\/\",\"url\":\"https:\\\/\\\/fredheim-maskin.no\\\/maskiner\\\/keestrack\\\/k-serie-sikteverk\\\/\",\"name\":\"K-Serie Sikteverk - Fredheim Maskin\",\"isPartOf\":{\"@id\":\"https:\\\/\\\/fredheim-maskin.no\\\/#website\"},\"primaryImageOfPage\":{\"@id\":\"https:\\\/\\\/fredheim-maskin.no\\\/maskiner\\\/keestrack\\\/k-serie-sikteverk\\\/#primaryimage\"},\"image\":{\"@id\":\"https:\\\/\\\/fredheim-maskin.no\\\/maskiner\\\/keestrack\\\/k-serie-sikteverk\\\/#primaryimage\"},\"thumbnailUrl\":\"https:\\\/\\\/fredheim-maskin.no\\\/wp-content\\\/uploads\\\/2023\\\/09\\\/right-arrow.svg\",\"datePublished\":\"2023-10-20T09:33:01+00:00\",\"dateModified\":\"2026-04-27T21:25:19+00:00\",\"breadcrumb\":{\"@id\":\"https:\\\/\\\/fredheim-maskin.no\\\/maskiner\\\/keestrack\\\/k-serie-sikteverk\\\/#breadcrumb\"},\"inLanguage\":\"sv-SE\",\"potentialAction\":[{\"@type\":\"ReadAction\",\"target\":[\"https:\\\/\\\/fredheim-maskin.no\\\/maskiner\\\/keestrack\\\/k-serie-sikteverk\\\/\"]}]},{\"@type\":\"ImageObject\",\"inLanguage\":\"sv-SE\",\"@id\":\"https:\\\/\\\/fredheim-maskin.no\\\/maskiner\\\/keestrack\\\/k-serie-sikteverk\\\/#primaryimage\",\"url\":\"https:\\\/\\\/fredheim-maskin.no\\\/wp-content\\\/uploads\\\/2023\\\/09\\\/right-arrow.svg\",\"contentUrl\":\"https:\\\/\\\/fredheim-maskin.no\\\/wp-content\\\/uploads\\\/2023\\\/09\\\/right-arrow.svg\"},{\"@type\":\"BreadcrumbList\",\"@id\":\"https:\\\/\\\/fredheim-maskin.no\\\/maskiner\\\/keestrack\\\/k-serie-sikteverk\\\/#breadcrumb\",\"itemListElement\":[{\"@type\":\"ListItem\",\"position\":1,\"name\":\"Hjem\",\"item\":\"https:\\\/\\\/fredheim-maskin.no\\\/\"},{\"@type\":\"ListItem\",\"position\":2,\"name\":\"Maskiner\",\"item\":\"https:\\\/\\\/fredheim-maskin.no\\\/maskiner\\\/\"},{\"@type\":\"ListItem\",\"position\":3,\"name\":\"Keestrack\",\"item\":\"https:\\\/\\\/fredheim-maskin.no\\\/maskiner\\\/keestrack\\\/\"},{\"@type\":\"ListItem\",\"position\":4,\"name\":\"K-Serie Sikteverk\"}]},{\"@type\":\"WebSite\",\"@id\":\"https:\\\/\\\/fredheim-maskin.no\\\/#website\",\"url\":\"https:\\\/\\\/fredheim-maskin.no\\\/\",\"name\":\"Fredheim Maskin\",\"description\":\"\",\"potentialAction\":[{\"@type\":\"SearchAction\",\"target\":{\"@type\":\"EntryPoint\",\"urlTemplate\":\"https:\\\/\\\/fredheim-maskin.no\\\/?s={search_term_string}\"},\"query-input\":{\"@type\":\"PropertyValueSpecification\",\"valueRequired\":true,\"valueName\":\"search_term_string\"}}],\"inLanguage\":\"sv-SE\"}]}<\/script>\n<!-- \/ Yoast SEO plugin. -->","yoast_head_json":{"title":"K-Serie Sikteverk - Fredheim Maskin","robots":{"index":"index","follow":"follow","max-snippet":"max-snippet:-1","max-image-preview":"max-image-preview:large","max-video-preview":"max-video-preview:-1"},"canonical":"https:\/\/fredheim-maskin.no\/sv\/maskiner\/keestrack\/k-serie-siktverk\/","og_locale":"sv_SE","og_type":"article","og_title":"K-Serie Sikteverk - Fredheim Maskin","og_description":"K-Serie Sikteverk Keestrack K7e ZERO 100% elektrisk. Det r\u00e5este innen sorteringsverk Keestrack K5e ZERO 100% elektrisk. Stor sikt 1,5 x 5meter i effektiv sikteareal\u2013 st\u00f8rste i sin klasse ? Keestrack [&hellip;]","og_url":"https:\/\/fredheim-maskin.no\/sv\/maskiner\/keestrack\/k-serie-siktverk\/","og_site_name":"Fredheim Maskin","article_modified_time":"2026-04-27T21:25:19+00:00","twitter_card":"summary_large_image","twitter_misc":{"Ber\u00e4knad l\u00e4stid":"3 minuter"},"schema":{"@context":"https:\/\/schema.org","@graph":[{"@type":"WebPage","@id":"https:\/\/fredheim-maskin.no\/maskiner\/keestrack\/k-serie-sikteverk\/","url":"https:\/\/fredheim-maskin.no\/maskiner\/keestrack\/k-serie-sikteverk\/","name":"K-Serie Sikteverk - Fredheim Maskin","isPartOf":{"@id":"https:\/\/fredheim-maskin.no\/#website"},"primaryImageOfPage":{"@id":"https:\/\/fredheim-maskin.no\/maskiner\/keestrack\/k-serie-sikteverk\/#primaryimage"},"image":{"@id":"https:\/\/fredheim-maskin.no\/maskiner\/keestrack\/k-serie-sikteverk\/#primaryimage"},"thumbnailUrl":"https:\/\/fredheim-maskin.no\/wp-content\/uploads\/2023\/09\/right-arrow.svg","datePublished":"2023-10-20T09:33:01+00:00","dateModified":"2026-04-27T21:25:19+00:00","breadcrumb":{"@id":"https:\/\/fredheim-maskin.no\/maskiner\/keestrack\/k-serie-sikteverk\/#breadcrumb"},"inLanguage":"sv-SE","potentialAction":[{"@type":"ReadAction","target":["https:\/\/fredheim-maskin.no\/maskiner\/keestrack\/k-serie-sikteverk\/"]}]},{"@type":"ImageObject","inLanguage":"sv-SE","@id":"https:\/\/fredheim-maskin.no\/maskiner\/keestrack\/k-serie-sikteverk\/#primaryimage","url":"https:\/\/fredheim-maskin.no\/wp-content\/uploads\/2023\/09\/right-arrow.svg","contentUrl":"https:\/\/fredheim-maskin.no\/wp-content\/uploads\/2023\/09\/right-arrow.svg"},{"@type":"BreadcrumbList","@id":"https:\/\/fredheim-maskin.no\/maskiner\/keestrack\/k-serie-sikteverk\/#breadcrumb","itemListElement":[{"@type":"ListItem","position":1,"name":"Hjem","item":"https:\/\/fredheim-maskin.no\/"},{"@type":"ListItem","position":2,"name":"Maskiner","item":"https:\/\/fredheim-maskin.no\/maskiner\/"},{"@type":"ListItem","position":3,"name":"Keestrack","item":"https:\/\/fredheim-maskin.no\/maskiner\/keestrack\/"},{"@type":"ListItem","position":4,"name":"K-Serie Sikteverk"}]},{"@type":"WebSite","@id":"https:\/\/fredheim-maskin.no\/#website","url":"https:\/\/fredheim-maskin.no\/","name":"Fredheim Maskin","description":"","potentialAction":[{"@type":"SearchAction","target":{"@type":"EntryPoint","urlTemplate":"https:\/\/fredheim-maskin.no\/?s={search_term_string}"},"query-input":{"@type":"PropertyValueSpecification","valueRequired":true,"valueName":"search_term_string"}}],"inLanguage":"sv-SE"}]}},"_links":{"self":[{"href":"https:\/\/fredheim-maskin.no\/sv\/wp-json\/wp\/v2\/pages\/559","targetHints":{"allow":["GET"]}}],"collection":[{"href":"https:\/\/fredheim-maskin.no\/sv\/wp-json\/wp\/v2\/pages"}],"about":[{"href":"https:\/\/fredheim-maskin.no\/sv\/wp-json\/wp\/v2\/types\/page"}],"author":[{"embeddable":true,"href":"https:\/\/fredheim-maskin.no\/sv\/wp-json\/wp\/v2\/users\/1"}],"replies":[{"embeddable":true,"href":"https:\/\/fredheim-maskin.no\/sv\/wp-json\/wp\/v2\/comments?post=559"}],"version-history":[{"count":23,"href":"https:\/\/fredheim-maskin.no\/sv\/wp-json\/wp\/v2\/pages\/559\/revisions"}],"predecessor-version":[{"id":17653,"href":"https:\/\/fredheim-maskin.no\/sv\/wp-json\/wp\/v2\/pages\/559\/revisions\/17653"}],"up":[{"embeddable":true,"href":"https:\/\/fredheim-maskin.no\/sv\/wp-json\/wp\/v2\/pages\/33"}],"wp:attachment":[{"href":"https:\/\/fredheim-maskin.no\/sv\/wp-json\/wp\/v2\/media?parent=559"}],"curies":[{"name":"wp","href":"https:\/\/api.w.org\/{rel}","templated":true}]}}