{"id":567,"date":"2023-10-20T11:34:08","date_gmt":"2023-10-20T09:34:08","guid":{"rendered":"https:\/\/fredheim-maskin.no\/?page_id=567"},"modified":"2024-05-28T12:26:13","modified_gmt":"2024-05-28T10:26:13","slug":"m-serie-motorpaket","status":"publish","type":"page","link":"https:\/\/fredheim-maskin.no\/sv\/maskiner\/keestrack\/m-serie-motorpakke\/","title":{"rendered":"M-Serie Generatorpaket"},"content":{"rendered":"<div class=\"cs-small wp-block-group alignfull has-grey-background-color has-background eplus-wrapper\"><div class=\"wp-block-group__inner-container is-layout-constrained wp-block-group-is-layout-constrained\">\n<div class=\"wp-block-group eplus-wrapper\"><div class=\"wp-block-group__inner-container is-layout-constrained wp-block-group-is-layout-constrained\">\n<div style=\"height:30px\" aria-hidden=\"true\" class=\"wp-block-spacer eplus-wrapper\"><\/div>\n\n\n<div class=\"wp-block-columns eplus-wrapper is-layout-flex wp-container-core-columns-is-layout-9d6595d7 wp-block-columns-is-layout-flex eplus-styles-uid-5e136b\">\n<div class=\"wp-block-column eplus-wrapper is-layout-flow wp-block-column-is-layout-flow\" style=\"flex-basis:100%\">\n<h2 class=\"wp-block-heading eplus-wrapper\">M-Serie Generatorpaket<\/h2>\n<\/div>\n<\/div><\/div><\/div>\n\n\n\n<div class=\"wp-block-group eplus-wrapper\"><div class=\"wp-block-group__inner-container is-layout-constrained wp-block-group-is-layout-constrained\">\n<div style=\"height:50px\" aria-hidden=\"true\" class=\"wp-block-spacer eplus-wrapper\"><\/div>\n\n\n<div class=\"wp-block-columns eplus-wrapper is-layout-flex wp-container-core-columns-is-layout-9d6595d7 wp-block-columns-is-layout-flex eplus-styles-uid-97e5e4\">\n<div class=\"brands-box-hover wp-block-column has-dark-cobolt-background-color has-background eplus-wrapper is-layout-flow wp-block-column-is-layout-flow\"><div class=\"wp-block-columns is-not-stacked-on-mobile eplus-wrapper is-layout-flex wp-container-core-columns-is-layout-9d6595d7 wp-block-columns-is-layout-flex eplus-styles-uid-b677e1\">\n<div class=\"wp-block-column eplus-wrapper is-layout-flow wp-block-column-is-layout-flow\" style=\"flex-basis:2%\"><\/div>\n\n\n\n<div class=\"wp-block-column eplus-wrapper is-layout-flow wp-block-column-is-layout-flow\" style=\"flex-basis:96%\">\n<div style=\"height:90px\" aria-hidden=\"true\" class=\"wp-block-spacer eplus-wrapper\"><\/div>\n\n\n\n<h4 class=\"wp-block-heading has-white-color has-text-color eplus-wrapper\"><a href=\"https:\/\/fredheim-maskin.no\/sv\/maskiner\/keestrack\/b-serie-kaftkross\/\" data-type=\"page\" data-id=\"437\"><\/a><a href=\"https:\/\/fredheim-maskin.no\/sv\/maskiner\/keestrack\/m-serie-motorpaket\/motorpaket-60-100kva\/\" data-type=\"page\" data-id=\"2977\">Generatorpaket 250-600kVA<\/a><\/h4>\n\n\n\n<div style=\"height:20px\" aria-hidden=\"true\" class=\"wp-block-spacer eplus-wrapper\"><\/div>\n\n\n\n<p class=\"has-white-color has-text-color eplus-wrapper\">Kompakta och mycket gedigna generatorpaket anpassade f\u00f6r bergt\u00e4kt<\/p>\n\n\n\n<figure class=\"pil wp-block-image size-large eplus-wrapper\"><a href=\"https:\/\/fredheim-maskin.no\/sv\/maskiner\/keestrack\/m-serie-motorpaket\/motorpaket-60-100kva\/\"><img decoding=\"async\" width=\"24\" height=\"21\" src=\"https:\/\/fredheim-maskin.no\/wp-content\/uploads\/2023\/09\/right-arrow.svg\" alt=\"\" class=\"wp-image-103\"><\/a><\/figure>\n\n\n\n<div style=\"height:40px\" aria-hidden=\"true\" class=\"wp-block-spacer eplus-wrapper\"><\/div>\n<\/div>\n\n\n\n<div class=\"wp-block-column eplus-wrapper is-layout-flow wp-block-column-is-layout-flow\" style=\"flex-basis:2%\"><\/div>\n<\/div><\/div>\n\n\n\n<div class=\"brands-box-hover wp-block-column has-dark-cobolt-background-color has-background eplus-wrapper is-layout-flow wp-block-column-is-layout-flow\"><div class=\"wp-block-columns is-not-stacked-on-mobile eplus-wrapper is-layout-flex wp-container-core-columns-is-layout-9d6595d7 wp-block-columns-is-layout-flex eplus-styles-uid-43a0bf\">\n<div class=\"wp-block-column eplus-wrapper is-layout-flow wp-block-column-is-layout-flow\" style=\"flex-basis:2%\"><\/div>\n\n\n\n<div class=\"wp-block-column eplus-wrapper is-layout-flow wp-block-column-is-layout-flow\" style=\"flex-basis:96%\">\n<div style=\"height:90px\" aria-hidden=\"true\" class=\"wp-block-spacer eplus-wrapper\"><\/div>\n\n\n\n<h4 class=\"wp-block-heading has-white-color has-text-color eplus-wrapper\"><a href=\"https:\/\/fredheim-maskin.no\/sv\/maskiner\/keestrack\/m-serie-motorpaket\/motorpaket-60-100kva-2\/\" data-type=\"page\" data-id=\"2979\">Generatorpaket 60-100kVA<\/a><\/h4>\n\n\n\n<div style=\"height:20px\" aria-hidden=\"true\" class=\"wp-block-spacer eplus-wrapper\"><\/div>\n\n\n\n<p class=\"has-white-color has-text-color eplus-wrapper\">Kompakta och mycket gedigna generatorpaket anpassade f\u00f6r bergt\u00e4kt<\/p>\n\n\n\n<figure class=\"pil wp-block-image size-large eplus-wrapper\"><a href=\"https:\/\/fredheim-maskin.no\/sv\/maskiner\/keestrack\/m-serie-motorpaket\/motorpaket-60-100kva-2\/\"><img decoding=\"async\" width=\"24\" height=\"21\" src=\"https:\/\/fredheim-maskin.no\/wp-content\/uploads\/2023\/09\/right-arrow.svg\" alt=\"\" class=\"wp-image-103\"><\/a><\/figure>\n\n\n\n<div style=\"height:40px\" aria-hidden=\"true\" class=\"wp-block-spacer eplus-wrapper\"><\/div>\n<\/div>\n\n\n\n<div class=\"wp-block-column eplus-wrapper is-layout-flow wp-block-column-is-layout-flow\" style=\"flex-basis:2%\"><\/div>\n<\/div><\/div>\n\n\n\n<div class=\"brands-box-hover wp-block-column has-dark-cobolt-background-color has-background eplus-wrapper is-layout-flow wp-block-column-is-layout-flow\"><div class=\"wp-block-columns is-not-stacked-on-mobile eplus-wrapper is-layout-flex wp-container-core-columns-is-layout-9d6595d7 wp-block-columns-is-layout-flex eplus-styles-uid-979227\">\n<div class=\"wp-block-column eplus-wrapper is-layout-flow wp-block-column-is-layout-flow\" style=\"flex-basis:2%\"><\/div>\n\n\n\n<div class=\"wp-block-column eplus-wrapper is-layout-flow wp-block-column-is-layout-flow\" style=\"flex-basis:96%\">\n<div style=\"height:90px\" aria-hidden=\"true\" class=\"wp-block-spacer eplus-wrapper\"><\/div>\n\n\n\n<h4 class=\"wp-block-heading has-white-color has-text-color eplus-wrapper\"><a href=\"https:\/\/fredheim-maskin.no\/sv\/maskiner\/keestrack\/m-serie-motorpaket\/motorpaket-pa-bandar\/\" data-type=\"page\" data-id=\"2981\">Generatorpaket p\u00e5 larv<\/a><\/h4>\n\n\n\n<div style=\"height:20px\" aria-hidden=\"true\" class=\"wp-block-spacer eplus-wrapper\"><\/div>\n\n\n\n<p class=\"has-white-color has-text-color eplus-wrapper\">Larvg\u00e5ende generatorpaket i olika storlekar<\/p>\n\n\n\n<figure class=\"pil wp-block-image size-large eplus-wrapper\"><img decoding=\"async\" width=\"24\" height=\"21\" src=\"https:\/\/fredheim-maskin.no\/wp-content\/uploads\/2023\/09\/right-arrow.svg\" alt=\"\" class=\"wp-image-103\"><\/figure>\n\n\n\n<div style=\"height:40px\" aria-hidden=\"true\" class=\"wp-block-spacer eplus-wrapper\"><\/div>\n<\/div>\n\n\n\n<div class=\"wp-block-column eplus-wrapper is-layout-flow wp-block-column-is-layout-flow\" style=\"flex-basis:2%\"><\/div>\n<\/div><\/div>\n<\/div><\/div><\/div>\n\n\n\n<div style=\"height:100px\" aria-hidden=\"true\" class=\"wp-block-spacer eplus-wrapper\"><\/div>\n<\/div><\/div>","protected":false},"excerpt":{"rendered":"<p>M-Serie Motorpakke Motorpakke 250-600kVA Kompakte og super kraftige str\u00f8maggregat for pukkverkdrift Motorpakke 60-100kVA Kompakte og super kraftige str\u00f8maggregat for pukkverkdrift. Motorpakke p\u00e5 belter Motorpakke generator i ulike st\u00f8rrelser p\u00e5 belter<\/p>","protected":false},"author":1,"featured_media":0,"parent":33,"menu_order":0,"comment_status":"closed","ping_status":"closed","template":"","meta":{"_editorskit_title_hidden":false,"_editorskit_reading_time":0,"_editorskit_is_block_options_detached":false,"_editorskit_block_options_position":"{}","inline_featured_image":false,"editor_plus_copied_stylings":"{}","footnotes":""},"class_list":["post-567","page","type-page","status-publish","hentry"],"featured_image_src":null,"yoast_head":"<!-- This site is optimized with the Yoast SEO plugin v27.4 - https:\/\/yoast.com\/product\/yoast-seo-wordpress\/ -->\n<title>M-Serie Motorpakke - Fredheim Maskin<\/title>\n<meta name=\"robots\" content=\"index, follow, max-snippet:-1, max-image-preview:large, max-video-preview:-1\" \/>\n<link rel=\"canonical\" href=\"https:\/\/fredheim-maskin.no\/sv\/maskiner\/keestrack\/m-serie-motorpaket\/\" \/>\n<meta property=\"og:locale\" content=\"sv_SE\" \/>\n<meta property=\"og:type\" content=\"article\" \/>\n<meta property=\"og:title\" content=\"M-Serie Motorpakke - Fredheim Maskin\" \/>\n<meta property=\"og:description\" content=\"M-Serie Motorpakke Motorpakke 250-600kVA Kompakte og super kraftige str\u00f8maggregat for pukkverkdrift Motorpakke 60-100kVA Kompakte og super kraftige str\u00f8maggregat for pukkverkdrift. Motorpakke p\u00e5 belter Motorpakke generator i ulike st\u00f8rrelser p\u00e5 belter\" \/>\n<meta property=\"og:url\" content=\"https:\/\/fredheim-maskin.no\/sv\/maskiner\/keestrack\/m-serie-motorpaket\/\" \/>\n<meta property=\"og:site_name\" content=\"Fredheim Maskin\" \/>\n<meta property=\"article:modified_time\" content=\"2024-05-28T10:26:13+00:00\" \/>\n<meta property=\"og:image\" content=\"https:\/\/fredheim-maskin.no\/wp-content\/uploads\/2023\/09\/right-arrow.svg\" \/>\n<meta name=\"twitter:card\" content=\"summary_large_image\" \/>\n<meta name=\"twitter:label1\" content=\"Ber\u00e4knad l\u00e4stid\" \/>\n\t<meta name=\"twitter:data1\" content=\"1 minut\" \/>\n<script type=\"application\/ld+json\" class=\"yoast-schema-graph\">{\"@context\":\"https:\\\/\\\/schema.org\",\"@graph\":[{\"@type\":\"WebPage\",\"@id\":\"https:\\\/\\\/fredheim-maskin.no\\\/maskiner\\\/keestrack\\\/m-serie-motorpakke\\\/\",\"url\":\"https:\\\/\\\/fredheim-maskin.no\\\/maskiner\\\/keestrack\\\/m-serie-motorpakke\\\/\",\"name\":\"M-Serie Motorpakke - Fredheim Maskin\",\"isPartOf\":{\"@id\":\"https:\\\/\\\/fredheim-maskin.no\\\/#website\"},\"primaryImageOfPage\":{\"@id\":\"https:\\\/\\\/fredheim-maskin.no\\\/maskiner\\\/keestrack\\\/m-serie-motorpakke\\\/#primaryimage\"},\"image\":{\"@id\":\"https:\\\/\\\/fredheim-maskin.no\\\/maskiner\\\/keestrack\\\/m-serie-motorpakke\\\/#primaryimage\"},\"thumbnailUrl\":\"https:\\\/\\\/fredheim-maskin.no\\\/wp-content\\\/uploads\\\/2023\\\/09\\\/right-arrow.svg\",\"datePublished\":\"2023-10-20T09:34:08+00:00\",\"dateModified\":\"2024-05-28T10:26:13+00:00\",\"breadcrumb\":{\"@id\":\"https:\\\/\\\/fredheim-maskin.no\\\/maskiner\\\/keestrack\\\/m-serie-motorpakke\\\/#breadcrumb\"},\"inLanguage\":\"sv-SE\",\"potentialAction\":[{\"@type\":\"ReadAction\",\"target\":[\"https:\\\/\\\/fredheim-maskin.no\\\/maskiner\\\/keestrack\\\/m-serie-motorpakke\\\/\"]}]},{\"@type\":\"ImageObject\",\"inLanguage\":\"sv-SE\",\"@id\":\"https:\\\/\\\/fredheim-maskin.no\\\/maskiner\\\/keestrack\\\/m-serie-motorpakke\\\/#primaryimage\",\"url\":\"https:\\\/\\\/fredheim-maskin.no\\\/wp-content\\\/uploads\\\/2023\\\/09\\\/right-arrow.svg\",\"contentUrl\":\"https:\\\/\\\/fredheim-maskin.no\\\/wp-content\\\/uploads\\\/2023\\\/09\\\/right-arrow.svg\"},{\"@type\":\"BreadcrumbList\",\"@id\":\"https:\\\/\\\/fredheim-maskin.no\\\/maskiner\\\/keestrack\\\/m-serie-motorpakke\\\/#breadcrumb\",\"itemListElement\":[{\"@type\":\"ListItem\",\"position\":1,\"name\":\"Hjem\",\"item\":\"https:\\\/\\\/fredheim-maskin.no\\\/\"},{\"@type\":\"ListItem\",\"position\":2,\"name\":\"Maskiner\",\"item\":\"https:\\\/\\\/fredheim-maskin.no\\\/maskiner\\\/\"},{\"@type\":\"ListItem\",\"position\":3,\"name\":\"Keestrack\",\"item\":\"https:\\\/\\\/fredheim-maskin.no\\\/maskiner\\\/keestrack\\\/\"},{\"@type\":\"ListItem\",\"position\":4,\"name\":\"M-Serie Motorpakke\"}]},{\"@type\":\"WebSite\",\"@id\":\"https:\\\/\\\/fredheim-maskin.no\\\/#website\",\"url\":\"https:\\\/\\\/fredheim-maskin.no\\\/\",\"name\":\"Fredheim Maskin\",\"description\":\"\",\"potentialAction\":[{\"@type\":\"SearchAction\",\"target\":{\"@type\":\"EntryPoint\",\"urlTemplate\":\"https:\\\/\\\/fredheim-maskin.no\\\/?s={search_term_string}\"},\"query-input\":{\"@type\":\"PropertyValueSpecification\",\"valueRequired\":true,\"valueName\":\"search_term_string\"}}],\"inLanguage\":\"sv-SE\"}]}<\/script>\n<!-- \/ Yoast SEO plugin. -->","yoast_head_json":{"title":"M-Serie Motorpakke - Fredheim Maskin","robots":{"index":"index","follow":"follow","max-snippet":"max-snippet:-1","max-image-preview":"max-image-preview:large","max-video-preview":"max-video-preview:-1"},"canonical":"https:\/\/fredheim-maskin.no\/sv\/maskiner\/keestrack\/m-serie-motorpaket\/","og_locale":"sv_SE","og_type":"article","og_title":"M-Serie Motorpakke - Fredheim Maskin","og_description":"M-Serie Motorpakke Motorpakke 250-600kVA Kompakte og super kraftige str\u00f8maggregat for pukkverkdrift Motorpakke 60-100kVA Kompakte og super kraftige str\u00f8maggregat for pukkverkdrift. Motorpakke p\u00e5 belter Motorpakke generator i ulike st\u00f8rrelser p\u00e5 belter","og_url":"https:\/\/fredheim-maskin.no\/sv\/maskiner\/keestrack\/m-serie-motorpaket\/","og_site_name":"Fredheim Maskin","article_modified_time":"2024-05-28T10:26:13+00:00","og_image":[{"url":"https:\/\/fredheim-maskin.no\/wp-content\/uploads\/2023\/09\/right-arrow.svg","type":"","width":"","height":""}],"twitter_card":"summary_large_image","twitter_misc":{"Ber\u00e4knad l\u00e4stid":"1 minut"},"schema":{"@context":"https:\/\/schema.org","@graph":[{"@type":"WebPage","@id":"https:\/\/fredheim-maskin.no\/maskiner\/keestrack\/m-serie-motorpakke\/","url":"https:\/\/fredheim-maskin.no\/maskiner\/keestrack\/m-serie-motorpakke\/","name":"M-Serie Motorpakke - Fredheim Maskin","isPartOf":{"@id":"https:\/\/fredheim-maskin.no\/#website"},"primaryImageOfPage":{"@id":"https:\/\/fredheim-maskin.no\/maskiner\/keestrack\/m-serie-motorpakke\/#primaryimage"},"image":{"@id":"https:\/\/fredheim-maskin.no\/maskiner\/keestrack\/m-serie-motorpakke\/#primaryimage"},"thumbnailUrl":"https:\/\/fredheim-maskin.no\/wp-content\/uploads\/2023\/09\/right-arrow.svg","datePublished":"2023-10-20T09:34:08+00:00","dateModified":"2024-05-28T10:26:13+00:00","breadcrumb":{"@id":"https:\/\/fredheim-maskin.no\/maskiner\/keestrack\/m-serie-motorpakke\/#breadcrumb"},"inLanguage":"sv-SE","potentialAction":[{"@type":"ReadAction","target":["https:\/\/fredheim-maskin.no\/maskiner\/keestrack\/m-serie-motorpakke\/"]}]},{"@type":"ImageObject","inLanguage":"sv-SE","@id":"https:\/\/fredheim-maskin.no\/maskiner\/keestrack\/m-serie-motorpakke\/#primaryimage","url":"https:\/\/fredheim-maskin.no\/wp-content\/uploads\/2023\/09\/right-arrow.svg","contentUrl":"https:\/\/fredheim-maskin.no\/wp-content\/uploads\/2023\/09\/right-arrow.svg"},{"@type":"BreadcrumbList","@id":"https:\/\/fredheim-maskin.no\/maskiner\/keestrack\/m-serie-motorpakke\/#breadcrumb","itemListElement":[{"@type":"ListItem","position":1,"name":"Hjem","item":"https:\/\/fredheim-maskin.no\/"},{"@type":"ListItem","position":2,"name":"Maskiner","item":"https:\/\/fredheim-maskin.no\/maskiner\/"},{"@type":"ListItem","position":3,"name":"Keestrack","item":"https:\/\/fredheim-maskin.no\/maskiner\/keestrack\/"},{"@type":"ListItem","position":4,"name":"M-Serie Motorpakke"}]},{"@type":"WebSite","@id":"https:\/\/fredheim-maskin.no\/#website","url":"https:\/\/fredheim-maskin.no\/","name":"Fredheim Maskin","description":"","potentialAction":[{"@type":"SearchAction","target":{"@type":"EntryPoint","urlTemplate":"https:\/\/fredheim-maskin.no\/?s={search_term_string}"},"query-input":{"@type":"PropertyValueSpecification","valueRequired":true,"valueName":"search_term_string"}}],"inLanguage":"sv-SE"}]}},"_links":{"self":[{"href":"https:\/\/fredheim-maskin.no\/sv\/wp-json\/wp\/v2\/pages\/567","targetHints":{"allow":["GET"]}}],"collection":[{"href":"https:\/\/fredheim-maskin.no\/sv\/wp-json\/wp\/v2\/pages"}],"about":[{"href":"https:\/\/fredheim-maskin.no\/sv\/wp-json\/wp\/v2\/types\/page"}],"author":[{"embeddable":true,"href":"https:\/\/fredheim-maskin.no\/sv\/wp-json\/wp\/v2\/users\/1"}],"replies":[{"embeddable":true,"href":"https:\/\/fredheim-maskin.no\/sv\/wp-json\/wp\/v2\/comments?post=567"}],"version-history":[{"count":11,"href":"https:\/\/fredheim-maskin.no\/sv\/wp-json\/wp\/v2\/pages\/567\/revisions"}],"predecessor-version":[{"id":16357,"href":"https:\/\/fredheim-maskin.no\/sv\/wp-json\/wp\/v2\/pages\/567\/revisions\/16357"}],"up":[{"embeddable":true,"href":"https:\/\/fredheim-maskin.no\/sv\/wp-json\/wp\/v2\/pages\/33"}],"wp:attachment":[{"href":"https:\/\/fredheim-maskin.no\/sv\/wp-json\/wp\/v2\/media?parent=567"}],"curies":[{"name":"wp","href":"https:\/\/api.w.org\/{rel}","templated":true}]}}